{"id":13763,"date":"2022-06-01T14:25:17","date_gmt":"2022-06-01T14:25:17","guid":{"rendered":"https:\/\/www.meavia-mh.hr\/?post_type=product&#038;p=13763"},"modified":"2026-01-24T08:23:05","modified_gmt":"2026-01-24T07:23:05","slug":"naslon-za-ruku-golden-pink","status":"publish","type":"product","link":"https:\/\/www.meavia-mh.hr\/sl\/product\/naslon-za-ruku-golden-pink\/","title":{"rendered":"Naslon za roke Golden Pink"},"content":{"rendered":"<div>Naslon za roke vam bo pomagal pri tretmajih manikure in pedikure. Ta naslon za roke bo tudi dodaten okras va\u0161e mize. P<span class=\"\">profesionalna manikura hrbta je klasi\u010den naslon za dlani. <\/span>Oblazinjenje je iz eko usnja, noge pa iz kromiranega jekla v zlati barvi. Primerna vi\u0161ina opore zagotavlja udoben polo\u017eaj tako za stranko kot za stilista. Zahvaljujo\u010d naslonu za roke se stilist pri delu dr\u017ei pokonci, kar bo olaj\u0161alo bole\u010dine v hrbtu.<\/div>\n<h6>Zna\u010dilnosti:<\/h6>\n<ul>\n<li>omogo\u010da stilistu udobno delo (zaradi ustrezne vi\u0161ine blazinic lahko stilist opravi manikuro v udobnem polo\u017eaju, brez upogibanja, s \u010dimer zmanj\u0161a bole\u010dine v hrbtu)<\/li>\n<li>zagotavlja udoben polo\u017eaj za stranko<\/li>\n<li>veliko bolj udobno kot navadna gobica za manikuro<\/li>\n<li>enostavno \u010di\u0161\u010denje in razku\u017eevanje,<\/li>\n<li><span class=\"\">&quot;Ohlapna roka&quot; naro\u010dnika (stranka, ki polo\u017ei roko na naslon za roke, jo ohlapno dr\u017ei in se tako izogne otrdelosti prstov, ki je mote\u010da za stilista)<\/span><\/li>\n<li>mo\u017enost postavitve UV \u017earnice pod blazino<\/li>\n<li>\u0161irok razmik nog zagotavlja visoko stabilnost<\/li>\n<li>prefinjen, eleganten estetski videz, ki doda dodatno eleganco mizi<\/li>\n<li>barva: roza<\/li>\n<\/ul>\n<h6>Velikost:<\/h6>\n<ul>\n<li>dol\u017eina naslonjala: 40 cm<\/li>\n<li>\u0161irina: 15 cm<\/li>\n<li>vi\u0161ina: 14 cm<\/li>\n<\/ul>","protected":false},"excerpt":{"rendered":"<p>Naslon za ruku pomo\u0107i \u0107e vam prilikom tretmana manikure i pedikure. Ovaj naslon za ruke biti \u0107e i dodatan ukras va\u0161eg radnog stola. Profesionalni naslon za manikuru klasi\u010dni je oslonac za dlanove. Presvlake su izra\u0111ene od eko ko\u017ee, a noge su od kromiranog \u010delika u boji zlata. Odgovaraju\u0107a visina oslonca osigurava udoban polo\u017eaj i za [&hellip;]<\/p>\n","protected":false},"featured_media":13764,"comment_status":"closed","ping_status":"closed","template":"","meta":{"_uag_custom_page_level_css":"","site-sidebar-layout":"default","site-content-layout":"default","ast-site-content-layout":"default","site-content-style":"default","site-sidebar-style":"default","ast-global-header-display":"","ast-banner-title-visibility":"","ast-main-header-display":"","ast-hfb-above-header-display":"","ast-hfb-below-header-display":"","ast-hfb-mobile-header-display":"","site-post-title":"","ast-breadcrumbs-content":"","ast-featured-img":"","footer-sml-layout":"","ast-disable-related-posts":"","theme-transparent-header-meta":"default","adv-header-id-meta":"","stick-header-meta":"default","header-above-stick-meta":"","header-main-stick-meta":"","header-below-stick-meta":"","astra-migrate-meta-layouts":"default","ast-page-background-enabled":"default","ast-page-background-meta":{"desktop":{"background-color":"var(--ast-global-color-4)","background-image":"","background-repeat":"repeat","background-position":"center center","background-size":"auto","background-attachment":"scroll","background-type":"","background-media":"","overlay-type":"","overlay-color":"","overlay-opacity":"","overlay-gradient":""},"tablet":{"background-color":"","background-image":"","background-repeat":"repeat","background-position":"center center","background-size":"auto","background-attachment":"scroll","background-type":"","background-media":"","overlay-type":"","overlay-color":"","overlay-opacity":"","overlay-gradient":""},"mobile":{"background-color":"","background-image":"","background-repeat":"repeat","background-position":"center center","background-size":"auto","background-attachment":"scroll","background-type":"","background-media":"","overlay-type":"","overlay-color":"","overlay-opacity":"","overlay-gradient":""}},"ast-content-background-meta":{"desktop":{"background-color":"var(--ast-global-color-5)","background-image":"","background-repeat":"repeat","background-position":"center center","background-size":"auto","background-attachment":"scroll","background-type":"","background-media":"","overlay-type":"","overlay-color":"","overlay-opacity":"","overlay-gradient":""},"tablet":{"background-color":"var(--ast-global-color-5)","background-image":"","background-repeat":"repeat","background-position":"center center","background-size":"auto","background-attachment":"scroll","background-type":"","background-media":"","overlay-type":"","overlay-color":"","overlay-opacity":"","overlay-gradient":""},"mobile":{"background-color":"var(--ast-global-color-5)","background-image":"","background-repeat":"repeat","background-position":"center center","background-size":"auto","background-attachment":"scroll","background-type":"","background-media":"","overlay-type":"","overlay-color":"","overlay-opacity":"","overlay-gradient":""}}},"product_brand":[],"product_cat":[24,266],"product_tag":[323,309],"class_list":{"0":"post-13763","1":"product","2":"type-product","3":"status-publish","4":"has-post-thumbnail","6":"product_cat-dodaci","7":"product_cat-namjestaj-za-salone","8":"product_tag-naslon-za-manikuru","9":"product_tag-naslon-za-ruku","10":"desktop-align-left","11":"tablet-align-left","12":"mobile-align-left","13":"ast-product-gallery-layout-horizontal-slider","14":"ast-product-tabs-layout-horizontal","16":"first","17":"outofstock","18":"taxable","19":"shipping-taxable","20":"purchasable","21":"product-type-simple"},"yoast_head":"<!-- This site is optimized with the Yoast SEO plugin v27.4 - https:\/\/yoast.com\/product\/yoast-seo-wordpress\/ -->\n<title>Naslon za ruku Golden Pink &#8902; Mea Via Beauty<\/title>\n<meta name=\"description\" content=\"Naslon za ruku Golden Pink &#8902; naslon za manikuru &#8902; naslon za ruku &#8902; mekan i ugodan naslon za nail design &#8902; omogu\u0107uje lak\u0161i rad nail stilista\" \/>\n<meta name=\"robots\" content=\"index, follow, max-snippet:-1, max-image-preview:large, max-video-preview:-1\" \/>\n<link rel=\"canonical\" href=\"https:\/\/www.meavia-mh.hr\/sl\/product\/naslon-za-ruku-golden-pink\/\" \/>\n<meta property=\"og:locale\" content=\"sl_SI\" \/>\n<meta property=\"og:type\" content=\"article\" \/>\n<meta property=\"og:title\" content=\"Naslon za ruku Golden Pink &#8902; Mea Via Beauty\" \/>\n<meta property=\"og:description\" content=\"Naslon za ruku Golden Pink &#8902; naslon za manikuru &#8902; naslon za ruku &#8902; mekan i ugodan naslon za nail design &#8902; omogu\u0107uje lak\u0161i rad nail stilista\" \/>\n<meta property=\"og:url\" content=\"https:\/\/www.meavia-mh.hr\/sl\/product\/naslon-za-ruku-golden-pink\/\" \/>\n<meta property=\"og:site_name\" content=\"Mea Via Beauty\" \/>\n<meta property=\"article:publisher\" content=\"https:\/\/www.facebook.com\/MeaViaNailsWorld\" \/>\n<meta property=\"article:modified_time\" content=\"2026-01-24T07:23:05+00:00\" \/>\n<meta property=\"og:image\" content=\"https:\/\/www.meavia-mh.hr\/wp-content\/uploads\/2022\/06\/Slika-zaslona-2022-06-01-u-16.22.38.png\" \/>\n\t<meta property=\"og:image:width\" content=\"1610\" \/>\n\t<meta property=\"og:image:height\" content=\"1512\" \/>\n\t<meta property=\"og:image:type\" content=\"image\/png\" \/>\n<meta name=\"twitter:card\" content=\"summary_large_image\" \/>\n<meta name=\"twitter:label1\" content=\"Est. reading time\" \/>\n\t<meta name=\"twitter:data1\" content=\"1 minuta\" \/>\n<script type=\"application\/ld+json\" class=\"yoast-schema-graph\">{\"@context\":\"https:\\\/\\\/schema.org\",\"@graph\":[{\"@type\":\"WebPage\",\"@id\":\"https:\\\/\\\/www.meavia-mh.hr\\\/product\\\/naslon-za-ruku-golden-pink\\\/\",\"url\":\"https:\\\/\\\/www.meavia-mh.hr\\\/product\\\/naslon-za-ruku-golden-pink\\\/\",\"name\":\"Naslon za ruku Golden Pink &#8902; Mea Via Beauty\",\"isPartOf\":{\"@id\":\"https:\\\/\\\/meavia-mh.hr\\\/sl\\\/#website\"},\"primaryImageOfPage\":{\"@id\":\"https:\\\/\\\/www.meavia-mh.hr\\\/product\\\/naslon-za-ruku-golden-pink\\\/#primaryimage\"},\"image\":{\"@id\":\"https:\\\/\\\/www.meavia-mh.hr\\\/product\\\/naslon-za-ruku-golden-pink\\\/#primaryimage\"},\"thumbnailUrl\":\"https:\\\/\\\/www.meavia-mh.hr\\\/wp-content\\\/uploads\\\/2022\\\/06\\\/Slika-zaslona-2022-06-01-u-16.22.38.png\",\"datePublished\":\"2022-06-01T14:25:17+00:00\",\"dateModified\":\"2026-01-24T07:23:05+00:00\",\"description\":\"Naslon za ruku Golden Pink &#8902; naslon za manikuru &#8902; naslon za ruku &#8902; mekan i ugodan naslon za nail design &#8902; omogu\u0107uje lak\u0161i rad nail stilista\",\"breadcrumb\":{\"@id\":\"https:\\\/\\\/www.meavia-mh.hr\\\/product\\\/naslon-za-ruku-golden-pink\\\/#breadcrumb\"},\"inLanguage\":\"sl-SI\",\"potentialAction\":[{\"@type\":\"ReadAction\",\"target\":[\"https:\\\/\\\/www.meavia-mh.hr\\\/product\\\/naslon-za-ruku-golden-pink\\\/\"]}]},{\"@type\":\"ImageObject\",\"inLanguage\":\"sl-SI\",\"@id\":\"https:\\\/\\\/www.meavia-mh.hr\\\/product\\\/naslon-za-ruku-golden-pink\\\/#primaryimage\",\"url\":\"https:\\\/\\\/www.meavia-mh.hr\\\/wp-content\\\/uploads\\\/2022\\\/06\\\/Slika-zaslona-2022-06-01-u-16.22.38.png\",\"contentUrl\":\"https:\\\/\\\/www.meavia-mh.hr\\\/wp-content\\\/uploads\\\/2022\\\/06\\\/Slika-zaslona-2022-06-01-u-16.22.38.png\",\"width\":1610,\"height\":1512,\"caption\":\"Naslon za ruku Golden Pink\"},{\"@type\":\"BreadcrumbList\",\"@id\":\"https:\\\/\\\/www.meavia-mh.hr\\\/product\\\/naslon-za-ruku-golden-pink\\\/#breadcrumb\",\"itemListElement\":[{\"@type\":\"ListItem\",\"position\":1,\"name\":\"Po\u010detna stranica\",\"item\":\"https:\\\/\\\/www.meavia-mh.hr\\\/\"},{\"@type\":\"ListItem\",\"position\":2,\"name\":\"Trgovina\",\"item\":\"https:\\\/\\\/meavia-mh.hr\\\/sl\\\/store\\\/\"},{\"@type\":\"ListItem\",\"position\":3,\"name\":\"Naslon za ruku Golden Pink\"}]},{\"@type\":\"WebSite\",\"@id\":\"https:\\\/\\\/meavia-mh.hr\\\/sl\\\/#website\",\"url\":\"https:\\\/\\\/meavia-mh.hr\\\/sl\\\/\",\"name\":\"Mea Via Beauty\",\"description\":\"Only The Best For Your Beauty\",\"publisher\":{\"@id\":\"https:\\\/\\\/meavia-mh.hr\\\/sl\\\/#organization\"},\"alternateName\":\"Mea Via Nails\",\"potentialAction\":[{\"@type\":\"SearchAction\",\"target\":{\"@type\":\"EntryPoint\",\"urlTemplate\":\"https:\\\/\\\/meavia-mh.hr\\\/sl\\\/?s={search_term_string}\"},\"query-input\":{\"@type\":\"PropertyValueSpecification\",\"valueRequired\":true,\"valueName\":\"search_term_string\"}}],\"inLanguage\":\"sl-SI\"},{\"@type\":\"Organization\",\"@id\":\"https:\\\/\\\/meavia-mh.hr\\\/sl\\\/#organization\",\"name\":\"Mea Via Nails World\",\"alternateName\":\"Mea Via\",\"url\":\"https:\\\/\\\/meavia-mh.hr\\\/sl\\\/\",\"logo\":{\"@type\":\"ImageObject\",\"inLanguage\":\"sl-SI\",\"@id\":\"https:\\\/\\\/meavia-mh.hr\\\/sl\\\/#\\\/schema\\\/logo\\\/image\\\/\",\"url\":\"https:\\\/\\\/www.meavia-mh.hr\\\/wp-content\\\/uploads\\\/2020\\\/12\\\/Mea-Via.png\",\"contentUrl\":\"https:\\\/\\\/www.meavia-mh.hr\\\/wp-content\\\/uploads\\\/2020\\\/12\\\/Mea-Via.png\",\"width\":1181,\"height\":393,\"caption\":\"Mea Via Nails World\"},\"image\":{\"@id\":\"https:\\\/\\\/meavia-mh.hr\\\/sl\\\/#\\\/schema\\\/logo\\\/image\\\/\"},\"sameAs\":[\"https:\\\/\\\/www.facebook.com\\\/MeaViaNailsWorld\",\"https:\\\/\\\/www.instagram.com\\\/mea_via_nails_world\\\/\",\"https:\\\/\\\/www.youtube.com\\\/channel\\\/UCECk0hpRWP6TN-EfA4ER96g\\\/featured\"]}]}<\/script>\n<!-- \/ Yoast SEO plugin. -->","yoast_head_json":{"title":"Naslonjalo za roke zlato roza \u22c6 Mea Via Beauty","description":"Zlato roza naslon za roke \u22c6 naslon za roke za manikuro \u22c6 naslon za roke \u22c6 mehak in udoben naslon za roke za oblikovanje nohtov \u22c6 olaj\u0161a delo stilistom nohtov","robots":{"index":"index","follow":"follow","max-snippet":"max-snippet:-1","max-image-preview":"max-image-preview:large","max-video-preview":"max-video-preview:-1"},"canonical":"https:\/\/www.meavia-mh.hr\/sl\/product\/naslon-za-ruku-golden-pink\/","og_locale":"sl_SI","og_type":"article","og_title":"Naslon za ruku Golden Pink &#8902; Mea Via Beauty","og_description":"Naslon za ruku Golden Pink &#8902; naslon za manikuru &#8902; naslon za ruku &#8902; mekan i ugodan naslon za nail design &#8902; omogu\u0107uje lak\u0161i rad nail stilista","og_url":"https:\/\/www.meavia-mh.hr\/sl\/product\/naslon-za-ruku-golden-pink\/","og_site_name":"Mea Via Beauty","article_publisher":"https:\/\/www.facebook.com\/MeaViaNailsWorld","article_modified_time":"2026-01-24T07:23:05+00:00","og_image":[{"width":1610,"height":1512,"url":"https:\/\/www.meavia-mh.hr\/wp-content\/uploads\/2022\/06\/Slika-zaslona-2022-06-01-u-16.22.38.png","type":"image\/png"}],"twitter_card":"summary_large_image","twitter_misc":{"Est. reading time":"1 minuta"},"schema":{"@context":"https:\/\/schema.org","@graph":[{"@type":"WebPage","@id":"https:\/\/www.meavia-mh.hr\/product\/naslon-za-ruku-golden-pink\/","url":"https:\/\/www.meavia-mh.hr\/product\/naslon-za-ruku-golden-pink\/","name":"Naslonjalo za roke zlato roza \u22c6 Mea Via Beauty","isPartOf":{"@id":"https:\/\/meavia-mh.hr\/sl\/#website"},"primaryImageOfPage":{"@id":"https:\/\/www.meavia-mh.hr\/product\/naslon-za-ruku-golden-pink\/#primaryimage"},"image":{"@id":"https:\/\/www.meavia-mh.hr\/product\/naslon-za-ruku-golden-pink\/#primaryimage"},"thumbnailUrl":"https:\/\/www.meavia-mh.hr\/wp-content\/uploads\/2022\/06\/Slika-zaslona-2022-06-01-u-16.22.38.png","datePublished":"2022-06-01T14:25:17+00:00","dateModified":"2026-01-24T07:23:05+00:00","description":"Zlato roza naslon za roke \u22c6 naslon za roke za manikuro \u22c6 naslon za roke \u22c6 mehak in udoben naslon za roke za oblikovanje nohtov \u22c6 olaj\u0161a delo stilistom nohtov","breadcrumb":{"@id":"https:\/\/www.meavia-mh.hr\/product\/naslon-za-ruku-golden-pink\/#breadcrumb"},"inLanguage":"sl-SI","potentialAction":[{"@type":"ReadAction","target":["https:\/\/www.meavia-mh.hr\/product\/naslon-za-ruku-golden-pink\/"]}]},{"@type":"ImageObject","inLanguage":"sl-SI","@id":"https:\/\/www.meavia-mh.hr\/product\/naslon-za-ruku-golden-pink\/#primaryimage","url":"https:\/\/www.meavia-mh.hr\/wp-content\/uploads\/2022\/06\/Slika-zaslona-2022-06-01-u-16.22.38.png","contentUrl":"https:\/\/www.meavia-mh.hr\/wp-content\/uploads\/2022\/06\/Slika-zaslona-2022-06-01-u-16.22.38.png","width":1610,"height":1512,"caption":"Naslon za ruku Golden Pink"},{"@type":"BreadcrumbList","@id":"https:\/\/www.meavia-mh.hr\/product\/naslon-za-ruku-golden-pink\/#breadcrumb","itemListElement":[{"@type":"ListItem","position":1,"name":"Po\u010detna stranica","item":"https:\/\/www.meavia-mh.hr\/"},{"@type":"ListItem","position":2,"name":"Trgovina","item":"https:\/\/meavia-mh.hr\/sl\/store\/"},{"@type":"ListItem","position":3,"name":"Naslon za ruku Golden Pink"}]},{"@type":"WebSite","@id":"https:\/\/meavia-mh.hr\/sl\/#website","url":"https:\/\/meavia-mh.hr\/sl\/","name":"MEA VIA BEAUTY","description":"Only The Best For Your Beauty","publisher":{"@id":"https:\/\/meavia-mh.hr\/sl\/#organization"},"alternateName":"Mea Via Nails","potentialAction":[{"@type":"SearchAction","target":{"@type":"EntryPoint","urlTemplate":"https:\/\/meavia-mh.hr\/sl\/?s={search_term_string}"},"query-input":{"@type":"PropertyValueSpecification","valueRequired":true,"valueName":"search_term_string"}}],"inLanguage":"sl-SI"},{"@type":"Organization","@id":"https:\/\/meavia-mh.hr\/sl\/#organization","name":"Mea Via Nails World","alternateName":"Mea Via","url":"https:\/\/meavia-mh.hr\/sl\/","logo":{"@type":"ImageObject","inLanguage":"sl-SI","@id":"https:\/\/meavia-mh.hr\/sl\/#\/schema\/logo\/image\/","url":"https:\/\/www.meavia-mh.hr\/wp-content\/uploads\/2020\/12\/Mea-Via.png","contentUrl":"https:\/\/www.meavia-mh.hr\/wp-content\/uploads\/2020\/12\/Mea-Via.png","width":1181,"height":393,"caption":"Mea Via Nails World"},"image":{"@id":"https:\/\/meavia-mh.hr\/sl\/#\/schema\/logo\/image\/"},"sameAs":["https:\/\/www.facebook.com\/MeaViaNailsWorld","https:\/\/www.instagram.com\/mea_via_nails_world\/","https:\/\/www.youtube.com\/channel\/UCECk0hpRWP6TN-EfA4ER96g\/featured"]}]}},"spectra_custom_meta":{"_sku":["141219"],"_regular_price":["39.90"],"total_sales":["15"],"_tax_status":["taxable"],"_tax_class":[""],"_manage_stock":["yes"],"_backorders":["no"],"_sold_individually":["no"],"_virtual":["no"],"_downloadable":["no"],"_product_image_gallery":["13765,13768,13767,13766"],"_download_limit":["-1"],"_download_expiry":["-1"],"_thumbnail_id":["13764"],"_stock":["0"],"_stock_status":["outofstock"],"_wc_average_rating":["0"],"_wc_review_count":["0"],"_product_version":["10.4.3"],"_price":["39.90"],"_wp_page_template":["default"],"_yoast_wpseo_focuskw":["naslon za ruku"],"_yoast_wpseo_metadesc":["%%title%% %%sep%% naslon za manikuru %%sep%% naslon za ruku %%sep%% mekan i ugodan naslon za nail design %%sep%% omogu\u0107uje lak\u0161i rad nail stilista"],"_yoast_wpseo_linkdex":["56"],"_yoast_wpseo_content_score":["90"],"_yoast_wpseo_estimated-reading-time-minutes":["1"],"cartflows_redirect_flow_id":[""],"cartflows_add_to_cart_text":[""],"_woocs_price_geo_countries":[""],"_woocs_regular_price_geo":[""],"_woocs_sale_price_geo":[""],"site-sidebar-layout":["default"],"site-content-layout":["default"],"theme-transparent-header-meta":["default"],"stick-header-meta":["default"],"_yoast_wpseo_primary_product_cat":["24"],"_edit_lock":["1682086625:1239"],"_edit_last":["1239"],"_woocs_regular_price_EUR":["38.48"],"_woocs_sale_price_EUR":["-1"],"_lowest_price_30_days":["38.48"],"_yoast_wpseo_primary_fb_product_set":[""],"_yoast_wpseo_wordproof_timestamp":[""],"uag_migration_processed":["1"],"_elementor_page_assets":["a:0:{}"],"_uag_page_assets":["a:9:{s:3:\"css\";s:0:\"\";s:2:\"js\";s:0:\"\";s:18:\"current_block_list\";a:3:{i:0;s:11:\"core\/search\";i:1;s:18:\"core\/legacy-widget\";i:2;s:27:\"woocommerce\/product-filters\";}s:8:\"uag_flag\";b:0;s:11:\"uag_version\";s:10:\"1776503599\";s:6:\"gfonts\";a:0:{}s:10:\"gfonts_url\";s:0:\"\";s:12:\"gfonts_files\";a:0:{}s:14:\"uag_faq_layout\";b:0;}"]},"uagb_featured_image_src":{"full":["https:\/\/www.meavia-mh.hr\/wp-content\/uploads\/2022\/06\/Slika-zaslona-2022-06-01-u-16.22.38.png",1610,1512,false],"thumbnail":["https:\/\/www.meavia-mh.hr\/wp-content\/uploads\/2022\/06\/Slika-zaslona-2022-06-01-u-16.22.38-150x150.png",150,150,true],"medium":["https:\/\/www.meavia-mh.hr\/wp-content\/uploads\/2022\/06\/Slika-zaslona-2022-06-01-u-16.22.38-300x282.png",300,282,true],"medium_large":["https:\/\/www.meavia-mh.hr\/wp-content\/uploads\/2022\/06\/Slika-zaslona-2022-06-01-u-16.22.38-768x721.png",768,721,true],"large":["https:\/\/www.meavia-mh.hr\/wp-content\/uploads\/2022\/06\/Slika-zaslona-2022-06-01-u-16.22.38-1024x962.png",1024,962,true],"1536x1536":["https:\/\/www.meavia-mh.hr\/wp-content\/uploads\/2022\/06\/Slika-zaslona-2022-06-01-u-16.22.38-1536x1443.png",1536,1443,true],"2048x2048":["https:\/\/www.meavia-mh.hr\/wp-content\/uploads\/2022\/06\/Slika-zaslona-2022-06-01-u-16.22.38.png",1610,1512,false],"trp-custom-language-flag":["https:\/\/www.meavia-mh.hr\/wp-content\/uploads\/2022\/06\/Slika-zaslona-2022-06-01-u-16.22.38-13x12.png",13,12,true],"woocommerce_thumbnail":["https:\/\/www.meavia-mh.hr\/wp-content\/uploads\/2022\/06\/Slika-zaslona-2022-06-01-u-16.22.38-300x300.png",300,300,true],"woocommerce_single":["https:\/\/www.meavia-mh.hr\/wp-content\/uploads\/2022\/06\/Slika-zaslona-2022-06-01-u-16.22.38-600x563.png",600,563,true],"woocommerce_gallery_thumbnail":["https:\/\/www.meavia-mh.hr\/wp-content\/uploads\/2022\/06\/Slika-zaslona-2022-06-01-u-16.22.38-100x100.png",100,100,true]},"uagb_author_info":{"display_name":"Mea Via","author_link":"https:\/\/www.meavia-mh.hr\/sl\/author\/"},"uagb_comment_info":0,"uagb_excerpt":"Naslon za ruku pomo\u0107i \u0107e vam prilikom tretmana manikure i pedikure. Ovaj naslon za ruke biti \u0107e i dodatan ukras va\u0161eg radnog stola. Profesionalni naslon za manikuru klasi\u010dni je oslonac za dlanove. Presvlake su izra\u0111ene od eko ko\u017ee, a noge su od kromiranog \u010delika u boji zlata. Odgovaraju\u0107a visina oslonca osigurava udoban polo\u017eaj i za&hellip;","_links":{"self":[{"href":"https:\/\/www.meavia-mh.hr\/sl\/wp-json\/wp\/v2\/product\/13763","targetHints":{"allow":["GET"]}}],"collection":[{"href":"https:\/\/www.meavia-mh.hr\/sl\/wp-json\/wp\/v2\/product"}],"about":[{"href":"https:\/\/www.meavia-mh.hr\/sl\/wp-json\/wp\/v2\/types\/product"}],"replies":[{"embeddable":true,"href":"https:\/\/www.meavia-mh.hr\/sl\/wp-json\/wp\/v2\/comments?post=13763"}],"version-history":[{"count":1,"href":"https:\/\/www.meavia-mh.hr\/sl\/wp-json\/wp\/v2\/product\/13763\/revisions"}],"predecessor-version":[{"id":30797,"href":"https:\/\/www.meavia-mh.hr\/sl\/wp-json\/wp\/v2\/product\/13763\/revisions\/30797"}],"wp:featuredmedia":[{"embeddable":true,"href":"https:\/\/www.meavia-mh.hr\/sl\/wp-json\/wp\/v2\/media\/13764"}],"wp:attachment":[{"href":"https:\/\/www.meavia-mh.hr\/sl\/wp-json\/wp\/v2\/media?parent=13763"}],"wp:term":[{"taxonomy":"product_brand","embeddable":true,"href":"https:\/\/www.meavia-mh.hr\/sl\/wp-json\/wp\/v2\/product_brand?post=13763"},{"taxonomy":"product_cat","embeddable":true,"href":"https:\/\/www.meavia-mh.hr\/sl\/wp-json\/wp\/v2\/product_cat?post=13763"},{"taxonomy":"product_tag","embeddable":true,"href":"https:\/\/www.meavia-mh.hr\/sl\/wp-json\/wp\/v2\/product_tag?post=13763"}],"curies":[{"name":"delovni list","href":"https:\/\/api.w.org\/{rel}","templated":true}]}}