{"id":13267,"date":"2022-05-05T19:03:27","date_gmt":"2022-05-05T19:03:27","guid":{"rendered":"https:\/\/www.meavia-mh.hr\/?post_type=product&#038;p=13267"},"modified":"2026-03-28T15:16:43","modified_gmt":"2026-03-28T14:16:43","slug":"claresa-top-matt-no-wipe","status":"publish","type":"product","link":"https:\/\/www.meavia-mh.hr\/sl\/product\/claresa-top-matt-no-wipe\/","title":{"rendered":"Claresa top matt no wipe"},"content":{"rendered":"<p><strong>Claresa top Matt No Wipe<\/strong> je zadnji korak pri izvedbi hibridne manikure. Popolnoma dopolnjuje stilizacijo nohta in mu daje neverjetno obstojnost. Claresa nadlak (kon\u010dni sijaj) ima razli\u010dne edinstvene lastnosti, odvisno od vrste, vendar so vsi jamstvo za dolgotrajno manikuro, odporno na praske.<\/p>\n<p><strong>Claresa top Matt No Wipe<\/strong> ima ustrezno gostoto in je opremljen s prakti\u010dnim \u010dopi\u010dem, ki zagotavlja gladek in enostaven nanos. Izdelek se enakomerno in enostavno porazdeli po nohtni plo\u0161\u010di. Ne pu\u0161\u010da disperzijske plasti in ga zato ni treba brisati. Popoln za doma\u010do uporabo, pa tudi za profesionalni kozmeti\u010dni salon. Z njegovo pomo\u010djo lahko enostavno in hitro dose\u017eete dolgotrajno in popolno oblikovanje nohtov.<\/p>\n<p>Claresa Top Matt No Wipe odli\u010dno \u0161\u010diti oblikovanje nohtov s hibridnimi laki (permanentni, gel laki, soak off), pa tudi geli ali akrili. Nudi obstojnost do tri tedne in zagotavlja <strong>saten, mat sijaj<\/strong>. Ne lu\u0161\u010di se, ne porumeni in ohranja elasti\u010dnost. Manikura, kon\u010dana z njim, izgleda lepo dolgo \u010dasa.<\/p>\n<p>Barva: prozorna.<\/p>\n<h3><b>Zna\u010dilnosti<\/b>:<\/h3>\n<ul>\n<li>Ne pu\u0161\u010da disperzijske plasti<\/li>\n<li><span class=\"\">Popolnoma \u0161\u010diti styling<\/span><\/li>\n<li>Ohranja pro\u017enost in elasti\u010dnost<\/li>\n<li>Satenast, mat sijaj za \u010dudovito dovr\u0161en stajling<\/li>\n<li>Univerzalna uporaba - za permanentni lak (hibridni lak), gel in akrilni gel<\/li>\n<li><span class=\"\">Zagotavlja trdo manikuro, odporno na praske<\/span><\/li>\n<li>Ne rumene<\/li>\n<li>Soak Off  formula<\/li>\n<li>Dermatolo\u0161ko testiran izdelek<\/li>\n<li>Brez \u0161kodljivih in strupenih snovi<\/li>\n<li>Brez krutosti (izdelek ni testiran na \u017eivalih)<\/li>\n<li>Izdelano v EU<\/li>\n<li>Vse surovine za proizvodnjo iz EU<\/li>\n<li><span class=\"\">Barva: prozorna.\u00a0<\/span><\/li>\n<\/ul>\n<h6><span style=\"font-size: 17.600000381469727px;font-style: normal;font-weight: bold\">Pakiranje: 5 g<\/span><\/h6>\n<p><strong>Izdelek ne vsebuje sestavin, ki bi lahko povzro\u010dile alergije, kot so:formaldehyde, toluene, DBP, camphor, dibutyl phthalate.<\/strong><\/p>\n<h4>Na\u010din uporabe:<\/h4>\n<p>Nohtno plo\u0161\u010do rahlo matirajte s polirnim blokom. Na nohtu razma\u0161\u010den <a href=\"https:\/\/www.meavia-mh.hr\/sl\/product\/palu-cleaner-2-500-ml\/\">PALU Cleanerom<\/a> nanesite Claresa Primer No Acid in pustite, da izhlapi. Nato nanesete tanek sloj baze Claresa in polimerizirate <a href=\"https:\/\/www.meavia-mh.hr\/sl\/product\/stylistic-lampa-uv-led-styl3-75w\/\">UV\/LED lu\u010dki<\/a>.\u00a0<span class=\"\" style=\"font-size: 16px;font-style: normal\">Odvisno od stanja nohta, na plo\u0161\u010do nanesite 1 ali 2 sloja podlage in vsakega strdite 30-60 sekund.\u00a0<\/span><span style=\"font-size: 16px;font-style: normal\">v LED \/ UV \u017earnici. Stekleni\u010dka s \u010dopi\u010dem zagotavlja maksimalno udobje pri uporabi. N<span class=\"\">in na koncu lahko nanesete barvo trajnega laka po \u017eelji<\/span><\/span>. Oglejte si ponudbo vrhunskih trajnih lakov iz na\u0161e ponudbe blagovnih znamk: <a href=\"https:\/\/www.meavia-mh.hr\/sl\/product\/claresa-trajni-lak-gel-polish-frosty-morning-10\/\">Claresa<\/a>,\u00a0<span style=\"font-size: 16px;font-style: normal\"><a href=\"https:\/\/www.meavia-mh.hr\/sl\/product\/ikon-iq-prima-gel-polish-trajni-lak-fredrika-15-ml\/\">IKON.iQ<\/a> in\u00a0<\/span><a href=\"https:\/\/www.meavia-mh.hr\/sl\/product\/palu-gel-polish-trajni-lak-petersburg-pe5-11-ml\/\"><span style=\"font-size: 16px\">PALU<\/span><\/a>.\u00a0<span class=\"\">Na koncu nanesite en sloj \u00a0<strong>Claresa\u00a0<\/strong><\/span><strong><span class=\"\">Top Matt Brez brisanja\u00a0<\/span><\/strong><span class=\"\"> in posu\u0161ite v profesionalcu <a href=\"https:\/\/www.meavia-mh.hr\/sl\/product\/uv-led-lampa-za-nokte-lux-1-48w-srebrno-pink\/\">LED svetilke.<\/a>\u00a0<\/span><\/p>\n<p><strong>Blagovna znamka Claresa<\/strong> ustvarjen je bil za potrebe potro\u0161nikov, ki \u017eelijo le izdelke najvi\u0161je kakovosti. Brezkompromisna kakovost in skrbno izbrane sestavine postavljajo kozmetiko Claresa na vrh lestvice.<br \/>\nZasnoval v Franciji s <strong>CLARESA<\/strong>, laki in dodatki za oblikovanje nohtov so narejeni iz najkvalitetnej\u0161ih sestavin, ki ne povzro\u010dajo alergij. Prvotno so bili na voljo samo za salonske profesionalce in umetnike li\u010denja najve\u010djih zvezd. Zdaj so ti vrhunski izdelki na voljo vsem strankam po najbolj\u0161i ceni!<\/p>\n<h4>Previdnostni ukrepi:<\/h4>\n<ul>\n<li>Hraniti izven pogleda in dosega otrok.<\/li>\n<li>Izogibajte se stiku z o\u010dmi.<\/li>\n<li>Ne uporabljajte v primeru preob\u010dutljivosti na katero koli sestavino izdelka.<\/li>\n<li>V primeru kakr\u0161nih koli ne\u017eelenih u\u010dinkov ali preob\u010dutljivosti, kot so peko\u010d ob\u010dutek, srbenje, pordelost ipd., je treba zdravilo prekiniti.<\/li>\n<li>Ne uporabljajte na na\u010din, ki ni v skladu z namenom.<\/li>\n<li>Ne uporabljajte po poteku roka uporabnosti.<\/li>\n<\/ul>","protected":false},"excerpt":{"rendered":"<p><a href=\"https:\/\/www.meavia-mh.hr\/wp-content\/uploads\/2022\/07\/1-3.jpg\"><img decoding=\"async\" class=\"alignnone size-thumbnail wp-image-14687\" src=\"https:\/\/www.meavia-mh.hr\/wp-content\/uploads\/2022\/07\/1-3-150x150.jpg\" alt=\"Dermatologically tested\" width=\"150\" height=\"150\" srcset=\"https:\/\/www.meavia-mh.hr\/wp-content\/uploads\/2022\/07\/1-3-150x150.jpg 150w, https:\/\/www.meavia-mh.hr\/wp-content\/uploads\/2022\/07\/1-3-300x300.jpg 300w, https:\/\/www.meavia-mh.hr\/wp-content\/uploads\/2022\/07\/1-3-1024x1024.jpg 1024w, https:\/\/www.meavia-mh.hr\/wp-content\/uploads\/2022\/07\/1-3-768x768.jpg 768w, https:\/\/www.meavia-mh.hr\/wp-content\/uploads\/2022\/07\/1-3-12x12.jpg 12w, https:\/\/www.meavia-mh.hr\/wp-content\/uploads\/2022\/07\/1-3-600x600.jpg 600w, https:\/\/www.meavia-mh.hr\/wp-content\/uploads\/2022\/07\/1-3-100x100.jpg 100w, https:\/\/www.meavia-mh.hr\/wp-content\/uploads\/2022\/07\/1-3.jpg 1080w\" sizes=\"(max-width: 150px) 100vw, 150px\" \/><\/a><\/p>","protected":false},"featured_media":13269,"comment_status":"closed","ping_status":"closed","template":"","meta":{"_uag_custom_page_level_css":"","site-sidebar-layout":"default","site-content-layout":null,"ast-site-content-layout":"default","site-content-style":"default","site-sidebar-style":"default","ast-global-header-display":"","ast-banner-title-visibility":"","ast-main-header-display":"","ast-hfb-above-header-display":"","ast-hfb-below-header-display":"","ast-hfb-mobile-header-display":"","site-post-title":"","ast-breadcrumbs-content":null,"ast-featured-img":"","footer-sml-layout":"","ast-disable-related-posts":"","theme-transparent-header-meta":"default","adv-header-id-meta":"","stick-header-meta":"default","header-above-stick-meta":"","header-main-stick-meta":"","header-below-stick-meta":"","astra-migrate-meta-layouts":"default","ast-page-background-enabled":"default","ast-page-background-meta":{"desktop":{"background-color":"var(--ast-global-color-4)","background-image":"","background-repeat":"repeat","background-position":"center center","background-size":"auto","background-attachment":"scroll","background-type":"","background-media":"","overlay-type":"","overlay-color":"","overlay-opacity":"","overlay-gradient":""},"tablet":{"background-color":"","background-image":"","background-repeat":"repeat","background-position":"center center","background-size":"auto","background-attachment":"scroll","background-type":"","background-media":"","overlay-type":"","overlay-color":"","overlay-opacity":"","overlay-gradient":""},"mobile":{"background-color":"","background-image":"","background-repeat":"repeat","background-position":"center center","background-size":"auto","background-attachment":"scroll","background-type":"","background-media":"","overlay-type":"","overlay-color":"","overlay-opacity":"","overlay-gradient":""}},"ast-content-background-meta":{"desktop":{"background-color":"var(--ast-global-color-5)","background-image":"","background-repeat":"repeat","background-position":"center center","background-size":"auto","background-attachment":"scroll","background-type":"","background-media":"","overlay-type":"","overlay-color":"","overlay-opacity":"","overlay-gradient":""},"tablet":{"background-color":"var(--ast-global-color-5)","background-image":"","background-repeat":"repeat","background-position":"center center","background-size":"auto","background-attachment":"scroll","background-type":"","background-media":"","overlay-type":"","overlay-color":"","overlay-opacity":"","overlay-gradient":""},"mobile":{"background-color":"var(--ast-global-color-5)","background-image":"","background-repeat":"repeat","background-position":"center center","background-size":"auto","background-attachment":"scroll","background-type":"","background-media":"","overlay-type":"","overlay-color":"","overlay-opacity":"","overlay-gradient":""}}},"product_brand":[607],"product_cat":[534,678],"product_tag":[187,157],"class_list":{"0":"post-13267","1":"product","2":"type-product","3":"status-publish","4":"has-post-thumbnail","6":"product_brand-claresa","7":"product_cat-claresa","8":"product_cat-claresa-top-coat","9":"product_tag-matt-top","10":"product_tag-top-coat","11":"desktop-align-left","12":"tablet-align-left","13":"mobile-align-left","14":"ast-product-gallery-layout-horizontal-slider","15":"ast-product-gallery-with-no-image","16":"ast-product-tabs-layout-horizontal","18":"first","19":"instock","20":"taxable","21":"shipping-taxable","22":"purchasable","23":"product-type-simple"},"yoast_head":"<!-- This site is optimized with the Yoast SEO plugin v27.3 - https:\/\/yoast.com\/product\/yoast-seo-wordpress\/ -->\n<title>Claresa top matt no wipe &#8902; Mea Via Beauty<\/title>\n<meta name=\"description\" content=\"Claresa top matt no wipe &#8902; zav\u0161ni sloj za noke &#8902; bez ljepljivog sloja &#8902; soak off &#8902; vrhunska kvaliteta &#8902; dermatolo\u0161ki testirana &#8902; satenski, mat sjaj\" \/>\n<meta name=\"robots\" content=\"index, follow, max-snippet:-1, max-image-preview:large, max-video-preview:-1\" \/>\n<link rel=\"canonical\" href=\"https:\/\/www.meavia-mh.hr\/sl\/product\/claresa-top-matt-no-wipe\/\" \/>\n<meta property=\"og:locale\" content=\"sl_SI\" \/>\n<meta property=\"og:type\" content=\"article\" \/>\n<meta property=\"og:title\" content=\"Claresa top matt no wipe &#8902; Mea Via Beauty\" \/>\n<meta property=\"og:description\" content=\"Claresa top matt no wipe &#8902; zav\u0161ni sloj za noke &#8902; bez ljepljivog sloja &#8902; soak off &#8902; vrhunska kvaliteta &#8902; dermatolo\u0161ki testirana &#8902; satenski, mat sjaj\" \/>\n<meta property=\"og:url\" content=\"https:\/\/www.meavia-mh.hr\/sl\/product\/claresa-top-matt-no-wipe\/\" \/>\n<meta property=\"og:site_name\" content=\"Mea Via Beauty\" \/>\n<meta property=\"article:publisher\" content=\"https:\/\/www.facebook.com\/MeaViaNailsWorld\" \/>\n<meta property=\"article:modified_time\" content=\"2026-03-28T14:16:43+00:00\" \/>\n<meta property=\"og:image\" content=\"https:\/\/www.meavia-mh.hr\/wp-content\/uploads\/2022\/05\/Slika-zaslona-2022-05-04-u-21.10.39.jpg\" \/>\n\t<meta property=\"og:image:width\" content=\"1520\" \/>\n\t<meta property=\"og:image:height\" content=\"1522\" \/>\n\t<meta property=\"og:image:type\" content=\"image\/jpeg\" \/>\n<meta name=\"twitter:card\" content=\"summary_large_image\" \/>\n<meta name=\"twitter:label1\" content=\"Est. reading time\" \/>\n\t<meta name=\"twitter:data1\" content=\"3 minute\" \/>\n<script type=\"application\/ld+json\" class=\"yoast-schema-graph\">{\"@context\":\"https:\\\/\\\/schema.org\",\"@graph\":[{\"@type\":\"WebPage\",\"@id\":\"https:\\\/\\\/www.meavia-mh.hr\\\/product\\\/claresa-top-matt-no-wipe\\\/\",\"url\":\"https:\\\/\\\/www.meavia-mh.hr\\\/product\\\/claresa-top-matt-no-wipe\\\/\",\"name\":\"Claresa top matt no wipe &#8902; Mea Via Beauty\",\"isPartOf\":{\"@id\":\"https:\\\/\\\/meavia-mh.hr\\\/sl\\\/#website\"},\"primaryImageOfPage\":{\"@id\":\"https:\\\/\\\/www.meavia-mh.hr\\\/product\\\/claresa-top-matt-no-wipe\\\/#primaryimage\"},\"image\":{\"@id\":\"https:\\\/\\\/www.meavia-mh.hr\\\/product\\\/claresa-top-matt-no-wipe\\\/#primaryimage\"},\"thumbnailUrl\":\"https:\\\/\\\/www.meavia-mh.hr\\\/wp-content\\\/uploads\\\/2022\\\/05\\\/Slika-zaslona-2022-05-04-u-21.10.39.jpg\",\"datePublished\":\"2022-05-05T19:03:27+00:00\",\"dateModified\":\"2026-03-28T14:16:43+00:00\",\"description\":\"Claresa top matt no wipe &#8902; zav\u0161ni sloj za noke &#8902; bez ljepljivog sloja &#8902; soak off &#8902; vrhunska kvaliteta &#8902; dermatolo\u0161ki testirana &#8902; satenski, mat sjaj\",\"breadcrumb\":{\"@id\":\"https:\\\/\\\/www.meavia-mh.hr\\\/product\\\/claresa-top-matt-no-wipe\\\/#breadcrumb\"},\"inLanguage\":\"sl-SI\",\"potentialAction\":[{\"@type\":\"ReadAction\",\"target\":[\"https:\\\/\\\/www.meavia-mh.hr\\\/product\\\/claresa-top-matt-no-wipe\\\/\"]}]},{\"@type\":\"ImageObject\",\"inLanguage\":\"sl-SI\",\"@id\":\"https:\\\/\\\/www.meavia-mh.hr\\\/product\\\/claresa-top-matt-no-wipe\\\/#primaryimage\",\"url\":\"https:\\\/\\\/www.meavia-mh.hr\\\/wp-content\\\/uploads\\\/2022\\\/05\\\/Slika-zaslona-2022-05-04-u-21.10.39.jpg\",\"contentUrl\":\"https:\\\/\\\/www.meavia-mh.hr\\\/wp-content\\\/uploads\\\/2022\\\/05\\\/Slika-zaslona-2022-05-04-u-21.10.39.jpg\",\"width\":1520,\"height\":1522,\"caption\":\"Claresa top matt no wipe\"},{\"@type\":\"BreadcrumbList\",\"@id\":\"https:\\\/\\\/www.meavia-mh.hr\\\/product\\\/claresa-top-matt-no-wipe\\\/#breadcrumb\",\"itemListElement\":[{\"@type\":\"ListItem\",\"position\":1,\"name\":\"Po\u010detna stranica\",\"item\":\"https:\\\/\\\/www.meavia-mh.hr\\\/\"},{\"@type\":\"ListItem\",\"position\":2,\"name\":\"Trgovina\",\"item\":\"https:\\\/\\\/meavia-mh.hr\\\/sl\\\/store\\\/\"},{\"@type\":\"ListItem\",\"position\":3,\"name\":\"Claresa top matt no wipe\"}]},{\"@type\":\"WebSite\",\"@id\":\"https:\\\/\\\/meavia-mh.hr\\\/sl\\\/#website\",\"url\":\"https:\\\/\\\/meavia-mh.hr\\\/sl\\\/\",\"name\":\"Mea Via Beauty\",\"description\":\"Only The Best For Your Beauty\",\"publisher\":{\"@id\":\"https:\\\/\\\/meavia-mh.hr\\\/sl\\\/#organization\"},\"alternateName\":\"Mea Via Nails\",\"potentialAction\":[{\"@type\":\"SearchAction\",\"target\":{\"@type\":\"EntryPoint\",\"urlTemplate\":\"https:\\\/\\\/meavia-mh.hr\\\/sl\\\/?s={search_term_string}\"},\"query-input\":{\"@type\":\"PropertyValueSpecification\",\"valueRequired\":true,\"valueName\":\"search_term_string\"}}],\"inLanguage\":\"sl-SI\"},{\"@type\":\"Organization\",\"@id\":\"https:\\\/\\\/meavia-mh.hr\\\/sl\\\/#organization\",\"name\":\"Mea Via Nails World\",\"alternateName\":\"Mea Via\",\"url\":\"https:\\\/\\\/meavia-mh.hr\\\/sl\\\/\",\"logo\":{\"@type\":\"ImageObject\",\"inLanguage\":\"sl-SI\",\"@id\":\"https:\\\/\\\/meavia-mh.hr\\\/sl\\\/#\\\/schema\\\/logo\\\/image\\\/\",\"url\":\"https:\\\/\\\/www.meavia-mh.hr\\\/wp-content\\\/uploads\\\/2020\\\/12\\\/Mea-Via.png\",\"contentUrl\":\"https:\\\/\\\/www.meavia-mh.hr\\\/wp-content\\\/uploads\\\/2020\\\/12\\\/Mea-Via.png\",\"width\":1181,\"height\":393,\"caption\":\"Mea Via Nails World\"},\"image\":{\"@id\":\"https:\\\/\\\/meavia-mh.hr\\\/sl\\\/#\\\/schema\\\/logo\\\/image\\\/\"},\"sameAs\":[\"https:\\\/\\\/www.facebook.com\\\/MeaViaNailsWorld\",\"https:\\\/\\\/www.instagram.com\\\/mea_via_nails_world\\\/\",\"https:\\\/\\\/www.youtube.com\\\/channel\\\/UCECk0hpRWP6TN-EfA4ER96g\\\/featured\"]}]}<\/script>\n<!-- \/ Yoast SEO plugin. -->","yoast_head_json":{"title":"Claresa zgornji mat brez brisanja \u22c6 Mea Via Beauty","description":"Claresa zgornji mat lak brez brisanja \u22c6 zaklju\u010dek laka za nohte \u22c6 brez lepljive plasti \u22c6 vpija se \u22c6 vrhunska kakovost \u22c6 dermatolo\u0161ko testirano \u22c6 satenast, mat sijaj","robots":{"index":"index","follow":"follow","max-snippet":"max-snippet:-1","max-image-preview":"max-image-preview:large","max-video-preview":"max-video-preview:-1"},"canonical":"https:\/\/www.meavia-mh.hr\/sl\/product\/claresa-top-matt-no-wipe\/","og_locale":"sl_SI","og_type":"article","og_title":"Claresa top matt no wipe &#8902; Mea Via Beauty","og_description":"Claresa top matt no wipe &#8902; zav\u0161ni sloj za noke &#8902; bez ljepljivog sloja &#8902; soak off &#8902; vrhunska kvaliteta &#8902; dermatolo\u0161ki testirana &#8902; satenski, mat sjaj","og_url":"https:\/\/www.meavia-mh.hr\/sl\/product\/claresa-top-matt-no-wipe\/","og_site_name":"Mea Via Beauty","article_publisher":"https:\/\/www.facebook.com\/MeaViaNailsWorld","article_modified_time":"2026-03-28T14:16:43+00:00","og_image":[{"width":1520,"height":1522,"url":"https:\/\/www.meavia-mh.hr\/wp-content\/uploads\/2022\/05\/Slika-zaslona-2022-05-04-u-21.10.39.jpg","type":"image\/jpeg"}],"twitter_card":"summary_large_image","twitter_misc":{"Est. reading time":"3 minute"},"schema":{"@context":"https:\/\/schema.org","@graph":[{"@type":"WebPage","@id":"https:\/\/www.meavia-mh.hr\/product\/claresa-top-matt-no-wipe\/","url":"https:\/\/www.meavia-mh.hr\/product\/claresa-top-matt-no-wipe\/","name":"Claresa zgornji mat brez brisanja \u22c6 Mea Via Beauty","isPartOf":{"@id":"https:\/\/meavia-mh.hr\/sl\/#website"},"primaryImageOfPage":{"@id":"https:\/\/www.meavia-mh.hr\/product\/claresa-top-matt-no-wipe\/#primaryimage"},"image":{"@id":"https:\/\/www.meavia-mh.hr\/product\/claresa-top-matt-no-wipe\/#primaryimage"},"thumbnailUrl":"https:\/\/www.meavia-mh.hr\/wp-content\/uploads\/2022\/05\/Slika-zaslona-2022-05-04-u-21.10.39.jpg","datePublished":"2022-05-05T19:03:27+00:00","dateModified":"2026-03-28T14:16:43+00:00","description":"Claresa zgornji mat lak brez brisanja \u22c6 zaklju\u010dek laka za nohte \u22c6 brez lepljive plasti \u22c6 vpija se \u22c6 vrhunska kakovost \u22c6 dermatolo\u0161ko testirano \u22c6 satenast, mat sijaj","breadcrumb":{"@id":"https:\/\/www.meavia-mh.hr\/product\/claresa-top-matt-no-wipe\/#breadcrumb"},"inLanguage":"sl-SI","potentialAction":[{"@type":"ReadAction","target":["https:\/\/www.meavia-mh.hr\/product\/claresa-top-matt-no-wipe\/"]}]},{"@type":"ImageObject","inLanguage":"sl-SI","@id":"https:\/\/www.meavia-mh.hr\/product\/claresa-top-matt-no-wipe\/#primaryimage","url":"https:\/\/www.meavia-mh.hr\/wp-content\/uploads\/2022\/05\/Slika-zaslona-2022-05-04-u-21.10.39.jpg","contentUrl":"https:\/\/www.meavia-mh.hr\/wp-content\/uploads\/2022\/05\/Slika-zaslona-2022-05-04-u-21.10.39.jpg","width":1520,"height":1522,"caption":"Claresa top matt no wipe"},{"@type":"BreadcrumbList","@id":"https:\/\/www.meavia-mh.hr\/product\/claresa-top-matt-no-wipe\/#breadcrumb","itemListElement":[{"@type":"ListItem","position":1,"name":"Po\u010detna stranica","item":"https:\/\/www.meavia-mh.hr\/"},{"@type":"ListItem","position":2,"name":"Trgovina","item":"https:\/\/meavia-mh.hr\/sl\/store\/"},{"@type":"ListItem","position":3,"name":"Claresa top matt no wipe"}]},{"@type":"WebSite","@id":"https:\/\/meavia-mh.hr\/sl\/#website","url":"https:\/\/meavia-mh.hr\/sl\/","name":"MEA VIA BEAUTY","description":"Only The Best For Your Beauty","publisher":{"@id":"https:\/\/meavia-mh.hr\/sl\/#organization"},"alternateName":"Mea Via Nails","potentialAction":[{"@type":"SearchAction","target":{"@type":"EntryPoint","urlTemplate":"https:\/\/meavia-mh.hr\/sl\/?s={search_term_string}"},"query-input":{"@type":"PropertyValueSpecification","valueRequired":true,"valueName":"search_term_string"}}],"inLanguage":"sl-SI"},{"@type":"Organization","@id":"https:\/\/meavia-mh.hr\/sl\/#organization","name":"Mea Via Nails World","alternateName":"Mea Via","url":"https:\/\/meavia-mh.hr\/sl\/","logo":{"@type":"ImageObject","inLanguage":"sl-SI","@id":"https:\/\/meavia-mh.hr\/sl\/#\/schema\/logo\/image\/","url":"https:\/\/www.meavia-mh.hr\/wp-content\/uploads\/2020\/12\/Mea-Via.png","contentUrl":"https:\/\/www.meavia-mh.hr\/wp-content\/uploads\/2020\/12\/Mea-Via.png","width":1181,"height":393,"caption":"Mea Via Nails World"},"image":{"@id":"https:\/\/meavia-mh.hr\/sl\/#\/schema\/logo\/image\/"},"sameAs":["https:\/\/www.facebook.com\/MeaViaNailsWorld","https:\/\/www.instagram.com\/mea_via_nails_world\/","https:\/\/www.youtube.com\/channel\/UCECk0hpRWP6TN-EfA4ER96g\/featured"]}]}},"spectra_custom_meta":{"_sku":["5902846077480"],"_regular_price":["5.99"],"total_sales":["109"],"_tax_status":["taxable"],"_tax_class":[""],"_manage_stock":["yes"],"_backorders":["no"],"_sold_individually":["no"],"_virtual":["no"],"_downloadable":["no"],"_download_limit":["-1"],"_download_expiry":["-1"],"_thumbnail_id":["13269"],"_stock":["6"],"_stock_status":["instock"],"_wc_average_rating":["0"],"_wc_review_count":["0"],"_product_version":["10.6.1"],"_price":["5.99"],"_wp_page_template":["default"],"_yoast_wpseo_focuskw":["Claresa top Matt"],"_yoast_wpseo_linkdex":["80"],"_yoast_wpseo_content_score":["90"],"_yoast_wpseo_estimated-reading-time-minutes":["3"],"cartflows_redirect_flow_id":[""],"cartflows_add_to_cart_text":[""],"_woocs_price_geo_countries":[""],"_woocs_regular_price_geo":[""],"_woocs_sale_price_geo":[""],"site-sidebar-layout":["default"],"site-content-layout":[null],"theme-transparent-header-meta":["default"],"stick-header-meta":["default"],"_yoast_wpseo_primary_product_cat":["339"],"_yoast_wpseo_metadesc":["%%title%% %%sep%% zav\u0161ni sloj za noke %%sep%% bez ljepljivog sloja %%sep%% soak off %%sep%% vrhunska kvaliteta %%sep%% dermatolo\u0161ki testirana %%sep%% satenski, mat sjaj"],"_edit_lock":["1768069483:1239"],"_edit_last":["1239"],"_woocs_regular_price_EUR":["5.3"],"_woocs_sale_price_EUR":["-1"],"_lowest_price_30_days":["5.3"],"_yoast_wpseo_wordproof_timestamp":[""],"_yoast_wpseo_primary_fb_product_set":[""],"uag_migration_processed":["1"],"_last_change_time":["1762404611"],"ast-above-header-display":[null],"ast-below-header-display":[null],"footer-adv-display":[null],"adv-header-id-meta":[""],"ast-breadcrumbs-content":[null],"_elementor_page_assets":["a:0:{}"],"_uag_page_assets":["a:9:{s:3:\"css\";s:0:\"\";s:2:\"js\";s:0:\"\";s:18:\"current_block_list\";a:3:{i:0;s:11:\"core\/search\";i:1;s:18:\"core\/legacy-widget\";i:2;s:27:\"woocommerce\/product-filters\";}s:8:\"uag_flag\";b:0;s:11:\"uag_version\";s:10:\"1775837063\";s:6:\"gfonts\";a:0:{}s:10:\"gfonts_url\";s:0:\"\";s:12:\"gfonts_files\";a:0:{}s:14:\"uag_faq_layout\";b:0;}"]},"uagb_featured_image_src":{"full":["https:\/\/www.meavia-mh.hr\/wp-content\/uploads\/2022\/05\/Slika-zaslona-2022-05-04-u-21.10.39.jpg",1520,1522,false],"thumbnail":["https:\/\/www.meavia-mh.hr\/wp-content\/uploads\/2022\/05\/Slika-zaslona-2022-05-04-u-21.10.39-150x150.jpg",150,150,true],"medium":["https:\/\/www.meavia-mh.hr\/wp-content\/uploads\/2022\/05\/Slika-zaslona-2022-05-04-u-21.10.39-300x300.jpg",300,300,true],"medium_large":["https:\/\/www.meavia-mh.hr\/wp-content\/uploads\/2022\/05\/Slika-zaslona-2022-05-04-u-21.10.39-768x769.jpg",768,769,true],"large":["https:\/\/www.meavia-mh.hr\/wp-content\/uploads\/2022\/05\/Slika-zaslona-2022-05-04-u-21.10.39-1024x1024.jpg",1024,1024,true],"1536x1536":["https:\/\/www.meavia-mh.hr\/wp-content\/uploads\/2022\/05\/Slika-zaslona-2022-05-04-u-21.10.39.jpg",1520,1522,false],"2048x2048":["https:\/\/www.meavia-mh.hr\/wp-content\/uploads\/2022\/05\/Slika-zaslona-2022-05-04-u-21.10.39.jpg",1520,1522,false],"trp-custom-language-flag":["https:\/\/www.meavia-mh.hr\/wp-content\/uploads\/2022\/05\/Slika-zaslona-2022-05-04-u-21.10.39-12x12.jpg",12,12,true],"woocommerce_thumbnail":["https:\/\/www.meavia-mh.hr\/wp-content\/uploads\/2022\/05\/Slika-zaslona-2022-05-04-u-21.10.39-300x300.jpg",300,300,true],"woocommerce_single":["https:\/\/www.meavia-mh.hr\/wp-content\/uploads\/2022\/05\/Slika-zaslona-2022-05-04-u-21.10.39-600x601.jpg",600,601,true],"woocommerce_gallery_thumbnail":["https:\/\/www.meavia-mh.hr\/wp-content\/uploads\/2022\/05\/Slika-zaslona-2022-05-04-u-21.10.39-100x100.jpg",100,100,true]},"uagb_author_info":{"display_name":"Mea Via","author_link":"https:\/\/www.meavia-mh.hr\/sl\/author\/"},"uagb_comment_info":0,"uagb_excerpt":null,"_links":{"self":[{"href":"https:\/\/www.meavia-mh.hr\/sl\/wp-json\/wp\/v2\/product\/13267","targetHints":{"allow":["GET"]}}],"collection":[{"href":"https:\/\/www.meavia-mh.hr\/sl\/wp-json\/wp\/v2\/product"}],"about":[{"href":"https:\/\/www.meavia-mh.hr\/sl\/wp-json\/wp\/v2\/types\/product"}],"replies":[{"embeddable":true,"href":"https:\/\/www.meavia-mh.hr\/sl\/wp-json\/wp\/v2\/comments?post=13267"}],"version-history":[{"count":1,"href":"https:\/\/www.meavia-mh.hr\/sl\/wp-json\/wp\/v2\/product\/13267\/revisions"}],"predecessor-version":[{"id":30815,"href":"https:\/\/www.meavia-mh.hr\/sl\/wp-json\/wp\/v2\/product\/13267\/revisions\/30815"}],"wp:featuredmedia":[{"embeddable":true,"href":"https:\/\/www.meavia-mh.hr\/sl\/wp-json\/wp\/v2\/media\/13269"}],"wp:attachment":[{"href":"https:\/\/www.meavia-mh.hr\/sl\/wp-json\/wp\/v2\/media?parent=13267"}],"wp:term":[{"taxonomy":"product_brand","embeddable":true,"href":"https:\/\/www.meavia-mh.hr\/sl\/wp-json\/wp\/v2\/product_brand?post=13267"},{"taxonomy":"product_cat","embeddable":true,"href":"https:\/\/www.meavia-mh.hr\/sl\/wp-json\/wp\/v2\/product_cat?post=13267"},{"taxonomy":"product_tag","embeddable":true,"href":"https:\/\/www.meavia-mh.hr\/sl\/wp-json\/wp\/v2\/product_tag?post=13267"}],"curies":[{"name":"delovni list","href":"https:\/\/api.w.org\/{rel}","templated":true}]}}