{"id":11799,"date":"2022-02-20T20:59:27","date_gmt":"2022-02-20T20:59:27","guid":{"rendered":"https:\/\/www.meavia-mh.hr\/?post_type=product&#038;p=11799"},"modified":"2026-04-01T15:51:16","modified_gmt":"2026-04-01T14:51:16","slug":"claresa-dray-oil-hand-elixir","status":"publish","type":"product","link":"https:\/\/www.meavia-mh.hr\/sl\/product\/claresa-dray-oil-hand-elixir\/","title":{"rendered":"Claresa Dray Oil Hand Elixir"},"content":{"rendered":"<p>Roke so predstavitev tako \u017eensk kot mo\u0161kih. \u010cas je za lepe, negovane in mamljivo di\u0161e\u010de roke \u0161e dolgo, dolgo s Clares!<\/p>\n<p>Claresa Elixir za roke je formula, bogata z aktivnimi sestavinami, ki \u0161\u010diti in neguje ob\u010dutljivo ko\u017eo rok. Zahvaljujo\u010d Nutri Boost Complexu, Elixir gladi roke, vla\u017ei in obnavlja povrhnjico. Zaradi prijetnega vonja parfuma je nega rok neverjetno di\u0161e\u010da, prijetna in spro\u0161\u010dujo\u010da.<\/p>\n<p>Claresa Dray Oil Hand Elixir vsebuje izvle\u010dek jantarja in ri\u017eevo olje, ki sta priporo\u010dljiva za nego ob\u010dutljive in ob\u010dutljive ko\u017ee. Poleg tega olje makadamije in arganovo olje, ki ga vsebuje piling, obnavljata in meh\u010data povrhnjico, vitamin E in jojobino olje pa vplivata na ustrezno stopnjo hidracije ob\u010dutljive ko\u017ee rok.<\/p>\n<p>Ri\u017eevo olje deluje proti staranju in proti gubam, pospe\u0161uje celjenje ran, spodbuja regeneracijo ko\u017ee, jo gladi in \u0161\u010diti pred ultravijoli\u010dnim sevanjem.<\/p>\n<p>Olje malinovih semen je vir vitaminov A in E, spodbuja proizvodnjo kolagena in elastina, vla\u017ei in neguje ko\u017eo, \u0161\u010diti ko\u017eo pred izgubo vode, krepi epidermalno lipidno pregrado, deluje pomirjujo\u010de, regenerativno in protivnetno.<\/p>\n<p>Olje makadamije ko\u017eo u\u010dvrsti in pomiri. Krepi naravno za\u0161\u010ditno pregrado ko\u017ee. Neguje ko\u017eo, lase in nohte.<\/p>\n<p>Izvle\u010dki jantarja izbolj\u0161ajo elasti\u010dnost ko\u017ee, jo gladijo in \u0161\u010ditijo pred fotostaranjem. Izkazalo se je, da pripravki, ki vsebujejo jantar, spodbujajo sintezo kolagena in hialuronske kisline v ko\u017ei, kar bistveno izbolj\u0161a njeno stanje in deluje pomlajevalno.<\/p>\n<p>Karitejevo maslo ne\u017eno ma\u017ee, \u0161\u010diti pred izsu\u0161itvijo, pomirja dra\u017eenje. Karitejevo maslo ima antibakterijske in protivnetne lastnosti.<\/p>\n<p>Vitamin E ima sposobnost nevtraliziranja prostih radikalov. Zato bo kozmetika, ki jo vsebuje, u\u010dinkovito pomagala pri hidrataciji in elasti\u010dnosti ko\u017ee, izbolj\u0161anju njene \u010dvrstosti in boju proti izgubi kolagena.<\/p>\n<h6>Vsebina paketa: 14 g<\/h6>\n<h6><span class=\"\">Dobro je vedeti! <\/span><\/h6>\n<p><span class=\"\">\u010ce \u017eelite okrepljen vla\u017eilni, gladilni in regeneracijski u\u010dinek, uporabite serum skupaj z\u00a0<a href=\"https:\/\/www.meavia-mh.hr\/sl\/product\/claresa-sugar-hand-scrub-piling\/\">Claresa sladkorni piling za roke<\/a>. <\/span>Eliksir lahko pilingu dodate med uporabo in ga nanesete takoj po izpiranju in osu\u0161itvi rok z brisa\u010do. <span class=\"\">To bo va\u0161e roke dodatno navla\u017eilo in nahranilo.<\/span><\/p>\n<figure id=\"attachment_11817\" aria-describedby=\"caption-attachment-11817\" style=\"width: 1024px\" class=\"wp-caption aligncenter\"><a href=\"https:\/\/www.meavia-mh.hr\/wp-content\/uploads\/2022\/02\/2118-x-816-2.jpg\"><img fetchpriority=\"high\" decoding=\"async\" class=\"wp-image-11817 size-large\" src=\"https:\/\/www.meavia-mh.hr\/wp-content\/uploads\/2022\/02\/2118-x-816-2-1024x395.jpg\" alt=\"Claresa Dray Oil Hand Elixir &amp; Claresa Sugar piling\" width=\"1024\" height=\"395\" srcset=\"https:\/\/www.meavia-mh.hr\/wp-content\/uploads\/2022\/02\/2118-x-816-2-1024x395.jpg 1024w, https:\/\/www.meavia-mh.hr\/wp-content\/uploads\/2022\/02\/2118-x-816-2-300x116.jpg 300w, https:\/\/www.meavia-mh.hr\/wp-content\/uploads\/2022\/02\/2118-x-816-2-768x296.jpg 768w, https:\/\/www.meavia-mh.hr\/wp-content\/uploads\/2022\/02\/2118-x-816-2-1536x592.jpg 1536w, https:\/\/www.meavia-mh.hr\/wp-content\/uploads\/2022\/02\/2118-x-816-2-2048x789.jpg 2048w, https:\/\/www.meavia-mh.hr\/wp-content\/uploads\/2022\/02\/2118-x-816-2-18x7.jpg 18w, https:\/\/www.meavia-mh.hr\/wp-content\/uploads\/2022\/02\/2118-x-816-2-600x231.jpg 600w\" sizes=\"(max-width: 1024px) 100vw, 1024px\" \/><\/a><figcaption id=\"caption-attachment-11817\" class=\"wp-caption-text\">Claresa Dray Oil Eliksir za roke in Claresa sladkorni piling<\/figcaption><\/figure>\n<p><strong>Sestavine (INCI):<\/strong> Etilheksil kokos, olje iz semen Hellanthus Annuus, parfum, ekstrakt jantarja, ascorbyl tetraisopalmitat, tokoferol, olje jedrc arganije spinoze, olje orobov Oryza sativa, olje iz semen makadamije, olje iz semen makadamije, olje iz semen Simmondsia Chinensis, olje iz semen simmondsije Chinensis, olje iz semena Exisinmal Chinensis, Exiisinna Cliuscolino, olje Alkohol, benzil benzoat, benzil salicilat, citronelol, kumarin, evgenol, geraniol, limonen, linalool, CI 26100.<\/p>\n<h6><strong style=\"font-size: 16px;\">Izdelek ne vsebuje sestavin, ki bi lahko povzro\u010dile alergije, kot so:formaldehyde, toluene, DBP, camphor, dibutyl phthalate.<\/strong><\/h6>\n<p>Blagovna znamka CLARESA je bila ustvarjena, da bi zadovoljila potrebe potro\u0161nikov, ki \u017eelijo le izdelke najvi\u0161je kakovosti. Brezkompromisna kakovost in skrbno izbrane sestavine postavljajo kozmetiko Claresa na vrh lestvice.<br \/>\nLaki in dodatki za oblikovanje nohtov, ki jih je oblikoval v Franciji CLARESA, so narejeni iz najkakovostnej\u0161ih sestavin, ki ne povzro\u010dajo alergij. Prvotno so bili na voljo samo za salonske profesionalce in umetnike li\u010denja najve\u010djih zvezd. Zdaj so ti vrhunski izdelki na voljo vsem strankam po najbolj\u0161i ceni!<\/p>\n<h6>Vrhunska kvaliteta za va\u0161e nohte!<\/h6>\n<p>Ali ste vedeli, da so izdelki Claresa dermatolo\u0161ko testirani in proizvedeni v skladu z najvi\u0161jimi standardi za kozmeti\u010dno industrijo, vklju\u010dno z ISO 22716, GMP \u2013 Good Manufacturing Practices, uporabo surovin evropskega izvora iz skupine Cosmetic Grade in Premium kontrolo kakovosti. Izdelki Claresa so veganski in niso bili testirani na \u017eivalih.<\/p>\n<h6>Previdnostni ukrepi:<\/h6>\n<ul>\n<li>Hraniti izven pogleda in dosega otrok.<\/li>\n<li>Izogibajte se stiku z o\u010dmi.<\/li>\n<li>Ne uporabljajte v primeru preob\u010dutljivosti na katero koli sestavino izdelka.<\/li>\n<li>V primeru kakr\u0161nih koli ne\u017eelenih u\u010dinkov ali preob\u010dutljivosti, kot so peko\u010d ob\u010dutek, srbenje, pordelost ipd., je treba zdravilo prekiniti.<\/li>\n<li>Ne uporabljajte na na\u010din, ki ni v skladu z namenom.<\/li>\n<li>Ne uporabljajte po poteku roka uporabnosti.<\/li>\n<\/ul>\n<div class=\"woocommerce-tabs wc-tabs-wrapper\">\n<div id=\"tab-description\" class=\"woocommerce-Tabs-panel woocommerce-Tabs-panel--description panel entry-content wc-tab\" role=\"tabpanel\" aria-labelledby=\"tab-title-description\">\n<p><em>Upo\u0161tevajte, da se po najbolj\u0161ih mo\u010deh trudimo zagotoviti, da slika, predstavljena na spletnem mestu, najbolje odra\u017ea dejanske barve na\u0161ih izdelkov. Dejavniki, ki jih med brskanjem ne moremo nadzorovati, kot so osvetlitev, vrsta uporabljene elektronske opreme, nastavitve zaslona ali grafi\u010dna kartica - vplivajo na sprejem\/interpretacijo gledane slike.<\/em><\/p>\n<\/div>\n<\/div>","protected":false},"excerpt":{"rendered":"<p><a href=\"https:\/\/www.meavia-mh.hr\/wp-content\/uploads\/2020\/12\/palu-dermatologically-tested.png\"><img decoding=\"async\" class=\"alignnone wp-image-1574 size-thumbnail\" src=\"https:\/\/www.meavia-mh.hr\/wp-content\/uploads\/2020\/12\/palu-dermatologically-tested-150x150.png\" alt=\"dermatologically tested\" width=\"150\" height=\"150\" srcset=\"https:\/\/www.meavia-mh.hr\/wp-content\/uploads\/2020\/12\/palu-dermatologically-tested-150x150.png 150w, https:\/\/www.meavia-mh.hr\/wp-content\/uploads\/2020\/12\/palu-dermatologically-tested-100x100.png 100w, https:\/\/www.meavia-mh.hr\/wp-content\/uploads\/2020\/12\/palu-dermatologically-tested.png 252w\" sizes=\"(max-width: 150px) 100vw, 150px\" \/><\/a><\/p>","protected":false},"featured_media":11802,"comment_status":"closed","ping_status":"closed","template":"","meta":{"_uag_custom_page_level_css":"","site-sidebar-layout":"default","site-content-layout":"default","ast-site-content-layout":"default","site-content-style":"default","site-sidebar-style":"default","ast-global-header-display":"","ast-banner-title-visibility":"","ast-main-header-display":"","ast-hfb-above-header-display":"","ast-hfb-below-header-display":"","ast-hfb-mobile-header-display":"","site-post-title":"","ast-breadcrumbs-content":"","ast-featured-img":"","footer-sml-layout":"","ast-disable-related-posts":"","theme-transparent-header-meta":"default","adv-header-id-meta":"","stick-header-meta":"default","header-above-stick-meta":"","header-main-stick-meta":"","header-below-stick-meta":"","astra-migrate-meta-layouts":"set","ast-page-background-enabled":"default","ast-page-background-meta":{"desktop":{"background-color":"var(--ast-global-color-4)","background-image":"","background-repeat":"repeat","background-position":"center center","background-size":"auto","background-attachment":"scroll","background-type":"","background-media":"","overlay-type":"","overlay-color":"","overlay-opacity":"","overlay-gradient":""},"tablet":{"background-color":"","background-image":"","background-repeat":"repeat","background-position":"center center","background-size":"auto","background-attachment":"scroll","background-type":"","background-media":"","overlay-type":"","overlay-color":"","overlay-opacity":"","overlay-gradient":""},"mobile":{"background-color":"","background-image":"","background-repeat":"repeat","background-position":"center center","background-size":"auto","background-attachment":"scroll","background-type":"","background-media":"","overlay-type":"","overlay-color":"","overlay-opacity":"","overlay-gradient":""}},"ast-content-background-meta":{"desktop":{"background-color":"var(--ast-global-color-5)","background-image":"","background-repeat":"repeat","background-position":"center center","background-size":"auto","background-attachment":"scroll","background-type":"","background-media":"","overlay-type":"","overlay-color":"","overlay-opacity":"","overlay-gradient":""},"tablet":{"background-color":"var(--ast-global-color-5)","background-image":"","background-repeat":"repeat","background-position":"center center","background-size":"auto","background-attachment":"scroll","background-type":"","background-media":"","overlay-type":"","overlay-color":"","overlay-opacity":"","overlay-gradient":""},"mobile":{"background-color":"var(--ast-global-color-5)","background-image":"","background-repeat":"repeat","background-position":"center center","background-size":"auto","background-attachment":"scroll","background-type":"","background-media":"","overlay-type":"","overlay-color":"","overlay-opacity":"","overlay-gradient":""}}},"product_brand":[607],"product_cat":[534,118],"product_tag":[200],"class_list":{"0":"post-11799","1":"product","2":"type-product","3":"status-publish","4":"has-post-thumbnail","6":"product_brand-claresa","7":"product_cat-claresa","8":"product_cat-njegu-ruku-i-nogu","9":"product_tag-njega-koze","10":"desktop-align-left","11":"tablet-align-left","12":"mobile-align-left","13":"ast-product-gallery-layout-horizontal-slider","14":"ast-product-tabs-layout-horizontal","16":"first","17":"instock","18":"taxable","19":"shipping-taxable","20":"purchasable","21":"product-type-simple"},"yoast_head":"<!-- This site is optimized with the Yoast SEO plugin v27.4 - https:\/\/yoast.com\/product\/yoast-seo-wordpress\/ -->\n<title>Claresa Dray Oil Hand Elixir &#8902; regenerator &#8902; Mea Via Beauty<\/title>\n<meta name=\"description\" content=\"Claresa Dray Oil Hand Elixir &#8902; eliksir za ruke &#8902; njeguje ko\u017eu ruku &#8902; prirodni sastojci &#8902; Nutri Bost Complex &#8902; vrhunska kvaliteta\" \/>\n<meta name=\"robots\" content=\"index, follow, max-snippet:-1, max-image-preview:large, max-video-preview:-1\" \/>\n<link rel=\"canonical\" href=\"https:\/\/www.meavia-mh.hr\/sl\/product\/claresa-dray-oil-hand-elixir\/\" \/>\n<meta property=\"og:locale\" content=\"sl_SI\" \/>\n<meta property=\"og:type\" content=\"article\" \/>\n<meta property=\"og:title\" content=\"Claresa Dray Oil Hand Elixir &#8902; regenerator &#8902; Mea Via Beauty\" \/>\n<meta property=\"og:description\" content=\"Claresa Dray Oil Hand Elixir &#8902; eliksir za ruke &#8902; njeguje ko\u017eu ruku &#8902; prirodni sastojci &#8902; Nutri Bost Complex &#8902; vrhunska kvaliteta\" \/>\n<meta property=\"og:url\" content=\"https:\/\/www.meavia-mh.hr\/sl\/product\/claresa-dray-oil-hand-elixir\/\" \/>\n<meta property=\"og:site_name\" content=\"Mea Via Beauty\" \/>\n<meta property=\"article:publisher\" content=\"https:\/\/www.facebook.com\/MeaViaNailsWorld\" \/>\n<meta property=\"article:modified_time\" content=\"2026-04-01T14:51:16+00:00\" \/>\n<meta property=\"og:image\" content=\"https:\/\/www.meavia-mh.hr\/wp-content\/uploads\/2022\/02\/oil-hand-elixir-do-dloni.jpg\" \/>\n\t<meta property=\"og:image:width\" content=\"1000\" \/>\n\t<meta property=\"og:image:height\" content=\"1000\" \/>\n\t<meta property=\"og:image:type\" content=\"image\/jpeg\" \/>\n<meta name=\"twitter:card\" content=\"summary_large_image\" \/>\n<meta name=\"twitter:label1\" content=\"Est. reading time\" \/>\n\t<meta name=\"twitter:data1\" content=\"4 minute\" \/>\n<script type=\"application\/ld+json\" class=\"yoast-schema-graph\">{\"@context\":\"https:\\\/\\\/schema.org\",\"@graph\":[{\"@type\":\"WebPage\",\"@id\":\"https:\\\/\\\/www.meavia-mh.hr\\\/product\\\/claresa-dray-oil-hand-elixir\\\/\",\"url\":\"https:\\\/\\\/www.meavia-mh.hr\\\/product\\\/claresa-dray-oil-hand-elixir\\\/\",\"name\":\"Claresa Dray Oil Hand Elixir &#8902; regenerator &#8902; Mea Via Beauty\",\"isPartOf\":{\"@id\":\"https:\\\/\\\/meavia-mh.hr\\\/sl\\\/#website\"},\"primaryImageOfPage\":{\"@id\":\"https:\\\/\\\/www.meavia-mh.hr\\\/product\\\/claresa-dray-oil-hand-elixir\\\/#primaryimage\"},\"image\":{\"@id\":\"https:\\\/\\\/www.meavia-mh.hr\\\/product\\\/claresa-dray-oil-hand-elixir\\\/#primaryimage\"},\"thumbnailUrl\":\"https:\\\/\\\/www.meavia-mh.hr\\\/wp-content\\\/uploads\\\/2022\\\/02\\\/oil-hand-elixir-do-dloni.jpg\",\"datePublished\":\"2022-02-20T20:59:27+00:00\",\"dateModified\":\"2026-04-01T14:51:16+00:00\",\"description\":\"Claresa Dray Oil Hand Elixir &#8902; eliksir za ruke &#8902; njeguje ko\u017eu ruku &#8902; prirodni sastojci &#8902; Nutri Bost Complex &#8902; vrhunska kvaliteta\",\"breadcrumb\":{\"@id\":\"https:\\\/\\\/www.meavia-mh.hr\\\/product\\\/claresa-dray-oil-hand-elixir\\\/#breadcrumb\"},\"inLanguage\":\"sl-SI\",\"potentialAction\":[{\"@type\":\"ReadAction\",\"target\":[\"https:\\\/\\\/www.meavia-mh.hr\\\/product\\\/claresa-dray-oil-hand-elixir\\\/\"]}]},{\"@type\":\"ImageObject\",\"inLanguage\":\"sl-SI\",\"@id\":\"https:\\\/\\\/www.meavia-mh.hr\\\/product\\\/claresa-dray-oil-hand-elixir\\\/#primaryimage\",\"url\":\"https:\\\/\\\/www.meavia-mh.hr\\\/wp-content\\\/uploads\\\/2022\\\/02\\\/oil-hand-elixir-do-dloni.jpg\",\"contentUrl\":\"https:\\\/\\\/www.meavia-mh.hr\\\/wp-content\\\/uploads\\\/2022\\\/02\\\/oil-hand-elixir-do-dloni.jpg\",\"width\":1000,\"height\":1000,\"caption\":\"Claresa Dray Oil Hand Elixir\"},{\"@type\":\"BreadcrumbList\",\"@id\":\"https:\\\/\\\/www.meavia-mh.hr\\\/product\\\/claresa-dray-oil-hand-elixir\\\/#breadcrumb\",\"itemListElement\":[{\"@type\":\"ListItem\",\"position\":1,\"name\":\"Po\u010detna stranica\",\"item\":\"https:\\\/\\\/www.meavia-mh.hr\\\/\"},{\"@type\":\"ListItem\",\"position\":2,\"name\":\"Trgovina\",\"item\":\"https:\\\/\\\/meavia-mh.hr\\\/sl\\\/store\\\/\"},{\"@type\":\"ListItem\",\"position\":3,\"name\":\"Claresa Dray Oil Hand Elixir\"}]},{\"@type\":\"WebSite\",\"@id\":\"https:\\\/\\\/meavia-mh.hr\\\/sl\\\/#website\",\"url\":\"https:\\\/\\\/meavia-mh.hr\\\/sl\\\/\",\"name\":\"Mea Via Beauty\",\"description\":\"Only The Best For Your Beauty\",\"publisher\":{\"@id\":\"https:\\\/\\\/meavia-mh.hr\\\/sl\\\/#organization\"},\"alternateName\":\"Mea Via Nails\",\"potentialAction\":[{\"@type\":\"SearchAction\",\"target\":{\"@type\":\"EntryPoint\",\"urlTemplate\":\"https:\\\/\\\/meavia-mh.hr\\\/sl\\\/?s={search_term_string}\"},\"query-input\":{\"@type\":\"PropertyValueSpecification\",\"valueRequired\":true,\"valueName\":\"search_term_string\"}}],\"inLanguage\":\"sl-SI\"},{\"@type\":\"Organization\",\"@id\":\"https:\\\/\\\/meavia-mh.hr\\\/sl\\\/#organization\",\"name\":\"Mea Via Nails World\",\"alternateName\":\"Mea Via\",\"url\":\"https:\\\/\\\/meavia-mh.hr\\\/sl\\\/\",\"logo\":{\"@type\":\"ImageObject\",\"inLanguage\":\"sl-SI\",\"@id\":\"https:\\\/\\\/meavia-mh.hr\\\/sl\\\/#\\\/schema\\\/logo\\\/image\\\/\",\"url\":\"https:\\\/\\\/www.meavia-mh.hr\\\/wp-content\\\/uploads\\\/2020\\\/12\\\/Mea-Via.png\",\"contentUrl\":\"https:\\\/\\\/www.meavia-mh.hr\\\/wp-content\\\/uploads\\\/2020\\\/12\\\/Mea-Via.png\",\"width\":1181,\"height\":393,\"caption\":\"Mea Via Nails World\"},\"image\":{\"@id\":\"https:\\\/\\\/meavia-mh.hr\\\/sl\\\/#\\\/schema\\\/logo\\\/image\\\/\"},\"sameAs\":[\"https:\\\/\\\/www.facebook.com\\\/MeaViaNailsWorld\",\"https:\\\/\\\/www.instagram.com\\\/mea_via_nails_world\\\/\",\"https:\\\/\\\/www.youtube.com\\\/channel\\\/UCECk0hpRWP6TN-EfA4ER96g\\\/featured\"]}]}<\/script>\n<!-- \/ Yoast SEO plugin. -->","yoast_head_json":{"title":"Claresa Dray oljni eliksir za roke \u22c6 balzam \u22c6 Mea Via Beauty","description":"Claresa Dray oljni eliksir za roke \u22c6 eliksir za roke \u22c6 neguje ko\u017eo rok \u22c6 naravne sestavine \u22c6 Nutri Bost kompleks \u22c6 vrhunska kakovost","robots":{"index":"index","follow":"follow","max-snippet":"max-snippet:-1","max-image-preview":"max-image-preview:large","max-video-preview":"max-video-preview:-1"},"canonical":"https:\/\/www.meavia-mh.hr\/sl\/product\/claresa-dray-oil-hand-elixir\/","og_locale":"sl_SI","og_type":"article","og_title":"Claresa Dray Oil Hand Elixir &#8902; regenerator &#8902; Mea Via Beauty","og_description":"Claresa Dray Oil Hand Elixir &#8902; eliksir za ruke &#8902; njeguje ko\u017eu ruku &#8902; prirodni sastojci &#8902; Nutri Bost Complex &#8902; vrhunska kvaliteta","og_url":"https:\/\/www.meavia-mh.hr\/sl\/product\/claresa-dray-oil-hand-elixir\/","og_site_name":"Mea Via Beauty","article_publisher":"https:\/\/www.facebook.com\/MeaViaNailsWorld","article_modified_time":"2026-04-01T14:51:16+00:00","og_image":[{"width":1000,"height":1000,"url":"https:\/\/www.meavia-mh.hr\/wp-content\/uploads\/2022\/02\/oil-hand-elixir-do-dloni.jpg","type":"image\/jpeg"}],"twitter_card":"summary_large_image","twitter_misc":{"Est. reading time":"4 minute"},"schema":{"@context":"https:\/\/schema.org","@graph":[{"@type":"WebPage","@id":"https:\/\/www.meavia-mh.hr\/product\/claresa-dray-oil-hand-elixir\/","url":"https:\/\/www.meavia-mh.hr\/product\/claresa-dray-oil-hand-elixir\/","name":"Claresa Dray oljni eliksir za roke \u22c6 balzam \u22c6 Mea Via Beauty","isPartOf":{"@id":"https:\/\/meavia-mh.hr\/sl\/#website"},"primaryImageOfPage":{"@id":"https:\/\/www.meavia-mh.hr\/product\/claresa-dray-oil-hand-elixir\/#primaryimage"},"image":{"@id":"https:\/\/www.meavia-mh.hr\/product\/claresa-dray-oil-hand-elixir\/#primaryimage"},"thumbnailUrl":"https:\/\/www.meavia-mh.hr\/wp-content\/uploads\/2022\/02\/oil-hand-elixir-do-dloni.jpg","datePublished":"2022-02-20T20:59:27+00:00","dateModified":"2026-04-01T14:51:16+00:00","description":"Claresa Dray oljni eliksir za roke \u22c6 eliksir za roke \u22c6 neguje ko\u017eo rok \u22c6 naravne sestavine \u22c6 Nutri Bost kompleks \u22c6 vrhunska kakovost","breadcrumb":{"@id":"https:\/\/www.meavia-mh.hr\/product\/claresa-dray-oil-hand-elixir\/#breadcrumb"},"inLanguage":"sl-SI","potentialAction":[{"@type":"ReadAction","target":["https:\/\/www.meavia-mh.hr\/product\/claresa-dray-oil-hand-elixir\/"]}]},{"@type":"ImageObject","inLanguage":"sl-SI","@id":"https:\/\/www.meavia-mh.hr\/product\/claresa-dray-oil-hand-elixir\/#primaryimage","url":"https:\/\/www.meavia-mh.hr\/wp-content\/uploads\/2022\/02\/oil-hand-elixir-do-dloni.jpg","contentUrl":"https:\/\/www.meavia-mh.hr\/wp-content\/uploads\/2022\/02\/oil-hand-elixir-do-dloni.jpg","width":1000,"height":1000,"caption":"Claresa Dray Oil Hand Elixir"},{"@type":"BreadcrumbList","@id":"https:\/\/www.meavia-mh.hr\/product\/claresa-dray-oil-hand-elixir\/#breadcrumb","itemListElement":[{"@type":"ListItem","position":1,"name":"Po\u010detna stranica","item":"https:\/\/www.meavia-mh.hr\/"},{"@type":"ListItem","position":2,"name":"Trgovina","item":"https:\/\/meavia-mh.hr\/sl\/store\/"},{"@type":"ListItem","position":3,"name":"Claresa Dray Oil Hand Elixir"}]},{"@type":"WebSite","@id":"https:\/\/meavia-mh.hr\/sl\/#website","url":"https:\/\/meavia-mh.hr\/sl\/","name":"MEA VIA BEAUTY","description":"Only The Best For Your Beauty","publisher":{"@id":"https:\/\/meavia-mh.hr\/sl\/#organization"},"alternateName":"Mea Via Nails","potentialAction":[{"@type":"SearchAction","target":{"@type":"EntryPoint","urlTemplate":"https:\/\/meavia-mh.hr\/sl\/?s={search_term_string}"},"query-input":{"@type":"PropertyValueSpecification","valueRequired":true,"valueName":"search_term_string"}}],"inLanguage":"sl-SI"},{"@type":"Organization","@id":"https:\/\/meavia-mh.hr\/sl\/#organization","name":"Mea Via Nails World","alternateName":"Mea Via","url":"https:\/\/meavia-mh.hr\/sl\/","logo":{"@type":"ImageObject","inLanguage":"sl-SI","@id":"https:\/\/meavia-mh.hr\/sl\/#\/schema\/logo\/image\/","url":"https:\/\/www.meavia-mh.hr\/wp-content\/uploads\/2020\/12\/Mea-Via.png","contentUrl":"https:\/\/www.meavia-mh.hr\/wp-content\/uploads\/2020\/12\/Mea-Via.png","width":1181,"height":393,"caption":"Mea Via Nails World"},"image":{"@id":"https:\/\/meavia-mh.hr\/sl\/#\/schema\/logo\/image\/"},"sameAs":["https:\/\/www.facebook.com\/MeaViaNailsWorld","https:\/\/www.instagram.com\/mea_via_nails_world\/","https:\/\/www.youtube.com\/channel\/UCECk0hpRWP6TN-EfA4ER96g\/featured"]}]}},"spectra_custom_meta":{"_sku":["5903819808940"],"_regular_price":["3.49"],"total_sales":["99"],"_tax_status":["taxable"],"_tax_class":[""],"_manage_stock":["yes"],"_backorders":["no"],"_sold_individually":["no"],"_virtual":["no"],"_downloadable":["no"],"_product_image_gallery":["11800,11806,11809,11804,11807,11805"],"_download_limit":["-1"],"_download_expiry":["-1"],"_thumbnail_id":["11802"],"_stock":["5"],"_stock_status":["instock"],"_wc_average_rating":["0"],"_wc_review_count":["0"],"_product_version":["10.6.2"],"_price":["3.49"],"_wp_page_template":["default"],"_yoast_wpseo_focuskw":["Claresa Dray Oil Hand Elixir"],"_yoast_wpseo_linkdex":["79"],"_yoast_wpseo_content_score":["90"],"_yoast_wpseo_estimated-reading-time-minutes":["4"],"cartflows_redirect_flow_id":[""],"cartflows_add_to_cart_text":[""],"_woocs_price_geo_countries":[""],"_woocs_regular_price_geo":[""],"_woocs_sale_price_geo":[""],"site-sidebar-layout":["default"],"site-content-layout":["default"],"theme-transparent-header-meta":["default"],"stick-header-meta":["default"],"_yoast_wpseo_primary_product_cat":["118"],"_yoast_wpseo_metadesc":["%%title%% %%sep%% eliksir za ruke %%sep%% njeguje ko\u017eu ruku %%sep%% prirodni sastojci %%sep%% Nutri Bost Complex %%sep%% vrhunska kvaliteta"],"_yoast_wpseo_title":["%%title%% %%page%% %%sep%% regenerator %%sep%% %%sitename%%"],"_edit_lock":["1733700567:1239"],"_edit_last":["1239"],"_woocs_regular_price_EUR":["3.3"],"_woocs_sale_price_EUR":["-1"],"_lowest_price_30_days":["3.3"],"uag_migration_processed":["1"],"_wc_facebook_sync_enabled":["yes"],"fb_visibility":["yes"],"fb_product_description":[""],"_wc_facebook_product_image_source":["product"],"_wc_facebook_commerce_enabled":["no"],"ast-site-content-layout":["default"],"site-content-style":["default"],"site-sidebar-style":["default"],"astra-migrate-meta-layouts":["set"],"_yoast_wpseo_primary_fb_product_set":[""],"_last_change_time":["1769577753"],"_uag_page_assets":["a:9:{s:3:\"css\";s:0:\"\";s:2:\"js\";s:0:\"\";s:18:\"current_block_list\";a:3:{i:0;s:11:\"core\/search\";i:1;s:18:\"core\/legacy-widget\";i:2;s:27:\"woocommerce\/product-filters\";}s:8:\"uag_flag\";b:0;s:11:\"uag_version\";s:10:\"1776341704\";s:6:\"gfonts\";a:0:{}s:10:\"gfonts_url\";s:0:\"\";s:12:\"gfonts_files\";a:0:{}s:14:\"uag_faq_layout\";b:0;}"],"_elementor_page_assets":["a:0:{}"]},"uagb_featured_image_src":{"full":["https:\/\/www.meavia-mh.hr\/wp-content\/uploads\/2022\/02\/oil-hand-elixir-do-dloni.jpg",1000,1000,false],"thumbnail":["https:\/\/www.meavia-mh.hr\/wp-content\/uploads\/2022\/02\/oil-hand-elixir-do-dloni-150x150.jpg",150,150,true],"medium":["https:\/\/www.meavia-mh.hr\/wp-content\/uploads\/2022\/02\/oil-hand-elixir-do-dloni-300x300.jpg",300,300,true],"medium_large":["https:\/\/www.meavia-mh.hr\/wp-content\/uploads\/2022\/02\/oil-hand-elixir-do-dloni-768x768.jpg",768,768,true],"large":["https:\/\/www.meavia-mh.hr\/wp-content\/uploads\/2022\/02\/oil-hand-elixir-do-dloni.jpg",1000,1000,false],"1536x1536":["https:\/\/www.meavia-mh.hr\/wp-content\/uploads\/2022\/02\/oil-hand-elixir-do-dloni.jpg",1000,1000,false],"2048x2048":["https:\/\/www.meavia-mh.hr\/wp-content\/uploads\/2022\/02\/oil-hand-elixir-do-dloni.jpg",1000,1000,false],"trp-custom-language-flag":["https:\/\/www.meavia-mh.hr\/wp-content\/uploads\/2022\/02\/oil-hand-elixir-do-dloni-12x12.jpg",12,12,true],"woocommerce_thumbnail":["https:\/\/www.meavia-mh.hr\/wp-content\/uploads\/2022\/02\/oil-hand-elixir-do-dloni-300x300.jpg",300,300,true],"woocommerce_single":["https:\/\/www.meavia-mh.hr\/wp-content\/uploads\/2022\/02\/oil-hand-elixir-do-dloni-600x600.jpg",600,600,true],"woocommerce_gallery_thumbnail":["https:\/\/www.meavia-mh.hr\/wp-content\/uploads\/2022\/02\/oil-hand-elixir-do-dloni-100x100.jpg",100,100,true]},"uagb_author_info":{"display_name":"Mea Via","author_link":"https:\/\/www.meavia-mh.hr\/sl\/author\/"},"uagb_comment_info":0,"uagb_excerpt":null,"_links":{"self":[{"href":"https:\/\/www.meavia-mh.hr\/sl\/wp-json\/wp\/v2\/product\/11799","targetHints":{"allow":["GET"]}}],"collection":[{"href":"https:\/\/www.meavia-mh.hr\/sl\/wp-json\/wp\/v2\/product"}],"about":[{"href":"https:\/\/www.meavia-mh.hr\/sl\/wp-json\/wp\/v2\/types\/product"}],"replies":[{"embeddable":true,"href":"https:\/\/www.meavia-mh.hr\/sl\/wp-json\/wp\/v2\/comments?post=11799"}],"version-history":[{"count":2,"href":"https:\/\/www.meavia-mh.hr\/sl\/wp-json\/wp\/v2\/product\/11799\/revisions"}],"predecessor-version":[{"id":34137,"href":"https:\/\/www.meavia-mh.hr\/sl\/wp-json\/wp\/v2\/product\/11799\/revisions\/34137"}],"wp:featuredmedia":[{"embeddable":true,"href":"https:\/\/www.meavia-mh.hr\/sl\/wp-json\/wp\/v2\/media\/11802"}],"wp:attachment":[{"href":"https:\/\/www.meavia-mh.hr\/sl\/wp-json\/wp\/v2\/media?parent=11799"}],"wp:term":[{"taxonomy":"product_brand","embeddable":true,"href":"https:\/\/www.meavia-mh.hr\/sl\/wp-json\/wp\/v2\/product_brand?post=11799"},{"taxonomy":"product_cat","embeddable":true,"href":"https:\/\/www.meavia-mh.hr\/sl\/wp-json\/wp\/v2\/product_cat?post=11799"},{"taxonomy":"product_tag","embeddable":true,"href":"https:\/\/www.meavia-mh.hr\/sl\/wp-json\/wp\/v2\/product_tag?post=11799"}],"curies":[{"name":"delovni list","href":"https:\/\/api.w.org\/{rel}","templated":true}]}}