{"id":11265,"date":"2022-01-30T11:30:45","date_gmt":"2022-01-30T11:30:45","guid":{"rendered":"https:\/\/www.meavia-mh.hr\/?post_type=product&#038;p=11265"},"modified":"2026-03-26T17:27:07","modified_gmt":"2026-03-26T16:27:07","slug":"claresa-baza","status":"publish","type":"product","link":"https:\/\/www.meavia-mh.hr\/sl\/product\/claresa-baza\/","title":{"rendered":"Claresa baza"},"content":{"rendered":"<p><span class=\"\">Dobra hibridna osnova je temelj stylinga. <\/span>Kon\u010dni rezultat mora biti zadovoljiv. <strong>Ali \u017eelite podalj\u0161ati obstojnost svojih stilizacij? <\/strong><span class=\"\">Odli\u010dno \u2013 pravkar ste na\u0161li podlago, ki bo odli\u010dno pove\u010dala oprijem laka na nohtno plo\u0161\u010do in s tem znatno podalj\u0161ala obstojnost katere koli hibridne manikure. <\/span>Popolna, srednje gosta konsistenca prepre\u010duje \u0161irjenje podlage na obnohtno ko\u017eico, kar mo\u010dno olaj\u0161a oblikovanje. Claresa<span class=\"\"> Podlaga je brezbarvna (prozorna, prosojna) in omogo\u010da ustvarjanje manikure v poljubnem \u017eelenem odtenku. <\/span><strong>Idealno za oblikovanje kratkih nohtov<\/strong> - poskusite sami in se prepri\u010dajte, da je nenadomestljiva podlaga.<\/p>\n<p>Podstavek Claresa je opremljen s prakti\u010dnim \u010dopi\u010dem, ki omogo\u010da enostavno in udobno nana\u0161anje. Popolna podlaga za doma\u010do uporabo kot tudi za profesionalni kozmeti\u010dni salon. S pomo\u010djo <span class=\"\"><strong>Claresa baza<\/strong>\u00a0<\/span>zlahka in hitro dobite dolgotrajno in popolno oblikovanje nohtov.<\/p>\n<h3><b>Zna\u010dilnosti<\/b>:<\/h3>\n<ul>\n<li>Srednje gosta konsistenca<\/li>\n<li>Pove\u010da oprijem laka na naravno nohtno plo\u0161\u010do.<\/li>\n<li>Obstojnost do tri tedne<\/li>\n<li>Enostavna aplikacija<\/li>\n<li>Vsebuje disperzijski sloj, kar maksimizira oprijem.<\/li>\n<li>Soak Off  formula<\/li>\n<li><strong>F<\/strong><strong>Formulirano brez \u0161kodljivih in strupenih snovi. Ne vsebuje TPO, toluena, DBP, formaldehida, formaldehidne smole, kafre, TPHP, ksilena, triklosana.<\/strong><\/li>\n<li>Vegan &amp; Cruelty Free (izdelek ni testiran na \u017eivalih)<\/li>\n<li>dermatolo\u0161ko preizku\u0161en izdelek<\/li>\n<li>izdelek, namenjen profesionalni uporabi<\/li>\n<li>proizvedeno v Evropski uniji<\/li>\n<li>vse surovine s poreklom iz EU<\/li>\n<li><span class=\"\">Barva: prozorna.\u00a0<\/span><\/li>\n<li><span class=\"\">Na koncu lahko nanesete barvo trajnega laka po va\u0161i izbiri. Priporo\u010damo vrhunske blagovne znamke:\u00a0<a href=\"https:\/\/www.meavia-mh.hr\/sl\/product\/claresa-trajni-lak-gel-polish-frosty-morning-10\/\">Claresa<\/a>,\u00a0<span style=\"font-size: 16px; font-style: normal;\"><a href=\"https:\/\/www.meavia-mh.hr\/sl\/product\/ikon-iq-prima-gel-polish-trajni-lak-fredrika-15-ml\/\">IKON.iQ<\/a> in\u00a0<\/span><a href=\"https:\/\/www.meavia-mh.hr\/sl\/product\/palu-gel-polish-trajni-lak-petersburg-pe5-11-ml\/\"><span style=\"font-size: 16px;\">PALU<\/span><\/a><\/span><\/li>\n<li>UV\/LED svetilka \u2013 60 sekund (odvisno od mo\u010di svetilke)<\/li>\n<li>Pakiranje: 5 g<\/li>\n<\/ul>\n<h4>Na\u010din uporabe:<\/h4>\n<p>Uporablja se kot standardna soak off (hibridna) podlaga. Nohtno plo\u0161\u010do rahlo matiramo s polirnim blokom. Razma\u0161\u010deno na nohtu <a href=\"https:\/\/www.meavia-mh.hr\/sl\/product\/palu-cleaner-2-500-ml\/\">PALU Cleanerom<\/a> nanesite eno tanko plast podlage Claresa in posu\u0161ite v UV\/LED lu\u010dki.\u00a0<span class=\"\" style=\"font-size: 16px; font-style: normal;\">Glede na stanje nohta nanesite 1 ali 2 sloja osnovnega laka in vsakega su\u0161ite 60 sekund. <\/span><span style=\"font-size: 16px; font-style: normal;\">v LED \/ UV \u017earnici. Stekleni\u010dka s \u010dopi\u010dem zagotavlja maksimalno udobje pri uporabi. N<span class=\"\">in na koncu lahko nanesete barvo trajnega laka po \u017eelji<\/span><\/span>. Oglejte si ponudbo vrhunskih trajnih lakov iz na\u0161e ponudbe blagovnih znamk: <a href=\"https:\/\/www.meavia-mh.hr\/sl\/product\/claresa-trajni-lak-gel-polish-frosty-morning-10\/\">Claresa<\/a>,\u00a0<span style=\"font-size: 16px; font-style: normal;\"><a href=\"https:\/\/www.meavia-mh.hr\/sl\/product\/ikon-iq-prima-gel-polish-trajni-lak-fredrika-15-ml\/\">IKON.iQ<\/a> in\u00a0<\/span><a href=\"https:\/\/www.meavia-mh.hr\/sl\/product\/palu-gel-polish-trajni-lak-petersburg-pe5-11-ml\/\"><span style=\"font-size: 16px;\">PALU<\/span><\/a>.<\/p>\n<h3>Izberite popoln podlak za nohte Claresa<\/h3>\n<figure id=\"attachment_39255\" aria-describedby=\"caption-attachment-39255\" style=\"width: 1024px\" class=\"wp-caption aligncenter\"><a href=\"https:\/\/www.meavia-mh.hr\/wp-content\/uploads\/2025\/07\/porownanie-baz-CLARESA-EN.webp\"><img fetchpriority=\"high\" decoding=\"async\" class=\"wp-image-39255 size-large\" src=\"https:\/\/www.meavia-mh.hr\/wp-content\/uploads\/2025\/07\/porownanie-baz-CLARESA-EN-1024x706.webp\" alt=\"Claresa baze karakteristike\" width=\"1024\" height=\"706\" srcset=\"https:\/\/www.meavia-mh.hr\/wp-content\/uploads\/2025\/07\/porownanie-baz-CLARESA-EN-1024x706.webp 1024w, https:\/\/www.meavia-mh.hr\/wp-content\/uploads\/2025\/07\/porownanie-baz-CLARESA-EN-300x207.webp 300w, https:\/\/www.meavia-mh.hr\/wp-content\/uploads\/2025\/07\/porownanie-baz-CLARESA-EN-768x530.webp 768w, https:\/\/www.meavia-mh.hr\/wp-content\/uploads\/2025\/07\/porownanie-baz-CLARESA-EN-1536x1059.webp 1536w, https:\/\/www.meavia-mh.hr\/wp-content\/uploads\/2025\/07\/porownanie-baz-CLARESA-EN-18x12.webp 18w, https:\/\/www.meavia-mh.hr\/wp-content\/uploads\/2025\/07\/porownanie-baz-CLARESA-EN-600x414.webp 600w, https:\/\/www.meavia-mh.hr\/wp-content\/uploads\/2025\/07\/porownanie-baz-CLARESA-EN.webp 1920w\" sizes=\"(max-width: 1024px) 100vw, 1024px\" \/><\/a><figcaption id=\"caption-attachment-39255\" class=\"wp-caption-text\">Zna\u010dilnosti baze Claresa<\/figcaption><\/figure>\n<h4>Vrhunska kvaliteta za va\u0161e nohte!<\/h4>\n<p>Ali veste, da izdelki Claresa\u00a0<strong>dermatolo\u0161ko preizku\u0161en<\/strong>\u00a0in izdelani v skladu z najvi\u0161jimi standardi za kozmeti\u010dno industrijo, vklju\u010dno z ISO 22716, GMP \u2013 dobro proizvodno prakso, uporabo surovin evropskega porekla iz skupine Cosmetic Grade in vrhunskim nadzorom kakovosti. Izdelki Claresa so\u00a0<strong>vegansko in ni testirano na \u017eivalih<\/strong>Varna formula brez \u0161kodljivih in strupenih snovi\u00a0<strong>Ne vsebuje: toluena, DBP, formaldehida, formaldehidne smole, kafre, TPHP, ksilena, triklosana, TPO.\u00a0<\/strong><\/p>\n<h4>SESTAVA\/Ingredients\/INCI:<\/h4>\n<p>Di-HEMA trimetilheksil dikarbamat, hidroksipropil metakrilat, HEMA, izobornil metakrilat, hidroksicikloheksil fenil keton, CI 60725.<\/p>\n<p><em><span class=\"\">* navedena sestava se lahko spremeni.\u00a0<\/span><span class=\"\">Celotno sestavo INCI najdete na embala\u017ei izdelka.<\/span><\/em><\/p>","protected":false},"excerpt":{"rendered":"<p><a href=\"https:\/\/www.meavia-mh.hr\/wp-content\/uploads\/2023\/12\/CLARESA_logo_BLACK.png\"><img decoding=\"async\" class=\"alignnone wp-image-25230\" src=\"https:\/\/www.meavia-mh.hr\/wp-content\/uploads\/2023\/12\/CLARESA_logo_BLACK.png\" alt=\"CLARESA_logo_BLACK\" width=\"192\" height=\"45\" \/><\/a><\/p>","protected":false},"featured_media":11271,"comment_status":"closed","ping_status":"closed","template":"","meta":{"_uag_custom_page_level_css":"","site-sidebar-layout":"default","site-content-layout":"","ast-site-content-layout":"default","site-content-style":"default","site-sidebar-style":"default","ast-global-header-display":"","ast-banner-title-visibility":"","ast-main-header-display":"","ast-hfb-above-header-display":"","ast-hfb-below-header-display":"","ast-hfb-mobile-header-display":"","site-post-title":"","ast-breadcrumbs-content":"","ast-featured-img":"","footer-sml-layout":"","ast-disable-related-posts":"","theme-transparent-header-meta":"default","adv-header-id-meta":"","stick-header-meta":"default","header-above-stick-meta":"","header-main-stick-meta":"","header-below-stick-meta":"","astra-migrate-meta-layouts":"set","ast-page-background-enabled":"default","ast-page-background-meta":{"desktop":{"background-color":"var(--ast-global-color-4)","background-image":"","background-repeat":"repeat","background-position":"center center","background-size":"auto","background-attachment":"scroll","background-type":"","background-media":"","overlay-type":"","overlay-color":"","overlay-opacity":"","overlay-gradient":""},"tablet":{"background-color":"","background-image":"","background-repeat":"repeat","background-position":"center center","background-size":"auto","background-attachment":"scroll","background-type":"","background-media":"","overlay-type":"","overlay-color":"","overlay-opacity":"","overlay-gradient":""},"mobile":{"background-color":"","background-image":"","background-repeat":"repeat","background-position":"center center","background-size":"auto","background-attachment":"scroll","background-type":"","background-media":"","overlay-type":"","overlay-color":"","overlay-opacity":"","overlay-gradient":""}},"ast-content-background-meta":{"desktop":{"background-color":"var(--ast-global-color-5)","background-image":"","background-repeat":"repeat","background-position":"center center","background-size":"auto","background-attachment":"scroll","background-type":"","background-media":"","overlay-type":"","overlay-color":"","overlay-opacity":"","overlay-gradient":""},"tablet":{"background-color":"var(--ast-global-color-5)","background-image":"","background-repeat":"repeat","background-position":"center center","background-size":"auto","background-attachment":"scroll","background-type":"","background-media":"","overlay-type":"","overlay-color":"","overlay-opacity":"","overlay-gradient":""},"mobile":{"background-color":"var(--ast-global-color-5)","background-image":"","background-repeat":"repeat","background-position":"center center","background-size":"auto","background-attachment":"scroll","background-type":"","background-media":"","overlay-type":"","overlay-color":"","overlay-opacity":"","overlay-gradient":""}}},"product_brand":[607],"product_cat":[155,534,339,720],"product_tag":[153],"class_list":{"0":"post-11265","1":"product","2":"type-product","3":"status-publish","4":"has-post-thumbnail","6":"product_brand-claresa","7":"product_cat-baze","8":"product_cat-claresa","9":"product_cat-claresa-baze","10":"product_cat-classic-baze","11":"product_tag-soak-off-base","12":"desktop-align-left","13":"tablet-align-left","14":"mobile-align-left","15":"ast-product-gallery-layout-horizontal-slider","16":"ast-product-tabs-layout-horizontal","18":"first","19":"instock","20":"taxable","21":"shipping-taxable","22":"purchasable","23":"product-type-simple"},"yoast_head":"<!-- This site is optimized with the Yoast SEO plugin v27.3 - https:\/\/yoast.com\/product\/yoast-seo-wordpress\/ -->\n<title>Claresa baza &#8902; Mea Via Beauty<\/title>\n<meta name=\"description\" content=\"Claresa baza &#8902; baza za noke &#8902; osnovna baza za nokte &#8902; soak off &#8902; vrhunska kvaliteta &#8902; dermatolo\u0161ki testirana &#8902; sa disperzijskim slojem\" \/>\n<meta name=\"robots\" content=\"index, follow, max-snippet:-1, max-image-preview:large, max-video-preview:-1\" \/>\n<link rel=\"canonical\" href=\"https:\/\/www.meavia-mh.hr\/sl\/product\/claresa-baza\/\" \/>\n<meta property=\"og:locale\" content=\"sl_SI\" \/>\n<meta property=\"og:type\" content=\"article\" \/>\n<meta property=\"og:title\" content=\"Claresa baza &#8902; Mea Via Beauty\" \/>\n<meta property=\"og:description\" content=\"Claresa baza &#8902; baza za noke &#8902; osnovna baza za nokte &#8902; soak off &#8902; vrhunska kvaliteta &#8902; dermatolo\u0161ki testirana &#8902; sa disperzijskim slojem\" \/>\n<meta property=\"og:url\" content=\"https:\/\/www.meavia-mh.hr\/sl\/product\/claresa-baza\/\" \/>\n<meta property=\"og:site_name\" content=\"Mea Via Beauty\" \/>\n<meta property=\"article:publisher\" content=\"https:\/\/www.facebook.com\/MeaViaNailsWorld\" \/>\n<meta property=\"article:modified_time\" content=\"2026-03-26T16:27:07+00:00\" \/>\n<meta property=\"og:image\" content=\"https:\/\/www.meavia-mh.hr\/wp-content\/uploads\/2022\/01\/Slika-zaslona-2022-01-30-u-15.56.36.jpg\" \/>\n\t<meta property=\"og:image:width\" content=\"1578\" \/>\n\t<meta property=\"og:image:height\" content=\"1578\" \/>\n\t<meta property=\"og:image:type\" content=\"image\/jpeg\" \/>\n<meta name=\"twitter:card\" content=\"summary_large_image\" \/>\n<meta name=\"twitter:label1\" content=\"Est. reading time\" \/>\n\t<meta name=\"twitter:data1\" content=\"3 minute\" \/>\n<script type=\"application\/ld+json\" class=\"yoast-schema-graph\">{\"@context\":\"https:\\\/\\\/schema.org\",\"@graph\":[{\"@type\":\"WebPage\",\"@id\":\"https:\\\/\\\/www.meavia-mh.hr\\\/product\\\/claresa-baza\\\/\",\"url\":\"https:\\\/\\\/www.meavia-mh.hr\\\/product\\\/claresa-baza\\\/\",\"name\":\"Claresa baza &#8902; Mea Via Beauty\",\"isPartOf\":{\"@id\":\"https:\\\/\\\/meavia-mh.hr\\\/sl\\\/#website\"},\"primaryImageOfPage\":{\"@id\":\"https:\\\/\\\/www.meavia-mh.hr\\\/product\\\/claresa-baza\\\/#primaryimage\"},\"image\":{\"@id\":\"https:\\\/\\\/www.meavia-mh.hr\\\/product\\\/claresa-baza\\\/#primaryimage\"},\"thumbnailUrl\":\"https:\\\/\\\/www.meavia-mh.hr\\\/wp-content\\\/uploads\\\/2022\\\/01\\\/Slika-zaslona-2022-01-30-u-15.56.36.jpg\",\"datePublished\":\"2022-01-30T11:30:45+00:00\",\"dateModified\":\"2026-03-26T16:27:07+00:00\",\"description\":\"Claresa baza &#8902; baza za noke &#8902; osnovna baza za nokte &#8902; soak off &#8902; vrhunska kvaliteta &#8902; dermatolo\u0161ki testirana &#8902; sa disperzijskim slojem\",\"breadcrumb\":{\"@id\":\"https:\\\/\\\/www.meavia-mh.hr\\\/product\\\/claresa-baza\\\/#breadcrumb\"},\"inLanguage\":\"sl-SI\",\"potentialAction\":[{\"@type\":\"ReadAction\",\"target\":[\"https:\\\/\\\/www.meavia-mh.hr\\\/product\\\/claresa-baza\\\/\"]}]},{\"@type\":\"ImageObject\",\"inLanguage\":\"sl-SI\",\"@id\":\"https:\\\/\\\/www.meavia-mh.hr\\\/product\\\/claresa-baza\\\/#primaryimage\",\"url\":\"https:\\\/\\\/www.meavia-mh.hr\\\/wp-content\\\/uploads\\\/2022\\\/01\\\/Slika-zaslona-2022-01-30-u-15.56.36.jpg\",\"contentUrl\":\"https:\\\/\\\/www.meavia-mh.hr\\\/wp-content\\\/uploads\\\/2022\\\/01\\\/Slika-zaslona-2022-01-30-u-15.56.36.jpg\",\"width\":1578,\"height\":1578,\"caption\":\"Claresa baza\"},{\"@type\":\"BreadcrumbList\",\"@id\":\"https:\\\/\\\/www.meavia-mh.hr\\\/product\\\/claresa-baza\\\/#breadcrumb\",\"itemListElement\":[{\"@type\":\"ListItem\",\"position\":1,\"name\":\"Po\u010detna stranica\",\"item\":\"https:\\\/\\\/www.meavia-mh.hr\\\/\"},{\"@type\":\"ListItem\",\"position\":2,\"name\":\"Trgovina\",\"item\":\"https:\\\/\\\/meavia-mh.hr\\\/sl\\\/store\\\/\"},{\"@type\":\"ListItem\",\"position\":3,\"name\":\"Claresa baza\"}]},{\"@type\":\"WebSite\",\"@id\":\"https:\\\/\\\/meavia-mh.hr\\\/sl\\\/#website\",\"url\":\"https:\\\/\\\/meavia-mh.hr\\\/sl\\\/\",\"name\":\"Mea Via Beauty\",\"description\":\"Only The Best For Your Beauty\",\"publisher\":{\"@id\":\"https:\\\/\\\/meavia-mh.hr\\\/sl\\\/#organization\"},\"alternateName\":\"Mea Via Nails\",\"potentialAction\":[{\"@type\":\"SearchAction\",\"target\":{\"@type\":\"EntryPoint\",\"urlTemplate\":\"https:\\\/\\\/meavia-mh.hr\\\/sl\\\/?s={search_term_string}\"},\"query-input\":{\"@type\":\"PropertyValueSpecification\",\"valueRequired\":true,\"valueName\":\"search_term_string\"}}],\"inLanguage\":\"sl-SI\"},{\"@type\":\"Organization\",\"@id\":\"https:\\\/\\\/meavia-mh.hr\\\/sl\\\/#organization\",\"name\":\"Mea Via Nails World\",\"alternateName\":\"Mea Via\",\"url\":\"https:\\\/\\\/meavia-mh.hr\\\/sl\\\/\",\"logo\":{\"@type\":\"ImageObject\",\"inLanguage\":\"sl-SI\",\"@id\":\"https:\\\/\\\/meavia-mh.hr\\\/sl\\\/#\\\/schema\\\/logo\\\/image\\\/\",\"url\":\"https:\\\/\\\/www.meavia-mh.hr\\\/wp-content\\\/uploads\\\/2020\\\/12\\\/Mea-Via.png\",\"contentUrl\":\"https:\\\/\\\/www.meavia-mh.hr\\\/wp-content\\\/uploads\\\/2020\\\/12\\\/Mea-Via.png\",\"width\":1181,\"height\":393,\"caption\":\"Mea Via Nails World\"},\"image\":{\"@id\":\"https:\\\/\\\/meavia-mh.hr\\\/sl\\\/#\\\/schema\\\/logo\\\/image\\\/\"},\"sameAs\":[\"https:\\\/\\\/www.facebook.com\\\/MeaViaNailsWorld\",\"https:\\\/\\\/www.instagram.com\\\/mea_via_nails_world\\\/\",\"https:\\\/\\\/www.youtube.com\\\/channel\\\/UCECk0hpRWP6TN-EfA4ER96g\\\/featured\"]}]}<\/script>\n<!-- \/ Yoast SEO plugin. -->","yoast_head_json":{"title":"Claresa baza \u22c6 Mea Via Beauty","description":"Claresa baza \u22c6 baza za nohte \u22c6 osnovna baza za nohte \u22c6 vpijajo\u010da se baza \u22c6 vrhunska kakovost \u22c6 dermatolo\u0161ko testirano \u22c6 z disperzijsko plastjo","robots":{"index":"index","follow":"follow","max-snippet":"max-snippet:-1","max-image-preview":"max-image-preview:large","max-video-preview":"max-video-preview:-1"},"canonical":"https:\/\/www.meavia-mh.hr\/sl\/product\/claresa-baza\/","og_locale":"sl_SI","og_type":"article","og_title":"Claresa baza &#8902; Mea Via Beauty","og_description":"Claresa baza &#8902; baza za noke &#8902; osnovna baza za nokte &#8902; soak off &#8902; vrhunska kvaliteta &#8902; dermatolo\u0161ki testirana &#8902; sa disperzijskim slojem","og_url":"https:\/\/www.meavia-mh.hr\/sl\/product\/claresa-baza\/","og_site_name":"Mea Via Beauty","article_publisher":"https:\/\/www.facebook.com\/MeaViaNailsWorld","article_modified_time":"2026-03-26T16:27:07+00:00","og_image":[{"width":1578,"height":1578,"url":"https:\/\/www.meavia-mh.hr\/wp-content\/uploads\/2022\/01\/Slika-zaslona-2022-01-30-u-15.56.36.jpg","type":"image\/jpeg"}],"twitter_card":"summary_large_image","twitter_misc":{"Est. reading time":"3 minute"},"schema":{"@context":"https:\/\/schema.org","@graph":[{"@type":"WebPage","@id":"https:\/\/www.meavia-mh.hr\/product\/claresa-baza\/","url":"https:\/\/www.meavia-mh.hr\/product\/claresa-baza\/","name":"Claresa baza \u22c6 Mea Via Beauty","isPartOf":{"@id":"https:\/\/meavia-mh.hr\/sl\/#website"},"primaryImageOfPage":{"@id":"https:\/\/www.meavia-mh.hr\/product\/claresa-baza\/#primaryimage"},"image":{"@id":"https:\/\/www.meavia-mh.hr\/product\/claresa-baza\/#primaryimage"},"thumbnailUrl":"https:\/\/www.meavia-mh.hr\/wp-content\/uploads\/2022\/01\/Slika-zaslona-2022-01-30-u-15.56.36.jpg","datePublished":"2022-01-30T11:30:45+00:00","dateModified":"2026-03-26T16:27:07+00:00","description":"Claresa baza \u22c6 baza za nohte \u22c6 osnovna baza za nohte \u22c6 vpijajo\u010da se baza \u22c6 vrhunska kakovost \u22c6 dermatolo\u0161ko testirano \u22c6 z disperzijsko plastjo","breadcrumb":{"@id":"https:\/\/www.meavia-mh.hr\/product\/claresa-baza\/#breadcrumb"},"inLanguage":"sl-SI","potentialAction":[{"@type":"ReadAction","target":["https:\/\/www.meavia-mh.hr\/product\/claresa-baza\/"]}]},{"@type":"ImageObject","inLanguage":"sl-SI","@id":"https:\/\/www.meavia-mh.hr\/product\/claresa-baza\/#primaryimage","url":"https:\/\/www.meavia-mh.hr\/wp-content\/uploads\/2022\/01\/Slika-zaslona-2022-01-30-u-15.56.36.jpg","contentUrl":"https:\/\/www.meavia-mh.hr\/wp-content\/uploads\/2022\/01\/Slika-zaslona-2022-01-30-u-15.56.36.jpg","width":1578,"height":1578,"caption":"Claresa baza"},{"@type":"BreadcrumbList","@id":"https:\/\/www.meavia-mh.hr\/product\/claresa-baza\/#breadcrumb","itemListElement":[{"@type":"ListItem","position":1,"name":"Po\u010detna stranica","item":"https:\/\/www.meavia-mh.hr\/"},{"@type":"ListItem","position":2,"name":"Trgovina","item":"https:\/\/meavia-mh.hr\/sl\/store\/"},{"@type":"ListItem","position":3,"name":"Claresa baza"}]},{"@type":"WebSite","@id":"https:\/\/meavia-mh.hr\/sl\/#website","url":"https:\/\/meavia-mh.hr\/sl\/","name":"MEA VIA BEAUTY","description":"Only The Best For Your Beauty","publisher":{"@id":"https:\/\/meavia-mh.hr\/sl\/#organization"},"alternateName":"Mea Via Nails","potentialAction":[{"@type":"SearchAction","target":{"@type":"EntryPoint","urlTemplate":"https:\/\/meavia-mh.hr\/sl\/?s={search_term_string}"},"query-input":{"@type":"PropertyValueSpecification","valueRequired":true,"valueName":"search_term_string"}}],"inLanguage":"sl-SI"},{"@type":"Organization","@id":"https:\/\/meavia-mh.hr\/sl\/#organization","name":"Mea Via Nails World","alternateName":"Mea Via","url":"https:\/\/meavia-mh.hr\/sl\/","logo":{"@type":"ImageObject","inLanguage":"sl-SI","@id":"https:\/\/meavia-mh.hr\/sl\/#\/schema\/logo\/image\/","url":"https:\/\/www.meavia-mh.hr\/wp-content\/uploads\/2020\/12\/Mea-Via.png","contentUrl":"https:\/\/www.meavia-mh.hr\/wp-content\/uploads\/2020\/12\/Mea-Via.png","width":1181,"height":393,"caption":"Mea Via Nails World"},"image":{"@id":"https:\/\/meavia-mh.hr\/sl\/#\/schema\/logo\/image\/"},"sameAs":["https:\/\/www.facebook.com\/MeaViaNailsWorld","https:\/\/www.instagram.com\/mea_via_nails_world\/","https:\/\/www.youtube.com\/channel\/UCECk0hpRWP6TN-EfA4ER96g\/featured"]}]}},"spectra_custom_meta":{"_sku":["5902846077466"],"_regular_price":["5.99"],"total_sales":["133"],"_tax_status":["taxable"],"_tax_class":[""],"_manage_stock":["yes"],"_backorders":["no"],"_sold_individually":["no"],"_virtual":["no"],"_downloadable":["no"],"_download_limit":["-1"],"_download_expiry":["-1"],"_thumbnail_id":["11271"],"_stock":["25"],"_stock_status":["instock"],"_wc_average_rating":["0"],"_wc_review_count":["0"],"_product_version":["10.6.1"],"_price":["5.99"],"_wp_page_template":["default"],"_yoast_wpseo_focuskw":["Claresa baza"],"_yoast_wpseo_linkdex":["89"],"_yoast_wpseo_content_score":["90"],"_yoast_wpseo_estimated-reading-time-minutes":["3"],"cartflows_redirect_flow_id":[""],"cartflows_add_to_cart_text":[""],"_woocs_price_geo_countries":[""],"_woocs_regular_price_geo":[""],"_woocs_sale_price_geo":[""],"site-sidebar-layout":["default"],"site-content-layout":[""],"theme-transparent-header-meta":["default"],"stick-header-meta":["default"],"_yoast_wpseo_primary_product_cat":["339"],"_yoast_wpseo_metadesc":["%%title%% %%sep%% baza za noke %%sep%% osnovna baza za nokte %%sep%% soak off %%sep%% vrhunska kvaliteta %%sep%% dermatolo\u0161ki testirana %%sep%% sa disperzijskim slojem"],"_edit_lock":["1774542427:1239"],"_edit_last":["1239"],"_yoast_wpseo_wordproof_timestamp":[""],"_woocs_regular_price_EUR":["5.3"],"_woocs_sale_price_EUR":["-1"],"_lowest_price_30_days":["5.3"],"ast-site-content-layout":["default"],"site-content-style":["default"],"site-sidebar-style":["default"],"_yoast_wpseo_primary_fb_product_set":[""],"uag_migration_processed":["1"],"_product_image_gallery":["41160,39255,41125,40946,40862"],"_wc_facebook_sync_enabled":["yes"],"fb_visibility":["yes"],"fb_product_description":[""],"fb_rich_text_description":[""],"_wc_facebook_product_image_source":["product"],"fb_product_video":["a:0:{}"],"fb_brand":[""],"fb_mpn":[""],"fb_size":[""],"fb_color":[""],"fb_material":[""],"fb_pattern":[""],"fb_age_group":[""],"fb_gender":[""],"fb_product_condition":[""],"_yoast_wpseo_primary_product_brand":[""],"astra-migrate-meta-layouts":["set"],"_last_change_time":["1770231558"],"ast-above-header-display":[""],"ast-below-header-display":[""],"footer-adv-display":[""],"adv-header-id-meta":[""],"ast-breadcrumbs-content":[""],"_elementor_page_assets":["a:0:{}"],"_uag_page_assets":["a:9:{s:3:\"css\";s:0:\"\";s:2:\"js\";s:0:\"\";s:18:\"current_block_list\";a:3:{i:0;s:11:\"core\/search\";i:1;s:18:\"core\/legacy-widget\";i:2;s:27:\"woocommerce\/product-filters\";}s:8:\"uag_flag\";b:0;s:11:\"uag_version\";s:10:\"1775837063\";s:6:\"gfonts\";a:0:{}s:10:\"gfonts_url\";s:0:\"\";s:12:\"gfonts_files\";a:0:{}s:14:\"uag_faq_layout\";b:0;}"]},"uagb_featured_image_src":{"full":["https:\/\/www.meavia-mh.hr\/wp-content\/uploads\/2022\/01\/Slika-zaslona-2022-01-30-u-15.56.36.jpg",1578,1578,false],"thumbnail":["https:\/\/www.meavia-mh.hr\/wp-content\/uploads\/2022\/01\/Slika-zaslona-2022-01-30-u-15.56.36-150x150.jpg",150,150,true],"medium":["https:\/\/www.meavia-mh.hr\/wp-content\/uploads\/2022\/01\/Slika-zaslona-2022-01-30-u-15.56.36-300x300.jpg",300,300,true],"medium_large":["https:\/\/www.meavia-mh.hr\/wp-content\/uploads\/2022\/01\/Slika-zaslona-2022-01-30-u-15.56.36-768x768.jpg",768,768,true],"large":["https:\/\/www.meavia-mh.hr\/wp-content\/uploads\/2022\/01\/Slika-zaslona-2022-01-30-u-15.56.36-1024x1024.jpg",1024,1024,true],"1536x1536":["https:\/\/www.meavia-mh.hr\/wp-content\/uploads\/2022\/01\/Slika-zaslona-2022-01-30-u-15.56.36-1536x1536.jpg",1536,1536,true],"2048x2048":["https:\/\/www.meavia-mh.hr\/wp-content\/uploads\/2022\/01\/Slika-zaslona-2022-01-30-u-15.56.36.jpg",1578,1578,false],"trp-custom-language-flag":["https:\/\/www.meavia-mh.hr\/wp-content\/uploads\/2022\/01\/Slika-zaslona-2022-01-30-u-15.56.36-12x12.jpg",12,12,true],"woocommerce_thumbnail":["https:\/\/www.meavia-mh.hr\/wp-content\/uploads\/2022\/01\/Slika-zaslona-2022-01-30-u-15.56.36-300x300.jpg",300,300,true],"woocommerce_single":["https:\/\/www.meavia-mh.hr\/wp-content\/uploads\/2022\/01\/Slika-zaslona-2022-01-30-u-15.56.36-600x600.jpg",600,600,true],"woocommerce_gallery_thumbnail":["https:\/\/www.meavia-mh.hr\/wp-content\/uploads\/2022\/01\/Slika-zaslona-2022-01-30-u-15.56.36-100x100.jpg",100,100,true]},"uagb_author_info":{"display_name":"Mea Via","author_link":"https:\/\/www.meavia-mh.hr\/sl\/author\/"},"uagb_comment_info":0,"uagb_excerpt":null,"_links":{"self":[{"href":"https:\/\/www.meavia-mh.hr\/sl\/wp-json\/wp\/v2\/product\/11265","targetHints":{"allow":["GET"]}}],"collection":[{"href":"https:\/\/www.meavia-mh.hr\/sl\/wp-json\/wp\/v2\/product"}],"about":[{"href":"https:\/\/www.meavia-mh.hr\/sl\/wp-json\/wp\/v2\/types\/product"}],"replies":[{"embeddable":true,"href":"https:\/\/www.meavia-mh.hr\/sl\/wp-json\/wp\/v2\/comments?post=11265"}],"version-history":[{"count":6,"href":"https:\/\/www.meavia-mh.hr\/sl\/wp-json\/wp\/v2\/product\/11265\/revisions"}],"predecessor-version":[{"id":41597,"href":"https:\/\/www.meavia-mh.hr\/sl\/wp-json\/wp\/v2\/product\/11265\/revisions\/41597"}],"wp:featuredmedia":[{"embeddable":true,"href":"https:\/\/www.meavia-mh.hr\/sl\/wp-json\/wp\/v2\/media\/11271"}],"wp:attachment":[{"href":"https:\/\/www.meavia-mh.hr\/sl\/wp-json\/wp\/v2\/media?parent=11265"}],"wp:term":[{"taxonomy":"product_brand","embeddable":true,"href":"https:\/\/www.meavia-mh.hr\/sl\/wp-json\/wp\/v2\/product_brand?post=11265"},{"taxonomy":"product_cat","embeddable":true,"href":"https:\/\/www.meavia-mh.hr\/sl\/wp-json\/wp\/v2\/product_cat?post=11265"},{"taxonomy":"product_tag","embeddable":true,"href":"https:\/\/www.meavia-mh.hr\/sl\/wp-json\/wp\/v2\/product_tag?post=11265"}],"curies":[{"name":"delovni list","href":"https:\/\/api.w.org\/{rel}","templated":true}]}}