{"id":11242,"date":"2022-01-29T18:01:06","date_gmt":"2022-01-29T18:01:06","guid":{"rendered":"https:\/\/www.meavia-mh.hr\/?post_type=product&#038;p=11242"},"modified":"2026-04-10T08:24:32","modified_gmt":"2026-04-10T07:24:32","slug":"claresa-trajni-lak-gel-polish-white-1000","status":"publish","type":"product","link":"https:\/\/www.meavia-mh.hr\/sl\/product\/claresa-trajni-lak-gel-polish-white-1000\/","title":{"rendered":"Claresa gel lak bela 1000"},"content":{"rendered":"<p><strong><span class=\"\">Claresa gel polish White 1000<\/span><\/strong><span class=\"\"> je neophodan dodatak kolekciji boja svake \u017eene. <\/span>Univerzalna i nenametljiva boja savr\u0161ena je pozadina za sve vrste stilizacija \u2013 intenzivnih i prigu\u0161enijih.<\/p>\n<p>Cvije\u0107e, srca i bilo koji drugi uzorak izgledat \u0107e sjajno na bijeloj pozadini. Zabavite se i stvarajte <strong>jedinstvene stilove noktiju<\/strong> zahvaljuju\u0107i Claresa bijeloj boji. Claresa gel polish White je <strong>intenzivna, zasi\u0107ena boja<\/strong> koja prekriva u samo jednom sloju. To je univerzalna boja koju vrijedi imati u svojoj kolekciji. Tra\u017eite ideje za nail art? Bijela je uvijek dobar izbor!<\/p>\n<h3>Karakteristike:<\/h3>\n<ul>\n<li>intenzivno pigmetirane boje (pokrivnost ve\u0107 u prvom sloju)<\/li>\n<li>jednostavna primjena (posebno dizajnirana \u010detkica omogu\u0107ava jednostavno nano\u0161enje)<\/li>\n<li>koristiti na prirodne,\u00a0<a href=\"https:\/\/www.meavia-mh.hr\/product\/claresa-soft-easy-builder-gel-skin-cover\/\">gelirane<\/a>\u00a0ili nokte produ\u017eene\u00a0<a href=\"https:\/\/www.meavia-mh.hr\/product\/palu-flexi-acryl-gel-pink-2-30-ml\/\">acryl gelom<\/a><\/li>\n<li>intenzivan sjaj i dugotrajnost (du\u017ee od 3 tjedna)<\/li>\n<li>konzistencija: srednje gusta<\/li>\n<li>soak off formula<\/li>\n<li><strong>f<\/strong><strong>ormula bez \u0161tetnih i toksi\u010dnih tvari. Ne sadr\u017ei TPO, \u00a0Toluene, DBP, Formaldehyde, Formaldehyde Resin, Camphor, TPHP, Xylene, Triclosan.<\/strong><\/li>\n<li><strong>Vegan &amp; Cruelty Free (proizvod nije testiran na \u017eivotinjama)<\/strong><\/li>\n<li>dermatolo\u0161ki testiran proizvod<\/li>\n<li>proizvod namijenjen profesionalnoj upotrebi<\/li>\n<li>proizvedeno u Europskoj uniji<\/li>\n<li>sve sirovine EU porijekla<\/li>\n<li>UV\/LED lampa \u2013 60 sekundi, ovisno o ja\u010dini lampe<\/li>\n<li><strong>Pakiranje: 5 g<\/strong><\/li>\n<\/ul>\n<h3>Kako nanijeti trajni lak na nokte<\/h3>\n<p>Dezinficirajte ruke te ih posu\u0161ite.\u00a0Uklonite sve ostatke trajnog laka s noktiju odstranjiva\u010dem laka i\u00a0<a href=\"https:\/\/www.meavia-mh.hr\/product\/blazinice-za-nokte-500-kom\/\">blazinicama<\/a>. Kako biste lak\u0161e uklonili vi\u0161ak ko\u017eice, upotrijebite\u00a0<a href=\"https:\/\/www.meavia-mh.hr\/product\/claresa-odstranjivac-kozice-nokta-cuticle-remover\/\">cuticle remover (odstranjiva\u010d ko\u017eice)<\/a>. Ostavite da djeluje 2-3 minute.\u00a0Pomo\u0107u\u00a0<a href=\"https:\/\/www.meavia-mh.hr\/product\/drveni-stapici-za-manikuru\/\">drvenih \u0161tapi\u0107a za manikuru<\/a>\u00a0pa\u017eljivo potisnite ko\u017eicu te uklonite ko\u017eicu s nokta\u00a0<a href=\"https:\/\/www.meavia-mh.hr\/product\/ikon-iq-skarice-za-kutikulu\/\">\u0161karicama za kutikulu<\/a>.\u00a0Kao podlogu nanesite bazu\u00a0(<a href=\"https:\/\/www.meavia-mh.hr\/product\/claresa-baza\/\">Claresa\u00a0bazu<\/a>\u00a0ili\u00a0<a href=\"https:\/\/www.meavia-mh.hr\/product\/palu-maxi-base-11-ml\/\">PALU Maxi bazu<\/a>), prije nano\u0161enja odabrane boje trajnog laka!<\/p>\n<p>Na tako pripremljeni nokat nanesite tanki sloj\u00a0<strong>Claresa\u00a0gel polish trajni lak\u00a0<\/strong>i polimerizirajte ga u profesionalnoj UV\/LED lampi. Nakraju nanesite zavr\u0161mi top coat:\u00a0<a href=\"https:\/\/www.meavia-mh.hr\/product\/claresa-top-coat-diamond-no-wipe\/\">Claresa top coat Diamond no wipe<\/a>,\u00a0<a href=\"https:\/\/www.meavia-mh.hr\/product\/claresa-top-matt-no-wipe\/\">Claresa Top Coat Matt no wipe<\/a>\u00a0ovisno o efektu kojeg \u017eelite posti\u0107i.<\/p>\n<figure id=\"attachment_17761\" class=\"wp-caption aligncenter\" aria-describedby=\"caption-attachment-17761\"><\/figure>\n<figure id=\"attachment_17761\" class=\"wp-caption aligncenter\" aria-describedby=\"caption-attachment-17761\"><\/figure>\n<figure id=\"attachment_17761\" class=\"wp-caption aligncenter\" aria-describedby=\"caption-attachment-17761\"><a href=\"https:\/\/www.meavia-mh.hr\/wp-content\/uploads\/2022\/12\/IMG_6193.jpg\"><img fetchpriority=\"high\" decoding=\"async\" class=\"wp-image-17761 size-full\" src=\"https:\/\/www.meavia-mh.hr\/wp-content\/uploads\/2022\/12\/IMG_6193.jpg\" sizes=\"(max-width: 768px) 100vw, 768px\" srcset=\"https:\/\/www.meavia-mh.hr\/wp-content\/uploads\/2022\/12\/IMG_6193.jpg 768w, https:\/\/www.meavia-mh.hr\/wp-content\/uploads\/2022\/12\/IMG_6193-300x300.jpg 300w, https:\/\/www.meavia-mh.hr\/wp-content\/uploads\/2022\/12\/IMG_6193-150x150.jpg 150w, https:\/\/www.meavia-mh.hr\/wp-content\/uploads\/2022\/12\/IMG_6193-12x12.jpg 12w, https:\/\/www.meavia-mh.hr\/wp-content\/uploads\/2022\/12\/IMG_6193-600x600.jpg 600w, https:\/\/www.meavia-mh.hr\/wp-content\/uploads\/2022\/12\/IMG_6193-100x100.jpg 100w\" alt=\"Gel polish Step by Step\" width=\"768\" height=\"768\" \/><\/a><figcaption id=\"caption-attachment-17761\" class=\"wp-caption-text\">Gel polish Step by Step<\/figcaption><\/figure>\n<h4>Vrhunska kvaliteta za va\u0161e nokte!<\/h4>\n<p>Znate li da su Claresa proizvodi\u00a0<strong>dermatolo\u0161ki testirani<\/strong>\u00a0te proizvedeni prema najvi\u0161im standardima za kozmeti\u010dku industriju, me\u0111u kojima su ISO 22716, GMP \u2013 Good Manufacturing Practices, upotreba sirovina europskog podrijetla iz skupine Cosmetic Grade te Premium Quality Control. Claresa proizvodi su\u00a0<strong>veganski te nisu testirani na \u017eivotinjama<\/strong>. Sigurna formula bez \u0161tetnih i toksi\u010dnih tvari\u00a0<strong>ne sadr\u017ei: Toluene, DBP, Formaldehyde, Formaldehyde Resin, Camphor, TPHP, Xylene, Triclosan, TPO.\u00a0<\/strong><\/p>\n<h4>SASTAV\/Ingredients\/INCI:<\/h4>\n<p>Urethane Acrylate, HEMA, Cellulose Acetate Butyrate, Ethyl Trimethylbenzoyl Phenylphosphinate, Hydroxypropyl Methacrylate, Di-HEMA Trimethylhexyl Dicarbamate, Hydroxycyclohexyl Phenyl Ketone, Isobornyl Methacrylate, Silica Dimethyl Silylate, Bis-Trimethylbenzoyl Phenylphosphine Oxide, Polyether Acrylate, Dipropylene Glycol Diacrylate, Polyester Acrylate, 2-Methylpropanol, Polyamide, Phenoxyethanol [+\/- Calcium Sodium Borosilicate, Synthetic Fluorphlogopite, Tin Oxide, Mica, Silica,\u00a0 Calcium Aluminum Borosilicate, CI 74260, CI 74160, CI 12490, CI 15850, CI 73360, CI 60725, CI 15980, CI 15985, CI 77266, CI 42735, CI 77891, CI 77491, CI 77492, CI 77499, CI 19140, CI 77288, CI 45410, CI 77742, CI 77007, CI 77510, CI 42090, CI 47005, CI 77004, CI 16035, CI 61570 ]<\/p>\n<p><em><span class=\"\">* navedeni sastav se mo\u017ee promijeniti.\u00a0<\/span><span class=\"\">Puni sastav INCI-ja mo\u017eete prona\u0107i na pakiranju proizvoda.<\/span><\/em><\/p>\n","protected":false},"excerpt":{"rendered":"<p><a href=\"https:\/\/www.meavia-mh.hr\/wp-content\/uploads\/2023\/12\/CLARESA_logo_BLACK.png\"><img decoding=\"async\" class=\"alignnone wp-image-25230\" src=\"https:\/\/www.meavia-mh.hr\/wp-content\/uploads\/2023\/12\/CLARESA_logo_BLACK.png\" alt=\"CLARESA_logo_BLACK\" width=\"200\" height=\"47\" \/><\/a><\/p>","protected":false},"featured_media":11240,"comment_status":"closed","ping_status":"closed","template":"","meta":{"_uag_custom_page_level_css":"","site-sidebar-layout":"default","site-content-layout":"default","ast-site-content-layout":"default","site-content-style":"default","site-sidebar-style":"default","ast-global-header-display":"","ast-banner-title-visibility":"","ast-main-header-display":"","ast-hfb-above-header-display":"","ast-hfb-below-header-display":"","ast-hfb-mobile-header-display":"","site-post-title":"","ast-breadcrumbs-content":"","ast-featured-img":"","footer-sml-layout":"","ast-disable-related-posts":"","theme-transparent-header-meta":"default","adv-header-id-meta":"","stick-header-meta":"default","header-above-stick-meta":"","header-main-stick-meta":"","header-below-stick-meta":"","astra-migrate-meta-layouts":"set","ast-page-background-enabled":"default","ast-page-background-meta":{"desktop":{"background-color":"var(--ast-global-color-4)","background-image":"","background-repeat":"repeat","background-position":"center center","background-size":"auto","background-attachment":"scroll","background-type":"","background-media":"","overlay-type":"","overlay-color":"","overlay-opacity":"","overlay-gradient":""},"tablet":{"background-color":"","background-image":"","background-repeat":"repeat","background-position":"center center","background-size":"auto","background-attachment":"scroll","background-type":"","background-media":"","overlay-type":"","overlay-color":"","overlay-opacity":"","overlay-gradient":""},"mobile":{"background-color":"","background-image":"","background-repeat":"repeat","background-position":"center center","background-size":"auto","background-attachment":"scroll","background-type":"","background-media":"","overlay-type":"","overlay-color":"","overlay-opacity":"","overlay-gradient":""}},"ast-content-background-meta":{"desktop":{"background-color":"var(--ast-global-color-5)","background-image":"","background-repeat":"repeat","background-position":"center center","background-size":"auto","background-attachment":"scroll","background-type":"","background-media":"","overlay-type":"","overlay-color":"","overlay-opacity":"","overlay-gradient":""},"tablet":{"background-color":"var(--ast-global-color-5)","background-image":"","background-repeat":"repeat","background-position":"center center","background-size":"auto","background-attachment":"scroll","background-type":"","background-media":"","overlay-type":"","overlay-color":"","overlay-opacity":"","overlay-gradient":""},"mobile":{"background-color":"var(--ast-global-color-5)","background-image":"","background-repeat":"repeat","background-position":"center center","background-size":"auto","background-attachment":"scroll","background-type":"","background-media":"","overlay-type":"","overlay-color":"","overlay-opacity":"","overlay-gradient":""}}},"product_brand":[607],"product_cat":[348,534,338],"product_tag":[215,37,350],"class_list":{"0":"post-11242","1":"product","2":"type-product","3":"status-publish","4":"has-post-thumbnail","6":"product_brand-claresa","7":"product_cat-blackwhite-claresa-trajni-lak-trajni-lak","8":"product_cat-claresa","9":"product_cat-claresa-trajni-lak-gel-polish","10":"product_tag-gel-polish","11":"product_tag-trajni-lak","12":"product_tag-white","13":"desktop-align-left","14":"tablet-align-left","15":"mobile-align-left","16":"ast-product-gallery-layout-horizontal-slider","17":"ast-product-tabs-layout-horizontal","19":"first","20":"instock","21":"taxable","22":"shipping-taxable","23":"purchasable","24":"product-type-simple"},"yoast_head":"<!-- This site is optimized with the Yoast SEO plugin v27.4 - https:\/\/yoast.com\/product\/yoast-seo-wordpress\/ -->\n<title>Claresa gel polish White 1000 &#8902; bijeli trajni &#8902; Mea Via Beauty<\/title>\n<meta name=\"description\" content=\"Claresa gel polish White 1000 &#8902; intenzivno pigmentirane boje &#8902; top kvaliteta &#8902; bez \u0161tetnih i toksi\u010dnih tvari &#8902; soak off &#8902; gel lak\" \/>\n<meta name=\"robots\" content=\"index, follow, max-snippet:-1, max-image-preview:large, max-video-preview:-1\" \/>\n<link rel=\"canonical\" href=\"https:\/\/www.meavia-mh.hr\/sl\/product\/claresa-trajni-lak-gel-polish-white-1000\/\" \/>\n<meta property=\"og:locale\" content=\"sl_SI\" \/>\n<meta property=\"og:type\" content=\"article\" \/>\n<meta property=\"og:title\" content=\"Claresa gel polish White 1000 &#8902; bijeli trajni &#8902; Mea Via Beauty\" \/>\n<meta property=\"og:description\" content=\"Claresa gel polish White 1000 &#8902; intenzivno pigmentirane boje &#8902; top kvaliteta &#8902; bez \u0161tetnih i toksi\u010dnih tvari &#8902; soak off &#8902; gel lak\" \/>\n<meta property=\"og:url\" content=\"https:\/\/www.meavia-mh.hr\/sl\/product\/claresa-trajni-lak-gel-polish-white-1000\/\" \/>\n<meta property=\"og:site_name\" content=\"Mea Via Beauty\" \/>\n<meta property=\"article:publisher\" content=\"https:\/\/www.facebook.com\/MeaViaNailsWorld\" \/>\n<meta property=\"article:modified_time\" content=\"2026-04-10T07:24:32+00:00\" \/>\n<meta property=\"og:image\" content=\"https:\/\/www.meavia-mh.hr\/wp-content\/uploads\/2022\/01\/white_1000-kopija.jpg\" \/>\n\t<meta property=\"og:image:width\" content=\"1500\" \/>\n\t<meta property=\"og:image:height\" content=\"1500\" \/>\n\t<meta property=\"og:image:type\" content=\"image\/jpeg\" \/>\n<meta name=\"twitter:card\" content=\"summary_large_image\" \/>\n<meta name=\"twitter:label1\" content=\"Est. reading time\" \/>\n\t<meta name=\"twitter:data1\" content=\"4 minute\" \/>\n<script type=\"application\/ld+json\" class=\"yoast-schema-graph\">{\"@context\":\"https:\\\/\\\/schema.org\",\"@graph\":[{\"@type\":\"WebPage\",\"@id\":\"https:\\\/\\\/www.meavia-mh.hr\\\/product\\\/claresa-trajni-lak-gel-polish-white-1000\\\/\",\"url\":\"https:\\\/\\\/www.meavia-mh.hr\\\/product\\\/claresa-trajni-lak-gel-polish-white-1000\\\/\",\"name\":\"Claresa gel polish White 1000 &#8902; bijeli trajni &#8902; Mea Via Beauty\",\"isPartOf\":{\"@id\":\"https:\\\/\\\/meavia-mh.hr\\\/sl\\\/#website\"},\"primaryImageOfPage\":{\"@id\":\"https:\\\/\\\/www.meavia-mh.hr\\\/product\\\/claresa-trajni-lak-gel-polish-white-1000\\\/#primaryimage\"},\"image\":{\"@id\":\"https:\\\/\\\/www.meavia-mh.hr\\\/product\\\/claresa-trajni-lak-gel-polish-white-1000\\\/#primaryimage\"},\"thumbnailUrl\":\"https:\\\/\\\/www.meavia-mh.hr\\\/wp-content\\\/uploads\\\/2022\\\/01\\\/white_1000-kopija.jpg\",\"datePublished\":\"2022-01-29T18:01:06+00:00\",\"dateModified\":\"2026-04-10T07:24:32+00:00\",\"description\":\"Claresa gel polish White 1000 &#8902; intenzivno pigmentirane boje &#8902; top kvaliteta &#8902; bez \u0161tetnih i toksi\u010dnih tvari &#8902; soak off &#8902; gel lak\",\"breadcrumb\":{\"@id\":\"https:\\\/\\\/www.meavia-mh.hr\\\/product\\\/claresa-trajni-lak-gel-polish-white-1000\\\/#breadcrumb\"},\"inLanguage\":\"sl-SI\",\"potentialAction\":[{\"@type\":\"ReadAction\",\"target\":[\"https:\\\/\\\/www.meavia-mh.hr\\\/product\\\/claresa-trajni-lak-gel-polish-white-1000\\\/\"]}]},{\"@type\":\"ImageObject\",\"inLanguage\":\"sl-SI\",\"@id\":\"https:\\\/\\\/www.meavia-mh.hr\\\/product\\\/claresa-trajni-lak-gel-polish-white-1000\\\/#primaryimage\",\"url\":\"https:\\\/\\\/www.meavia-mh.hr\\\/wp-content\\\/uploads\\\/2022\\\/01\\\/white_1000-kopija.jpg\",\"contentUrl\":\"https:\\\/\\\/www.meavia-mh.hr\\\/wp-content\\\/uploads\\\/2022\\\/01\\\/white_1000-kopija.jpg\",\"width\":1500,\"height\":1500,\"caption\":\"Claresa trajni lak gel polish White 1000\"},{\"@type\":\"BreadcrumbList\",\"@id\":\"https:\\\/\\\/www.meavia-mh.hr\\\/product\\\/claresa-trajni-lak-gel-polish-white-1000\\\/#breadcrumb\",\"itemListElement\":[{\"@type\":\"ListItem\",\"position\":1,\"name\":\"Po\u010detna stranica\",\"item\":\"https:\\\/\\\/www.meavia-mh.hr\\\/\"},{\"@type\":\"ListItem\",\"position\":2,\"name\":\"Trgovina\",\"item\":\"https:\\\/\\\/meavia-mh.hr\\\/sl\\\/store\\\/\"},{\"@type\":\"ListItem\",\"position\":3,\"name\":\"Claresa gel polish White 1000\"}]},{\"@type\":\"WebSite\",\"@id\":\"https:\\\/\\\/meavia-mh.hr\\\/sl\\\/#website\",\"url\":\"https:\\\/\\\/meavia-mh.hr\\\/sl\\\/\",\"name\":\"Mea Via Beauty\",\"description\":\"Only The Best For Your Beauty\",\"publisher\":{\"@id\":\"https:\\\/\\\/meavia-mh.hr\\\/sl\\\/#organization\"},\"alternateName\":\"Mea Via Nails\",\"potentialAction\":[{\"@type\":\"SearchAction\",\"target\":{\"@type\":\"EntryPoint\",\"urlTemplate\":\"https:\\\/\\\/meavia-mh.hr\\\/sl\\\/?s={search_term_string}\"},\"query-input\":{\"@type\":\"PropertyValueSpecification\",\"valueRequired\":true,\"valueName\":\"search_term_string\"}}],\"inLanguage\":\"sl-SI\"},{\"@type\":\"Organization\",\"@id\":\"https:\\\/\\\/meavia-mh.hr\\\/sl\\\/#organization\",\"name\":\"Mea Via Nails World\",\"alternateName\":\"Mea Via\",\"url\":\"https:\\\/\\\/meavia-mh.hr\\\/sl\\\/\",\"logo\":{\"@type\":\"ImageObject\",\"inLanguage\":\"sl-SI\",\"@id\":\"https:\\\/\\\/meavia-mh.hr\\\/sl\\\/#\\\/schema\\\/logo\\\/image\\\/\",\"url\":\"https:\\\/\\\/www.meavia-mh.hr\\\/wp-content\\\/uploads\\\/2020\\\/12\\\/Mea-Via.png\",\"contentUrl\":\"https:\\\/\\\/www.meavia-mh.hr\\\/wp-content\\\/uploads\\\/2020\\\/12\\\/Mea-Via.png\",\"width\":1181,\"height\":393,\"caption\":\"Mea Via Nails World\"},\"image\":{\"@id\":\"https:\\\/\\\/meavia-mh.hr\\\/sl\\\/#\\\/schema\\\/logo\\\/image\\\/\"},\"sameAs\":[\"https:\\\/\\\/www.facebook.com\\\/MeaViaNailsWorld\",\"https:\\\/\\\/www.instagram.com\\\/mea_via_nails_world\\\/\",\"https:\\\/\\\/www.youtube.com\\\/channel\\\/UCECk0hpRWP6TN-EfA4ER96g\\\/featured\"]}]}<\/script>\n<!-- \/ Yoast SEO plugin. -->","yoast_head_json":{"title":"Claresa gel polish White 1000 &#8902; bijeli trajni &#8902; Mea Via Beauty","description":"Claresa gel polish White 1000 &#8902; intenzivno pigmentirane boje &#8902; top kvaliteta &#8902; bez \u0161tetnih i toksi\u010dnih tvari &#8902; soak off &#8902; gel lak","robots":{"index":"index","follow":"follow","max-snippet":"max-snippet:-1","max-image-preview":"max-image-preview:large","max-video-preview":"max-video-preview:-1"},"canonical":"https:\/\/www.meavia-mh.hr\/sl\/product\/claresa-trajni-lak-gel-polish-white-1000\/","og_locale":"sl_SI","og_type":"article","og_title":"Claresa gel polish White 1000 &#8902; bijeli trajni &#8902; Mea Via Beauty","og_description":"Claresa gel polish White 1000 &#8902; intenzivno pigmentirane boje &#8902; top kvaliteta &#8902; bez \u0161tetnih i toksi\u010dnih tvari &#8902; soak off &#8902; gel lak","og_url":"https:\/\/www.meavia-mh.hr\/sl\/product\/claresa-trajni-lak-gel-polish-white-1000\/","og_site_name":"Mea Via Beauty","article_publisher":"https:\/\/www.facebook.com\/MeaViaNailsWorld","article_modified_time":"2026-04-10T07:24:32+00:00","og_image":[{"width":1500,"height":1500,"url":"https:\/\/www.meavia-mh.hr\/wp-content\/uploads\/2022\/01\/white_1000-kopija.jpg","type":"image\/jpeg"}],"twitter_card":"summary_large_image","twitter_misc":{"Est. reading time":"4 minute"},"schema":{"@context":"https:\/\/schema.org","@graph":[{"@type":"WebPage","@id":"https:\/\/www.meavia-mh.hr\/product\/claresa-trajni-lak-gel-polish-white-1000\/","url":"https:\/\/www.meavia-mh.hr\/product\/claresa-trajni-lak-gel-polish-white-1000\/","name":"Claresa gel polish White 1000 &#8902; bijeli trajni &#8902; Mea Via Beauty","isPartOf":{"@id":"https:\/\/meavia-mh.hr\/sl\/#website"},"primaryImageOfPage":{"@id":"https:\/\/www.meavia-mh.hr\/product\/claresa-trajni-lak-gel-polish-white-1000\/#primaryimage"},"image":{"@id":"https:\/\/www.meavia-mh.hr\/product\/claresa-trajni-lak-gel-polish-white-1000\/#primaryimage"},"thumbnailUrl":"https:\/\/www.meavia-mh.hr\/wp-content\/uploads\/2022\/01\/white_1000-kopija.jpg","datePublished":"2022-01-29T18:01:06+00:00","dateModified":"2026-04-10T07:24:32+00:00","description":"Claresa gel polish White 1000 &#8902; intenzivno pigmentirane boje &#8902; top kvaliteta &#8902; bez \u0161tetnih i toksi\u010dnih tvari &#8902; soak off &#8902; gel lak","breadcrumb":{"@id":"https:\/\/www.meavia-mh.hr\/product\/claresa-trajni-lak-gel-polish-white-1000\/#breadcrumb"},"inLanguage":"sl-SI","potentialAction":[{"@type":"ReadAction","target":["https:\/\/www.meavia-mh.hr\/product\/claresa-trajni-lak-gel-polish-white-1000\/"]}]},{"@type":"ImageObject","inLanguage":"sl-SI","@id":"https:\/\/www.meavia-mh.hr\/product\/claresa-trajni-lak-gel-polish-white-1000\/#primaryimage","url":"https:\/\/www.meavia-mh.hr\/wp-content\/uploads\/2022\/01\/white_1000-kopija.jpg","contentUrl":"https:\/\/www.meavia-mh.hr\/wp-content\/uploads\/2022\/01\/white_1000-kopija.jpg","width":1500,"height":1500,"caption":"Claresa trajni lak gel polish White 1000"},{"@type":"BreadcrumbList","@id":"https:\/\/www.meavia-mh.hr\/product\/claresa-trajni-lak-gel-polish-white-1000\/#breadcrumb","itemListElement":[{"@type":"ListItem","position":1,"name":"Po\u010detna stranica","item":"https:\/\/www.meavia-mh.hr\/"},{"@type":"ListItem","position":2,"name":"Trgovina","item":"https:\/\/meavia-mh.hr\/sl\/store\/"},{"@type":"ListItem","position":3,"name":"Claresa gel polish White 1000"}]},{"@type":"WebSite","@id":"https:\/\/meavia-mh.hr\/sl\/#website","url":"https:\/\/meavia-mh.hr\/sl\/","name":"MEA VIA BEAUTY","description":"Only The Best For Your Beauty","publisher":{"@id":"https:\/\/meavia-mh.hr\/sl\/#organization"},"alternateName":"Mea Via Nails","potentialAction":[{"@type":"SearchAction","target":{"@type":"EntryPoint","urlTemplate":"https:\/\/meavia-mh.hr\/sl\/?s={search_term_string}"},"query-input":{"@type":"PropertyValueSpecification","valueRequired":true,"valueName":"search_term_string"}}],"inLanguage":"sl-SI"},{"@type":"Organization","@id":"https:\/\/meavia-mh.hr\/sl\/#organization","name":"Mea Via Nails World","alternateName":"Mea Via","url":"https:\/\/meavia-mh.hr\/sl\/","logo":{"@type":"ImageObject","inLanguage":"sl-SI","@id":"https:\/\/meavia-mh.hr\/sl\/#\/schema\/logo\/image\/","url":"https:\/\/www.meavia-mh.hr\/wp-content\/uploads\/2020\/12\/Mea-Via.png","contentUrl":"https:\/\/www.meavia-mh.hr\/wp-content\/uploads\/2020\/12\/Mea-Via.png","width":1181,"height":393,"caption":"Mea Via Nails World"},"image":{"@id":"https:\/\/meavia-mh.hr\/sl\/#\/schema\/logo\/image\/"},"sameAs":["https:\/\/www.facebook.com\/MeaViaNailsWorld","https:\/\/www.instagram.com\/mea_via_nails_world\/","https:\/\/www.youtube.com\/channel\/UCECk0hpRWP6TN-EfA4ER96g\/featured"]}]}},"spectra_custom_meta":{"_sku":["5902846077459"],"_regular_price":["5.3"],"total_sales":["196"],"_tax_status":["taxable"],"_tax_class":[""],"_manage_stock":["yes"],"_backorders":["no"],"_low_stock_amount":["1"],"_sold_individually":["no"],"_virtual":["no"],"_downloadable":["no"],"_product_image_gallery":["11244,41136,11245,41137,41138,41135,11243"],"_download_limit":["-1"],"_download_expiry":["-1"],"_thumbnail_id":["11240"],"_stock":["9"],"_stock_status":["instock"],"_wc_average_rating":["0"],"_wc_review_count":["0"],"_product_version":["10.6.2"],"_price":["5.3"],"_wp_page_template":["default"],"_yoast_wpseo_focuskw":["trajni lak gel polish white"],"_yoast_wpseo_metadesc":["%%title%% %%sep%% intenzivno pigmentirane boje %%sep%% top kvaliteta %%sep%% bez \u0161tetnih i toksi\u010dnih tvari %%sep%% soak off %%sep%% gel lak"],"_yoast_wpseo_linkdex":["75"],"_yoast_wpseo_content_score":["90"],"_yoast_wpseo_estimated-reading-time-minutes":["4"],"cartflows_redirect_flow_id":[""],"cartflows_add_to_cart_text":[""],"_woocs_price_geo_countries":[""],"_woocs_regular_price_geo":[""],"_woocs_sale_price_geo":[""],"site-sidebar-layout":["default"],"site-content-layout":["default"],"_yoast_wpseo_primary_product_cat":["348"],"_edit_lock":["1754779406:1239"],"_edit_last":["1239"],"_yoast_wpseo_title":["%%title%% %%page%% %%sep%% bijeli trajni %%sep%% %%sitename%%"],"_woocs_regular_price_EUR":["5.3"],"_woocs_sale_price_EUR":["-1"],"_lowest_price_30_days":["4.5"],"_sale_price":[""],"uag_migration_processed":["1"],"_wc_facebook_sync_enabled":["yes"],"fb_visibility":["yes"],"fb_product_description":[""],"fb_rich_text_description":[""],"_wc_facebook_product_image_source":["product"],"fb_product_video":["a:0:{}"],"fb_brand":[""],"fb_mpn":[""],"fb_size":[""],"fb_color":[""],"fb_material":[""],"fb_pattern":[""],"fb_age_group":[""],"fb_gender":[""],"fb_product_condition":[""],"ast-site-content-layout":["default"],"site-content-style":["default"],"site-sidebar-style":["default"],"theme-transparent-header-meta":["default"],"stick-header-meta":["default"],"_yoast_wpseo_primary_product_brand":[""],"_yoast_wpseo_primary_fb_product_set":[""],"astra-migrate-meta-layouts":["set"],"_last_change_time":["1762351897"],"_uag_page_assets":["a:9:{s:3:\"css\";s:0:\"\";s:2:\"js\";s:0:\"\";s:18:\"current_block_list\";a:3:{i:0;s:11:\"core\/search\";i:1;s:18:\"core\/legacy-widget\";i:2;s:27:\"woocommerce\/product-filters\";}s:8:\"uag_flag\";b:0;s:11:\"uag_version\";s:10:\"1776341704\";s:6:\"gfonts\";a:0:{}s:10:\"gfonts_url\";s:0:\"\";s:12:\"gfonts_files\";a:0:{}s:14:\"uag_faq_layout\";b:0;}"],"_elementor_page_assets":["a:0:{}"]},"uagb_featured_image_src":{"full":["https:\/\/www.meavia-mh.hr\/wp-content\/uploads\/2022\/01\/white_1000-kopija.jpg",1500,1500,false],"thumbnail":["https:\/\/www.meavia-mh.hr\/wp-content\/uploads\/2022\/01\/white_1000-kopija-150x150.jpg",150,150,true],"medium":["https:\/\/www.meavia-mh.hr\/wp-content\/uploads\/2022\/01\/white_1000-kopija-300x300.jpg",300,300,true],"medium_large":["https:\/\/www.meavia-mh.hr\/wp-content\/uploads\/2022\/01\/white_1000-kopija-768x768.jpg",768,768,true],"large":["https:\/\/www.meavia-mh.hr\/wp-content\/uploads\/2022\/01\/white_1000-kopija-1024x1024.jpg",1024,1024,true],"1536x1536":["https:\/\/www.meavia-mh.hr\/wp-content\/uploads\/2022\/01\/white_1000-kopija.jpg",1500,1500,false],"2048x2048":["https:\/\/www.meavia-mh.hr\/wp-content\/uploads\/2022\/01\/white_1000-kopija.jpg",1500,1500,false],"trp-custom-language-flag":["https:\/\/www.meavia-mh.hr\/wp-content\/uploads\/2022\/01\/white_1000-kopija-12x12.jpg",12,12,true],"woocommerce_thumbnail":["https:\/\/www.meavia-mh.hr\/wp-content\/uploads\/2022\/01\/white_1000-kopija-300x300.jpg",300,300,true],"woocommerce_single":["https:\/\/www.meavia-mh.hr\/wp-content\/uploads\/2022\/01\/white_1000-kopija-600x600.jpg",600,600,true],"woocommerce_gallery_thumbnail":["https:\/\/www.meavia-mh.hr\/wp-content\/uploads\/2022\/01\/white_1000-kopija-100x100.jpg",100,100,true]},"uagb_author_info":{"display_name":"Mea Via","author_link":"https:\/\/www.meavia-mh.hr\/sl\/author\/"},"uagb_comment_info":0,"uagb_excerpt":null,"_links":{"self":[{"href":"https:\/\/www.meavia-mh.hr\/sl\/wp-json\/wp\/v2\/product\/11242","targetHints":{"allow":["GET"]}}],"collection":[{"href":"https:\/\/www.meavia-mh.hr\/sl\/wp-json\/wp\/v2\/product"}],"about":[{"href":"https:\/\/www.meavia-mh.hr\/sl\/wp-json\/wp\/v2\/types\/product"}],"replies":[{"embeddable":true,"href":"https:\/\/www.meavia-mh.hr\/sl\/wp-json\/wp\/v2\/comments?post=11242"}],"version-history":[{"count":5,"href":"https:\/\/www.meavia-mh.hr\/sl\/wp-json\/wp\/v2\/product\/11242\/revisions"}],"predecessor-version":[{"id":41141,"href":"https:\/\/www.meavia-mh.hr\/sl\/wp-json\/wp\/v2\/product\/11242\/revisions\/41141"}],"wp:featuredmedia":[{"embeddable":true,"href":"https:\/\/www.meavia-mh.hr\/sl\/wp-json\/wp\/v2\/media\/11240"}],"wp:attachment":[{"href":"https:\/\/www.meavia-mh.hr\/sl\/wp-json\/wp\/v2\/media?parent=11242"}],"wp:term":[{"taxonomy":"product_brand","embeddable":true,"href":"https:\/\/www.meavia-mh.hr\/sl\/wp-json\/wp\/v2\/product_brand?post=11242"},{"taxonomy":"product_cat","embeddable":true,"href":"https:\/\/www.meavia-mh.hr\/sl\/wp-json\/wp\/v2\/product_cat?post=11242"},{"taxonomy":"product_tag","embeddable":true,"href":"https:\/\/www.meavia-mh.hr\/sl\/wp-json\/wp\/v2\/product_tag?post=11242"}],"curies":[{"name":"delovni list","href":"https:\/\/api.w.org\/{rel}","templated":true}]}}