{"id":11138,"date":"2022-01-25T19:12:41","date_gmt":"2022-01-25T19:12:41","guid":{"rendered":"https:\/\/www.meavia-mh.hr\/?post_type=product&#038;p=11138"},"modified":"2026-01-24T08:07:47","modified_gmt":"2026-01-24T07:07:47","slug":"claresa-trajni-lak-gel-polish-blue-704","status":"publish","type":"product","link":"https:\/\/www.meavia-mh.hr\/sl\/product\/claresa-trajni-lak-gel-polish-blue-704\/","title":{"rendered":"Claresa trajni lak gel lak Blue 704"},"content":{"rendered":"<p><strong><span class=\"\">Claresa permanentni lak gel lak Blue 704 - Very Peri color 2022! \u00a0<\/span><\/strong><span class=\"\">In\u0161titut Pantone je kot vsako leto izbral barvo, ki bo postavljala trende v letu 2022. <\/span><span class=\"\">Gre za intriganten odtenek modre v denim tonu, ki dodatno pade v ne\u017eno vijoli\u010dno. <\/span>Tak\u0161na kombinacija barv naj bo izraz iznajdljivosti, kreativnosti in nove energije. <span class=\"\">Se vam zdi ta odtenek navdihnjen?\u00a0<\/span><\/p>\n<p><span class=\"\">\u010ce so vam v\u0161e\u010d temno modri odtenki, ki postanejo rahlo vijoli\u010dni, na\u0161i<strong> trajno<\/strong><\/span><strong><span class=\"\"><strong>\u00a0l<\/strong>lak za nohte Blue 704<\/span><\/strong><span class=\"\"> bo samo zate.\u00a0<\/span><span class=\"\">Njegova barva se spreminja med modro in vijoli\u010dno, kar ji daje odli\u010den u\u010dinek.\u00a0<\/span><span class=\"\">Takega laka ne boste na\u0161li nikjer drugje, z njim pa boste zagotovo ustvarili \u010dudovite, \u00a0<\/span><strong><span class=\"\">edinstven dizajn nohtov<\/span><\/strong><span class=\"\"> .<\/span><\/p>\n<h6>Pakiranje: 5 g<\/h6>\n<p>Blagovna znamka CLARESA je bila ustvarjena, da bi zadovoljila potrebe potro\u0161nikov, ki \u017eelijo le izdelke najvi\u0161je kakovosti. Brezkompromisna kakovost in skrbno izbrane sestavine postavljajo kozmetiko Claresa na vrh lestvice.<br \/>\nLaki in dodatki za oblikovanje nohtov, ki jih je oblikoval v Franciji CLARESA, so narejeni iz najkakovostnej\u0161ih sestavin, ki ne povzro\u010dajo alergij. Prvotno so bili na voljo samo za salonske profesionalce in umetnike li\u010denja najve\u010djih zvezd. Zdaj so ti vrhunski izdelki na voljo vsem strankam po najbolj\u0161i ceni!<\/p>\n<h6>Kako nanesti trajni lak za nohte<\/h6>\n<p>Dezinficirajte roke in jih posu\u0161ite. Vse ostanke trajnega laka odstranite z odstranjevalcem laka in <a href=\"https:\/\/www.meavia-mh.hr\/sl\/product\/blazinice-za-nokte-500-kom\/\">blazinice<\/a>. Za la\u017eje odstranjevanje odve\u010dne povrhnjice uporabite\u00a0<a href=\"https:\/\/www.meavia-mh.hr\/sl\/product\/palu-odstranjivac-kozice-nokta-cuticle-remover-11-ml\/\">PALU cuticle remover<\/a> Pustite delovati 2-3 minute. S pomo\u010djo <a href=\"https:\/\/www.meavia-mh.hr\/sl\/product\/drveni-stapici-za-manikuru\/\">lesene pal\u010dke za manikuro<\/a> ali <a href=\"https:\/\/www.meavia-mh.hr\/sl\/product\/palu-pogurivac-kozice-za-manikuru-pedikuru-k1\/\">PALU kovinski manikirni potiska\u010d<\/a> previdno potisnite obnohtno ko\u017eico in odstranite obnohtno ko\u017eico z nohta <a href=\"https:\/\/www.meavia-mh.hr\/sl\/product\/ikon-iq-skarice-za-kutikulu\/\">\u0161karje za obnohtno ko\u017eico<\/a>. Podlago nanesite kot podlago (<a href=\"https:\/\/www.meavia-mh.hr\/sl\/product\/palu-maxi-base-11-ml\/\">PALU base gel<\/a> ali <a href=\"https:\/\/www.meavia-mh.hr\/sl\/product\/palu-maxi-base-11-ml\/\">PALU Maxi baza<\/a>), pred nanosom izbrane barve trajnega laka!<\/p>\n<p>Nanesite tanko plast na pripravljen noht <strong>Claresa gel lak\u00a0<\/strong>in ga polimerizirati v <a href=\"https:\/\/www.meavia-mh.hr\/sl\/product\/stylistic-lampa-uv-led-styl2-54w\/\">UV\/LED lu\u010dke 54w<\/a>. Da bi dosegli zadovoljiv u\u010dinek, lahko aktivnost ponovimo. Zagotovite styling z nanosom in polimerizacijo zgornjega premaza \u00a0<a href=\"https:\/\/www.meavia-mh.hr\/sl\/product\/palu-top-matt-no-wipe\/\">PALU Matt Top Coat<\/a> ali\u00a0<a href=\"https:\/\/www.meavia-mh.hr\/sl\/product\/palu-top-coat-no-wipe-11-ml\/\">PALU Top Coat No Wipe<\/a>, odvisno od u\u010dinka, ki ga \u017eelite dose\u010di.<\/p>\n<h6>Zna\u010dilnosti:<\/h6>\n<ul>\n<li>intenzivno pigmentirane barve (pokritost \u017ee v prvi plasti)<\/li>\n<li>enostaven za nanos (posebej zasnovana krta\u010da omogo\u010da enostaven nanos)<\/li>\n<li>uporaba na naravnih, geliranih ali podalj\u0161anih nohtih <a href=\"https:\/\/www.meavia-mh.hr\/sl\/product\/palu-flexi-acryl-gel-pink-2-30-ml\/\">PALU acryl gel<\/a><\/li>\n<li>mo\u010dan sijaj<\/li>\n<li>konsistenca: srednje gosta<\/li>\n<li>namo\u010dite formulo<\/li>\n<li>varna formula brez \u0161kodljivih in strupenih snovi<\/li>\n<li>dermatolo\u0161ko preizku\u0161en<\/li>\n<li>Cruelty Free (izdelek ni testiran na \u017eivalih)<\/li>\n<li>izdelek, namenjen profesionalni uporabi<\/li>\n<li>proizvedeno v Evropski uniji<\/li>\n<li>vse surovine s poreklom iz EU<\/li>\n<li>trajnost do 3 tedne<\/li>\n<li>LED 48 W - 30 sek<\/li>\n<li>LED 60 W - 15 sek<\/li>\n<\/ul>\n<h6>Vrhunska kvaliteta za va\u0161e nohte!<\/h6>\n<p>Ali ste vedeli, da so izdelki Claresa dermatolo\u0161ko testirani in proizvedeni v skladu z najvi\u0161jimi standardi za kozmeti\u010dno industrijo, vklju\u010dno z ISO 22716, GMP \u2013 Good Manufacturing Practices, uporabo surovin evropskega izvora iz skupine Cosmetic Grade in Premium kontrolo kakovosti. Izdelki Claresa so veganski in niso bili testirani na \u017eivalih.<\/p>\n<h6>Previdnostni ukrepi:<\/h6>\n<ul>\n<li>Hraniti izven pogleda in dosega otrok.<\/li>\n<li>Izogibajte se stiku z o\u010dmi.<\/li>\n<li>Ne uporabljajte v primeru preob\u010dutljivosti na katero koli sestavino izdelka.<\/li>\n<li>V primeru kakr\u0161nih koli ne\u017eelenih u\u010dinkov ali preob\u010dutljivosti, kot so peko\u010d ob\u010dutek, srbenje, pordelost ipd., je treba zdravilo prekiniti.<\/li>\n<li>Ne uporabljajte na na\u010din, ki ni v skladu z namenom.<\/li>\n<li>Ne uporabljajte po poteku roka uporabnosti.<\/li>\n<\/ul>\n<p><em>Upo\u0161tevajte, da se po najbolj\u0161ih mo\u010deh trudimo zagotoviti, da slika, predstavljena na spletnem mestu, najbolje odra\u017ea dejanske barve na\u0161ih izdelkov. Dejavniki, ki jih med brskanjem ne moremo nadzorovati, kot so osvetlitev, vrsta uporabljene elektronske opreme, nastavitve zaslona ali grafi\u010dna kartica - vplivajo na sprejem\/interpretacijo gledane slike.<\/em><\/p>","protected":false},"excerpt":{"rendered":"<p><a href=\"https:\/\/www.meavia-mh.hr\/wp-content\/uploads\/2020\/12\/palu-dermatologically-tested.png\"><img decoding=\"async\" class=\"wp-image-1574 size-thumbnail\" src=\"https:\/\/www.meavia-mh.hr\/wp-content\/uploads\/2020\/12\/palu-dermatologically-tested-150x150.png\" alt=\"dermatologically tested\" width=\"150\" height=\"150\" srcset=\"https:\/\/www.meavia-mh.hr\/wp-content\/uploads\/2020\/12\/palu-dermatologically-tested-150x150.png 150w, https:\/\/www.meavia-mh.hr\/wp-content\/uploads\/2020\/12\/palu-dermatologically-tested-100x100.png 100w, https:\/\/www.meavia-mh.hr\/wp-content\/uploads\/2020\/12\/palu-dermatologically-tested.png 252w\" sizes=\"(max-width: 150px) 100vw, 150px\" \/><\/a><\/p>","protected":false},"featured_media":11140,"comment_status":"closed","ping_status":"closed","template":"","meta":{"_uag_custom_page_level_css":"","site-sidebar-layout":"default","site-content-layout":null,"ast-site-content-layout":"default","site-content-style":"default","site-sidebar-style":"default","ast-global-header-display":"","ast-banner-title-visibility":"","ast-main-header-display":"","ast-hfb-above-header-display":"","ast-hfb-below-header-display":"","ast-hfb-mobile-header-display":"","site-post-title":"","ast-breadcrumbs-content":null,"ast-featured-img":"","footer-sml-layout":"","ast-disable-related-posts":"","theme-transparent-header-meta":"default","adv-header-id-meta":"","stick-header-meta":"default","header-above-stick-meta":"","header-main-stick-meta":"","header-below-stick-meta":"","astra-migrate-meta-layouts":"set","ast-page-background-enabled":"default","ast-page-background-meta":{"desktop":{"background-color":"var(--ast-global-color-4)","background-image":"","background-repeat":"repeat","background-position":"center center","background-size":"auto","background-attachment":"scroll","background-type":"","background-media":"","overlay-type":"","overlay-color":"","overlay-opacity":"","overlay-gradient":""},"tablet":{"background-color":"","background-image":"","background-repeat":"repeat","background-position":"center center","background-size":"auto","background-attachment":"scroll","background-type":"","background-media":"","overlay-type":"","overlay-color":"","overlay-opacity":"","overlay-gradient":""},"mobile":{"background-color":"","background-image":"","background-repeat":"repeat","background-position":"center center","background-size":"auto","background-attachment":"scroll","background-type":"","background-media":"","overlay-type":"","overlay-color":"","overlay-opacity":"","overlay-gradient":""}},"ast-content-background-meta":{"desktop":{"background-color":"var(--ast-global-color-5)","background-image":"","background-repeat":"repeat","background-position":"center center","background-size":"auto","background-attachment":"scroll","background-type":"","background-media":"","overlay-type":"","overlay-color":"","overlay-opacity":"","overlay-gradient":""},"tablet":{"background-color":"var(--ast-global-color-5)","background-image":"","background-repeat":"repeat","background-position":"center center","background-size":"auto","background-attachment":"scroll","background-type":"","background-media":"","overlay-type":"","overlay-color":"","overlay-opacity":"","overlay-gradient":""},"mobile":{"background-color":"var(--ast-global-color-5)","background-image":"","background-repeat":"repeat","background-position":"center center","background-size":"auto","background-attachment":"scroll","background-type":"","background-media":"","overlay-type":"","overlay-color":"","overlay-opacity":"","overlay-gradient":""}}},"product_brand":[607],"product_cat":[534,338,344],"product_tag":[215,346,37],"class_list":{"0":"post-11138","1":"product","2":"type-product","3":"status-publish","4":"has-post-thumbnail","6":"product_brand-claresa","7":"product_cat-claresa","8":"product_cat-claresa-trajni-lak-gel-polish","9":"product_cat-pantone-2022","10":"product_tag-gel-polish","11":"product_tag-purple","12":"product_tag-trajni-lak","13":"desktop-align-left","14":"tablet-align-left","15":"mobile-align-left","16":"ast-product-gallery-layout-horizontal-slider","17":"ast-product-tabs-layout-horizontal","19":"first","20":"outofstock","21":"taxable","22":"shipping-taxable","23":"purchasable","24":"product-type-simple"},"yoast_head":"<!-- This site is optimized with the Yoast SEO plugin v27.4 - https:\/\/yoast.com\/product\/yoast-seo-wordpress\/ -->\n<title>Claresa trajni lak gel polish Blue 704 &#8902; Mea Via Beauty<\/title>\n<meta name=\"description\" content=\"Claresa trajni lak gel polish Blue 704 &#8902; intenzivno pigmentirane boje &#8902; top kvaliteta &#8902; bez \u0161tetnih i toksi\u010dnih tvari &#8902; soak off &#8902; very peri\" \/>\n<meta name=\"robots\" content=\"index, follow, max-snippet:-1, max-image-preview:large, max-video-preview:-1\" \/>\n<link rel=\"canonical\" href=\"https:\/\/www.meavia-mh.hr\/sl\/product\/claresa-trajni-lak-gel-polish-blue-704\/\" \/>\n<meta property=\"og:locale\" content=\"sl_SI\" \/>\n<meta property=\"og:type\" content=\"article\" \/>\n<meta property=\"og:title\" content=\"Claresa trajni lak gel polish Blue 704 &#8902; Mea Via Beauty\" \/>\n<meta property=\"og:description\" content=\"Claresa trajni lak gel polish Blue 704 &#8902; intenzivno pigmentirane boje &#8902; top kvaliteta &#8902; bez \u0161tetnih i toksi\u010dnih tvari &#8902; soak off &#8902; very peri\" \/>\n<meta property=\"og:url\" content=\"https:\/\/www.meavia-mh.hr\/sl\/product\/claresa-trajni-lak-gel-polish-blue-704\/\" \/>\n<meta property=\"og:site_name\" content=\"Mea Via Beauty\" \/>\n<meta property=\"article:publisher\" content=\"https:\/\/www.facebook.com\/MeaViaNailsWorld\" \/>\n<meta property=\"article:modified_time\" content=\"2026-01-24T07:07:47+00:00\" \/>\n<meta property=\"og:image\" content=\"https:\/\/www.meavia-mh.hr\/wp-content\/uploads\/2022\/01\/blue_704-kopija.jpg\" \/>\n\t<meta property=\"og:image:width\" content=\"1500\" \/>\n\t<meta property=\"og:image:height\" content=\"1500\" \/>\n\t<meta property=\"og:image:type\" content=\"image\/jpeg\" \/>\n<meta name=\"twitter:card\" content=\"summary_large_image\" \/>\n<meta name=\"twitter:label1\" content=\"Est. reading time\" \/>\n\t<meta name=\"twitter:data1\" content=\"4 minute\" \/>\n<script type=\"application\/ld+json\" class=\"yoast-schema-graph\">{\"@context\":\"https:\\\/\\\/schema.org\",\"@graph\":[{\"@type\":\"WebPage\",\"@id\":\"https:\\\/\\\/www.meavia-mh.hr\\\/product\\\/claresa-trajni-lak-gel-polish-blue-704\\\/\",\"url\":\"https:\\\/\\\/www.meavia-mh.hr\\\/product\\\/claresa-trajni-lak-gel-polish-blue-704\\\/\",\"name\":\"Claresa trajni lak gel polish Blue 704 &#8902; Mea Via Beauty\",\"isPartOf\":{\"@id\":\"https:\\\/\\\/meavia-mh.hr\\\/sl\\\/#website\"},\"primaryImageOfPage\":{\"@id\":\"https:\\\/\\\/www.meavia-mh.hr\\\/product\\\/claresa-trajni-lak-gel-polish-blue-704\\\/#primaryimage\"},\"image\":{\"@id\":\"https:\\\/\\\/www.meavia-mh.hr\\\/product\\\/claresa-trajni-lak-gel-polish-blue-704\\\/#primaryimage\"},\"thumbnailUrl\":\"https:\\\/\\\/www.meavia-mh.hr\\\/wp-content\\\/uploads\\\/2022\\\/01\\\/blue_704-kopija.jpg\",\"datePublished\":\"2022-01-25T19:12:41+00:00\",\"dateModified\":\"2026-01-24T07:07:47+00:00\",\"description\":\"Claresa trajni lak gel polish Blue 704 &#8902; intenzivno pigmentirane boje &#8902; top kvaliteta &#8902; bez \u0161tetnih i toksi\u010dnih tvari &#8902; soak off &#8902; very peri\",\"breadcrumb\":{\"@id\":\"https:\\\/\\\/www.meavia-mh.hr\\\/product\\\/claresa-trajni-lak-gel-polish-blue-704\\\/#breadcrumb\"},\"inLanguage\":\"sl-SI\",\"potentialAction\":[{\"@type\":\"ReadAction\",\"target\":[\"https:\\\/\\\/www.meavia-mh.hr\\\/product\\\/claresa-trajni-lak-gel-polish-blue-704\\\/\"]}]},{\"@type\":\"ImageObject\",\"inLanguage\":\"sl-SI\",\"@id\":\"https:\\\/\\\/www.meavia-mh.hr\\\/product\\\/claresa-trajni-lak-gel-polish-blue-704\\\/#primaryimage\",\"url\":\"https:\\\/\\\/www.meavia-mh.hr\\\/wp-content\\\/uploads\\\/2022\\\/01\\\/blue_704-kopija.jpg\",\"contentUrl\":\"https:\\\/\\\/www.meavia-mh.hr\\\/wp-content\\\/uploads\\\/2022\\\/01\\\/blue_704-kopija.jpg\",\"width\":1500,\"height\":1500,\"caption\":\"Claresa trajni lak gel polish Blue 704\"},{\"@type\":\"BreadcrumbList\",\"@id\":\"https:\\\/\\\/www.meavia-mh.hr\\\/product\\\/claresa-trajni-lak-gel-polish-blue-704\\\/#breadcrumb\",\"itemListElement\":[{\"@type\":\"ListItem\",\"position\":1,\"name\":\"Po\u010detna stranica\",\"item\":\"https:\\\/\\\/www.meavia-mh.hr\\\/\"},{\"@type\":\"ListItem\",\"position\":2,\"name\":\"Trgovina\",\"item\":\"https:\\\/\\\/meavia-mh.hr\\\/sl\\\/store\\\/\"},{\"@type\":\"ListItem\",\"position\":3,\"name\":\"Claresa trajni lak gel polish Blue 704\"}]},{\"@type\":\"WebSite\",\"@id\":\"https:\\\/\\\/meavia-mh.hr\\\/sl\\\/#website\",\"url\":\"https:\\\/\\\/meavia-mh.hr\\\/sl\\\/\",\"name\":\"Mea Via Beauty\",\"description\":\"Only The Best For Your Beauty\",\"publisher\":{\"@id\":\"https:\\\/\\\/meavia-mh.hr\\\/sl\\\/#organization\"},\"alternateName\":\"Mea Via Nails\",\"potentialAction\":[{\"@type\":\"SearchAction\",\"target\":{\"@type\":\"EntryPoint\",\"urlTemplate\":\"https:\\\/\\\/meavia-mh.hr\\\/sl\\\/?s={search_term_string}\"},\"query-input\":{\"@type\":\"PropertyValueSpecification\",\"valueRequired\":true,\"valueName\":\"search_term_string\"}}],\"inLanguage\":\"sl-SI\"},{\"@type\":\"Organization\",\"@id\":\"https:\\\/\\\/meavia-mh.hr\\\/sl\\\/#organization\",\"name\":\"Mea Via Nails World\",\"alternateName\":\"Mea Via\",\"url\":\"https:\\\/\\\/meavia-mh.hr\\\/sl\\\/\",\"logo\":{\"@type\":\"ImageObject\",\"inLanguage\":\"sl-SI\",\"@id\":\"https:\\\/\\\/meavia-mh.hr\\\/sl\\\/#\\\/schema\\\/logo\\\/image\\\/\",\"url\":\"https:\\\/\\\/www.meavia-mh.hr\\\/wp-content\\\/uploads\\\/2020\\\/12\\\/Mea-Via.png\",\"contentUrl\":\"https:\\\/\\\/www.meavia-mh.hr\\\/wp-content\\\/uploads\\\/2020\\\/12\\\/Mea-Via.png\",\"width\":1181,\"height\":393,\"caption\":\"Mea Via Nails World\"},\"image\":{\"@id\":\"https:\\\/\\\/meavia-mh.hr\\\/sl\\\/#\\\/schema\\\/logo\\\/image\\\/\"},\"sameAs\":[\"https:\\\/\\\/www.facebook.com\\\/MeaViaNailsWorld\",\"https:\\\/\\\/www.instagram.com\\\/mea_via_nails_world\\\/\",\"https:\\\/\\\/www.youtube.com\\\/channel\\\/UCECk0hpRWP6TN-EfA4ER96g\\\/featured\"]}]}<\/script>\n<!-- \/ Yoast SEO plugin. -->","yoast_head_json":{"title":"Claresa permanentni lak za nohte Blue 704 \u22c6 Mea Via Beauty","description":"Claresa permanentni gel lak za nohte Blue 704 \u22c6 intenzivno pigmentirane barve \u22c6 vrhunska kakovost \u22c6 brez \u0161kodljivih in strupenih snovi \u22c6 vpija se \u22c6 zelo perilo","robots":{"index":"index","follow":"follow","max-snippet":"max-snippet:-1","max-image-preview":"max-image-preview:large","max-video-preview":"max-video-preview:-1"},"canonical":"https:\/\/www.meavia-mh.hr\/sl\/product\/claresa-trajni-lak-gel-polish-blue-704\/","og_locale":"sl_SI","og_type":"article","og_title":"Claresa trajni lak gel polish Blue 704 &#8902; Mea Via Beauty","og_description":"Claresa trajni lak gel polish Blue 704 &#8902; intenzivno pigmentirane boje &#8902; top kvaliteta &#8902; bez \u0161tetnih i toksi\u010dnih tvari &#8902; soak off &#8902; very peri","og_url":"https:\/\/www.meavia-mh.hr\/sl\/product\/claresa-trajni-lak-gel-polish-blue-704\/","og_site_name":"Mea Via Beauty","article_publisher":"https:\/\/www.facebook.com\/MeaViaNailsWorld","article_modified_time":"2026-01-24T07:07:47+00:00","og_image":[{"width":1500,"height":1500,"url":"https:\/\/www.meavia-mh.hr\/wp-content\/uploads\/2022\/01\/blue_704-kopija.jpg","type":"image\/jpeg"}],"twitter_card":"summary_large_image","twitter_misc":{"Est. reading time":"4 minute"},"schema":{"@context":"https:\/\/schema.org","@graph":[{"@type":"WebPage","@id":"https:\/\/www.meavia-mh.hr\/product\/claresa-trajni-lak-gel-polish-blue-704\/","url":"https:\/\/www.meavia-mh.hr\/product\/claresa-trajni-lak-gel-polish-blue-704\/","name":"Claresa permanentni lak za nohte Blue 704 \u22c6 Mea Via Beauty","isPartOf":{"@id":"https:\/\/meavia-mh.hr\/sl\/#website"},"primaryImageOfPage":{"@id":"https:\/\/www.meavia-mh.hr\/product\/claresa-trajni-lak-gel-polish-blue-704\/#primaryimage"},"image":{"@id":"https:\/\/www.meavia-mh.hr\/product\/claresa-trajni-lak-gel-polish-blue-704\/#primaryimage"},"thumbnailUrl":"https:\/\/www.meavia-mh.hr\/wp-content\/uploads\/2022\/01\/blue_704-kopija.jpg","datePublished":"2022-01-25T19:12:41+00:00","dateModified":"2026-01-24T07:07:47+00:00","description":"Claresa permanentni gel lak za nohte Blue 704 \u22c6 intenzivno pigmentirane barve \u22c6 vrhunska kakovost \u22c6 brez \u0161kodljivih in strupenih snovi \u22c6 vpija se \u22c6 zelo perilo","breadcrumb":{"@id":"https:\/\/www.meavia-mh.hr\/product\/claresa-trajni-lak-gel-polish-blue-704\/#breadcrumb"},"inLanguage":"sl-SI","potentialAction":[{"@type":"ReadAction","target":["https:\/\/www.meavia-mh.hr\/product\/claresa-trajni-lak-gel-polish-blue-704\/"]}]},{"@type":"ImageObject","inLanguage":"sl-SI","@id":"https:\/\/www.meavia-mh.hr\/product\/claresa-trajni-lak-gel-polish-blue-704\/#primaryimage","url":"https:\/\/www.meavia-mh.hr\/wp-content\/uploads\/2022\/01\/blue_704-kopija.jpg","contentUrl":"https:\/\/www.meavia-mh.hr\/wp-content\/uploads\/2022\/01\/blue_704-kopija.jpg","width":1500,"height":1500,"caption":"Claresa trajni lak gel polish Blue 704"},{"@type":"BreadcrumbList","@id":"https:\/\/www.meavia-mh.hr\/product\/claresa-trajni-lak-gel-polish-blue-704\/#breadcrumb","itemListElement":[{"@type":"ListItem","position":1,"name":"Po\u010detna stranica","item":"https:\/\/www.meavia-mh.hr\/"},{"@type":"ListItem","position":2,"name":"Trgovina","item":"https:\/\/meavia-mh.hr\/sl\/store\/"},{"@type":"ListItem","position":3,"name":"Claresa trajni lak gel polish Blue 704"}]},{"@type":"WebSite","@id":"https:\/\/meavia-mh.hr\/sl\/#website","url":"https:\/\/meavia-mh.hr\/sl\/","name":"MEA VIA BEAUTY","description":"Only The Best For Your Beauty","publisher":{"@id":"https:\/\/meavia-mh.hr\/sl\/#organization"},"alternateName":"Mea Via Nails","potentialAction":[{"@type":"SearchAction","target":{"@type":"EntryPoint","urlTemplate":"https:\/\/meavia-mh.hr\/sl\/?s={search_term_string}"},"query-input":{"@type":"PropertyValueSpecification","valueRequired":true,"valueName":"search_term_string"}}],"inLanguage":"sl-SI"},{"@type":"Organization","@id":"https:\/\/meavia-mh.hr\/sl\/#organization","name":"Mea Via Nails World","alternateName":"Mea Via","url":"https:\/\/meavia-mh.hr\/sl\/","logo":{"@type":"ImageObject","inLanguage":"sl-SI","@id":"https:\/\/meavia-mh.hr\/sl\/#\/schema\/logo\/image\/","url":"https:\/\/www.meavia-mh.hr\/wp-content\/uploads\/2020\/12\/Mea-Via.png","contentUrl":"https:\/\/www.meavia-mh.hr\/wp-content\/uploads\/2020\/12\/Mea-Via.png","width":1181,"height":393,"caption":"Mea Via Nails World"},"image":{"@id":"https:\/\/meavia-mh.hr\/sl\/#\/schema\/logo\/image\/"},"sameAs":["https:\/\/www.facebook.com\/MeaViaNailsWorld","https:\/\/www.instagram.com\/mea_via_nails_world\/","https:\/\/www.youtube.com\/channel\/UCECk0hpRWP6TN-EfA4ER96g\/featured"]}]}},"spectra_custom_meta":{"_sku":["5902846079170"],"_regular_price":["5.3"],"total_sales":["13"],"_tax_status":["taxable"],"_tax_class":[""],"_manage_stock":["yes"],"_backorders":["no"],"_low_stock_amount":["1"],"_sold_individually":["no"],"_virtual":["no"],"_downloadable":["no"],"_product_image_gallery":["11120"],"_download_limit":["-1"],"_download_expiry":["-1"],"_thumbnail_id":["11140"],"_stock":["0.000000"],"_stock_status":["outofstock"],"_wc_average_rating":["0"],"_wc_review_count":["0"],"_product_version":["10.4.3"],"_price":["5.3"],"_wp_page_template":["default"],"_yoast_wpseo_focuskw":["trajni lak gel polish blue 704"],"_yoast_wpseo_metadesc":["%%title%% %%sep%% intenzivno pigmentirane boje %%sep%% top kvaliteta %%sep%% bez \u0161tetnih i toksi\u010dnih tvari %%sep%% soak off %%sep%% very peri"],"_yoast_wpseo_linkdex":["78"],"_yoast_wpseo_content_score":["90"],"_yoast_wpseo_estimated-reading-time-minutes":["4"],"cartflows_redirect_flow_id":[""],"cartflows_add_to_cart_text":[""],"_woocs_price_geo_countries":[""],"_woocs_regular_price_geo":[""],"_woocs_sale_price_geo":[""],"site-sidebar-layout":["default"],"site-content-layout":[null],"_yoast_wpseo_primary_product_cat":["524"],"_edit_lock":["1754934375:1239"],"_edit_last":["1239"],"_woocs_regular_price_EUR":["5.3"],"_woocs_sale_price_EUR":["-1"],"_lowest_price_30_days":["4.5"],"ast-site-content-layout":["default"],"site-content-style":["default"],"site-sidebar-style":["default"],"theme-transparent-header-meta":["default"],"stick-header-meta":["default"],"_yoast_wpseo_primary_fb_product_set":[""],"_yoast_wpseo_wordproof_timestamp":[""],"astra-migrate-meta-layouts":["set"],"uag_migration_processed":["1"],"ast-above-header-display":[null],"ast-below-header-display":[null],"footer-adv-display":[null],"adv-header-id-meta":[""],"ast-breadcrumbs-content":[null],"_elementor_page_assets":["a:0:{}"],"_uag_page_assets":["a:9:{s:3:\"css\";s:0:\"\";s:2:\"js\";s:0:\"\";s:18:\"current_block_list\";a:3:{i:0;s:11:\"core\/search\";i:1;s:18:\"core\/legacy-widget\";i:2;s:27:\"woocommerce\/product-filters\";}s:8:\"uag_flag\";b:0;s:11:\"uag_version\";s:10:\"1776760064\";s:6:\"gfonts\";a:0:{}s:10:\"gfonts_url\";s:0:\"\";s:12:\"gfonts_files\";a:0:{}s:14:\"uag_faq_layout\";b:0;}"]},"uagb_featured_image_src":{"full":["https:\/\/www.meavia-mh.hr\/wp-content\/uploads\/2022\/01\/blue_704-kopija.jpg",1500,1500,false],"thumbnail":["https:\/\/www.meavia-mh.hr\/wp-content\/uploads\/2022\/01\/blue_704-kopija-150x150.jpg",150,150,true],"medium":["https:\/\/www.meavia-mh.hr\/wp-content\/uploads\/2022\/01\/blue_704-kopija-300x300.jpg",300,300,true],"medium_large":["https:\/\/www.meavia-mh.hr\/wp-content\/uploads\/2022\/01\/blue_704-kopija-768x768.jpg",768,768,true],"large":["https:\/\/www.meavia-mh.hr\/wp-content\/uploads\/2022\/01\/blue_704-kopija-1024x1024.jpg",1024,1024,true],"1536x1536":["https:\/\/www.meavia-mh.hr\/wp-content\/uploads\/2022\/01\/blue_704-kopija.jpg",1500,1500,false],"2048x2048":["https:\/\/www.meavia-mh.hr\/wp-content\/uploads\/2022\/01\/blue_704-kopija.jpg",1500,1500,false],"trp-custom-language-flag":["https:\/\/www.meavia-mh.hr\/wp-content\/uploads\/2022\/01\/blue_704-kopija-12x12.jpg",12,12,true],"woocommerce_thumbnail":["https:\/\/www.meavia-mh.hr\/wp-content\/uploads\/2022\/01\/blue_704-kopija-300x300.jpg",300,300,true],"woocommerce_single":["https:\/\/www.meavia-mh.hr\/wp-content\/uploads\/2022\/01\/blue_704-kopija-600x600.jpg",600,600,true],"woocommerce_gallery_thumbnail":["https:\/\/www.meavia-mh.hr\/wp-content\/uploads\/2022\/01\/blue_704-kopija-100x100.jpg",100,100,true]},"uagb_author_info":{"display_name":"Mea Via","author_link":"https:\/\/www.meavia-mh.hr\/sl\/author\/"},"uagb_comment_info":0,"uagb_excerpt":null,"_links":{"self":[{"href":"https:\/\/www.meavia-mh.hr\/sl\/wp-json\/wp\/v2\/product\/11138","targetHints":{"allow":["GET"]}}],"collection":[{"href":"https:\/\/www.meavia-mh.hr\/sl\/wp-json\/wp\/v2\/product"}],"about":[{"href":"https:\/\/www.meavia-mh.hr\/sl\/wp-json\/wp\/v2\/types\/product"}],"replies":[{"embeddable":true,"href":"https:\/\/www.meavia-mh.hr\/sl\/wp-json\/wp\/v2\/comments?post=11138"}],"version-history":[{"count":1,"href":"https:\/\/www.meavia-mh.hr\/sl\/wp-json\/wp\/v2\/product\/11138\/revisions"}],"predecessor-version":[{"id":28249,"href":"https:\/\/www.meavia-mh.hr\/sl\/wp-json\/wp\/v2\/product\/11138\/revisions\/28249"}],"wp:featuredmedia":[{"embeddable":true,"href":"https:\/\/www.meavia-mh.hr\/sl\/wp-json\/wp\/v2\/media\/11140"}],"wp:attachment":[{"href":"https:\/\/www.meavia-mh.hr\/sl\/wp-json\/wp\/v2\/media?parent=11138"}],"wp:term":[{"taxonomy":"product_brand","embeddable":true,"href":"https:\/\/www.meavia-mh.hr\/sl\/wp-json\/wp\/v2\/product_brand?post=11138"},{"taxonomy":"product_cat","embeddable":true,"href":"https:\/\/www.meavia-mh.hr\/sl\/wp-json\/wp\/v2\/product_cat?post=11138"},{"taxonomy":"product_tag","embeddable":true,"href":"https:\/\/www.meavia-mh.hr\/sl\/wp-json\/wp\/v2\/product_tag?post=11138"}],"curies":[{"name":"delovni list","href":"https:\/\/api.w.org\/{rel}","templated":true}]}}