{"id":10602,"date":"2022-01-06T18:05:25","date_gmt":"2022-01-06T18:05:25","guid":{"rendered":"https:\/\/www.meavia-mh.hr\/?post_type=product&#038;p=10602"},"modified":"2026-02-12T16:17:07","modified_gmt":"2026-02-12T15:17:07","slug":"kopca-za-dual-tipse-pink","status":"publish","type":"product","link":"https:\/\/www.meavia-mh.hr\/sl\/product\/kopca-za-dual-tipse-pink\/","title":{"rendered":"Zaponka za dvojne konice - roza"},"content":{"rendered":"<p>Zaponka (sponka) za dvojne konice je izdelana iz\u00a0<strong>prozorne plastike<\/strong>\u00a0in se uporablja za pritrditev nohtov s\u00a0<a href=\"https:\/\/www.meavia-mh.hr\/sl\/product\/dual-tipse-balerina-120-kom\/\"><strong>dvojni nasveti<\/strong><\/a>\u00a0ali\u00a0<strong>pritisni nasveti<\/strong>.<\/p>\n<p><strong>Plasti\u010dna sponka \/ sponka<\/strong>\u00a0slu\u017ei za zadr\u017eevanje <a href=\"https:\/\/www.meavia-mh.hr\/sl\/product\/dual-tipse-balerina-120-kom\/\">dvojni nasveti<\/a> z akrilnim gelom na mestu med postopkom strjevanja v <a href=\"https:\/\/www.meavia-mh.hr\/sl\/product\/led-lampa-za-nokte-star-2-72w\/\">UV\/LED lu\u010dke<\/a>. Lahko ste prepri\u010dani, da bosta akrilni gel in kalup ostala na mestu in se pri oblikovanju nohta ne bosta premaknila, dokler se ne strdi.<\/p>\n<p>S pomo\u010djo\u00a0<strong>zaponke<\/strong>\u00a0brez truda boste dobili \u010dudovit tunel in va\u0161i nohti bodo videti popolnoma enakomerni. Zaponke za dvojne konice so izdelane iz trdne prosojne plastike.<\/p>\n<p>Zahvaljujo\u010d temu zaponka prena\u0161a UV\/LED svetlobo, omogo\u010da, da svetlobni snop dose\u017ee vsak del nohta in odli\u010dno polimerizira <a href=\"https:\/\/www.meavia-mh.hr\/sl\/product\/palu-flexi-acryl-gel-pink-2-30-ml\/\">akrilni gel<\/a> v dvojnih konicah.<\/p>\n<p><span style=\"font-size: 16px;font-style: normal\">Zaponke so za ve\u010dkratno uporabo.<\/span><\/p>\n<h6>Pakiranje: 1 kos<\/h6>\n<h6>Velikost: 3,5 x 3 x 1,7 cm<\/h6>\n<h6>Barva: roza<\/h6>","protected":false},"excerpt":{"rendered":"<p>&nbsp;<\/p>\n<p>&nbsp;<\/p>\n<p>&nbsp;<\/p>\n<p>&nbsp;<\/p>","protected":false},"featured_media":10606,"comment_status":"open","ping_status":"closed","template":"","meta":{"_uag_custom_page_level_css":"","site-sidebar-layout":"default","site-content-layout":"default","ast-site-content-layout":"default","site-content-style":"default","site-sidebar-style":"default","ast-global-header-display":"","ast-banner-title-visibility":"","ast-main-header-display":"","ast-hfb-above-header-display":"","ast-hfb-below-header-display":"","ast-hfb-mobile-header-display":"","site-post-title":"","ast-breadcrumbs-content":"","ast-featured-img":"","footer-sml-layout":"","ast-disable-related-posts":"","theme-transparent-header-meta":"default","adv-header-id-meta":"","stick-header-meta":"default","header-above-stick-meta":"","header-main-stick-meta":"","header-below-stick-meta":"","astra-migrate-meta-layouts":"default","ast-page-background-enabled":"default","ast-page-background-meta":{"desktop":{"background-color":"var(--ast-global-color-4)","background-image":"","background-repeat":"repeat","background-position":"center center","background-size":"auto","background-attachment":"scroll","background-type":"","background-media":"","overlay-type":"","overlay-color":"","overlay-opacity":"","overlay-gradient":""},"tablet":{"background-color":"","background-image":"","background-repeat":"repeat","background-position":"center center","background-size":"auto","background-attachment":"scroll","background-type":"","background-media":"","overlay-type":"","overlay-color":"","overlay-opacity":"","overlay-gradient":""},"mobile":{"background-color":"","background-image":"","background-repeat":"repeat","background-position":"center center","background-size":"auto","background-attachment":"scroll","background-type":"","background-media":"","overlay-type":"","overlay-color":"","overlay-opacity":"","overlay-gradient":""}},"ast-content-background-meta":{"desktop":{"background-color":"var(--ast-global-color-5)","background-image":"","background-repeat":"repeat","background-position":"center center","background-size":"auto","background-attachment":"scroll","background-type":"","background-media":"","overlay-type":"","overlay-color":"","overlay-opacity":"","overlay-gradient":""},"tablet":{"background-color":"var(--ast-global-color-5)","background-image":"","background-repeat":"repeat","background-position":"center center","background-size":"auto","background-attachment":"scroll","background-type":"","background-media":"","overlay-type":"","overlay-color":"","overlay-opacity":"","overlay-gradient":""},"mobile":{"background-color":"var(--ast-global-color-5)","background-image":"","background-repeat":"repeat","background-position":"center center","background-size":"auto","background-attachment":"scroll","background-type":"","background-media":"","overlay-type":"","overlay-color":"","overlay-opacity":"","overlay-gradient":""}}},"product_brand":[],"product_cat":[24],"product_tag":[330,331],"class_list":{"0":"post-10602","1":"product","2":"type-product","3":"status-publish","4":"has-post-thumbnail","6":"product_cat-dodaci","7":"product_tag-kopca-za-dual-tipse","8":"product_tag-stezaljka-za-dual-tipse","9":"desktop-align-left","10":"tablet-align-left","11":"mobile-align-left","12":"ast-product-gallery-layout-horizontal-slider","13":"ast-product-tabs-layout-horizontal","15":"first","16":"instock","17":"taxable","18":"shipping-taxable","19":"purchasable","20":"product-type-simple"},"yoast_head":"<!-- This site is optimized with the Yoast SEO plugin v27.4 - https:\/\/yoast.com\/product\/yoast-seo-wordpress\/ -->\n<title>Kop\u010da za dual tipse - pink &#8902; Mea Via Beauty<\/title>\n<meta name=\"description\" content=\"Kop\u010da za dual tipse - pink &#8902; stezaljka za dual tipse &#8902; top kvaliteta &#8902; jednostavna izgradnja nokta &#8902;\" \/>\n<meta name=\"robots\" content=\"index, follow, max-snippet:-1, max-image-preview:large, max-video-preview:-1\" \/>\n<link rel=\"canonical\" href=\"https:\/\/www.meavia-mh.hr\/sl\/product\/kopca-za-dual-tipse-pink\/\" \/>\n<meta property=\"og:locale\" content=\"sl_SI\" \/>\n<meta property=\"og:type\" content=\"article\" \/>\n<meta property=\"og:title\" content=\"Kop\u010da za dual tipse - pink &#8902; Mea Via Beauty\" \/>\n<meta property=\"og:description\" content=\"Kop\u010da za dual tipse - pink &#8902; stezaljka za dual tipse &#8902; top kvaliteta &#8902; jednostavna izgradnja nokta &#8902;\" \/>\n<meta property=\"og:url\" content=\"https:\/\/www.meavia-mh.hr\/sl\/product\/kopca-za-dual-tipse-pink\/\" \/>\n<meta property=\"og:site_name\" content=\"Mea Via Beauty\" \/>\n<meta property=\"article:publisher\" content=\"https:\/\/www.facebook.com\/MeaViaNailsWorld\" \/>\n<meta property=\"article:modified_time\" content=\"2026-02-12T15:17:07+00:00\" \/>\n<meta property=\"og:image\" content=\"https:\/\/www.meavia-mh.hr\/wp-content\/uploads\/2022\/01\/Slika-zaslona-2022-01-06-u-19.46.01.jpg\" \/>\n\t<meta property=\"og:image:width\" content=\"1114\" \/>\n\t<meta property=\"og:image:height\" content=\"1106\" \/>\n\t<meta property=\"og:image:type\" content=\"image\/jpeg\" \/>\n<meta name=\"twitter:card\" content=\"summary_large_image\" \/>\n<meta name=\"twitter:label1\" content=\"Est. reading time\" \/>\n\t<meta name=\"twitter:data1\" content=\"1 minuta\" \/>\n<script type=\"application\/ld+json\" class=\"yoast-schema-graph\">{\"@context\":\"https:\\\/\\\/schema.org\",\"@graph\":[{\"@type\":\"WebPage\",\"@id\":\"https:\\\/\\\/www.meavia-mh.hr\\\/product\\\/kopca-za-dual-tipse-pink\\\/\",\"url\":\"https:\\\/\\\/www.meavia-mh.hr\\\/product\\\/kopca-za-dual-tipse-pink\\\/\",\"name\":\"Kop\u010da za dual tipse - pink &#8902; Mea Via Beauty\",\"isPartOf\":{\"@id\":\"https:\\\/\\\/meavia-mh.hr\\\/sl\\\/#website\"},\"primaryImageOfPage\":{\"@id\":\"https:\\\/\\\/www.meavia-mh.hr\\\/product\\\/kopca-za-dual-tipse-pink\\\/#primaryimage\"},\"image\":{\"@id\":\"https:\\\/\\\/www.meavia-mh.hr\\\/product\\\/kopca-za-dual-tipse-pink\\\/#primaryimage\"},\"thumbnailUrl\":\"https:\\\/\\\/www.meavia-mh.hr\\\/wp-content\\\/uploads\\\/2022\\\/01\\\/Slika-zaslona-2022-01-06-u-19.46.01.jpg\",\"datePublished\":\"2022-01-06T18:05:25+00:00\",\"dateModified\":\"2026-02-12T15:17:07+00:00\",\"description\":\"Kop\u010da za dual tipse - pink &#8902; stezaljka za dual tipse &#8902; top kvaliteta &#8902; jednostavna izgradnja nokta &#8902;\",\"breadcrumb\":{\"@id\":\"https:\\\/\\\/www.meavia-mh.hr\\\/product\\\/kopca-za-dual-tipse-pink\\\/#breadcrumb\"},\"inLanguage\":\"sl-SI\",\"potentialAction\":[{\"@type\":\"ReadAction\",\"target\":[\"https:\\\/\\\/www.meavia-mh.hr\\\/product\\\/kopca-za-dual-tipse-pink\\\/\"]}]},{\"@type\":\"ImageObject\",\"inLanguage\":\"sl-SI\",\"@id\":\"https:\\\/\\\/www.meavia-mh.hr\\\/product\\\/kopca-za-dual-tipse-pink\\\/#primaryimage\",\"url\":\"https:\\\/\\\/www.meavia-mh.hr\\\/wp-content\\\/uploads\\\/2022\\\/01\\\/Slika-zaslona-2022-01-06-u-19.46.01.jpg\",\"contentUrl\":\"https:\\\/\\\/www.meavia-mh.hr\\\/wp-content\\\/uploads\\\/2022\\\/01\\\/Slika-zaslona-2022-01-06-u-19.46.01.jpg\",\"width\":1114,\"height\":1106,\"caption\":\"Kop\u010da za dual tipse\"},{\"@type\":\"BreadcrumbList\",\"@id\":\"https:\\\/\\\/www.meavia-mh.hr\\\/product\\\/kopca-za-dual-tipse-pink\\\/#breadcrumb\",\"itemListElement\":[{\"@type\":\"ListItem\",\"position\":1,\"name\":\"Po\u010detna stranica\",\"item\":\"https:\\\/\\\/www.meavia-mh.hr\\\/\"},{\"@type\":\"ListItem\",\"position\":2,\"name\":\"Trgovina\",\"item\":\"https:\\\/\\\/meavia-mh.hr\\\/sl\\\/store\\\/\"},{\"@type\":\"ListItem\",\"position\":3,\"name\":\"Kop\u010da za dual tipse &#8211; pink\"}]},{\"@type\":\"WebSite\",\"@id\":\"https:\\\/\\\/meavia-mh.hr\\\/sl\\\/#website\",\"url\":\"https:\\\/\\\/meavia-mh.hr\\\/sl\\\/\",\"name\":\"Mea Via Beauty\",\"description\":\"Only The Best For Your Beauty\",\"publisher\":{\"@id\":\"https:\\\/\\\/meavia-mh.hr\\\/sl\\\/#organization\"},\"alternateName\":\"Mea Via Nails\",\"potentialAction\":[{\"@type\":\"SearchAction\",\"target\":{\"@type\":\"EntryPoint\",\"urlTemplate\":\"https:\\\/\\\/meavia-mh.hr\\\/sl\\\/?s={search_term_string}\"},\"query-input\":{\"@type\":\"PropertyValueSpecification\",\"valueRequired\":true,\"valueName\":\"search_term_string\"}}],\"inLanguage\":\"sl-SI\"},{\"@type\":\"Organization\",\"@id\":\"https:\\\/\\\/meavia-mh.hr\\\/sl\\\/#organization\",\"name\":\"Mea Via Nails World\",\"alternateName\":\"Mea Via\",\"url\":\"https:\\\/\\\/meavia-mh.hr\\\/sl\\\/\",\"logo\":{\"@type\":\"ImageObject\",\"inLanguage\":\"sl-SI\",\"@id\":\"https:\\\/\\\/meavia-mh.hr\\\/sl\\\/#\\\/schema\\\/logo\\\/image\\\/\",\"url\":\"https:\\\/\\\/www.meavia-mh.hr\\\/wp-content\\\/uploads\\\/2020\\\/12\\\/Mea-Via.png\",\"contentUrl\":\"https:\\\/\\\/www.meavia-mh.hr\\\/wp-content\\\/uploads\\\/2020\\\/12\\\/Mea-Via.png\",\"width\":1181,\"height\":393,\"caption\":\"Mea Via Nails World\"},\"image\":{\"@id\":\"https:\\\/\\\/meavia-mh.hr\\\/sl\\\/#\\\/schema\\\/logo\\\/image\\\/\"},\"sameAs\":[\"https:\\\/\\\/www.facebook.com\\\/MeaViaNailsWorld\",\"https:\\\/\\\/www.instagram.com\\\/mea_via_nails_world\\\/\",\"https:\\\/\\\/www.youtube.com\\\/channel\\\/UCECk0hpRWP6TN-EfA4ER96g\\\/featured\"]}]}<\/script>\n<!-- \/ Yoast SEO plugin. -->","yoast_head_json":{"title":"Sponka za dvojne konice - roza \u22c6 Mea Via Beauty","description":"Sponka z dvojno konico - roza \u22c6 sponka z dvojno konico \u22c6 vrhunska kakovost \u22c6 preprosto oblikovanje nohtov \u22c6","robots":{"index":"index","follow":"follow","max-snippet":"max-snippet:-1","max-image-preview":"max-image-preview:large","max-video-preview":"max-video-preview:-1"},"canonical":"https:\/\/www.meavia-mh.hr\/sl\/product\/kopca-za-dual-tipse-pink\/","og_locale":"sl_SI","og_type":"article","og_title":"Kop\u010da za dual tipse - pink &#8902; Mea Via Beauty","og_description":"Kop\u010da za dual tipse - pink &#8902; stezaljka za dual tipse &#8902; top kvaliteta &#8902; jednostavna izgradnja nokta &#8902;","og_url":"https:\/\/www.meavia-mh.hr\/sl\/product\/kopca-za-dual-tipse-pink\/","og_site_name":"Mea Via Beauty","article_publisher":"https:\/\/www.facebook.com\/MeaViaNailsWorld","article_modified_time":"2026-02-12T15:17:07+00:00","og_image":[{"width":1114,"height":1106,"url":"https:\/\/www.meavia-mh.hr\/wp-content\/uploads\/2022\/01\/Slika-zaslona-2022-01-06-u-19.46.01.jpg","type":"image\/jpeg"}],"twitter_card":"summary_large_image","twitter_misc":{"Est. reading time":"1 minuta"},"schema":{"@context":"https:\/\/schema.org","@graph":[{"@type":"WebPage","@id":"https:\/\/www.meavia-mh.hr\/product\/kopca-za-dual-tipse-pink\/","url":"https:\/\/www.meavia-mh.hr\/product\/kopca-za-dual-tipse-pink\/","name":"Sponka za dvojne konice - roza \u22c6 Mea Via Beauty","isPartOf":{"@id":"https:\/\/meavia-mh.hr\/sl\/#website"},"primaryImageOfPage":{"@id":"https:\/\/www.meavia-mh.hr\/product\/kopca-za-dual-tipse-pink\/#primaryimage"},"image":{"@id":"https:\/\/www.meavia-mh.hr\/product\/kopca-za-dual-tipse-pink\/#primaryimage"},"thumbnailUrl":"https:\/\/www.meavia-mh.hr\/wp-content\/uploads\/2022\/01\/Slika-zaslona-2022-01-06-u-19.46.01.jpg","datePublished":"2022-01-06T18:05:25+00:00","dateModified":"2026-02-12T15:17:07+00:00","description":"Sponka z dvojno konico - roza \u22c6 sponka z dvojno konico \u22c6 vrhunska kakovost \u22c6 preprosto oblikovanje nohtov \u22c6","breadcrumb":{"@id":"https:\/\/www.meavia-mh.hr\/product\/kopca-za-dual-tipse-pink\/#breadcrumb"},"inLanguage":"sl-SI","potentialAction":[{"@type":"ReadAction","target":["https:\/\/www.meavia-mh.hr\/product\/kopca-za-dual-tipse-pink\/"]}]},{"@type":"ImageObject","inLanguage":"sl-SI","@id":"https:\/\/www.meavia-mh.hr\/product\/kopca-za-dual-tipse-pink\/#primaryimage","url":"https:\/\/www.meavia-mh.hr\/wp-content\/uploads\/2022\/01\/Slika-zaslona-2022-01-06-u-19.46.01.jpg","contentUrl":"https:\/\/www.meavia-mh.hr\/wp-content\/uploads\/2022\/01\/Slika-zaslona-2022-01-06-u-19.46.01.jpg","width":1114,"height":1106,"caption":"Kop\u010da za dual tipse"},{"@type":"BreadcrumbList","@id":"https:\/\/www.meavia-mh.hr\/product\/kopca-za-dual-tipse-pink\/#breadcrumb","itemListElement":[{"@type":"ListItem","position":1,"name":"Po\u010detna stranica","item":"https:\/\/www.meavia-mh.hr\/"},{"@type":"ListItem","position":2,"name":"Trgovina","item":"https:\/\/meavia-mh.hr\/sl\/store\/"},{"@type":"ListItem","position":3,"name":"Kop\u010da za dual tipse &#8211; pink"}]},{"@type":"WebSite","@id":"https:\/\/meavia-mh.hr\/sl\/#website","url":"https:\/\/meavia-mh.hr\/sl\/","name":"MEA VIA BEAUTY","description":"Only The Best For Your Beauty","publisher":{"@id":"https:\/\/meavia-mh.hr\/sl\/#organization"},"alternateName":"Mea Via Nails","potentialAction":[{"@type":"SearchAction","target":{"@type":"EntryPoint","urlTemplate":"https:\/\/meavia-mh.hr\/sl\/?s={search_term_string}"},"query-input":{"@type":"PropertyValueSpecification","valueRequired":true,"valueName":"search_term_string"}}],"inLanguage":"sl-SI"},{"@type":"Organization","@id":"https:\/\/meavia-mh.hr\/sl\/#organization","name":"Mea Via Nails World","alternateName":"Mea Via","url":"https:\/\/meavia-mh.hr\/sl\/","logo":{"@type":"ImageObject","inLanguage":"sl-SI","@id":"https:\/\/meavia-mh.hr\/sl\/#\/schema\/logo\/image\/","url":"https:\/\/www.meavia-mh.hr\/wp-content\/uploads\/2020\/12\/Mea-Via.png","contentUrl":"https:\/\/www.meavia-mh.hr\/wp-content\/uploads\/2020\/12\/Mea-Via.png","width":1181,"height":393,"caption":"Mea Via Nails World"},"image":{"@id":"https:\/\/meavia-mh.hr\/sl\/#\/schema\/logo\/image\/"},"sameAs":["https:\/\/www.facebook.com\/MeaViaNailsWorld","https:\/\/www.instagram.com\/mea_via_nails_world\/","https:\/\/www.youtube.com\/channel\/UCECk0hpRWP6TN-EfA4ER96g\/featured"]}]}},"spectra_custom_meta":{"_sku":["5903990503313"],"_regular_price":["1.31"],"total_sales":["54"],"_tax_status":["taxable"],"_tax_class":[""],"_manage_stock":["yes"],"_backorders":["no"],"_sold_individually":["no"],"_virtual":["no"],"_downloadable":["no"],"_download_limit":["-1"],"_download_expiry":["-1"],"_stock":["28"],"_stock_status":["instock"],"_wc_average_rating":["0"],"_wc_review_count":["0"],"_product_version":["10.5.1"],"_price":["1.31"],"_wp_page_template":["default"],"_yoast_wpseo_focuskw":["Kop\u010da za dual tipse"],"_yoast_wpseo_linkdex":["66"],"_yoast_wpseo_content_score":["90"],"_yoast_wpseo_primary_product_cat":["24"],"site-sidebar-layout":["default"],"site-content-layout":["default"],"theme-transparent-header-meta":["default"],"stick-header-meta":["default"],"_yoast_wpseo_metadesc":["%%title%% %%sep%% stezaljka za dual tipse %%sep%% top kvaliteta %%sep%% jednostavna izgradnja nokta %%sep%%"],"_yoast_wpseo_estimated-reading-time-minutes":["1"],"_woocs_price_geo_countries":[""],"_woocs_regular_price_geo":[""],"_woocs_sale_price_geo":[""],"cartflows_redirect_flow_id":[""],"cartflows_add_to_cart_text":[""],"_oembed_83f44044c8d33c0043318e27c4d5cefb":["<iframe title=\"Brusilica Marathon 3\" width=\"500\" height=\"281\" src=\"https:\/\/www.youtube.com\/embed\/arMjmxUu5dY?feature=oembed\" frameborder=\"0\" allow=\"accelerometer; autoplay; clipboard-write; encrypted-media; gyroscope; picture-in-picture\" allowfullscreen><\/iframe>"],"_oembed_time_83f44044c8d33c0043318e27c4d5cefb":["1628411514"],"_oembed_fd03f06d7b392a2c4483f65b44b045cf":["<iframe title=\"Brusilica Marathon 3\" width=\"898\" height=\"505\" src=\"https:\/\/www.youtube.com\/embed\/arMjmxUu5dY?feature=oembed\" frameborder=\"0\" allow=\"accelerometer; autoplay; clipboard-write; encrypted-media; gyroscope; picture-in-picture\" allowfullscreen><\/iframe>"],"_oembed_time_fd03f06d7b392a2c4483f65b44b045cf":["1628411516"],"_oembed_30e73c3855363736a48ac2452393f82f":["<iframe title=\"Brusilica Marathon 3 Champion\" width=\"922\" height=\"519\" src=\"https:\/\/www.youtube.com\/embed\/arMjmxUu5dY?feature=oembed\" frameborder=\"0\" allow=\"accelerometer; autoplay; clipboard-write; encrypted-media; gyroscope; picture-in-picture\" allowfullscreen><\/iframe>"],"_oembed_time_30e73c3855363736a48ac2452393f82f":["1628412271"],"_oembed_143f70aa5b7f20bfb8e464f950236574":["<iframe title=\"Brusilica Marathon 3 Champion\" width=\"1200\" height=\"675\" src=\"https:\/\/www.youtube.com\/embed\/arMjmxUu5dY?feature=oembed\" frameborder=\"0\" allow=\"accelerometer; autoplay; clipboard-write; encrypted-media; gyroscope; picture-in-picture\" allowfullscreen><\/iframe>"],"_oembed_time_143f70aa5b7f20bfb8e464f950236574":["1628421158"],"_oembed_76fb69acf37e468c4152de83f67b53e2":["<iframe title=\"Marathon K-35 Cube\" width=\"500\" height=\"281\" src=\"https:\/\/www.youtube.com\/embed\/KiUOlhpxP4U?feature=oembed\" frameborder=\"0\" allow=\"accelerometer; autoplay; clipboard-write; encrypted-media; gyroscope; picture-in-picture\" allowfullscreen><\/iframe>"],"_oembed_time_76fb69acf37e468c4152de83f67b53e2":["1630617750"],"_oembed_e4b5a8521ccd38526004dc5c9e5b0821":["<iframe title=\"Marathon K-35 Cube\" width=\"898\" height=\"505\" src=\"https:\/\/www.youtube.com\/embed\/KiUOlhpxP4U?feature=oembed\" frameborder=\"0\" allow=\"accelerometer; autoplay; clipboard-write; encrypted-media; gyroscope; picture-in-picture\" allowfullscreen><\/iframe>"],"_oembed_time_e4b5a8521ccd38526004dc5c9e5b0821":["1628625314"],"_oembed_cec2353f12088b8b08913046d8edda04":["<iframe title=\"Marathon K-35 Cube\" width=\"922\" height=\"519\" src=\"https:\/\/www.youtube.com\/embed\/KiUOlhpxP4U?feature=oembed\" frameborder=\"0\" allow=\"accelerometer; autoplay; clipboard-write; encrypted-media; gyroscope; picture-in-picture\" allowfullscreen><\/iframe>"],"_oembed_time_cec2353f12088b8b08913046d8edda04":["1628626170"],"_oembed_80c2050ed97690eec8331119d7f4ce8b":["<iframe title=\"Marathon K-35 Cube\" width=\"1200\" height=\"675\" src=\"https:\/\/www.youtube.com\/embed\/KiUOlhpxP4U?feature=oembed\" frameborder=\"0\" allow=\"accelerometer; autoplay; clipboard-write; encrypted-media; gyroscope; picture-in-picture\" allowfullscreen><\/iframe>"],"_oembed_time_80c2050ed97690eec8331119d7f4ce8b":["1628626219"],"_edit_lock":["1641496219:1"],"_edit_last":["1"],"_thumbnail_id":["10606"],"_product_image_gallery":["10609,10608,10607,10614,10605"],"_woocs_regular_price_EUR":["1.31"],"_woocs_sale_price_EUR":["-1"],"_lowest_price_30_days":["1.31"],"uag_migration_processed":["1"],"_last_change_time":["1766863146"],"_uag_page_assets":["a:9:{s:3:\"css\";s:0:\"\";s:2:\"js\";s:0:\"\";s:18:\"current_block_list\";a:3:{i:0;s:11:\"core\/search\";i:1;s:18:\"core\/legacy-widget\";i:2;s:27:\"woocommerce\/product-filters\";}s:8:\"uag_flag\";b:0;s:11:\"uag_version\";s:10:\"1776341704\";s:6:\"gfonts\";a:0:{}s:10:\"gfonts_url\";s:0:\"\";s:12:\"gfonts_files\";a:0:{}s:14:\"uag_faq_layout\";b:0;}"],"_elementor_page_assets":["a:0:{}"]},"uagb_featured_image_src":{"full":["https:\/\/www.meavia-mh.hr\/wp-content\/uploads\/2022\/01\/Slika-zaslona-2022-01-06-u-19.46.01.jpg",1114,1106,false],"thumbnail":["https:\/\/www.meavia-mh.hr\/wp-content\/uploads\/2022\/01\/Slika-zaslona-2022-01-06-u-19.46.01-150x150.jpg",150,150,true],"medium":["https:\/\/www.meavia-mh.hr\/wp-content\/uploads\/2022\/01\/Slika-zaslona-2022-01-06-u-19.46.01-300x298.jpg",300,298,true],"medium_large":["https:\/\/www.meavia-mh.hr\/wp-content\/uploads\/2022\/01\/Slika-zaslona-2022-01-06-u-19.46.01-768x762.jpg",768,762,true],"large":["https:\/\/www.meavia-mh.hr\/wp-content\/uploads\/2022\/01\/Slika-zaslona-2022-01-06-u-19.46.01-1024x1017.jpg",1024,1017,true],"1536x1536":["https:\/\/www.meavia-mh.hr\/wp-content\/uploads\/2022\/01\/Slika-zaslona-2022-01-06-u-19.46.01.jpg",1114,1106,false],"2048x2048":["https:\/\/www.meavia-mh.hr\/wp-content\/uploads\/2022\/01\/Slika-zaslona-2022-01-06-u-19.46.01.jpg",1114,1106,false],"trp-custom-language-flag":["https:\/\/www.meavia-mh.hr\/wp-content\/uploads\/2022\/01\/Slika-zaslona-2022-01-06-u-19.46.01-12x12.jpg",12,12,true],"woocommerce_thumbnail":["https:\/\/www.meavia-mh.hr\/wp-content\/uploads\/2022\/01\/Slika-zaslona-2022-01-06-u-19.46.01-300x300.jpg",300,300,true],"woocommerce_single":["https:\/\/www.meavia-mh.hr\/wp-content\/uploads\/2022\/01\/Slika-zaslona-2022-01-06-u-19.46.01-600x596.jpg",600,596,true],"woocommerce_gallery_thumbnail":["https:\/\/www.meavia-mh.hr\/wp-content\/uploads\/2022\/01\/Slika-zaslona-2022-01-06-u-19.46.01-100x100.jpg",100,100,true]},"uagb_author_info":{"display_name":"Mea Via","author_link":"https:\/\/www.meavia-mh.hr\/sl\/author\/"},"uagb_comment_info":0,"uagb_excerpt":"&nbsp; &nbsp; &nbsp; &nbsp;","_links":{"self":[{"href":"https:\/\/www.meavia-mh.hr\/sl\/wp-json\/wp\/v2\/product\/10602","targetHints":{"allow":["GET"]}}],"collection":[{"href":"https:\/\/www.meavia-mh.hr\/sl\/wp-json\/wp\/v2\/product"}],"about":[{"href":"https:\/\/www.meavia-mh.hr\/sl\/wp-json\/wp\/v2\/types\/product"}],"replies":[{"embeddable":true,"href":"https:\/\/www.meavia-mh.hr\/sl\/wp-json\/wp\/v2\/comments?post=10602"}],"version-history":[{"count":1,"href":"https:\/\/www.meavia-mh.hr\/sl\/wp-json\/wp\/v2\/product\/10602\/revisions"}],"predecessor-version":[{"id":31045,"href":"https:\/\/www.meavia-mh.hr\/sl\/wp-json\/wp\/v2\/product\/10602\/revisions\/31045"}],"wp:featuredmedia":[{"embeddable":true,"href":"https:\/\/www.meavia-mh.hr\/sl\/wp-json\/wp\/v2\/media\/10606"}],"wp:attachment":[{"href":"https:\/\/www.meavia-mh.hr\/sl\/wp-json\/wp\/v2\/media?parent=10602"}],"wp:term":[{"taxonomy":"product_brand","embeddable":true,"href":"https:\/\/www.meavia-mh.hr\/sl\/wp-json\/wp\/v2\/product_brand?post=10602"},{"taxonomy":"product_cat","embeddable":true,"href":"https:\/\/www.meavia-mh.hr\/sl\/wp-json\/wp\/v2\/product_cat?post=10602"},{"taxonomy":"product_tag","embeddable":true,"href":"https:\/\/www.meavia-mh.hr\/sl\/wp-json\/wp\/v2\/product_tag?post=10602"}],"curies":[{"name":"delovni list","href":"https:\/\/api.w.org\/{rel}","templated":true}]}}