{"id":10582,"date":"2022-01-06T11:04:04","date_gmt":"2022-01-06T11:04:04","guid":{"rendered":"https:\/\/www.meavia-mh.hr\/?post_type=product&#038;p=10582"},"modified":"2024-07-05T15:46:52","modified_gmt":"2024-07-05T15:46:52","slug":"dual-tipse-balerina-120-kom","status":"publish","type":"product","link":"https:\/\/www.meavia-mh.hr\/sl\/product\/dual-tipse-balerina-120-kom\/","title":{"rendered":"Balerina dvojnega tipa 120 kos"},"content":{"rendered":"<p>Radi nosite dolge nohte, a bi jih radi naredili v udobju svojega doma veliko hitreje, a z brezhibno strukturo?<\/p>\n<p>Izberite \u017ee pripravljeno re\u0161itev in to so dvojne konice v obliki nohta -\u00a0<strong>balerina!<\/strong><\/p>\n<p>Potreben je le trenutek, da se va\u0161e roke spremenijo do neprepoznavnosti. Negovani in dolgi nohti na dosegu roke. Popolna konstrukcija v obliki <strong>BALERINA<\/strong> od zdaj naprej ne bo problem in vsak noht bo brezhiben.<\/p>\n<p><a href=\"https:\/\/www.meavia-mh.hr\/wp-content\/uploads\/2022\/01\/Slika-zaslona-2022-01-06-u-12.39.41.jpg\"><img fetchpriority=\"high\" decoding=\"async\" class=\"size-medium wp-image-10592\" src=\"https:\/\/www.meavia-mh.hr\/wp-content\/uploads\/2022\/01\/Slika-zaslona-2022-01-06-u-12.39.41-300x298.jpg\" alt=\"Dual tipse balerina\" width=\"300\" height=\"298\" srcset=\"https:\/\/www.meavia-mh.hr\/wp-content\/uploads\/2022\/01\/Slika-zaslona-2022-01-06-u-12.39.41-300x298.jpg 300w, https:\/\/www.meavia-mh.hr\/wp-content\/uploads\/2022\/01\/Slika-zaslona-2022-01-06-u-12.39.41-1024x1016.jpg 1024w, https:\/\/www.meavia-mh.hr\/wp-content\/uploads\/2022\/01\/Slika-zaslona-2022-01-06-u-12.39.41-150x150.jpg 150w, https:\/\/www.meavia-mh.hr\/wp-content\/uploads\/2022\/01\/Slika-zaslona-2022-01-06-u-12.39.41-768x762.jpg 768w, https:\/\/www.meavia-mh.hr\/wp-content\/uploads\/2022\/01\/Slika-zaslona-2022-01-06-u-12.39.41-12x12.jpg 12w, https:\/\/www.meavia-mh.hr\/wp-content\/uploads\/2022\/01\/Slika-zaslona-2022-01-06-u-12.39.41-600x595.jpg 600w, https:\/\/www.meavia-mh.hr\/wp-content\/uploads\/2022\/01\/Slika-zaslona-2022-01-06-u-12.39.41-100x100.jpg 100w, https:\/\/www.meavia-mh.hr\/wp-content\/uploads\/2022\/01\/Slika-zaslona-2022-01-06-u-12.39.41.jpg 1486w\" sizes=\"(max-width: 300px) 100vw, 300px\" \/><\/a><\/p>\n<p><strong>Paket vsebuje:<\/strong>\u00a0120 kosov dvojnih konic - 12 razli\u010dnih velikosti, ki jih lahko enostavno prilagodite vsakemu nohtu.<\/p>\n<p>Dvojne konice so izdelane iz zelo mo\u010dnega, a fleksibilnega ABS materiala. Nohti, izdelani z dvojnimi konicami, izgledajo zelo naravno zahvaljujo\u010d lestvici in tudi po zaslugi popolnega profila. Med nanosom in uporabo ne pokajo.<\/p>\n<p>Zahvaljujo\u010d njim lahko hitro in u\u010dinkovito ustvarimo pravo obliko nohta (oblika balerine) brez piljenja (odvisno od natan\u010dnosti nanosa izdelka). Pazite, da izberete pravo velikost konic glede na nohtno plo\u0161\u010do. Konica mora biti vedno enake velikosti kot naravni noht. V paketu dobite 12 razli\u010dnih velikosti konic za doule.\u00a0<span style=\"font-size: 16px;font-style: normal\">P<\/span><span style=\"font-size: 16px;font-style: normal\">prilagodite dvojno konico obliki nohta.<\/span><\/p>\n<p>Ko uporabljate na\u0161e <strong>dvojna oblika<\/strong>, zamudite najte\u017ejo fazo - ustvarjanje popolne oblike, oblikovanje legendarne &quot;C-krivulje&quot; in piljenje - vse to deluje za vas dvojno obliko!<\/p>\n<p>Dodatna prednost je lestvica, ki je name\u0161\u010dena na vsakem kalupu, zahvaljujo\u010d kateri lahko dol\u017eino prilagodite \u017ee od samega za\u010detka in skraj\u0161ate delo na absolutni minimum. \u00a0<strong>Enostavno in hitro do popolnih nohtov (oblika balerinke).<\/strong><\/p>\n<p><a href=\"https:\/\/www.meavia-mh.hr\/wp-content\/uploads\/2022\/01\/Slika-zaslona-2022-01-06-u-12.41.51.jpg\"><img decoding=\"async\" class=\"wp-image-10593\" src=\"https:\/\/www.meavia-mh.hr\/wp-content\/uploads\/2022\/01\/Slika-zaslona-2022-01-06-u-12.41.51-300x137.jpg\" alt=\"Dual tipse balerina\" width=\"364\" height=\"166\" srcset=\"https:\/\/www.meavia-mh.hr\/wp-content\/uploads\/2022\/01\/Slika-zaslona-2022-01-06-u-12.41.51-300x137.jpg 300w, https:\/\/www.meavia-mh.hr\/wp-content\/uploads\/2022\/01\/Slika-zaslona-2022-01-06-u-12.41.51-1024x468.jpg 1024w, https:\/\/www.meavia-mh.hr\/wp-content\/uploads\/2022\/01\/Slika-zaslona-2022-01-06-u-12.41.51-768x351.jpg 768w, https:\/\/www.meavia-mh.hr\/wp-content\/uploads\/2022\/01\/Slika-zaslona-2022-01-06-u-12.41.51-1536x702.jpg 1536w, https:\/\/www.meavia-mh.hr\/wp-content\/uploads\/2022\/01\/Slika-zaslona-2022-01-06-u-12.41.51-18x8.jpg 18w, https:\/\/www.meavia-mh.hr\/wp-content\/uploads\/2022\/01\/Slika-zaslona-2022-01-06-u-12.41.51-600x274.jpg 600w, https:\/\/www.meavia-mh.hr\/wp-content\/uploads\/2022\/01\/Slika-zaslona-2022-01-06-u-12.41.51.jpg 1614w\" sizes=\"(max-width: 364px) 100vw, 364px\" \/><\/a><\/p>\n<h6><strong>Dvojna navodila za uporabo:<\/strong><\/h6>\n<ol>\n<li>Noht pripravite standardno kot za hibridni lak, gel ali akrilni gel. Nanesite podlago in utrdite <a href=\"https:\/\/www.meavia-mh.hr\/sl\/product\/led-lampa-za-nokte-u1-84w\/\">UV\/LED lu\u010dki.<\/a><\/li>\n<li>Izberite dula dorma, prilagojeno vsakemu nohtu. Velikost dvojnega obrazca previdno prilagodite z nohti in na konkavni del obrazca nanesite kroglico <a href=\"https:\/\/www.meavia-mh.hr\/sl\/product\/palu-flexi-acryl-gel-clear-1-30-ml\/\">PALU Flexi akrilni gel<\/a> ali <a href=\"https:\/\/www.meavia-mh.hr\/sl\/product\/ikon-iq-polytek-polymer-gel-clear-60g\/\">IKON.iQ Polytek akrilni gel.<\/a><\/li>\n<li>\u010copi\u010d navla\u017eite z akrilnim gelom. Prese\u017eek lahko odcedite na papirnati brisa\u010di, kar priporo\u010damo.<\/li>\n<li>Izdelek enakomerno porazdelite - koncentrirajte ga na sredino kalupa. Poskrbite, da bo \u010dopi\u010d ves \u010das vla\u017een in da robovi, ki se bodo oprijeli ene od obnohtne ko\u017eice, nimajo preve\u010d akrilnega gela.<\/li>\n<li>Nanesite in z optimalnim pritiskom pritisnite kalup ob noht. Na tej stopnji lahko \u0161e vedno popravite njegov urnik. Nato obrnite roko in spodaj preverite, ali je razlitega izdelka preve\u010d. Noht dodatno pritrdite s sponko z dvojno konico, preden se strdi v UV\/LED \u017earnici.<\/li>\n<li>Po strjevanju v UV\/LED \u017earnici obliko ne\u017eno odlepite z vzvodom na robovih.<\/li>\n<li>Uporabite brusilnik za nohte ali pilico, da nohtom date kon\u010dno \u017eeleno obliko.<\/li>\n<li>Nazadnje lahko nohte oblikujete z nanosom hibridnega laka. Izberite barvo po svoji izbiri iz bogate zbirke vrhunskih trajnih lakov iz na\u0161e ponudbe (<a href=\"https:\/\/www.meavia-mh.hr\/sl\/product\/ikon-iq-prima-gel-polish-trajni-lak-matilda-15-ml\/\">IKON.iQ Prima gel lak<\/a> ali <a href=\"https:\/\/www.meavia-mh.hr\/sl\/product\/palu-gel-polish-trajni-lak-hollywood-red-r3-11-ml\/\">PALU gel lak<\/a>) ali jih pustite v tej obliki! Na koncu nanesite \u0161e zadnji sloj iz na\u0161e zbirke (<a href=\"https:\/\/www.meavia-mh.hr\/sl\/product\/ikon-iq-prima-gel-polish-shine-like-a-diamond-non-wipe-top-15ml\/\">IKON.iQ prima sije kot diamant<\/a>, <a href=\"https:\/\/www.meavia-mh.hr\/sl\/product\/ikon-iq-prima-matte-top-non-wipe-15-ml\/\">IKON.iQ Prima mat top<\/a>, <a href=\"https:\/\/www.meavia-mh.hr\/sl\/product\/palu-top-coat-no-wipe-11-ml\/\">PALU top coat no wipe<\/a>, <a href=\"https:\/\/www.meavia-mh.hr\/sl\/product\/palu-top-coat-shine-1-11-ml\/\">PALU nadlak za sijaj<\/a>, <a href=\"https:\/\/www.meavia-mh.hr\/sl\/product\/palu-top-coat-no-wipe-flash-silver-11-ml\/\">PALU zgornji premaz Flash Silver<\/a>, <a href=\"https:\/\/www.meavia-mh.hr\/sl\/product\/palu-top-coat-no-wipe-flash-blue-11-ml\/\">PALU zgornji premaz Flash Blue<\/a>).<\/li>\n<\/ol>\n<h6><strong>Barva: prozorna<\/strong><\/h6>\n<h6>Pakiranje 120 kosov<\/h6>\n<h6>Material: plastika<\/h6>","protected":false},"excerpt":{"rendered":"<p>Volite li nositi duge nokte, ali biste ih \u017eeljeli napraviti u udobnosti svog doma puno br\u017ee, ali s besprijekornom strukturom? Odaberite gotovo rje\u0161enje, a to su dual tipse u obliku nokta &#8211;\u00a0balerina! Dovoljan je samo trenutak da se va\u0161e ruke promijene do neprepoznatljivosti.\u00a0Njegovani i dugi nokti na dohvat ruke.\u00a0Savr\u0161ena konstrukcija u obliku BALERINA od sada [&hellip;]<\/p>\n","protected":false},"featured_media":10583,"comment_status":"closed","ping_status":"closed","template":"","meta":{"_uag_custom_page_level_css":"","site-sidebar-layout":"default","site-content-layout":null,"ast-site-content-layout":"default","site-content-style":"default","site-sidebar-style":"default","ast-global-header-display":"","ast-banner-title-visibility":"","ast-main-header-display":"","ast-hfb-above-header-display":"","ast-hfb-below-header-display":"","ast-hfb-mobile-header-display":"","site-post-title":"","ast-breadcrumbs-content":"","ast-featured-img":"","footer-sml-layout":"","ast-disable-related-posts":"","theme-transparent-header-meta":"default","adv-header-id-meta":"","stick-header-meta":"default","header-above-stick-meta":"","header-main-stick-meta":"","header-below-stick-meta":null,"astra-migrate-meta-layouts":"default","ast-page-background-enabled":"default","ast-page-background-meta":{"desktop":{"background-color":"var(--ast-global-color-4)","background-image":"","background-repeat":"repeat","background-position":"center center","background-size":"auto","background-attachment":"scroll","background-type":"","background-media":"","overlay-type":"","overlay-color":"","overlay-opacity":"","overlay-gradient":""},"tablet":{"background-color":"","background-image":"","background-repeat":"repeat","background-position":"center center","background-size":"auto","background-attachment":"scroll","background-type":"","background-media":"","overlay-type":"","overlay-color":"","overlay-opacity":"","overlay-gradient":""},"mobile":{"background-color":"","background-image":"","background-repeat":"repeat","background-position":"center center","background-size":"auto","background-attachment":"scroll","background-type":"","background-media":"","overlay-type":"","overlay-color":"","overlay-opacity":"","overlay-gradient":""}},"ast-content-background-meta":{"desktop":{"background-color":"var(--ast-global-color-5)","background-image":"","background-repeat":"repeat","background-position":"center center","background-size":"auto","background-attachment":"scroll","background-type":"","background-media":"","overlay-type":"","overlay-color":"","overlay-opacity":"","overlay-gradient":""},"tablet":{"background-color":"var(--ast-global-color-5)","background-image":"","background-repeat":"repeat","background-position":"center center","background-size":"auto","background-attachment":"scroll","background-type":"","background-media":"","overlay-type":"","overlay-color":"","overlay-opacity":"","overlay-gradient":""},"mobile":{"background-color":"var(--ast-global-color-5)","background-image":"","background-repeat":"repeat","background-position":"center center","background-size":"auto","background-attachment":"scroll","background-type":"","background-media":"","overlay-type":"","overlay-color":"","overlay-opacity":"","overlay-gradient":""}}},"product_brand":[],"product_cat":[116],"product_tag":[329,129],"class_list":{"0":"post-10582","1":"product","2":"type-product","3":"status-publish","4":"has-post-thumbnail","6":"product_cat-sablone-i-tipse","7":"product_tag-dual-tipse","8":"product_tag-tipse","9":"desktop-align-left","10":"tablet-align-left","11":"mobile-align-left","12":"ast-product-gallery-layout-horizontal-slider","13":"ast-product-tabs-layout-horizontal","15":"first","16":"outofstock","17":"taxable","18":"shipping-taxable","19":"purchasable","20":"product-type-simple"},"yoast_head":"<!-- This site is optimized with the Yoast SEO plugin v27.4 - https:\/\/yoast.com\/product\/yoast-seo-wordpress\/ -->\n<title>Dual tipse balerina 120 kom &#8902; Mea Via Beauty<\/title>\n<meta name=\"description\" content=\"Mea Via Beauty &#8902; Dual tipse balerina 120 kom &#8902; jednostavna izgradnja nokta &#8902; oblik balerina &#8902; prilago\u0111ene veli\u010dine svakom noktu\" \/>\n<meta name=\"robots\" content=\"index, follow, max-snippet:-1, max-image-preview:large, max-video-preview:-1\" \/>\n<link rel=\"canonical\" href=\"https:\/\/www.meavia-mh.hr\/sl\/product\/dual-tipse-balerina-120-kom\/\" \/>\n<meta property=\"og:locale\" content=\"sl_SI\" \/>\n<meta property=\"og:type\" content=\"article\" \/>\n<meta property=\"og:title\" content=\"Dual tipse balerina 120 kom &#8902; Mea Via Beauty\" \/>\n<meta property=\"og:description\" content=\"Mea Via Beauty &#8902; Dual tipse balerina 120 kom &#8902; jednostavna izgradnja nokta &#8902; oblik balerina &#8902; prilago\u0111ene veli\u010dine svakom noktu\" \/>\n<meta property=\"og:url\" content=\"https:\/\/www.meavia-mh.hr\/sl\/product\/dual-tipse-balerina-120-kom\/\" \/>\n<meta property=\"og:site_name\" content=\"Mea Via Beauty\" \/>\n<meta property=\"article:publisher\" content=\"https:\/\/www.facebook.com\/MeaViaNailsWorld\" \/>\n<meta property=\"article:modified_time\" content=\"2024-07-05T15:46:52+00:00\" \/>\n<meta property=\"og:image\" content=\"https:\/\/www.meavia-mh.hr\/wp-content\/uploads\/2022\/01\/Slika-zaslona-2022-01-06-u-11.48.28.jpg\" \/>\n\t<meta property=\"og:image:width\" content=\"1080\" \/>\n\t<meta property=\"og:image:height\" content=\"1066\" \/>\n\t<meta property=\"og:image:type\" content=\"image\/jpeg\" \/>\n<meta name=\"twitter:card\" content=\"summary_large_image\" \/>\n<meta name=\"twitter:label1\" content=\"Est. reading time\" \/>\n\t<meta name=\"twitter:data1\" content=\"3 minute\" \/>\n<script type=\"application\/ld+json\" class=\"yoast-schema-graph\">{\"@context\":\"https:\\\/\\\/schema.org\",\"@graph\":[{\"@type\":\"WebPage\",\"@id\":\"https:\\\/\\\/www.meavia-mh.hr\\\/product\\\/dual-tipse-balerina-120-kom\\\/\",\"url\":\"https:\\\/\\\/www.meavia-mh.hr\\\/product\\\/dual-tipse-balerina-120-kom\\\/\",\"name\":\"Dual tipse balerina 120 kom &#8902; Mea Via Beauty\",\"isPartOf\":{\"@id\":\"https:\\\/\\\/meavia-mh.hr\\\/sl\\\/#website\"},\"primaryImageOfPage\":{\"@id\":\"https:\\\/\\\/www.meavia-mh.hr\\\/product\\\/dual-tipse-balerina-120-kom\\\/#primaryimage\"},\"image\":{\"@id\":\"https:\\\/\\\/www.meavia-mh.hr\\\/product\\\/dual-tipse-balerina-120-kom\\\/#primaryimage\"},\"thumbnailUrl\":\"https:\\\/\\\/www.meavia-mh.hr\\\/wp-content\\\/uploads\\\/2022\\\/01\\\/Slika-zaslona-2022-01-06-u-11.48.28.jpg\",\"datePublished\":\"2022-01-06T11:04:04+00:00\",\"dateModified\":\"2024-07-05T15:46:52+00:00\",\"description\":\"Mea Via Beauty &#8902; Dual tipse balerina 120 kom &#8902; jednostavna izgradnja nokta &#8902; oblik balerina &#8902; prilago\u0111ene veli\u010dine svakom noktu\",\"breadcrumb\":{\"@id\":\"https:\\\/\\\/www.meavia-mh.hr\\\/product\\\/dual-tipse-balerina-120-kom\\\/#breadcrumb\"},\"inLanguage\":\"sl-SI\",\"potentialAction\":[{\"@type\":\"ReadAction\",\"target\":[\"https:\\\/\\\/www.meavia-mh.hr\\\/product\\\/dual-tipse-balerina-120-kom\\\/\"]}]},{\"@type\":\"ImageObject\",\"inLanguage\":\"sl-SI\",\"@id\":\"https:\\\/\\\/www.meavia-mh.hr\\\/product\\\/dual-tipse-balerina-120-kom\\\/#primaryimage\",\"url\":\"https:\\\/\\\/www.meavia-mh.hr\\\/wp-content\\\/uploads\\\/2022\\\/01\\\/Slika-zaslona-2022-01-06-u-11.48.28.jpg\",\"contentUrl\":\"https:\\\/\\\/www.meavia-mh.hr\\\/wp-content\\\/uploads\\\/2022\\\/01\\\/Slika-zaslona-2022-01-06-u-11.48.28.jpg\",\"width\":1080,\"height\":1066,\"caption\":\"Duale tipse balerina 120 kom\"},{\"@type\":\"BreadcrumbList\",\"@id\":\"https:\\\/\\\/www.meavia-mh.hr\\\/product\\\/dual-tipse-balerina-120-kom\\\/#breadcrumb\",\"itemListElement\":[{\"@type\":\"ListItem\",\"position\":1,\"name\":\"Po\u010detna stranica\",\"item\":\"https:\\\/\\\/www.meavia-mh.hr\\\/\"},{\"@type\":\"ListItem\",\"position\":2,\"name\":\"Trgovina\",\"item\":\"https:\\\/\\\/meavia-mh.hr\\\/sl\\\/store\\\/\"},{\"@type\":\"ListItem\",\"position\":3,\"name\":\"Dual tipse balerina 120 kom\"}]},{\"@type\":\"WebSite\",\"@id\":\"https:\\\/\\\/meavia-mh.hr\\\/sl\\\/#website\",\"url\":\"https:\\\/\\\/meavia-mh.hr\\\/sl\\\/\",\"name\":\"Mea Via Beauty\",\"description\":\"Only The Best For Your Beauty\",\"publisher\":{\"@id\":\"https:\\\/\\\/meavia-mh.hr\\\/sl\\\/#organization\"},\"alternateName\":\"Mea Via Nails\",\"potentialAction\":[{\"@type\":\"SearchAction\",\"target\":{\"@type\":\"EntryPoint\",\"urlTemplate\":\"https:\\\/\\\/meavia-mh.hr\\\/sl\\\/?s={search_term_string}\"},\"query-input\":{\"@type\":\"PropertyValueSpecification\",\"valueRequired\":true,\"valueName\":\"search_term_string\"}}],\"inLanguage\":\"sl-SI\"},{\"@type\":\"Organization\",\"@id\":\"https:\\\/\\\/meavia-mh.hr\\\/sl\\\/#organization\",\"name\":\"Mea Via Nails World\",\"alternateName\":\"Mea Via\",\"url\":\"https:\\\/\\\/meavia-mh.hr\\\/sl\\\/\",\"logo\":{\"@type\":\"ImageObject\",\"inLanguage\":\"sl-SI\",\"@id\":\"https:\\\/\\\/meavia-mh.hr\\\/sl\\\/#\\\/schema\\\/logo\\\/image\\\/\",\"url\":\"https:\\\/\\\/www.meavia-mh.hr\\\/wp-content\\\/uploads\\\/2020\\\/12\\\/Mea-Via.png\",\"contentUrl\":\"https:\\\/\\\/www.meavia-mh.hr\\\/wp-content\\\/uploads\\\/2020\\\/12\\\/Mea-Via.png\",\"width\":1181,\"height\":393,\"caption\":\"Mea Via Nails World\"},\"image\":{\"@id\":\"https:\\\/\\\/meavia-mh.hr\\\/sl\\\/#\\\/schema\\\/logo\\\/image\\\/\"},\"sameAs\":[\"https:\\\/\\\/www.facebook.com\\\/MeaViaNailsWorld\",\"https:\\\/\\\/www.instagram.com\\\/mea_via_nails_world\\\/\",\"https:\\\/\\\/www.youtube.com\\\/channel\\\/UCECk0hpRWP6TN-EfA4ER96g\\\/featured\"]}]}<\/script>\n<!-- \/ Yoast SEO plugin. -->","yoast_head_json":{"title":"Balerinke z dvojnimi konicami 120 kosov \u22c6 Mea Via Beauty","description":"Mea Via Beauty \u22c6 Dvojne balerinske konice 120 kosov \u22c6 preprosto oblikovanje nohtov \u22c6 oblika balerine \u22c6 velikosti po meri za vsak noht","robots":{"index":"index","follow":"follow","max-snippet":"max-snippet:-1","max-image-preview":"max-image-preview:large","max-video-preview":"max-video-preview:-1"},"canonical":"https:\/\/www.meavia-mh.hr\/sl\/product\/dual-tipse-balerina-120-kom\/","og_locale":"sl_SI","og_type":"article","og_title":"Dual tipse balerina 120 kom &#8902; Mea Via Beauty","og_description":"Mea Via Beauty &#8902; Dual tipse balerina 120 kom &#8902; jednostavna izgradnja nokta &#8902; oblik balerina &#8902; prilago\u0111ene veli\u010dine svakom noktu","og_url":"https:\/\/www.meavia-mh.hr\/sl\/product\/dual-tipse-balerina-120-kom\/","og_site_name":"Mea Via Beauty","article_publisher":"https:\/\/www.facebook.com\/MeaViaNailsWorld","article_modified_time":"2024-07-05T15:46:52+00:00","og_image":[{"width":1080,"height":1066,"url":"https:\/\/www.meavia-mh.hr\/wp-content\/uploads\/2022\/01\/Slika-zaslona-2022-01-06-u-11.48.28.jpg","type":"image\/jpeg"}],"twitter_card":"summary_large_image","twitter_misc":{"Est. reading time":"3 minute"},"schema":{"@context":"https:\/\/schema.org","@graph":[{"@type":"WebPage","@id":"https:\/\/www.meavia-mh.hr\/product\/dual-tipse-balerina-120-kom\/","url":"https:\/\/www.meavia-mh.hr\/product\/dual-tipse-balerina-120-kom\/","name":"Balerinke z dvojnimi konicami 120 kosov \u22c6 Mea Via Beauty","isPartOf":{"@id":"https:\/\/meavia-mh.hr\/sl\/#website"},"primaryImageOfPage":{"@id":"https:\/\/www.meavia-mh.hr\/product\/dual-tipse-balerina-120-kom\/#primaryimage"},"image":{"@id":"https:\/\/www.meavia-mh.hr\/product\/dual-tipse-balerina-120-kom\/#primaryimage"},"thumbnailUrl":"https:\/\/www.meavia-mh.hr\/wp-content\/uploads\/2022\/01\/Slika-zaslona-2022-01-06-u-11.48.28.jpg","datePublished":"2022-01-06T11:04:04+00:00","dateModified":"2024-07-05T15:46:52+00:00","description":"Mea Via Beauty \u22c6 Dvojne balerinske konice 120 kosov \u22c6 preprosto oblikovanje nohtov \u22c6 oblika balerine \u22c6 velikosti po meri za vsak noht","breadcrumb":{"@id":"https:\/\/www.meavia-mh.hr\/product\/dual-tipse-balerina-120-kom\/#breadcrumb"},"inLanguage":"sl-SI","potentialAction":[{"@type":"ReadAction","target":["https:\/\/www.meavia-mh.hr\/product\/dual-tipse-balerina-120-kom\/"]}]},{"@type":"ImageObject","inLanguage":"sl-SI","@id":"https:\/\/www.meavia-mh.hr\/product\/dual-tipse-balerina-120-kom\/#primaryimage","url":"https:\/\/www.meavia-mh.hr\/wp-content\/uploads\/2022\/01\/Slika-zaslona-2022-01-06-u-11.48.28.jpg","contentUrl":"https:\/\/www.meavia-mh.hr\/wp-content\/uploads\/2022\/01\/Slika-zaslona-2022-01-06-u-11.48.28.jpg","width":1080,"height":1066,"caption":"Duale tipse balerina 120 kom"},{"@type":"BreadcrumbList","@id":"https:\/\/www.meavia-mh.hr\/product\/dual-tipse-balerina-120-kom\/#breadcrumb","itemListElement":[{"@type":"ListItem","position":1,"name":"Po\u010detna stranica","item":"https:\/\/www.meavia-mh.hr\/"},{"@type":"ListItem","position":2,"name":"Trgovina","item":"https:\/\/meavia-mh.hr\/sl\/store\/"},{"@type":"ListItem","position":3,"name":"Dual tipse balerina 120 kom"}]},{"@type":"WebSite","@id":"https:\/\/meavia-mh.hr\/sl\/#website","url":"https:\/\/meavia-mh.hr\/sl\/","name":"MEA VIA BEAUTY","description":"Only The Best For Your Beauty","publisher":{"@id":"https:\/\/meavia-mh.hr\/sl\/#organization"},"alternateName":"Mea Via Nails","potentialAction":[{"@type":"SearchAction","target":{"@type":"EntryPoint","urlTemplate":"https:\/\/meavia-mh.hr\/sl\/?s={search_term_string}"},"query-input":{"@type":"PropertyValueSpecification","valueRequired":true,"valueName":"search_term_string"}}],"inLanguage":"sl-SI"},{"@type":"Organization","@id":"https:\/\/meavia-mh.hr\/sl\/#organization","name":"Mea Via Nails World","alternateName":"Mea Via","url":"https:\/\/meavia-mh.hr\/sl\/","logo":{"@type":"ImageObject","inLanguage":"sl-SI","@id":"https:\/\/meavia-mh.hr\/sl\/#\/schema\/logo\/image\/","url":"https:\/\/www.meavia-mh.hr\/wp-content\/uploads\/2020\/12\/Mea-Via.png","contentUrl":"https:\/\/www.meavia-mh.hr\/wp-content\/uploads\/2020\/12\/Mea-Via.png","width":1181,"height":393,"caption":"Mea Via Nails World"},"image":{"@id":"https:\/\/meavia-mh.hr\/sl\/#\/schema\/logo\/image\/"},"sameAs":["https:\/\/www.facebook.com\/MeaViaNailsWorld","https:\/\/www.instagram.com\/mea_via_nails_world\/","https:\/\/www.youtube.com\/channel\/UCECk0hpRWP6TN-EfA4ER96g\/featured"]}]}},"spectra_custom_meta":{"_sku":["5903990500626"],"_regular_price":["10.6"],"total_sales":["4"],"_tax_status":["taxable"],"_tax_class":[""],"_manage_stock":["yes"],"_backorders":["no"],"_sold_individually":["no"],"_virtual":["no"],"_downloadable":["no"],"_download_limit":["-1"],"_download_expiry":["-1"],"_thumbnail_id":["10583"],"_stock":["0"],"_stock_status":["outofstock"],"_wc_average_rating":["0"],"_wc_review_count":["0"],"_product_version":["8.4.0"],"_price":["10.6"],"_wp_page_template":["default"],"_yoast_wpseo_focuskw":["dual tipse"],"_yoast_wpseo_metadesc":["%%sitename%% %%sep%% %%title%% %%sep%% jednostavna izgradnja nokta %%sep%% oblik balerina %%sep%% prilago\u0111ene veli\u010dine svakom noktu"],"_yoast_wpseo_linkdex":["79"],"_yoast_wpseo_content_score":["90"],"_yoast_wpseo_primary_product_cat":["24"],"site-sidebar-layout":["default"],"site-content-layout":[null],"theme-transparent-header-meta":["default"],"stick-header-meta":["default"],"_woocs_price_geo_countries":[""],"_woocs_regular_price_geo":[""],"_woocs_sale_price_geo":[""],"_yoast_wpseo_estimated-reading-time-minutes":["3"],"cartflows_redirect_flow_id":[""],"cartflows_add_to_cart_text":[""],"_edit_lock":["1702851689:1239"],"_edit_last":["1239"],"_product_image_gallery":["10584,10586,10585,10592"],"_woocs_regular_price_EUR":["10.6"],"_woocs_sale_price_EUR":["-1"],"ast-below-header-display":[null],"footer-adv-display":[null],"adv-header-id-meta":[""],"header-below-stick-meta":[null],"_lowest_price_30_days":["10.6"],"uag_migration_processed":["1"],"_elementor_page_assets":["a:0:{}"],"_uag_page_assets":["a:9:{s:3:\"css\";s:0:\"\";s:2:\"js\";s:0:\"\";s:18:\"current_block_list\";a:3:{i:0;s:11:\"core\/search\";i:1;s:18:\"core\/legacy-widget\";i:2;s:27:\"woocommerce\/product-filters\";}s:8:\"uag_flag\";b:0;s:11:\"uag_version\";s:10:\"1776400228\";s:6:\"gfonts\";a:0:{}s:10:\"gfonts_url\";s:0:\"\";s:12:\"gfonts_files\";a:0:{}s:14:\"uag_faq_layout\";b:0;}"]},"uagb_featured_image_src":{"full":["https:\/\/www.meavia-mh.hr\/wp-content\/uploads\/2022\/01\/Slika-zaslona-2022-01-06-u-11.48.28.jpg",1080,1066,false],"thumbnail":["https:\/\/www.meavia-mh.hr\/wp-content\/uploads\/2022\/01\/Slika-zaslona-2022-01-06-u-11.48.28-150x150.jpg",150,150,true],"medium":["https:\/\/www.meavia-mh.hr\/wp-content\/uploads\/2022\/01\/Slika-zaslona-2022-01-06-u-11.48.28-300x296.jpg",300,296,true],"medium_large":["https:\/\/www.meavia-mh.hr\/wp-content\/uploads\/2022\/01\/Slika-zaslona-2022-01-06-u-11.48.28-768x758.jpg",768,758,true],"large":["https:\/\/www.meavia-mh.hr\/wp-content\/uploads\/2022\/01\/Slika-zaslona-2022-01-06-u-11.48.28-1024x1011.jpg",1024,1011,true],"1536x1536":["https:\/\/www.meavia-mh.hr\/wp-content\/uploads\/2022\/01\/Slika-zaslona-2022-01-06-u-11.48.28.jpg",1080,1066,false],"2048x2048":["https:\/\/www.meavia-mh.hr\/wp-content\/uploads\/2022\/01\/Slika-zaslona-2022-01-06-u-11.48.28.jpg",1080,1066,false],"trp-custom-language-flag":["https:\/\/www.meavia-mh.hr\/wp-content\/uploads\/2022\/01\/Slika-zaslona-2022-01-06-u-11.48.28-12x12.jpg",12,12,true],"woocommerce_thumbnail":["https:\/\/www.meavia-mh.hr\/wp-content\/uploads\/2022\/01\/Slika-zaslona-2022-01-06-u-11.48.28-300x300.jpg",300,300,true],"woocommerce_single":["https:\/\/www.meavia-mh.hr\/wp-content\/uploads\/2022\/01\/Slika-zaslona-2022-01-06-u-11.48.28-600x592.jpg",600,592,true],"woocommerce_gallery_thumbnail":["https:\/\/www.meavia-mh.hr\/wp-content\/uploads\/2022\/01\/Slika-zaslona-2022-01-06-u-11.48.28-100x100.jpg",100,100,true]},"uagb_author_info":{"display_name":"Mea Via","author_link":"https:\/\/www.meavia-mh.hr\/sl\/author\/"},"uagb_comment_info":0,"uagb_excerpt":"Volite li nositi duge nokte, ali biste ih \u017eeljeli napraviti u udobnosti svog doma puno br\u017ee, ali s besprijekornom strukturom? Odaberite gotovo rje\u0161enje, a to su dual tipse u obliku nokta &#8211;\u00a0balerina! Dovoljan je samo trenutak da se va\u0161e ruke promijene do neprepoznatljivosti.\u00a0Njegovani i dugi nokti na dohvat ruke.\u00a0Savr\u0161ena konstrukcija u obliku BALERINA od sada&hellip;","_links":{"self":[{"href":"https:\/\/www.meavia-mh.hr\/sl\/wp-json\/wp\/v2\/product\/10582","targetHints":{"allow":["GET"]}}],"collection":[{"href":"https:\/\/www.meavia-mh.hr\/sl\/wp-json\/wp\/v2\/product"}],"about":[{"href":"https:\/\/www.meavia-mh.hr\/sl\/wp-json\/wp\/v2\/types\/product"}],"replies":[{"embeddable":true,"href":"https:\/\/www.meavia-mh.hr\/sl\/wp-json\/wp\/v2\/comments?post=10582"}],"version-history":[{"count":2,"href":"https:\/\/www.meavia-mh.hr\/sl\/wp-json\/wp\/v2\/product\/10582\/revisions"}],"predecessor-version":[{"id":31046,"href":"https:\/\/www.meavia-mh.hr\/sl\/wp-json\/wp\/v2\/product\/10582\/revisions\/31046"}],"wp:featuredmedia":[{"embeddable":true,"href":"https:\/\/www.meavia-mh.hr\/sl\/wp-json\/wp\/v2\/media\/10583"}],"wp:attachment":[{"href":"https:\/\/www.meavia-mh.hr\/sl\/wp-json\/wp\/v2\/media?parent=10582"}],"wp:term":[{"taxonomy":"product_brand","embeddable":true,"href":"https:\/\/www.meavia-mh.hr\/sl\/wp-json\/wp\/v2\/product_brand?post=10582"},{"taxonomy":"product_cat","embeddable":true,"href":"https:\/\/www.meavia-mh.hr\/sl\/wp-json\/wp\/v2\/product_cat?post=10582"},{"taxonomy":"product_tag","embeddable":true,"href":"https:\/\/www.meavia-mh.hr\/sl\/wp-json\/wp\/v2\/product_tag?post=10582"}],"curies":[{"name":"delovni list","href":"https:\/\/api.w.org\/{rel}","templated":true}]}}