{"id":10521,"date":"2022-01-02T00:10:06","date_gmt":"2022-01-02T00:10:06","guid":{"rendered":"https:\/\/www.meavia-mh.hr\/?post_type=product&#038;p=10521"},"modified":"2024-07-05T15:46:53","modified_gmt":"2024-07-05T15:46:53","slug":"nitrilne-rukavice-m-100-kom","status":"publish","type":"product","link":"https:\/\/www.meavia-mh.hr\/sl\/product\/nitrilne-rukavice-m-100-kom\/","title":{"rendered":"Nitrilne rokavice M - 100 kos"},"content":{"rendered":"<p>Nitrilne rokavice so izdelane brez lateksa in brez kemi\u010dnih pospe\u0161evalcev \u2013 kar zmanj\u0161uje tveganje za morebitne stranske u\u010dinke. Imajo tudi odli\u010dno obliko, ob\u010dutek, mo\u010d in tipno ob\u010dutljivost; zaradi \u010desar so idealna izbira, kadar ob\u010dutljiva ko\u017ea potrebuje za\u0161\u010ditno za\u0161\u010dito.<\/p>\n<p><span>Namenjeni so zdravstvenim pregledom, diagnostiki, terapevtskim dejavnostim in delu z septi\u010dnim materialom ter so zasnovani kot osebna za\u0161\u010ditna oprema enostavne strukture, ki \u0161\u010diti pred minimalnimi tveganji, ki ne morejo povzro\u010diti nepopravljive po\u0161kodbe ko\u017ee uporabnika. Njihova zasnova in ozna\u010devanje sta v skladu z zahtevami Evropske medicinske direktive 93\/42\/EGS in Evropske direktive o osebni za\u0161\u010ditni opremi 89\/686\/EGS ter uvedenimi spremembami.<\/span><\/p>\n<p>Pri name\u0161\u010danju umetnih nohtov, trajnega laka ali manikure pridete v stik z razli\u010dnimi kemi\u010dnimi pripravki (trajni odstranjevalec laka,\u00a0<a href=\"https:\/\/www.meavia-mh.hr\/sl\/product\/palu-bonder-no-acid-primer-2-11ml\/\">primer<\/a>,\u00a0<a href=\"https:\/\/www.meavia-mh.hr\/sl\/product\/ikon-iq-x10-airdry-bonder-15ml\/\">superbond<\/a>, uv gel ... itd.) in s prahom. Kombinacija prahu umetnega gela ali trajnega laka z razli\u010dnimi kemi\u010dnimi pripravki lahko povzro\u010di ne\u017eelene alergijske ko\u017ene reakcije10. Za\u0161\u010ditne nitrilne rokavice bodo va\u0161i ko\u017ei zagotovile za\u0161\u010dito pred ne\u017eelenimi vplivi.<\/p>\n<p>Nitrilne rokavice brez pudra so izdelane z uporabo najnovej\u0161ih tehnolo\u0161kih dose\u017ekov, ki zagotavljajo izjemno udobje in zmogljivost. Trpe\u017een nitrilni material je neverjetno mehak in zagotavlja odli\u010dno kemi\u010dno odpornost in za\u0161\u010dito. Izbolj\u0161ana ob\u010dutljivost vam omogo\u010da natan\u010dno delo z manj\u0161imi predmeti.<\/p>\n<p>Nitrilne rokavice imajo bolj\u0161i koeficient mehanske in kemijske za\u0161\u010dite v primerjavi z rokavicami iz lateksa ali vinila. Nitrilne rokavice so narejene iz nitrila, umetne sinteti\u010dno proizvedene gume (drugo ime za akrilonitril-butadien) in so nadomestek naravnega kav\u010duka. Glavna prednost nitrilnih rokavic je njihova antialergijska lastnost 100% v primerjavi z rokavicami iz drugih materialov (lateks, vinil).<\/p>\n<p><strong><span>Priporo\u010dilo:<\/span><\/strong><span>\u00a0\u00a0diagnostika, veterina, kozmeti\u010dni in frizerski saloni, stik s hrano, avtomobilska in strojna industrija, elektronska in tiskarska industrija, manj\u0161a monta\u017ena dela, gospodinjska opravila.<\/span><\/p>\n<h6>Specifikacije nitrilnih rokavic:<\/h6>\n<ul>\n<li>debelina konice prsta: 0,10 mm<\/li>\n<li>debelina dlani: 0,10 mm<\/li>\n<li>debelina man\u0161ete: 0,08 mm<\/li>\n<li>velikost: M<\/li>\n<li>barva rokavic: modra<\/li>\n<li>brez prahu<\/li>\n<\/ul>\n<h6>Pakiranje: 100 kosov \/ \u0161katla<\/h6>\n<p>&nbsp;<\/p>\n<p><strong><span>Shranjevanje rokavic:<\/span><\/strong><\/p>\n<ul>\n<li><span>Priporo\u010dljivo je, da rokavice hranite v suhem prostoru pri 5-30 \u00b0C in jih za\u0161\u010ditite pred son\u010dno svetlobo in fluorescen\u010dno svetlobo.<\/span><\/li>\n<li><span>Priporo\u010dena relativna vla\u017enost predala za rokavice je 60 \u00b1 20%.<\/span><\/li>\n<li><span>Rokavice hranite vsaj 1 m stran od grelnikov, virov ognja in ozona<\/span><\/li>\n<li><span>Ne shranjujte v bli\u017eini topil, olj, goriv, ma\u0161\u010dob.<\/span><\/li>\n<\/ul>","protected":false},"excerpt":{"rendered":"<p>Nitrilne rukavice izra\u0111ene su bez lateksa i bez kemijskih akceleratora &#8211; umanjuju\u0107i rizik od bilo kakvih nuspojava. Tako\u0111er imaju izvrsnu formu, osje\u0107aj, snagu i taktilnu osjetljivost; \u0161to ih \u010dini idealnim izborom kada je za osjetljivu ko\u017eu potrebna za\u0161titna za\u0161tita. Namijenjene su lije\u010dni\u010dkim pregledima, dijagnostici, terapijskim aktivnostima i radu sa septi\u010dkim materijalom, a osmi\u0161ljene su kao [&hellip;]<\/p>\n","protected":false},"featured_media":10522,"comment_status":"open","ping_status":"closed","template":"","meta":{"_uag_custom_page_level_css":"","site-sidebar-layout":"default","site-content-layout":"default","ast-site-content-layout":"default","site-content-style":"default","site-sidebar-style":"default","ast-global-header-display":"","ast-banner-title-visibility":"","ast-main-header-display":"","ast-hfb-above-header-display":"","ast-hfb-below-header-display":"","ast-hfb-mobile-header-display":"","site-post-title":"","ast-breadcrumbs-content":"","ast-featured-img":"","footer-sml-layout":"","ast-disable-related-posts":"","theme-transparent-header-meta":"default","adv-header-id-meta":"","stick-header-meta":"default","header-above-stick-meta":"","header-main-stick-meta":"","header-below-stick-meta":"","astra-migrate-meta-layouts":"default","ast-page-background-enabled":"default","ast-page-background-meta":{"desktop":{"background-color":"var(--ast-global-color-4)","background-image":"","background-repeat":"repeat","background-position":"center center","background-size":"auto","background-attachment":"scroll","background-type":"","background-media":"","overlay-type":"","overlay-color":"","overlay-opacity":"","overlay-gradient":""},"tablet":{"background-color":"","background-image":"","background-repeat":"repeat","background-position":"center center","background-size":"auto","background-attachment":"scroll","background-type":"","background-media":"","overlay-type":"","overlay-color":"","overlay-opacity":"","overlay-gradient":""},"mobile":{"background-color":"","background-image":"","background-repeat":"repeat","background-position":"center center","background-size":"auto","background-attachment":"scroll","background-type":"","background-media":"","overlay-type":"","overlay-color":"","overlay-opacity":"","overlay-gradient":""}},"ast-content-background-meta":{"desktop":{"background-color":"var(--ast-global-color-5)","background-image":"","background-repeat":"repeat","background-position":"center center","background-size":"auto","background-attachment":"scroll","background-type":"","background-media":"","overlay-type":"","overlay-color":"","overlay-opacity":"","overlay-gradient":""},"tablet":{"background-color":"var(--ast-global-color-5)","background-image":"","background-repeat":"repeat","background-position":"center center","background-size":"auto","background-attachment":"scroll","background-type":"","background-media":"","overlay-type":"","overlay-color":"","overlay-opacity":"","overlay-gradient":""},"mobile":{"background-color":"var(--ast-global-color-5)","background-image":"","background-repeat":"repeat","background-position":"center center","background-size":"auto","background-attachment":"scroll","background-type":"","background-media":"","overlay-type":"","overlay-color":"","overlay-opacity":"","overlay-gradient":""}}},"product_brand":[],"product_cat":[24,118],"product_tag":[254,255],"class_list":{"0":"post-10521","1":"product","2":"type-product","3":"status-publish","4":"has-post-thumbnail","6":"product_cat-dodaci","7":"product_cat-njegu-ruku-i-nogu","8":"product_tag-nitrilne-rukavice","9":"product_tag-rukavice","10":"desktop-align-left","11":"tablet-align-left","12":"mobile-align-left","13":"ast-product-gallery-layout-horizontal-slider","14":"ast-product-tabs-layout-horizontal","16":"first","17":"outofstock","18":"sold-individually","19":"taxable","20":"shipping-taxable","21":"purchasable","22":"product-type-simple"},"yoast_head":"<!-- This site is optimized with the Yoast SEO plugin v27.5 - https:\/\/yoast.com\/product\/yoast-seo-wordpress\/ -->\n<title>Nitrilne rukavice M - 100 kom &#8902; Mea Via Beauty<\/title>\n<meta name=\"description\" content=\"Nitrilne rukavice M - 100 kom &#8902; premium kvaliteta &#8902; proizvedeno prema medicinskim standardima &#8902; \u0161titi ruke od \u0161tetnog utecaja kemikalija\" \/>\n<meta name=\"robots\" content=\"index, follow, max-snippet:-1, max-image-preview:large, max-video-preview:-1\" \/>\n<link rel=\"canonical\" href=\"https:\/\/www.meavia-mh.hr\/sl\/product\/nitrilne-rukavice-m-100-kom\/\" \/>\n<meta property=\"og:locale\" content=\"sl_SI\" \/>\n<meta property=\"og:type\" content=\"article\" \/>\n<meta property=\"og:title\" content=\"Nitrilne rukavice M - 100 kom &#8902; Mea Via Beauty\" \/>\n<meta property=\"og:description\" content=\"Nitrilne rukavice M - 100 kom &#8902; premium kvaliteta &#8902; proizvedeno prema medicinskim standardima &#8902; \u0161titi ruke od \u0161tetnog utecaja kemikalija\" \/>\n<meta property=\"og:url\" content=\"https:\/\/www.meavia-mh.hr\/sl\/product\/nitrilne-rukavice-m-100-kom\/\" \/>\n<meta property=\"og:site_name\" content=\"Mea Via Beauty\" \/>\n<meta property=\"article:publisher\" content=\"https:\/\/www.facebook.com\/MeaViaNailsWorld\" \/>\n<meta property=\"article:modified_time\" content=\"2024-07-05T15:46:53+00:00\" \/>\n<meta property=\"og:image\" content=\"https:\/\/www.meavia-mh.hr\/wp-content\/uploads\/2022\/01\/Slika-zaslona-2022-01-02-u-01.05.38.jpg\" \/>\n\t<meta property=\"og:image:width\" content=\"1450\" \/>\n\t<meta property=\"og:image:height\" content=\"1450\" \/>\n\t<meta property=\"og:image:type\" content=\"image\/jpeg\" \/>\n<meta name=\"twitter:card\" content=\"summary_large_image\" \/>\n<meta name=\"twitter:label1\" content=\"Est. reading time\" \/>\n\t<meta name=\"twitter:data1\" content=\"2 minuti\" \/>\n<script type=\"application\/ld+json\" class=\"yoast-schema-graph\">{\"@context\":\"https:\\\/\\\/schema.org\",\"@graph\":[{\"@type\":\"WebPage\",\"@id\":\"https:\\\/\\\/www.meavia-mh.hr\\\/product\\\/nitrilne-rukavice-m-100-kom\\\/\",\"url\":\"https:\\\/\\\/www.meavia-mh.hr\\\/product\\\/nitrilne-rukavice-m-100-kom\\\/\",\"name\":\"Nitrilne rukavice M - 100 kom &#8902; Mea Via Beauty\",\"isPartOf\":{\"@id\":\"https:\\\/\\\/meavia-mh.hr\\\/sl\\\/#website\"},\"primaryImageOfPage\":{\"@id\":\"https:\\\/\\\/www.meavia-mh.hr\\\/product\\\/nitrilne-rukavice-m-100-kom\\\/#primaryimage\"},\"image\":{\"@id\":\"https:\\\/\\\/www.meavia-mh.hr\\\/product\\\/nitrilne-rukavice-m-100-kom\\\/#primaryimage\"},\"thumbnailUrl\":\"https:\\\/\\\/www.meavia-mh.hr\\\/wp-content\\\/uploads\\\/2022\\\/01\\\/Slika-zaslona-2022-01-02-u-01.05.38.jpg\",\"datePublished\":\"2022-01-02T00:10:06+00:00\",\"dateModified\":\"2024-07-05T15:46:53+00:00\",\"description\":\"Nitrilne rukavice M - 100 kom &#8902; premium kvaliteta &#8902; proizvedeno prema medicinskim standardima &#8902; \u0161titi ruke od \u0161tetnog utecaja kemikalija\",\"breadcrumb\":{\"@id\":\"https:\\\/\\\/www.meavia-mh.hr\\\/product\\\/nitrilne-rukavice-m-100-kom\\\/#breadcrumb\"},\"inLanguage\":\"sl-SI\",\"potentialAction\":[{\"@type\":\"ReadAction\",\"target\":[\"https:\\\/\\\/www.meavia-mh.hr\\\/product\\\/nitrilne-rukavice-m-100-kom\\\/\"]}]},{\"@type\":\"ImageObject\",\"inLanguage\":\"sl-SI\",\"@id\":\"https:\\\/\\\/www.meavia-mh.hr\\\/product\\\/nitrilne-rukavice-m-100-kom\\\/#primaryimage\",\"url\":\"https:\\\/\\\/www.meavia-mh.hr\\\/wp-content\\\/uploads\\\/2022\\\/01\\\/Slika-zaslona-2022-01-02-u-01.05.38.jpg\",\"contentUrl\":\"https:\\\/\\\/www.meavia-mh.hr\\\/wp-content\\\/uploads\\\/2022\\\/01\\\/Slika-zaslona-2022-01-02-u-01.05.38.jpg\",\"width\":1450,\"height\":1450,\"caption\":\"Nitrilne rukavice M - 100 kom\"},{\"@type\":\"BreadcrumbList\",\"@id\":\"https:\\\/\\\/www.meavia-mh.hr\\\/product\\\/nitrilne-rukavice-m-100-kom\\\/#breadcrumb\",\"itemListElement\":[{\"@type\":\"ListItem\",\"position\":1,\"name\":\"Po\u010detna stranica\",\"item\":\"https:\\\/\\\/www.meavia-mh.hr\\\/\"},{\"@type\":\"ListItem\",\"position\":2,\"name\":\"Trgovina\",\"item\":\"https:\\\/\\\/meavia-mh.hr\\\/sl\\\/store\\\/\"},{\"@type\":\"ListItem\",\"position\":3,\"name\":\"Nitrilne rukavice M &#8211; 100 kom\"}]},{\"@type\":\"WebSite\",\"@id\":\"https:\\\/\\\/meavia-mh.hr\\\/sl\\\/#website\",\"url\":\"https:\\\/\\\/meavia-mh.hr\\\/sl\\\/\",\"name\":\"Mea Via Beauty\",\"description\":\"Only The Best For Your Beauty\",\"publisher\":{\"@id\":\"https:\\\/\\\/meavia-mh.hr\\\/sl\\\/#organization\"},\"alternateName\":\"Mea Via Nails\",\"potentialAction\":[{\"@type\":\"SearchAction\",\"target\":{\"@type\":\"EntryPoint\",\"urlTemplate\":\"https:\\\/\\\/meavia-mh.hr\\\/sl\\\/?s={search_term_string}\"},\"query-input\":{\"@type\":\"PropertyValueSpecification\",\"valueRequired\":true,\"valueName\":\"search_term_string\"}}],\"inLanguage\":\"sl-SI\"},{\"@type\":\"Organization\",\"@id\":\"https:\\\/\\\/meavia-mh.hr\\\/sl\\\/#organization\",\"name\":\"Mea Via Nails World\",\"alternateName\":\"Mea Via\",\"url\":\"https:\\\/\\\/meavia-mh.hr\\\/sl\\\/\",\"logo\":{\"@type\":\"ImageObject\",\"inLanguage\":\"sl-SI\",\"@id\":\"https:\\\/\\\/meavia-mh.hr\\\/sl\\\/#\\\/schema\\\/logo\\\/image\\\/\",\"url\":\"https:\\\/\\\/www.meavia-mh.hr\\\/wp-content\\\/uploads\\\/2020\\\/12\\\/Mea-Via.png\",\"contentUrl\":\"https:\\\/\\\/www.meavia-mh.hr\\\/wp-content\\\/uploads\\\/2020\\\/12\\\/Mea-Via.png\",\"width\":1181,\"height\":393,\"caption\":\"Mea Via Nails World\"},\"image\":{\"@id\":\"https:\\\/\\\/meavia-mh.hr\\\/sl\\\/#\\\/schema\\\/logo\\\/image\\\/\"},\"sameAs\":[\"https:\\\/\\\/www.facebook.com\\\/MeaViaNailsWorld\",\"https:\\\/\\\/www.instagram.com\\\/mea_via_nails_world\\\/\",\"https:\\\/\\\/www.youtube.com\\\/channel\\\/UCECk0hpRWP6TN-EfA4ER96g\\\/featured\"]}]}<\/script>\n<!-- \/ Yoast SEO plugin. -->","yoast_head_json":{"title":"Nitrilne rukavice M - 100 kom &#8902; Mea Via Beauty","description":"Nitrilne rukavice M - 100 kom &#8902; premium kvaliteta &#8902; proizvedeno prema medicinskim standardima &#8902; \u0161titi ruke od \u0161tetnog utecaja kemikalija","robots":{"index":"index","follow":"follow","max-snippet":"max-snippet:-1","max-image-preview":"max-image-preview:large","max-video-preview":"max-video-preview:-1"},"canonical":"https:\/\/www.meavia-mh.hr\/sl\/product\/nitrilne-rukavice-m-100-kom\/","og_locale":"sl_SI","og_type":"article","og_title":"Nitrilne rukavice M - 100 kom &#8902; Mea Via Beauty","og_description":"Nitrilne rukavice M - 100 kom &#8902; premium kvaliteta &#8902; proizvedeno prema medicinskim standardima &#8902; \u0161titi ruke od \u0161tetnog utecaja kemikalija","og_url":"https:\/\/www.meavia-mh.hr\/sl\/product\/nitrilne-rukavice-m-100-kom\/","og_site_name":"Mea Via Beauty","article_publisher":"https:\/\/www.facebook.com\/MeaViaNailsWorld","article_modified_time":"2024-07-05T15:46:53+00:00","og_image":[{"width":1450,"height":1450,"url":"https:\/\/www.meavia-mh.hr\/wp-content\/uploads\/2022\/01\/Slika-zaslona-2022-01-02-u-01.05.38.jpg","type":"image\/jpeg"}],"twitter_card":"summary_large_image","twitter_misc":{"Est. reading time":"2 minuti"},"schema":{"@context":"https:\/\/schema.org","@graph":[{"@type":"WebPage","@id":"https:\/\/www.meavia-mh.hr\/product\/nitrilne-rukavice-m-100-kom\/","url":"https:\/\/www.meavia-mh.hr\/product\/nitrilne-rukavice-m-100-kom\/","name":"Nitrilne rukavice M - 100 kom &#8902; Mea Via Beauty","isPartOf":{"@id":"https:\/\/meavia-mh.hr\/sl\/#website"},"primaryImageOfPage":{"@id":"https:\/\/www.meavia-mh.hr\/product\/nitrilne-rukavice-m-100-kom\/#primaryimage"},"image":{"@id":"https:\/\/www.meavia-mh.hr\/product\/nitrilne-rukavice-m-100-kom\/#primaryimage"},"thumbnailUrl":"https:\/\/www.meavia-mh.hr\/wp-content\/uploads\/2022\/01\/Slika-zaslona-2022-01-02-u-01.05.38.jpg","datePublished":"2022-01-02T00:10:06+00:00","dateModified":"2024-07-05T15:46:53+00:00","description":"Nitrilne rukavice M - 100 kom &#8902; premium kvaliteta &#8902; proizvedeno prema medicinskim standardima &#8902; \u0161titi ruke od \u0161tetnog utecaja kemikalija","breadcrumb":{"@id":"https:\/\/www.meavia-mh.hr\/product\/nitrilne-rukavice-m-100-kom\/#breadcrumb"},"inLanguage":"sl-SI","potentialAction":[{"@type":"ReadAction","target":["https:\/\/www.meavia-mh.hr\/product\/nitrilne-rukavice-m-100-kom\/"]}]},{"@type":"ImageObject","inLanguage":"sl-SI","@id":"https:\/\/www.meavia-mh.hr\/product\/nitrilne-rukavice-m-100-kom\/#primaryimage","url":"https:\/\/www.meavia-mh.hr\/wp-content\/uploads\/2022\/01\/Slika-zaslona-2022-01-02-u-01.05.38.jpg","contentUrl":"https:\/\/www.meavia-mh.hr\/wp-content\/uploads\/2022\/01\/Slika-zaslona-2022-01-02-u-01.05.38.jpg","width":1450,"height":1450,"caption":"Nitrilne rukavice M - 100 kom"},{"@type":"BreadcrumbList","@id":"https:\/\/www.meavia-mh.hr\/product\/nitrilne-rukavice-m-100-kom\/#breadcrumb","itemListElement":[{"@type":"ListItem","position":1,"name":"Po\u010detna stranica","item":"https:\/\/www.meavia-mh.hr\/"},{"@type":"ListItem","position":2,"name":"Trgovina","item":"https:\/\/meavia-mh.hr\/sl\/store\/"},{"@type":"ListItem","position":3,"name":"Nitrilne rukavice M &#8211; 100 kom"}]},{"@type":"WebSite","@id":"https:\/\/meavia-mh.hr\/sl\/#website","url":"https:\/\/meavia-mh.hr\/sl\/","name":"MEA VIA BEAUTY","description":"Only The Best For Your Beauty","publisher":{"@id":"https:\/\/meavia-mh.hr\/sl\/#organization"},"alternateName":"Mea Via Nails","potentialAction":[{"@type":"SearchAction","target":{"@type":"EntryPoint","urlTemplate":"https:\/\/meavia-mh.hr\/sl\/?s={search_term_string}"},"query-input":{"@type":"PropertyValueSpecification","valueRequired":true,"valueName":"search_term_string"}}],"inLanguage":"sl-SI"},{"@type":"Organization","@id":"https:\/\/meavia-mh.hr\/sl\/#organization","name":"Mea Via Nails World","alternateName":"Mea Via","url":"https:\/\/meavia-mh.hr\/sl\/","logo":{"@type":"ImageObject","inLanguage":"sl-SI","@id":"https:\/\/meavia-mh.hr\/sl\/#\/schema\/logo\/image\/","url":"https:\/\/www.meavia-mh.hr\/wp-content\/uploads\/2020\/12\/Mea-Via.png","contentUrl":"https:\/\/www.meavia-mh.hr\/wp-content\/uploads\/2020\/12\/Mea-Via.png","width":1181,"height":393,"caption":"Mea Via Nails World"},"image":{"@id":"https:\/\/meavia-mh.hr\/sl\/#\/schema\/logo\/image\/"},"sameAs":["https:\/\/www.facebook.com\/MeaViaNailsWorld","https:\/\/www.instagram.com\/mea_via_nails_world\/","https:\/\/www.youtube.com\/channel\/UCECk0hpRWP6TN-EfA4ER96g\/featured"]}]}},"spectra_custom_meta":{"_sku":["5906615103295"],"_regular_price":["15.25"],"total_sales":["10"],"_tax_status":["taxable"],"_tax_class":[""],"_manage_stock":["yes"],"_backorders":["no"],"_sold_individually":["yes"],"_virtual":["no"],"_downloadable":["no"],"_product_image_gallery":["10524,10523"],"_download_limit":["-1"],"_download_expiry":["-1"],"_thumbnail_id":["10522"],"_stock":["0"],"_stock_status":["outofstock"],"_wc_average_rating":["0"],"_wc_review_count":["0"],"_product_version":["7.2.2"],"_price":["15.25"],"_wp_page_template":["default"],"_yoast_wpseo_focuskw":["nitrilne rukavice"],"_yoast_wpseo_metadesc":["%%title%% %%sep%% premium kvaliteta %%sep%% proizvedeno prema medicinskim standardima %%sep%% \u0161titi ruke od \u0161tetnog utecaja kemikalija"],"_yoast_wpseo_linkdex":["78"],"_yoast_wpseo_content_score":["90"],"_yoast_wpseo_estimated-reading-time-minutes":["2"],"_yoast_wpseo_primary_product_cat":["24"],"site-sidebar-layout":["default"],"site-content-layout":["default"],"theme-transparent-header-meta":["default"],"stick-header-meta":["default"],"_woocs_price_geo_countries":[""],"_woocs_regular_price_geo":[""],"_woocs_sale_price_geo":[""],"cartflows_redirect_flow_id":[""],"cartflows_add_to_cart_text":[""],"_edit_lock":["1683551154:1239"],"_edit_last":["1"],"_woocs_regular_price_EUR":["15.25"],"_woocs_sale_price_EUR":["-1"],"uag_migration_processed":["1"],"_elementor_page_assets":["a:0:{}"],"_uag_page_assets":["a:9:{s:3:\"css\";s:0:\"\";s:2:\"js\";s:0:\"\";s:18:\"current_block_list\";a:3:{i:0;s:11:\"core\/search\";i:1;s:18:\"core\/legacy-widget\";i:2;s:27:\"woocommerce\/product-filters\";}s:8:\"uag_flag\";b:0;s:11:\"uag_version\";s:10:\"1777746206\";s:6:\"gfonts\";a:0:{}s:10:\"gfonts_url\";s:0:\"\";s:12:\"gfonts_files\";a:0:{}s:14:\"uag_faq_layout\";b:0;}"]},"uagb_featured_image_src":{"full":["https:\/\/www.meavia-mh.hr\/wp-content\/uploads\/2022\/01\/Slika-zaslona-2022-01-02-u-01.05.38.jpg",1450,1450,false],"thumbnail":["https:\/\/www.meavia-mh.hr\/wp-content\/uploads\/2022\/01\/Slika-zaslona-2022-01-02-u-01.05.38-150x150.jpg",150,150,true],"medium":["https:\/\/www.meavia-mh.hr\/wp-content\/uploads\/2022\/01\/Slika-zaslona-2022-01-02-u-01.05.38-300x300.jpg",300,300,true],"medium_large":["https:\/\/www.meavia-mh.hr\/wp-content\/uploads\/2022\/01\/Slika-zaslona-2022-01-02-u-01.05.38-768x768.jpg",768,768,true],"large":["https:\/\/www.meavia-mh.hr\/wp-content\/uploads\/2022\/01\/Slika-zaslona-2022-01-02-u-01.05.38-1024x1024.jpg",1024,1024,true],"1536x1536":["https:\/\/www.meavia-mh.hr\/wp-content\/uploads\/2022\/01\/Slika-zaslona-2022-01-02-u-01.05.38.jpg",1450,1450,false],"2048x2048":["https:\/\/www.meavia-mh.hr\/wp-content\/uploads\/2022\/01\/Slika-zaslona-2022-01-02-u-01.05.38.jpg",1450,1450,false],"trp-custom-language-flag":["https:\/\/www.meavia-mh.hr\/wp-content\/uploads\/2022\/01\/Slika-zaslona-2022-01-02-u-01.05.38-12x12.jpg",12,12,true],"woocommerce_thumbnail":["https:\/\/www.meavia-mh.hr\/wp-content\/uploads\/2022\/01\/Slika-zaslona-2022-01-02-u-01.05.38-300x300.jpg",300,300,true],"woocommerce_single":["https:\/\/www.meavia-mh.hr\/wp-content\/uploads\/2022\/01\/Slika-zaslona-2022-01-02-u-01.05.38-600x600.jpg",600,600,true],"woocommerce_gallery_thumbnail":["https:\/\/www.meavia-mh.hr\/wp-content\/uploads\/2022\/01\/Slika-zaslona-2022-01-02-u-01.05.38-100x100.jpg",100,100,true]},"uagb_author_info":{"display_name":"Mea Via","author_link":"https:\/\/www.meavia-mh.hr\/sl\/author\/"},"uagb_comment_info":0,"uagb_excerpt":"Nitrilne rukavice izra\u0111ene su bez lateksa i bez kemijskih akceleratora &#8211; umanjuju\u0107i rizik od bilo kakvih nuspojava. Tako\u0111er imaju izvrsnu formu, osje\u0107aj, snagu i taktilnu osjetljivost; \u0161to ih \u010dini idealnim izborom kada je za osjetljivu ko\u017eu potrebna za\u0161titna za\u0161tita. Namijenjene su lije\u010dni\u010dkim pregledima, dijagnostici, terapijskim aktivnostima i radu sa septi\u010dkim materijalom, a osmi\u0161ljene su kao&hellip;","_links":{"self":[{"href":"https:\/\/www.meavia-mh.hr\/sl\/wp-json\/wp\/v2\/product\/10521","targetHints":{"allow":["GET"]}}],"collection":[{"href":"https:\/\/www.meavia-mh.hr\/sl\/wp-json\/wp\/v2\/product"}],"about":[{"href":"https:\/\/www.meavia-mh.hr\/sl\/wp-json\/wp\/v2\/types\/product"}],"replies":[{"embeddable":true,"href":"https:\/\/www.meavia-mh.hr\/sl\/wp-json\/wp\/v2\/comments?post=10521"}],"version-history":[{"count":1,"href":"https:\/\/www.meavia-mh.hr\/sl\/wp-json\/wp\/v2\/product\/10521\/revisions"}],"predecessor-version":[{"id":31050,"href":"https:\/\/www.meavia-mh.hr\/sl\/wp-json\/wp\/v2\/product\/10521\/revisions\/31050"}],"wp:featuredmedia":[{"embeddable":true,"href":"https:\/\/www.meavia-mh.hr\/sl\/wp-json\/wp\/v2\/media\/10522"}],"wp:attachment":[{"href":"https:\/\/www.meavia-mh.hr\/sl\/wp-json\/wp\/v2\/media?parent=10521"}],"wp:term":[{"taxonomy":"product_brand","embeddable":true,"href":"https:\/\/www.meavia-mh.hr\/sl\/wp-json\/wp\/v2\/product_brand?post=10521"},{"taxonomy":"product_cat","embeddable":true,"href":"https:\/\/www.meavia-mh.hr\/sl\/wp-json\/wp\/v2\/product_cat?post=10521"},{"taxonomy":"product_tag","embeddable":true,"href":"https:\/\/www.meavia-mh.hr\/sl\/wp-json\/wp\/v2\/product_tag?post=10521"}],"curies":[{"name":"delovni list","href":"https:\/\/api.w.org\/{rel}","templated":true}]}}