{"id":10432,"date":"2021-12-23T23:56:05","date_gmt":"2021-12-23T23:56:05","guid":{"rendered":"https:\/\/www.meavia-mh.hr\/?post_type=product&#038;p=10432"},"modified":"2026-01-30T01:26:49","modified_gmt":"2026-01-30T00:26:49","slug":"jastuk-za-naslon-ruke-gold","status":"publish","type":"product","link":"https:\/\/www.meavia-mh.hr\/sl\/product\/jastuk-za-naslon-ruke-gold\/","title":{"rendered":"Vzglavnik za roke Gold"},"content":{"rendered":"<p>Blazina z naslonom za roke bo va\u0161im strankam pomagala obdr\u017eati spro\u0161\u010dene roke med manikuro ali pedikuro.<\/p>\n<p>Blazina za naslon za roke je oblazinjena v eko usnje, kar omogo\u010da dolgo \u017eivljenjsko dobo in enostavno vzdr\u017eevanje. Primerna vi\u0161ina vzglavnika zagotavlja udoben polo\u017eaj tako za stranko kot za stilista. Stilistka se ne sprosti in ostane pokonci, zahvaljujo\u010d temu se bo bole\u010dina v hrbtu ubla\u017eila.<\/p>\n<p><span class=\"\">Prakti\u010dna in profesionalna blazina za roke je prevle\u010dena z usnjenim materialom z \u0161ivanimi sr\u010dki, polnilo blazine za roke je iz pene posebne trdote. <\/span>Usnju podoben material je zelo enostaven za \u010di\u0161\u010denje, kar vam omogo\u010da, da ostane popolnoma \u010dist, prah iz \u017eaganih nohtov se ne oprime materiala.<\/p>\n<p><strong>Material<\/strong>: eko usnje<\/p>\n<p><strong>Barva<\/strong>: Zlata<\/p>\n<p><strong>Velikost<\/strong>: 1 kos<\/p>\n<p><strong>dimenzije:<\/strong> 30 x 13 x 6 cm<\/p>\n<p><strong>Opomba:<\/strong>\u00a0Zaradi razli\u010dnih naprav in kalibracije monitorja se lahko barva, ki jo vidite na napravi, minimalno razlikuje od barve v naravi.<\/p>","protected":false},"excerpt":{"rendered":"<p>Jastuk za naslon ruke pomo\u0107i \u0107e va\u0161im klijentima da opu\u0161eno dr\u017ee ruku prilikom tretmana manikure ili pedikure. Jastuk za naslon ruke presvu\u010den je u eko ko\u017eom, koja omogu\u0107ava dugotrajnost i jedlostavno odr\u017eavanje. Odgovaraju\u0107a visina jastuka osigurava ugodan polo\u017eaj i za klijenta i za stilista. Stilistica se ne opu\u0161ta i dr\u017ei se uspravno, zahvaljuju\u0107i \u010demu \u0107e [&hellip;]<\/p>\n","protected":false},"featured_media":10440,"comment_status":"closed","ping_status":"closed","template":"","meta":{"_uag_custom_page_level_css":"","site-sidebar-layout":"default","site-content-layout":"default","ast-site-content-layout":"default","site-content-style":"default","site-sidebar-style":"default","ast-global-header-display":"","ast-banner-title-visibility":"","ast-main-header-display":"","ast-hfb-above-header-display":"","ast-hfb-below-header-display":"","ast-hfb-mobile-header-display":"","site-post-title":"","ast-breadcrumbs-content":"","ast-featured-img":"","footer-sml-layout":"","ast-disable-related-posts":"","theme-transparent-header-meta":"default","adv-header-id-meta":"","stick-header-meta":"default","header-above-stick-meta":"","header-main-stick-meta":"","header-below-stick-meta":"","astra-migrate-meta-layouts":"set","ast-page-background-enabled":"default","ast-page-background-meta":{"desktop":{"background-color":"var(--ast-global-color-4)","background-image":"","background-repeat":"repeat","background-position":"center center","background-size":"auto","background-attachment":"scroll","background-type":"","background-media":"","overlay-type":"","overlay-color":"","overlay-opacity":"","overlay-gradient":""},"tablet":{"background-color":"","background-image":"","background-repeat":"repeat","background-position":"center center","background-size":"auto","background-attachment":"scroll","background-type":"","background-media":"","overlay-type":"","overlay-color":"","overlay-opacity":"","overlay-gradient":""},"mobile":{"background-color":"","background-image":"","background-repeat":"repeat","background-position":"center center","background-size":"auto","background-attachment":"scroll","background-type":"","background-media":"","overlay-type":"","overlay-color":"","overlay-opacity":"","overlay-gradient":""}},"ast-content-background-meta":{"desktop":{"background-color":"var(--ast-global-color-5)","background-image":"","background-repeat":"repeat","background-position":"center center","background-size":"auto","background-attachment":"scroll","background-type":"","background-media":"","overlay-type":"","overlay-color":"","overlay-opacity":"","overlay-gradient":""},"tablet":{"background-color":"var(--ast-global-color-5)","background-image":"","background-repeat":"repeat","background-position":"center center","background-size":"auto","background-attachment":"scroll","background-type":"","background-media":"","overlay-type":"","overlay-color":"","overlay-opacity":"","overlay-gradient":""},"mobile":{"background-color":"var(--ast-global-color-5)","background-image":"","background-repeat":"repeat","background-position":"center center","background-size":"auto","background-attachment":"scroll","background-type":"","background-media":"","overlay-type":"","overlay-color":"","overlay-opacity":"","overlay-gradient":""}}},"product_brand":[],"product_cat":[24],"product_tag":[308,309],"class_list":{"0":"post-10432","1":"product","2":"type-product","3":"status-publish","4":"has-post-thumbnail","6":"product_cat-dodaci","7":"product_tag-jastuk","8":"product_tag-naslon-za-ruku","9":"desktop-align-left","10":"tablet-align-left","11":"mobile-align-left","12":"ast-product-gallery-layout-horizontal-slider","13":"ast-product-tabs-layout-horizontal","15":"first","16":"instock","17":"taxable","18":"shipping-taxable","19":"purchasable","20":"product-type-simple"},"yoast_head":"<!-- This site is optimized with the Yoast SEO plugin v27.4 - https:\/\/yoast.com\/product\/yoast-seo-wordpress\/ -->\n<title>Jastuk za naslon ruke Gold &#8902; Mea Via Beauty<\/title>\n<meta name=\"description\" content=\"Jastuk za naslon ruke Gold &#8902; oslonac prilikom manikure i pedikure &#8902; poma\u017ee klijentima da dr\u017ee ruku opu\u0161tenom &#8902; top kvaliteta\" \/>\n<meta name=\"robots\" content=\"index, follow, max-snippet:-1, max-image-preview:large, max-video-preview:-1\" \/>\n<link rel=\"canonical\" href=\"https:\/\/www.meavia-mh.hr\/sl\/product\/jastuk-za-naslon-ruke-gold\/\" \/>\n<meta property=\"og:locale\" content=\"sl_SI\" \/>\n<meta property=\"og:type\" content=\"article\" \/>\n<meta property=\"og:title\" content=\"Jastuk za naslon ruke Gold &#8902; Mea Via Beauty\" \/>\n<meta property=\"og:description\" content=\"Jastuk za naslon ruke Gold &#8902; oslonac prilikom manikure i pedikure &#8902; poma\u017ee klijentima da dr\u017ee ruku opu\u0161tenom &#8902; top kvaliteta\" \/>\n<meta property=\"og:url\" content=\"https:\/\/www.meavia-mh.hr\/sl\/product\/jastuk-za-naslon-ruke-gold\/\" \/>\n<meta property=\"og:site_name\" content=\"Mea Via Beauty\" \/>\n<meta property=\"article:publisher\" content=\"https:\/\/www.facebook.com\/MeaViaNailsWorld\" \/>\n<meta property=\"article:modified_time\" content=\"2026-01-30T00:26:49+00:00\" \/>\n<meta property=\"og:image\" content=\"https:\/\/www.meavia-mh.hr\/wp-content\/uploads\/2021\/12\/Slika-zaslona-2021-12-24-u-00.15.45.jpg\" \/>\n\t<meta property=\"og:image:width\" content=\"1552\" \/>\n\t<meta property=\"og:image:height\" content=\"1550\" \/>\n\t<meta property=\"og:image:type\" content=\"image\/jpeg\" \/>\n<meta name=\"twitter:card\" content=\"summary_large_image\" \/>\n<meta name=\"twitter:label1\" content=\"Est. reading time\" \/>\n\t<meta name=\"twitter:data1\" content=\"1 minuta\" \/>\n<script type=\"application\/ld+json\" class=\"yoast-schema-graph\">{\"@context\":\"https:\\\/\\\/schema.org\",\"@graph\":[{\"@type\":\"WebPage\",\"@id\":\"https:\\\/\\\/www.meavia-mh.hr\\\/product\\\/jastuk-za-naslon-ruke-gold\\\/\",\"url\":\"https:\\\/\\\/www.meavia-mh.hr\\\/product\\\/jastuk-za-naslon-ruke-gold\\\/\",\"name\":\"Jastuk za naslon ruke Gold &#8902; Mea Via Beauty\",\"isPartOf\":{\"@id\":\"https:\\\/\\\/meavia-mh.hr\\\/sl\\\/#website\"},\"primaryImageOfPage\":{\"@id\":\"https:\\\/\\\/www.meavia-mh.hr\\\/product\\\/jastuk-za-naslon-ruke-gold\\\/#primaryimage\"},\"image\":{\"@id\":\"https:\\\/\\\/www.meavia-mh.hr\\\/product\\\/jastuk-za-naslon-ruke-gold\\\/#primaryimage\"},\"thumbnailUrl\":\"https:\\\/\\\/www.meavia-mh.hr\\\/wp-content\\\/uploads\\\/2021\\\/12\\\/Slika-zaslona-2021-12-24-u-00.15.45.jpg\",\"datePublished\":\"2021-12-23T23:56:05+00:00\",\"dateModified\":\"2026-01-30T00:26:49+00:00\",\"description\":\"Jastuk za naslon ruke Gold &#8902; oslonac prilikom manikure i pedikure &#8902; poma\u017ee klijentima da dr\u017ee ruku opu\u0161tenom &#8902; top kvaliteta\",\"breadcrumb\":{\"@id\":\"https:\\\/\\\/www.meavia-mh.hr\\\/product\\\/jastuk-za-naslon-ruke-gold\\\/#breadcrumb\"},\"inLanguage\":\"sl-SI\",\"potentialAction\":[{\"@type\":\"ReadAction\",\"target\":[\"https:\\\/\\\/www.meavia-mh.hr\\\/product\\\/jastuk-za-naslon-ruke-gold\\\/\"]}]},{\"@type\":\"ImageObject\",\"inLanguage\":\"sl-SI\",\"@id\":\"https:\\\/\\\/www.meavia-mh.hr\\\/product\\\/jastuk-za-naslon-ruke-gold\\\/#primaryimage\",\"url\":\"https:\\\/\\\/www.meavia-mh.hr\\\/wp-content\\\/uploads\\\/2021\\\/12\\\/Slika-zaslona-2021-12-24-u-00.15.45.jpg\",\"contentUrl\":\"https:\\\/\\\/www.meavia-mh.hr\\\/wp-content\\\/uploads\\\/2021\\\/12\\\/Slika-zaslona-2021-12-24-u-00.15.45.jpg\",\"width\":1552,\"height\":1550,\"caption\":\"Jastuk za naslon ruke Gold\"},{\"@type\":\"BreadcrumbList\",\"@id\":\"https:\\\/\\\/www.meavia-mh.hr\\\/product\\\/jastuk-za-naslon-ruke-gold\\\/#breadcrumb\",\"itemListElement\":[{\"@type\":\"ListItem\",\"position\":1,\"name\":\"Po\u010detna stranica\",\"item\":\"https:\\\/\\\/www.meavia-mh.hr\\\/\"},{\"@type\":\"ListItem\",\"position\":2,\"name\":\"Trgovina\",\"item\":\"https:\\\/\\\/meavia-mh.hr\\\/sl\\\/store\\\/\"},{\"@type\":\"ListItem\",\"position\":3,\"name\":\"Jastuk za naslon ruke Gold\"}]},{\"@type\":\"WebSite\",\"@id\":\"https:\\\/\\\/meavia-mh.hr\\\/sl\\\/#website\",\"url\":\"https:\\\/\\\/meavia-mh.hr\\\/sl\\\/\",\"name\":\"Mea Via Beauty\",\"description\":\"Only The Best For Your Beauty\",\"publisher\":{\"@id\":\"https:\\\/\\\/meavia-mh.hr\\\/sl\\\/#organization\"},\"alternateName\":\"Mea Via Nails\",\"potentialAction\":[{\"@type\":\"SearchAction\",\"target\":{\"@type\":\"EntryPoint\",\"urlTemplate\":\"https:\\\/\\\/meavia-mh.hr\\\/sl\\\/?s={search_term_string}\"},\"query-input\":{\"@type\":\"PropertyValueSpecification\",\"valueRequired\":true,\"valueName\":\"search_term_string\"}}],\"inLanguage\":\"sl-SI\"},{\"@type\":\"Organization\",\"@id\":\"https:\\\/\\\/meavia-mh.hr\\\/sl\\\/#organization\",\"name\":\"Mea Via Nails World\",\"alternateName\":\"Mea Via\",\"url\":\"https:\\\/\\\/meavia-mh.hr\\\/sl\\\/\",\"logo\":{\"@type\":\"ImageObject\",\"inLanguage\":\"sl-SI\",\"@id\":\"https:\\\/\\\/meavia-mh.hr\\\/sl\\\/#\\\/schema\\\/logo\\\/image\\\/\",\"url\":\"https:\\\/\\\/www.meavia-mh.hr\\\/wp-content\\\/uploads\\\/2020\\\/12\\\/Mea-Via.png\",\"contentUrl\":\"https:\\\/\\\/www.meavia-mh.hr\\\/wp-content\\\/uploads\\\/2020\\\/12\\\/Mea-Via.png\",\"width\":1181,\"height\":393,\"caption\":\"Mea Via Nails World\"},\"image\":{\"@id\":\"https:\\\/\\\/meavia-mh.hr\\\/sl\\\/#\\\/schema\\\/logo\\\/image\\\/\"},\"sameAs\":[\"https:\\\/\\\/www.facebook.com\\\/MeaViaNailsWorld\",\"https:\\\/\\\/www.instagram.com\\\/mea_via_nails_world\\\/\",\"https:\\\/\\\/www.youtube.com\\\/channel\\\/UCECk0hpRWP6TN-EfA4ER96g\\\/featured\"]}]}<\/script>\n<!-- \/ Yoast SEO plugin. -->","yoast_head_json":{"title":"Jastuk za naslon ruke Gold &#8902; Mea Via Beauty","description":"Jastuk za naslon ruke Gold &#8902; oslonac prilikom manikure i pedikure &#8902; poma\u017ee klijentima da dr\u017ee ruku opu\u0161tenom &#8902; top kvaliteta","robots":{"index":"index","follow":"follow","max-snippet":"max-snippet:-1","max-image-preview":"max-image-preview:large","max-video-preview":"max-video-preview:-1"},"canonical":"https:\/\/www.meavia-mh.hr\/sl\/product\/jastuk-za-naslon-ruke-gold\/","og_locale":"sl_SI","og_type":"article","og_title":"Jastuk za naslon ruke Gold &#8902; Mea Via Beauty","og_description":"Jastuk za naslon ruke Gold &#8902; oslonac prilikom manikure i pedikure &#8902; poma\u017ee klijentima da dr\u017ee ruku opu\u0161tenom &#8902; top kvaliteta","og_url":"https:\/\/www.meavia-mh.hr\/sl\/product\/jastuk-za-naslon-ruke-gold\/","og_site_name":"Mea Via Beauty","article_publisher":"https:\/\/www.facebook.com\/MeaViaNailsWorld","article_modified_time":"2026-01-30T00:26:49+00:00","og_image":[{"width":1552,"height":1550,"url":"https:\/\/www.meavia-mh.hr\/wp-content\/uploads\/2021\/12\/Slika-zaslona-2021-12-24-u-00.15.45.jpg","type":"image\/jpeg"}],"twitter_card":"summary_large_image","twitter_misc":{"Est. reading time":"1 minuta"},"schema":{"@context":"https:\/\/schema.org","@graph":[{"@type":"WebPage","@id":"https:\/\/www.meavia-mh.hr\/product\/jastuk-za-naslon-ruke-gold\/","url":"https:\/\/www.meavia-mh.hr\/product\/jastuk-za-naslon-ruke-gold\/","name":"Jastuk za naslon ruke Gold &#8902; Mea Via Beauty","isPartOf":{"@id":"https:\/\/meavia-mh.hr\/sl\/#website"},"primaryImageOfPage":{"@id":"https:\/\/www.meavia-mh.hr\/product\/jastuk-za-naslon-ruke-gold\/#primaryimage"},"image":{"@id":"https:\/\/www.meavia-mh.hr\/product\/jastuk-za-naslon-ruke-gold\/#primaryimage"},"thumbnailUrl":"https:\/\/www.meavia-mh.hr\/wp-content\/uploads\/2021\/12\/Slika-zaslona-2021-12-24-u-00.15.45.jpg","datePublished":"2021-12-23T23:56:05+00:00","dateModified":"2026-01-30T00:26:49+00:00","description":"Jastuk za naslon ruke Gold &#8902; oslonac prilikom manikure i pedikure &#8902; poma\u017ee klijentima da dr\u017ee ruku opu\u0161tenom &#8902; top kvaliteta","breadcrumb":{"@id":"https:\/\/www.meavia-mh.hr\/product\/jastuk-za-naslon-ruke-gold\/#breadcrumb"},"inLanguage":"sl-SI","potentialAction":[{"@type":"ReadAction","target":["https:\/\/www.meavia-mh.hr\/product\/jastuk-za-naslon-ruke-gold\/"]}]},{"@type":"ImageObject","inLanguage":"sl-SI","@id":"https:\/\/www.meavia-mh.hr\/product\/jastuk-za-naslon-ruke-gold\/#primaryimage","url":"https:\/\/www.meavia-mh.hr\/wp-content\/uploads\/2021\/12\/Slika-zaslona-2021-12-24-u-00.15.45.jpg","contentUrl":"https:\/\/www.meavia-mh.hr\/wp-content\/uploads\/2021\/12\/Slika-zaslona-2021-12-24-u-00.15.45.jpg","width":1552,"height":1550,"caption":"Jastuk za naslon ruke Gold"},{"@type":"BreadcrumbList","@id":"https:\/\/www.meavia-mh.hr\/product\/jastuk-za-naslon-ruke-gold\/#breadcrumb","itemListElement":[{"@type":"ListItem","position":1,"name":"Po\u010detna stranica","item":"https:\/\/www.meavia-mh.hr\/"},{"@type":"ListItem","position":2,"name":"Trgovina","item":"https:\/\/meavia-mh.hr\/sl\/store\/"},{"@type":"ListItem","position":3,"name":"Jastuk za naslon ruke Gold"}]},{"@type":"WebSite","@id":"https:\/\/meavia-mh.hr\/sl\/#website","url":"https:\/\/meavia-mh.hr\/sl\/","name":"MEA VIA BEAUTY","description":"Only The Best For Your Beauty","publisher":{"@id":"https:\/\/meavia-mh.hr\/sl\/#organization"},"alternateName":"Mea Via Nails","potentialAction":[{"@type":"SearchAction","target":{"@type":"EntryPoint","urlTemplate":"https:\/\/meavia-mh.hr\/sl\/?s={search_term_string}"},"query-input":{"@type":"PropertyValueSpecification","valueRequired":true,"valueName":"search_term_string"}}],"inLanguage":"sl-SI"},{"@type":"Organization","@id":"https:\/\/meavia-mh.hr\/sl\/#organization","name":"Mea Via Nails World","alternateName":"Mea Via","url":"https:\/\/meavia-mh.hr\/sl\/","logo":{"@type":"ImageObject","inLanguage":"sl-SI","@id":"https:\/\/meavia-mh.hr\/sl\/#\/schema\/logo\/image\/","url":"https:\/\/www.meavia-mh.hr\/wp-content\/uploads\/2020\/12\/Mea-Via.png","contentUrl":"https:\/\/www.meavia-mh.hr\/wp-content\/uploads\/2020\/12\/Mea-Via.png","width":1181,"height":393,"caption":"Mea Via Nails World"},"image":{"@id":"https:\/\/meavia-mh.hr\/sl\/#\/schema\/logo\/image\/"},"sameAs":["https:\/\/www.facebook.com\/MeaViaNailsWorld","https:\/\/www.instagram.com\/mea_via_nails_world\/","https:\/\/www.youtube.com\/channel\/UCECk0hpRWP6TN-EfA4ER96g\/featured"]}]}},"spectra_custom_meta":{"_sku":["138308"],"_regular_price":["6.00"],"total_sales":["24"],"_tax_status":["taxable"],"_tax_class":[""],"_manage_stock":["yes"],"_backorders":["no"],"_sold_individually":["no"],"_virtual":["no"],"_downloadable":["no"],"_download_limit":["-1"],"_download_expiry":["-1"],"_thumbnail_id":["10440"],"_stock":["3"],"_stock_status":["instock"],"_wc_average_rating":["0"],"_wc_review_count":["0"],"_product_version":["10.4.3"],"_price":["6.00"],"_wp_page_template":["default"],"_yoast_wpseo_focuskw":["Jastuk za naslon ruke"],"_yoast_wpseo_metadesc":["%%title%% %%sep%% oslonac prilikom manikure i pedikure %%sep%% poma\u017ee klijentima da dr\u017ee ruku opu\u0161tenom %%sep%% top kvaliteta"],"_yoast_wpseo_linkdex":["60"],"_yoast_wpseo_content_score":["90"],"_yoast_wpseo_estimated-reading-time-minutes":["1"],"cartflows_redirect_flow_id":[""],"cartflows_add_to_cart_text":[""],"_woocs_price_geo_countries":[""],"_woocs_regular_price_geo":[""],"_woocs_sale_price_geo":[""],"site-sidebar-layout":["default"],"site-content-layout":["default"],"theme-transparent-header-meta":["default"],"stick-header-meta":["default"],"_yoast_wpseo_primary_product_cat":["24"],"_edit_lock":["1711560713:1239"],"_edit_last":["1239"],"_product_image_gallery":["10439,10438"],"_woocs_regular_price_EUR":["6.62"],"_woocs_sale_price_EUR":["-1"],"_lowest_price_30_days":["6.00"],"ast-site-content-layout":["default"],"site-content-style":["default"],"site-sidebar-style":["default"],"astra-migrate-meta-layouts":["set"],"_yoast_wpseo_primary_fb_product_set":[""],"_yoast_wpseo_wordproof_timestamp":[""],"uag_migration_processed":["1"],"_uag_page_assets":["a:9:{s:3:\"css\";s:0:\"\";s:2:\"js\";s:0:\"\";s:18:\"current_block_list\";a:3:{i:0;s:11:\"core\/search\";i:1;s:18:\"core\/legacy-widget\";i:2;s:27:\"woocommerce\/product-filters\";}s:8:\"uag_flag\";b:0;s:11:\"uag_version\";s:10:\"1776341704\";s:6:\"gfonts\";a:0:{}s:10:\"gfonts_url\";s:0:\"\";s:12:\"gfonts_files\";a:0:{}s:14:\"uag_faq_layout\";b:0;}"],"_elementor_page_assets":["a:0:{}"]},"uagb_featured_image_src":{"full":["https:\/\/www.meavia-mh.hr\/wp-content\/uploads\/2021\/12\/Slika-zaslona-2021-12-24-u-00.15.45.jpg",1552,1550,false],"thumbnail":["https:\/\/www.meavia-mh.hr\/wp-content\/uploads\/2021\/12\/Slika-zaslona-2021-12-24-u-00.15.45-150x150.jpg",150,150,true],"medium":["https:\/\/www.meavia-mh.hr\/wp-content\/uploads\/2021\/12\/Slika-zaslona-2021-12-24-u-00.15.45-300x300.jpg",300,300,true],"medium_large":["https:\/\/www.meavia-mh.hr\/wp-content\/uploads\/2021\/12\/Slika-zaslona-2021-12-24-u-00.15.45-768x767.jpg",768,767,true],"large":["https:\/\/www.meavia-mh.hr\/wp-content\/uploads\/2021\/12\/Slika-zaslona-2021-12-24-u-00.15.45-1024x1024.jpg",1024,1024,true],"1536x1536":["https:\/\/www.meavia-mh.hr\/wp-content\/uploads\/2021\/12\/Slika-zaslona-2021-12-24-u-00.15.45-1536x1534.jpg",1536,1534,true],"2048x2048":["https:\/\/www.meavia-mh.hr\/wp-content\/uploads\/2021\/12\/Slika-zaslona-2021-12-24-u-00.15.45.jpg",1552,1550,false],"trp-custom-language-flag":["https:\/\/www.meavia-mh.hr\/wp-content\/uploads\/2021\/12\/Slika-zaslona-2021-12-24-u-00.15.45-12x12.jpg",12,12,true],"woocommerce_thumbnail":["https:\/\/www.meavia-mh.hr\/wp-content\/uploads\/2021\/12\/Slika-zaslona-2021-12-24-u-00.15.45-300x300.jpg",300,300,true],"woocommerce_single":["https:\/\/www.meavia-mh.hr\/wp-content\/uploads\/2021\/12\/Slika-zaslona-2021-12-24-u-00.15.45-600x599.jpg",600,599,true],"woocommerce_gallery_thumbnail":["https:\/\/www.meavia-mh.hr\/wp-content\/uploads\/2021\/12\/Slika-zaslona-2021-12-24-u-00.15.45-100x100.jpg",100,100,true]},"uagb_author_info":{"display_name":"Mea Via","author_link":"https:\/\/www.meavia-mh.hr\/sl\/author\/"},"uagb_comment_info":0,"uagb_excerpt":"Jastuk za naslon ruke pomo\u0107i \u0107e va\u0161im klijentima da opu\u0161eno dr\u017ee ruku prilikom tretmana manikure ili pedikure. Jastuk za naslon ruke presvu\u010den je u eko ko\u017eom, koja omogu\u0107ava dugotrajnost i jedlostavno odr\u017eavanje. Odgovaraju\u0107a visina jastuka osigurava ugodan polo\u017eaj i za klijenta i za stilista. Stilistica se ne opu\u0161ta i dr\u017ei se uspravno, zahvaljuju\u0107i \u010demu \u0107e&hellip;","_links":{"self":[{"href":"https:\/\/www.meavia-mh.hr\/sl\/wp-json\/wp\/v2\/product\/10432","targetHints":{"allow":["GET"]}}],"collection":[{"href":"https:\/\/www.meavia-mh.hr\/sl\/wp-json\/wp\/v2\/product"}],"about":[{"href":"https:\/\/www.meavia-mh.hr\/sl\/wp-json\/wp\/v2\/types\/product"}],"replies":[{"embeddable":true,"href":"https:\/\/www.meavia-mh.hr\/sl\/wp-json\/wp\/v2\/comments?post=10432"}],"version-history":[{"count":1,"href":"https:\/\/www.meavia-mh.hr\/sl\/wp-json\/wp\/v2\/product\/10432\/revisions"}],"predecessor-version":[{"id":26745,"href":"https:\/\/www.meavia-mh.hr\/sl\/wp-json\/wp\/v2\/product\/10432\/revisions\/26745"}],"wp:featuredmedia":[{"embeddable":true,"href":"https:\/\/www.meavia-mh.hr\/sl\/wp-json\/wp\/v2\/media\/10440"}],"wp:attachment":[{"href":"https:\/\/www.meavia-mh.hr\/sl\/wp-json\/wp\/v2\/media?parent=10432"}],"wp:term":[{"taxonomy":"product_brand","embeddable":true,"href":"https:\/\/www.meavia-mh.hr\/sl\/wp-json\/wp\/v2\/product_brand?post=10432"},{"taxonomy":"product_cat","embeddable":true,"href":"https:\/\/www.meavia-mh.hr\/sl\/wp-json\/wp\/v2\/product_cat?post=10432"},{"taxonomy":"product_tag","embeddable":true,"href":"https:\/\/www.meavia-mh.hr\/sl\/wp-json\/wp\/v2\/product_tag?post=10432"}],"curies":[{"name":"delovni list","href":"https:\/\/api.w.org\/{rel}","templated":true}]}}