{"id":10428,"date":"2021-12-23T21:09:47","date_gmt":"2021-12-23T21:09:47","guid":{"rendered":"https:\/\/www.meavia-mh.hr\/?post_type=product&#038;p=10428"},"modified":"2024-07-05T15:46:56","modified_gmt":"2024-07-05T15:46:56","slug":"bocica-s-pumpicom-za-tekucine-180-ml","status":"publish","type":"product","link":"https:\/\/www.meavia-mh.hr\/sl\/product\/bocica-s-pumpicom-za-tekucine-180-ml\/","title":{"rendered":"180 ml stekleni\u010dka s \u010drpalko (bela)"},"content":{"rendered":"<p>Steklenica s \u010drpalko za <a href=\"https:\/\/www.meavia-mh.hr\/sl\/product\/palu-remover-2-500-ml\/\">aceton<\/a>, <a href=\"https:\/\/www.meavia-mh.hr\/sl\/product\/palu-cleaner-2-500-ml\/\">\u010distilec<\/a> in druge teko\u010dine, potrebne za oblikovanje nohtov. Kovinski pokrov na vrhu bo poskrbel za dolgo \u017eivljenjsko dobo in privla\u010dnost va\u0161emu razpr\u0161ilniku.<\/p>\n<p>Ta profesionalni pripomo\u010dek je primeren za prena\u0161anje teko\u010din, kot so \u010distila za gele, odstranjevalce laka za nohte ali razli\u010dne druge teko\u010dine. Zahvaljujo\u010d kompaktni velikosti in prostornini 120 ml se stekleni\u010dka s \u010drpalko popolnoma prilega delovnemu mestu.<\/p>\n<p>Kovinska glava se zlahka lo\u010di od plasti\u010dne steklenice. To pomeni, da lahko hitro in enostavno napolnite razpr\u0161ilnik z \u017eeleno teko\u010dino. Nalepke na steklenici vam poka\u017eejo natan\u010dno koli\u010dino vsebine, tako da ves \u010das veste, koliko teko\u010dine vam je ostalo.<\/p>\n<p>Ko je kovinska glava zavita, je va\u0161a steklenica pripravljena za uporabo. Vzemite blazinico in potisnite kovinsko glavo navzdol.\u00a0<a href=\"https:\/\/www.meavia-mh.hr\/sl\/product\/blazinice-za-nokte-500-kom\/\">Vzglavnik<\/a> se tako namo\u010di v \u017eeleno teko\u010dino. Vsaki\u010d, ko uporabite ta priro\u010den razpr\u0161ilnik, izte\u010de prava koli\u010dina teko\u010dine. Ta preprosta tehnika vam omogo\u010da, da teko\u010dino nanesete na blazinico samo z eno roko.<\/p>\n<p>Plastenka s \u010drpalko vas prihrani pred polivanjem teko\u010din iz ve\u010djih embala\u017e, vija\u010denjem plastenk in nevarnostjo razlitja teko\u010dine po va\u0161i delovni povr\u0161ini. Poleg tega mehanizem \u010drpalke zagotavlja enakomerno doziranje teko\u010dine, s \u010dimer dose\u017eemo ve\u010djo racionalnost in prihranke.<\/p>\n<h6>Pakiranje: 1 kos<\/h6>\n<h6><span style=\"font-size: 16px;font-style: normal\">Barva: bela<\/span><\/h6>\n<h6><span style=\"font-size: 16px;font-style: normal\">Kapaciteta: 180 ml<\/span><\/h6>","protected":false},"excerpt":{"rendered":"<p>Bo\u010dica s pumpicom za aceton, cleaner i ostale teku\u0107ine neophodne za nail design. Metalni poklopac na vrhu ossigurat \u0107e dugovje\u010dnost i atraktivnost va\u0161em dozatoru. Ovaj profesionalni pribor\u00a0pogodan je za preno\u0161enje teku\u0107ina poput sredstava za \u010di\u0161\u0107enje gela, sredstava za uklanjanje laka za nokte ili raznih drugih teku\u0107ina. Zahvaljuju\u0107i svojoj kompaktnoj veli\u010dini i zapremini od 120 ml, [&hellip;]<\/p>\n","protected":false},"featured_media":8814,"comment_status":"closed","ping_status":"closed","template":"","meta":{"_uag_custom_page_level_css":"","site-sidebar-layout":"default","site-content-layout":"default","ast-site-content-layout":"default","site-content-style":"default","site-sidebar-style":"default","ast-global-header-display":"","ast-banner-title-visibility":"","ast-main-header-display":"","ast-hfb-above-header-display":"","ast-hfb-below-header-display":"","ast-hfb-mobile-header-display":"","site-post-title":"","ast-breadcrumbs-content":"","ast-featured-img":"","footer-sml-layout":"","ast-disable-related-posts":"","theme-transparent-header-meta":"default","adv-header-id-meta":"","stick-header-meta":"default","header-above-stick-meta":"","header-main-stick-meta":"","header-below-stick-meta":"","astra-migrate-meta-layouts":"default","ast-page-background-enabled":"default","ast-page-background-meta":{"desktop":{"background-color":"var(--ast-global-color-4)","background-image":"","background-repeat":"repeat","background-position":"center center","background-size":"auto","background-attachment":"scroll","background-type":"","background-media":"","overlay-type":"","overlay-color":"","overlay-opacity":"","overlay-gradient":""},"tablet":{"background-color":"","background-image":"","background-repeat":"repeat","background-position":"center center","background-size":"auto","background-attachment":"scroll","background-type":"","background-media":"","overlay-type":"","overlay-color":"","overlay-opacity":"","overlay-gradient":""},"mobile":{"background-color":"","background-image":"","background-repeat":"repeat","background-position":"center center","background-size":"auto","background-attachment":"scroll","background-type":"","background-media":"","overlay-type":"","overlay-color":"","overlay-opacity":"","overlay-gradient":""}},"ast-content-background-meta":{"desktop":{"background-color":"var(--ast-global-color-5)","background-image":"","background-repeat":"repeat","background-position":"center center","background-size":"auto","background-attachment":"scroll","background-type":"","background-media":"","overlay-type":"","overlay-color":"","overlay-opacity":"","overlay-gradient":""},"tablet":{"background-color":"var(--ast-global-color-5)","background-image":"","background-repeat":"repeat","background-position":"center center","background-size":"auto","background-attachment":"scroll","background-type":"","background-media":"","overlay-type":"","overlay-color":"","overlay-opacity":"","overlay-gradient":""},"mobile":{"background-color":"var(--ast-global-color-5)","background-image":"","background-repeat":"repeat","background-position":"center center","background-size":"auto","background-attachment":"scroll","background-type":"","background-media":"","overlay-type":"","overlay-color":"","overlay-opacity":"","overlay-gradient":""}}},"product_brand":[],"product_cat":[24],"product_tag":[265],"class_list":{"0":"post-10428","1":"product","2":"type-product","3":"status-publish","4":"has-post-thumbnail","6":"product_cat-dodaci","7":"product_tag-casica-za-nail-tekucine","8":"desktop-align-left","9":"tablet-align-left","10":"mobile-align-left","11":"ast-product-gallery-layout-horizontal-slider","12":"ast-product-tabs-layout-horizontal","14":"first","15":"outofstock","16":"taxable","17":"shipping-taxable","18":"purchasable","19":"product-type-simple"},"yoast_head":"<!-- This site is optimized with the Yoast SEO plugin v27.4 - https:\/\/yoast.com\/product\/yoast-seo-wordpress\/ -->\n<title>Bo\u010dica s pumpicom za teku\u0107ine 180 ml (bijela) &#8902; Mea Via Beauty<\/title>\n<meta name=\"description\" content=\"Mea Via Beauty &#8902; Bo\u010dica s pumpicom za teku\u0107ine 180 ml (bijela) &#8902; dozator za teku\u0107ine: aceton, cleaner&#8902; za modeliranje noktiju &#8902; za nail\" \/>\n<meta name=\"robots\" content=\"index, follow, max-snippet:-1, max-image-preview:large, max-video-preview:-1\" \/>\n<link rel=\"canonical\" href=\"https:\/\/www.meavia-mh.hr\/sl\/product\/bocica-s-pumpicom-za-tekucine-180-ml\/\" \/>\n<meta property=\"og:locale\" content=\"sl_SI\" \/>\n<meta property=\"og:type\" content=\"article\" \/>\n<meta property=\"og:title\" content=\"Bo\u010dica s pumpicom za teku\u0107ine 180 ml (bijela) &#8902; Mea Via Beauty\" \/>\n<meta property=\"og:description\" content=\"Mea Via Beauty &#8902; Bo\u010dica s pumpicom za teku\u0107ine 180 ml (bijela) &#8902; dozator za teku\u0107ine: aceton, cleaner&#8902; za modeliranje noktiju &#8902; za nail\" \/>\n<meta property=\"og:url\" content=\"https:\/\/www.meavia-mh.hr\/sl\/product\/bocica-s-pumpicom-za-tekucine-180-ml\/\" \/>\n<meta property=\"og:site_name\" content=\"Mea Via Beauty\" \/>\n<meta property=\"article:publisher\" content=\"https:\/\/www.facebook.com\/MeaViaNailsWorld\" \/>\n<meta property=\"article:modified_time\" content=\"2024-07-05T15:46:56+00:00\" \/>\n<meta property=\"og:image\" content=\"https:\/\/www.meavia-mh.hr\/wp-content\/uploads\/2021\/09\/img_0_Shellhard-distributeur-de-pompe-en-plastique-de-200ml-pour-dissolvant-de-vernis-ongles-bouteille-de-liquide.jpg_.webp.jpg\" \/>\n\t<meta property=\"og:image:width\" content=\"800\" \/>\n\t<meta property=\"og:image:height\" content=\"800\" \/>\n\t<meta property=\"og:image:type\" content=\"image\/jpeg\" \/>\n<meta name=\"twitter:card\" content=\"summary_large_image\" \/>\n<meta name=\"twitter:label1\" content=\"Est. reading time\" \/>\n\t<meta name=\"twitter:data1\" content=\"2 minuti\" \/>\n<script type=\"application\/ld+json\" class=\"yoast-schema-graph\">{\"@context\":\"https:\\\/\\\/schema.org\",\"@graph\":[{\"@type\":\"WebPage\",\"@id\":\"https:\\\/\\\/www.meavia-mh.hr\\\/product\\\/bocica-s-pumpicom-za-tekucine-180-ml\\\/\",\"url\":\"https:\\\/\\\/www.meavia-mh.hr\\\/product\\\/bocica-s-pumpicom-za-tekucine-180-ml\\\/\",\"name\":\"Bo\u010dica s pumpicom za teku\u0107ine 180 ml (bijela) &#8902; Mea Via Beauty\",\"isPartOf\":{\"@id\":\"https:\\\/\\\/meavia-mh.hr\\\/sl\\\/#website\"},\"primaryImageOfPage\":{\"@id\":\"https:\\\/\\\/www.meavia-mh.hr\\\/product\\\/bocica-s-pumpicom-za-tekucine-180-ml\\\/#primaryimage\"},\"image\":{\"@id\":\"https:\\\/\\\/www.meavia-mh.hr\\\/product\\\/bocica-s-pumpicom-za-tekucine-180-ml\\\/#primaryimage\"},\"thumbnailUrl\":\"https:\\\/\\\/www.meavia-mh.hr\\\/wp-content\\\/uploads\\\/2021\\\/09\\\/img_0_Shellhard-distributeur-de-pompe-en-plastique-de-200ml-pour-dissolvant-de-vernis-ongles-bouteille-de-liquide.jpg_.webp.jpg\",\"datePublished\":\"2021-12-23T21:09:47+00:00\",\"dateModified\":\"2024-07-05T15:46:56+00:00\",\"description\":\"Mea Via Beauty &#8902; Bo\u010dica s pumpicom za teku\u0107ine 180 ml (bijela) &#8902; dozator za teku\u0107ine: aceton, cleaner&#8902; za modeliranje noktiju &#8902; za nail\",\"breadcrumb\":{\"@id\":\"https:\\\/\\\/www.meavia-mh.hr\\\/product\\\/bocica-s-pumpicom-za-tekucine-180-ml\\\/#breadcrumb\"},\"inLanguage\":\"sl-SI\",\"potentialAction\":[{\"@type\":\"ReadAction\",\"target\":[\"https:\\\/\\\/www.meavia-mh.hr\\\/product\\\/bocica-s-pumpicom-za-tekucine-180-ml\\\/\"]}]},{\"@type\":\"ImageObject\",\"inLanguage\":\"sl-SI\",\"@id\":\"https:\\\/\\\/www.meavia-mh.hr\\\/product\\\/bocica-s-pumpicom-za-tekucine-180-ml\\\/#primaryimage\",\"url\":\"https:\\\/\\\/www.meavia-mh.hr\\\/wp-content\\\/uploads\\\/2021\\\/09\\\/img_0_Shellhard-distributeur-de-pompe-en-plastique-de-200ml-pour-dissolvant-de-vernis-ongles-bouteille-de-liquide.jpg_.webp.jpg\",\"contentUrl\":\"https:\\\/\\\/www.meavia-mh.hr\\\/wp-content\\\/uploads\\\/2021\\\/09\\\/img_0_Shellhard-distributeur-de-pompe-en-plastique-de-200ml-pour-dissolvant-de-vernis-ongles-bouteille-de-liquide.jpg_.webp.jpg\",\"width\":800,\"height\":800,\"caption\":\"Bo\u010dica s pumpicom za teku\u0107ine\"},{\"@type\":\"BreadcrumbList\",\"@id\":\"https:\\\/\\\/www.meavia-mh.hr\\\/product\\\/bocica-s-pumpicom-za-tekucine-180-ml\\\/#breadcrumb\",\"itemListElement\":[{\"@type\":\"ListItem\",\"position\":1,\"name\":\"Po\u010detna stranica\",\"item\":\"https:\\\/\\\/www.meavia-mh.hr\\\/\"},{\"@type\":\"ListItem\",\"position\":2,\"name\":\"Trgovina\",\"item\":\"https:\\\/\\\/meavia-mh.hr\\\/sl\\\/store\\\/\"},{\"@type\":\"ListItem\",\"position\":3,\"name\":\"Bo\u010dica s pumpicom za teku\u0107ine 180 ml (bijela)\"}]},{\"@type\":\"WebSite\",\"@id\":\"https:\\\/\\\/meavia-mh.hr\\\/sl\\\/#website\",\"url\":\"https:\\\/\\\/meavia-mh.hr\\\/sl\\\/\",\"name\":\"Mea Via Beauty\",\"description\":\"Only The Best For Your Beauty\",\"publisher\":{\"@id\":\"https:\\\/\\\/meavia-mh.hr\\\/sl\\\/#organization\"},\"alternateName\":\"Mea Via Nails\",\"potentialAction\":[{\"@type\":\"SearchAction\",\"target\":{\"@type\":\"EntryPoint\",\"urlTemplate\":\"https:\\\/\\\/meavia-mh.hr\\\/sl\\\/?s={search_term_string}\"},\"query-input\":{\"@type\":\"PropertyValueSpecification\",\"valueRequired\":true,\"valueName\":\"search_term_string\"}}],\"inLanguage\":\"sl-SI\"},{\"@type\":\"Organization\",\"@id\":\"https:\\\/\\\/meavia-mh.hr\\\/sl\\\/#organization\",\"name\":\"Mea Via Nails World\",\"alternateName\":\"Mea Via\",\"url\":\"https:\\\/\\\/meavia-mh.hr\\\/sl\\\/\",\"logo\":{\"@type\":\"ImageObject\",\"inLanguage\":\"sl-SI\",\"@id\":\"https:\\\/\\\/meavia-mh.hr\\\/sl\\\/#\\\/schema\\\/logo\\\/image\\\/\",\"url\":\"https:\\\/\\\/www.meavia-mh.hr\\\/wp-content\\\/uploads\\\/2020\\\/12\\\/Mea-Via.png\",\"contentUrl\":\"https:\\\/\\\/www.meavia-mh.hr\\\/wp-content\\\/uploads\\\/2020\\\/12\\\/Mea-Via.png\",\"width\":1181,\"height\":393,\"caption\":\"Mea Via Nails World\"},\"image\":{\"@id\":\"https:\\\/\\\/meavia-mh.hr\\\/sl\\\/#\\\/schema\\\/logo\\\/image\\\/\"},\"sameAs\":[\"https:\\\/\\\/www.facebook.com\\\/MeaViaNailsWorld\",\"https:\\\/\\\/www.instagram.com\\\/mea_via_nails_world\\\/\",\"https:\\\/\\\/www.youtube.com\\\/channel\\\/UCECk0hpRWP6TN-EfA4ER96g\\\/featured\"]}]}<\/script>\n<!-- \/ Yoast SEO plugin. -->","yoast_head_json":{"title":"Bo\u010dica s pumpicom za teku\u0107ine 180 ml (bijela) &#8902; Mea Via Beauty","description":"Mea Via Beauty &#8902; Bo\u010dica s pumpicom za teku\u0107ine 180 ml (bijela) &#8902; dozator za teku\u0107ine: aceton, cleaner&#8902; za modeliranje noktiju &#8902; za nail","robots":{"index":"index","follow":"follow","max-snippet":"max-snippet:-1","max-image-preview":"max-image-preview:large","max-video-preview":"max-video-preview:-1"},"canonical":"https:\/\/www.meavia-mh.hr\/sl\/product\/bocica-s-pumpicom-za-tekucine-180-ml\/","og_locale":"sl_SI","og_type":"article","og_title":"Bo\u010dica s pumpicom za teku\u0107ine 180 ml (bijela) &#8902; Mea Via Beauty","og_description":"Mea Via Beauty &#8902; Bo\u010dica s pumpicom za teku\u0107ine 180 ml (bijela) &#8902; dozator za teku\u0107ine: aceton, cleaner&#8902; za modeliranje noktiju &#8902; za nail","og_url":"https:\/\/www.meavia-mh.hr\/sl\/product\/bocica-s-pumpicom-za-tekucine-180-ml\/","og_site_name":"Mea Via Beauty","article_publisher":"https:\/\/www.facebook.com\/MeaViaNailsWorld","article_modified_time":"2024-07-05T15:46:56+00:00","og_image":[{"width":800,"height":800,"url":"https:\/\/www.meavia-mh.hr\/wp-content\/uploads\/2021\/09\/img_0_Shellhard-distributeur-de-pompe-en-plastique-de-200ml-pour-dissolvant-de-vernis-ongles-bouteille-de-liquide.jpg_.webp.jpg","type":"image\/jpeg"}],"twitter_card":"summary_large_image","twitter_misc":{"Est. reading time":"2 minuti"},"schema":{"@context":"https:\/\/schema.org","@graph":[{"@type":"WebPage","@id":"https:\/\/www.meavia-mh.hr\/product\/bocica-s-pumpicom-za-tekucine-180-ml\/","url":"https:\/\/www.meavia-mh.hr\/product\/bocica-s-pumpicom-za-tekucine-180-ml\/","name":"Bo\u010dica s pumpicom za teku\u0107ine 180 ml (bijela) &#8902; Mea Via Beauty","isPartOf":{"@id":"https:\/\/meavia-mh.hr\/sl\/#website"},"primaryImageOfPage":{"@id":"https:\/\/www.meavia-mh.hr\/product\/bocica-s-pumpicom-za-tekucine-180-ml\/#primaryimage"},"image":{"@id":"https:\/\/www.meavia-mh.hr\/product\/bocica-s-pumpicom-za-tekucine-180-ml\/#primaryimage"},"thumbnailUrl":"https:\/\/www.meavia-mh.hr\/wp-content\/uploads\/2021\/09\/img_0_Shellhard-distributeur-de-pompe-en-plastique-de-200ml-pour-dissolvant-de-vernis-ongles-bouteille-de-liquide.jpg_.webp.jpg","datePublished":"2021-12-23T21:09:47+00:00","dateModified":"2024-07-05T15:46:56+00:00","description":"Mea Via Beauty &#8902; Bo\u010dica s pumpicom za teku\u0107ine 180 ml (bijela) &#8902; dozator za teku\u0107ine: aceton, cleaner&#8902; za modeliranje noktiju &#8902; za nail","breadcrumb":{"@id":"https:\/\/www.meavia-mh.hr\/product\/bocica-s-pumpicom-za-tekucine-180-ml\/#breadcrumb"},"inLanguage":"sl-SI","potentialAction":[{"@type":"ReadAction","target":["https:\/\/www.meavia-mh.hr\/product\/bocica-s-pumpicom-za-tekucine-180-ml\/"]}]},{"@type":"ImageObject","inLanguage":"sl-SI","@id":"https:\/\/www.meavia-mh.hr\/product\/bocica-s-pumpicom-za-tekucine-180-ml\/#primaryimage","url":"https:\/\/www.meavia-mh.hr\/wp-content\/uploads\/2021\/09\/img_0_Shellhard-distributeur-de-pompe-en-plastique-de-200ml-pour-dissolvant-de-vernis-ongles-bouteille-de-liquide.jpg_.webp.jpg","contentUrl":"https:\/\/www.meavia-mh.hr\/wp-content\/uploads\/2021\/09\/img_0_Shellhard-distributeur-de-pompe-en-plastique-de-200ml-pour-dissolvant-de-vernis-ongles-bouteille-de-liquide.jpg_.webp.jpg","width":800,"height":800,"caption":"Bo\u010dica s pumpicom za teku\u0107ine"},{"@type":"BreadcrumbList","@id":"https:\/\/www.meavia-mh.hr\/product\/bocica-s-pumpicom-za-tekucine-180-ml\/#breadcrumb","itemListElement":[{"@type":"ListItem","position":1,"name":"Po\u010detna stranica","item":"https:\/\/www.meavia-mh.hr\/"},{"@type":"ListItem","position":2,"name":"Trgovina","item":"https:\/\/meavia-mh.hr\/sl\/store\/"},{"@type":"ListItem","position":3,"name":"Bo\u010dica s pumpicom za teku\u0107ine 180 ml (bijela)"}]},{"@type":"WebSite","@id":"https:\/\/meavia-mh.hr\/sl\/#website","url":"https:\/\/meavia-mh.hr\/sl\/","name":"MEA VIA BEAUTY","description":"Only The Best For Your Beauty","publisher":{"@id":"https:\/\/meavia-mh.hr\/sl\/#organization"},"alternateName":"Mea Via Nails","potentialAction":[{"@type":"SearchAction","target":{"@type":"EntryPoint","urlTemplate":"https:\/\/meavia-mh.hr\/sl\/?s={search_term_string}"},"query-input":{"@type":"PropertyValueSpecification","valueRequired":true,"valueName":"search_term_string"}}],"inLanguage":"sl-SI"},{"@type":"Organization","@id":"https:\/\/meavia-mh.hr\/sl\/#organization","name":"Mea Via Nails World","alternateName":"Mea Via","url":"https:\/\/meavia-mh.hr\/sl\/","logo":{"@type":"ImageObject","inLanguage":"sl-SI","@id":"https:\/\/meavia-mh.hr\/sl\/#\/schema\/logo\/image\/","url":"https:\/\/www.meavia-mh.hr\/wp-content\/uploads\/2020\/12\/Mea-Via.png","contentUrl":"https:\/\/www.meavia-mh.hr\/wp-content\/uploads\/2020\/12\/Mea-Via.png","width":1181,"height":393,"caption":"Mea Via Nails World"},"image":{"@id":"https:\/\/meavia-mh.hr\/sl\/#\/schema\/logo\/image\/"},"sameAs":["https:\/\/www.facebook.com\/MeaViaNailsWorld","https:\/\/www.instagram.com\/mea_via_nails_world\/","https:\/\/www.youtube.com\/channel\/UCECk0hpRWP6TN-EfA4ER96g\/featured"]}]}},"spectra_custom_meta":{"_sku":["100799-W"],"_regular_price":["5.29"],"total_sales":["25"],"_tax_status":["taxable"],"_tax_class":[""],"_manage_stock":["yes"],"_backorders":["no"],"_sold_individually":["no"],"_virtual":["no"],"_downloadable":["no"],"_product_image_gallery":["8816,8819,8813,8818,8817,8815"],"_download_limit":["-1"],"_download_expiry":["-1"],"_thumbnail_id":["8814"],"_stock":["0"],"_stock_status":["outofstock"],"_wc_average_rating":["0"],"_wc_review_count":["0"],"_product_version":["7.7.2"],"_price":["5.29"],"_wp_page_template":["default"],"_yoast_wpseo_focuskw":["Bo\u010dica s pumpicom"],"_yoast_wpseo_metadesc":["%%sitename%% %%sep%% %%title%% %%sep%% dozator za teku\u0107ine: aceton, cleaner%%sep%% za modeliranje noktiju %%sep%% za nail"],"_yoast_wpseo_linkdex":["65"],"_yoast_wpseo_content_score":["90"],"_yoast_wpseo_primary_product_cat":["24"],"site-sidebar-layout":["default"],"site-content-layout":["default"],"theme-transparent-header-meta":["default"],"stick-header-meta":["default"],"_woocs_price_geo_countries":[""],"_woocs_regular_price_geo":[""],"_woocs_sale_price_geo":[""],"_yoast_wpseo_estimated-reading-time-minutes":["2"],"cartflows_redirect_flow_id":[""],"cartflows_add_to_cart_text":[""],"_edit_lock":["1686671077:1239"],"_edit_last":["1239"],"ast-below-header-display":[""],"adv-header-id-meta":[""],"header-below-stick-meta":[""],"_woocs_regular_price_EUR":["5.18"],"_woocs_sale_price_EUR":["-1"],"footer-adv-display":[null],"_lowest_price_30_days":["5.17"],"uag_migration_processed":["1"],"_elementor_page_assets":["a:0:{}"],"_uag_page_assets":["a:9:{s:3:\"css\";s:0:\"\";s:2:\"js\";s:0:\"\";s:18:\"current_block_list\";a:3:{i:0;s:11:\"core\/search\";i:1;s:18:\"core\/legacy-widget\";i:2;s:27:\"woocommerce\/product-filters\";}s:8:\"uag_flag\";b:0;s:11:\"uag_version\";s:10:\"1776503599\";s:6:\"gfonts\";a:0:{}s:10:\"gfonts_url\";s:0:\"\";s:12:\"gfonts_files\";a:0:{}s:14:\"uag_faq_layout\";b:0;}"]},"uagb_featured_image_src":{"full":["https:\/\/www.meavia-mh.hr\/wp-content\/uploads\/2021\/09\/img_0_Shellhard-distributeur-de-pompe-en-plastique-de-200ml-pour-dissolvant-de-vernis-ongles-bouteille-de-liquide.jpg_.webp.jpg",800,800,false],"thumbnail":["https:\/\/www.meavia-mh.hr\/wp-content\/uploads\/2021\/09\/img_0_Shellhard-distributeur-de-pompe-en-plastique-de-200ml-pour-dissolvant-de-vernis-ongles-bouteille-de-liquide.jpg_.webp-150x150.jpg",150,150,true],"medium":["https:\/\/www.meavia-mh.hr\/wp-content\/uploads\/2021\/09\/img_0_Shellhard-distributeur-de-pompe-en-plastique-de-200ml-pour-dissolvant-de-vernis-ongles-bouteille-de-liquide.jpg_.webp-300x300.jpg",300,300,true],"medium_large":["https:\/\/www.meavia-mh.hr\/wp-content\/uploads\/2021\/09\/img_0_Shellhard-distributeur-de-pompe-en-plastique-de-200ml-pour-dissolvant-de-vernis-ongles-bouteille-de-liquide.jpg_.webp-768x768.jpg",768,768,true],"large":["https:\/\/www.meavia-mh.hr\/wp-content\/uploads\/2021\/09\/img_0_Shellhard-distributeur-de-pompe-en-plastique-de-200ml-pour-dissolvant-de-vernis-ongles-bouteille-de-liquide.jpg_.webp.jpg",800,800,false],"1536x1536":["https:\/\/www.meavia-mh.hr\/wp-content\/uploads\/2021\/09\/img_0_Shellhard-distributeur-de-pompe-en-plastique-de-200ml-pour-dissolvant-de-vernis-ongles-bouteille-de-liquide.jpg_.webp.jpg",800,800,false],"2048x2048":["https:\/\/www.meavia-mh.hr\/wp-content\/uploads\/2021\/09\/img_0_Shellhard-distributeur-de-pompe-en-plastique-de-200ml-pour-dissolvant-de-vernis-ongles-bouteille-de-liquide.jpg_.webp.jpg",800,800,false],"trp-custom-language-flag":["https:\/\/www.meavia-mh.hr\/wp-content\/uploads\/2021\/09\/img_0_Shellhard-distributeur-de-pompe-en-plastique-de-200ml-pour-dissolvant-de-vernis-ongles-bouteille-de-liquide.jpg_.webp-12x12.jpg",12,12,true],"woocommerce_thumbnail":["https:\/\/www.meavia-mh.hr\/wp-content\/uploads\/2021\/09\/img_0_Shellhard-distributeur-de-pompe-en-plastique-de-200ml-pour-dissolvant-de-vernis-ongles-bouteille-de-liquide.jpg_.webp-300x300.jpg",300,300,true],"woocommerce_single":["https:\/\/www.meavia-mh.hr\/wp-content\/uploads\/2021\/09\/img_0_Shellhard-distributeur-de-pompe-en-plastique-de-200ml-pour-dissolvant-de-vernis-ongles-bouteille-de-liquide.jpg_.webp-600x600.jpg",600,600,true],"woocommerce_gallery_thumbnail":["https:\/\/www.meavia-mh.hr\/wp-content\/uploads\/2021\/09\/img_0_Shellhard-distributeur-de-pompe-en-plastique-de-200ml-pour-dissolvant-de-vernis-ongles-bouteille-de-liquide.jpg_.webp-100x100.jpg",100,100,true]},"uagb_author_info":{"display_name":"Mea Via","author_link":"https:\/\/www.meavia-mh.hr\/sl\/author\/"},"uagb_comment_info":0,"uagb_excerpt":"Bo\u010dica s pumpicom za aceton, cleaner i ostale teku\u0107ine neophodne za nail design. Metalni poklopac na vrhu ossigurat \u0107e dugovje\u010dnost i atraktivnost va\u0161em dozatoru. Ovaj profesionalni pribor\u00a0pogodan je za preno\u0161enje teku\u0107ina poput sredstava za \u010di\u0161\u0107enje gela, sredstava za uklanjanje laka za nokte ili raznih drugih teku\u0107ina. Zahvaljuju\u0107i svojoj kompaktnoj veli\u010dini i zapremini od 120 ml,&hellip;","_links":{"self":[{"href":"https:\/\/www.meavia-mh.hr\/sl\/wp-json\/wp\/v2\/product\/10428","targetHints":{"allow":["GET"]}}],"collection":[{"href":"https:\/\/www.meavia-mh.hr\/sl\/wp-json\/wp\/v2\/product"}],"about":[{"href":"https:\/\/www.meavia-mh.hr\/sl\/wp-json\/wp\/v2\/types\/product"}],"replies":[{"embeddable":true,"href":"https:\/\/www.meavia-mh.hr\/sl\/wp-json\/wp\/v2\/comments?post=10428"}],"version-history":[{"count":1,"href":"https:\/\/www.meavia-mh.hr\/sl\/wp-json\/wp\/v2\/product\/10428\/revisions"}],"predecessor-version":[{"id":31057,"href":"https:\/\/www.meavia-mh.hr\/sl\/wp-json\/wp\/v2\/product\/10428\/revisions\/31057"}],"wp:featuredmedia":[{"embeddable":true,"href":"https:\/\/www.meavia-mh.hr\/sl\/wp-json\/wp\/v2\/media\/8814"}],"wp:attachment":[{"href":"https:\/\/www.meavia-mh.hr\/sl\/wp-json\/wp\/v2\/media?parent=10428"}],"wp:term":[{"taxonomy":"product_brand","embeddable":true,"href":"https:\/\/www.meavia-mh.hr\/sl\/wp-json\/wp\/v2\/product_brand?post=10428"},{"taxonomy":"product_cat","embeddable":true,"href":"https:\/\/www.meavia-mh.hr\/sl\/wp-json\/wp\/v2\/product_cat?post=10428"},{"taxonomy":"product_tag","embeddable":true,"href":"https:\/\/www.meavia-mh.hr\/sl\/wp-json\/wp\/v2\/product_tag?post=10428"}],"curies":[{"name":"delovni list","href":"https:\/\/api.w.org\/{rel}","templated":true}]}}