{"id":10410,"date":"2021-12-22T07:40:06","date_gmt":"2021-12-22T07:40:06","guid":{"rendered":"https:\/\/www.meavia-mh.hr\/?post_type=product&#038;p=10410"},"modified":"2026-01-24T08:02:26","modified_gmt":"2026-01-24T07:02:26","slug":"regenerator-za-nokte-keratin-bandage","status":"publish","type":"product","link":"https:\/\/www.meavia-mh.hr\/sl\/product\/regenerator-za-nokte-keratin-bandage\/","title":{"rendered":"Claresa Keratin Bandage balzam za nohte"},"content":{"rendered":"<h6><span class=\"\">Keratin Bandage balzam za nohte - regeneracijski povoj za va\u0161e nohte<\/span><\/h6>\n<p><span class=\"\">Ali va\u0161i nohti po\u0161iljajo signal SOS in ne veste, na katero \u0161tevilko bi poklicali pomo\u010d? <\/span>Potem <strong>prihajamo s keratinom <\/strong><strong>Povoj <\/strong><strong>balzam za nohte<\/strong> ki bo va\u0161im nohtom omogo\u010dila popolno regeneracijo. Cure4Nails revolucionarna formula s kompleksom za rekonstrukcijo, ki vsebuje <strong>izvle\u010dek <\/strong><strong>semena zelene in manitol, bodo vidno okrepili va\u0161e nohte<\/strong>, ki jih globoko neguje. Posledi\u010dno bodo postali mo\u010dni, sijo\u010di in gladki.<\/p>\n<ul>\n<li>Keratin Bandage je idealen pripravek za nego nohtov po hibridni in gel manikuri.<\/li>\n<li>Ima kompleks sestavin z antioksidativnimi lastnostmi in izbolj\u0161a videz nohtne plo\u0161\u010de.<\/li>\n<li>Uporablja se lahko samostojno ali kot podlaga za manikuro.<\/li>\n<\/ul>\n<p>SOS za nohte? <strong>Samo s keratinskim balzamom za povoje<\/strong> .<\/p>\n<p><strong>POSEBNOST -\u00a0<\/strong>Neguje, vra\u010da sijaj, krepi in gladi nohtno plo\u0161\u010do.<\/p>\n<p><strong>ZA KOGAR - <\/strong>Nohti, ki potrebujejo krepitev in za\u0161\u010dito.<\/p>\n<p><strong>AKTIVNE SESTAVINE -\u00a0<\/strong>Formula Cure4Nails s kompleksom Reconstruction (izvle\u010dek semen zelene, manitol).<\/p>\n<h6>Zna\u010dilnosti:<\/h6>\n<ul>\n<li>Revitalizira in obnavlja nohtno plo\u0161\u010do<\/li>\n<li>Daje nohtom zdrav in naraven videz<\/li>\n<li>Vsebuje izvle\u010dek semen zelene in kompleks mineralov, ki podpirajo sintezo keratina in ceramidov<\/li>\n<li>U\u010dinkovitost potrjena z raziskavami<\/li>\n<li>Sijaj in krepi nohtno plo\u0161\u010do<\/li>\n<li>Prepre\u010duje cepljenje nohtov<\/li>\n<li>Lahko je osnova za klasi\u010dno manikuro<\/li>\n<li>Dobro se razma\u017ee in se hitro su\u0161i<\/li>\n<\/ul>\n<p>KERATIN BANDAGE balzam za nohte<span class=\"\">\u00a0<\/span>zaznamuje vrhunska kakovost. To je profesionalni negovalni izdelek, ki obnavlja in neguje nohte. Sestava inovativnih snovi, ki jih vsebuje balzam, naredi nohte mo\u010dnej\u0161e in izjemno navla\u017eene.<\/p>\n<p>Poleg tega balzam poskrbi za bolj\u0161o mikrocirkulacijo pod nohtno plo\u0161\u010do in jo vidno zgladi. <strong>Prijavite se in se prepri\u010dajte sami<\/strong> kako popolni bodo va\u0161i nohti.<\/p>\n<p><span class=\"\">Popolna hidracija, popolna regeneracija in \u010dudovit vonj, v katerega se boste zaljubili \u017ee ob prvem nanosu! <\/span><strong><span class=\"\">Vsako lepo oblikovanje nohtov se za\u010dne s \u010dudovito nohtno plo\u0161\u010do<\/span><\/strong>\u00a0- Zato je balzam za nohte nujno potreben izdelek v va\u0161i kozmeti\u010dni torbici.<\/p>\n<p><strong>Izdelek ne vsebuje sestavin, ki lahko povzro\u010dijo alergije, kot so: formaldehid, toluen, DBP, kafra, dibutil ftalat<\/strong><\/p>\n<h6>Na\u010din uporabe:<\/h6>\n<p>Nanesite neposredno na \u010disto nohtno plo\u0161\u010do in po\u010dakajte, da se posu\u0161i. Redna uporaba balzama izbolj\u0161a videz in stanje nohtov ter daje va\u0161im rokam zdrav in negovan videz.<br \/>\nStekleni\u010dka s \u010dopi\u010dem zagotavlja maksimalno udobje pri uporabi.<\/p>\n<h6>Pakiranje: 5 g<\/h6>\n<p>Blagovna znamka CLARESA je bila ustvarjena, da bi zadovoljila potrebe potro\u0161nikov, ki \u017eelijo le izdelke najvi\u0161je kakovosti. Brezkompromisna kakovost in skrbno izbrane sestavine postavljajo kozmetiko Claresa na vrh lestvice.<br \/>\nLaki in dodatki za oblikovanje nohtov, ki jih je oblikoval v Franciji CLARESA, so narejeni iz najkakovostnej\u0161ih sestavin, ki ne povzro\u010dajo alergij. Prvotno so bili na voljo samo za salonske profesionalce in umetnike li\u010denja najve\u010djih zvezd. Zdaj so ti vrhunski izdelki na voljo vsem strankam po najbolj\u0161i ceni!<\/p>\n<h6>Previdnostni ukrepi:<\/h6>\n<ul>\n<li>Hraniti izven pogleda in dosega otrok.<\/li>\n<li>Izogibajte se stiku z o\u010dmi.<\/li>\n<li>Ne uporabljajte v primeru preob\u010dutljivosti na katero koli sestavino izdelka.<\/li>\n<li>V primeru kakr\u0161nih koli ne\u017eelenih u\u010dinkov ali preob\u010dutljivosti, kot so peko\u010d ob\u010dutek, srbenje, pordelost ipd., je treba zdravilo prekiniti.<\/li>\n<li>Ne uporabljajte na na\u010din, ki ni v skladu z namenom.<\/li>\n<li>Ne uporabljajte po poteku roka uporabnosti.<\/li>\n<\/ul>","protected":false},"excerpt":{"rendered":"<p><a href=\"https:\/\/www.meavia-mh.hr\/wp-content\/uploads\/2020\/12\/palu-dermatologically-tested.png\"><img decoding=\"async\" class=\"alignnone wp-image-1574 size-thumbnail\" src=\"https:\/\/www.meavia-mh.hr\/wp-content\/uploads\/2020\/12\/palu-dermatologically-tested-150x150.png\" alt=\"dermatologically tested\" width=\"150\" height=\"150\" srcset=\"https:\/\/www.meavia-mh.hr\/wp-content\/uploads\/2020\/12\/palu-dermatologically-tested-150x150.png 150w, https:\/\/www.meavia-mh.hr\/wp-content\/uploads\/2020\/12\/palu-dermatologically-tested-100x100.png 100w, https:\/\/www.meavia-mh.hr\/wp-content\/uploads\/2020\/12\/palu-dermatologically-tested.png 252w\" sizes=\"(max-width: 150px) 100vw, 150px\" \/><\/a><\/p>","protected":false},"featured_media":10365,"comment_status":"open","ping_status":"closed","template":"","meta":{"_uag_custom_page_level_css":"","site-sidebar-layout":"default","site-content-layout":"default","ast-site-content-layout":"default","site-content-style":"default","site-sidebar-style":"default","ast-global-header-display":"","ast-banner-title-visibility":"","ast-main-header-display":"","ast-hfb-above-header-display":"","ast-hfb-below-header-display":"","ast-hfb-mobile-header-display":"","site-post-title":"","ast-breadcrumbs-content":"","ast-featured-img":"","footer-sml-layout":"","ast-disable-related-posts":"","theme-transparent-header-meta":"default","adv-header-id-meta":"","stick-header-meta":"default","header-above-stick-meta":"","header-main-stick-meta":"","header-below-stick-meta":null,"astra-migrate-meta-layouts":"default","ast-page-background-enabled":"default","ast-page-background-meta":{"desktop":{"background-color":"var(--ast-global-color-4)","background-image":"","background-repeat":"repeat","background-position":"center center","background-size":"auto","background-attachment":"scroll","background-type":"","background-media":"","overlay-type":"","overlay-color":"","overlay-opacity":"","overlay-gradient":""},"tablet":{"background-color":"","background-image":"","background-repeat":"repeat","background-position":"center center","background-size":"auto","background-attachment":"scroll","background-type":"","background-media":"","overlay-type":"","overlay-color":"","overlay-opacity":"","overlay-gradient":""},"mobile":{"background-color":"","background-image":"","background-repeat":"repeat","background-position":"center center","background-size":"auto","background-attachment":"scroll","background-type":"","background-media":"","overlay-type":"","overlay-color":"","overlay-opacity":"","overlay-gradient":""}},"ast-content-background-meta":{"desktop":{"background-color":"var(--ast-global-color-5)","background-image":"","background-repeat":"repeat","background-position":"center center","background-size":"auto","background-attachment":"scroll","background-type":"","background-media":"","overlay-type":"","overlay-color":"","overlay-opacity":"","overlay-gradient":""},"tablet":{"background-color":"var(--ast-global-color-5)","background-image":"","background-repeat":"repeat","background-position":"center center","background-size":"auto","background-attachment":"scroll","background-type":"","background-media":"","overlay-type":"","overlay-color":"","overlay-opacity":"","overlay-gradient":""},"mobile":{"background-color":"var(--ast-global-color-5)","background-image":"","background-repeat":"repeat","background-position":"center center","background-size":"auto","background-attachment":"scroll","background-type":"","background-media":"","overlay-type":"","overlay-color":"","overlay-opacity":"","overlay-gradient":""}}},"product_brand":[607],"product_cat":[534,118],"product_tag":[327,328],"class_list":{"0":"post-10410","1":"product","2":"type-product","3":"status-publish","4":"has-post-thumbnail","6":"product_brand-claresa","7":"product_cat-claresa","8":"product_cat-njegu-ruku-i-nogu","9":"product_tag-balsam-za-nokte","10":"product_tag-regenerator-za-nokte","11":"desktop-align-left","12":"tablet-align-left","13":"mobile-align-left","14":"ast-product-gallery-layout-horizontal-slider","15":"ast-product-tabs-layout-horizontal","17":"first","18":"outofstock","19":"taxable","20":"shipping-taxable","21":"purchasable","22":"product-type-simple"},"yoast_head":"<!-- This site is optimized with the Yoast SEO plugin v27.4 - https:\/\/yoast.com\/product\/yoast-seo-wordpress\/ -->\n<title>Claresa regenerator za nokte Keratin Bandage &#8902; regenerator &#8902; Mea Via Beauty<\/title>\n<meta name=\"description\" content=\"Claresa regenerator za nokte Keratin Bandage &#8902; serum za noke &#8902; ja\u010da i njeguje nokte &#8902; vra\u010da prirodnu boju nokta i sjaj &#8902; vrhunska kvaliteta\" \/>\n<meta name=\"robots\" content=\"index, follow, max-snippet:-1, max-image-preview:large, max-video-preview:-1\" \/>\n<link rel=\"canonical\" href=\"https:\/\/www.meavia-mh.hr\/sl\/product\/regenerator-za-nokte-keratin-bandage\/\" \/>\n<meta property=\"og:locale\" content=\"sl_SI\" \/>\n<meta property=\"og:type\" content=\"article\" \/>\n<meta property=\"og:title\" content=\"Claresa regenerator za nokte Keratin Bandage &#8902; regenerator &#8902; Mea Via Beauty\" \/>\n<meta property=\"og:description\" content=\"Claresa regenerator za nokte Keratin Bandage &#8902; serum za noke &#8902; ja\u010da i njeguje nokte &#8902; vra\u010da prirodnu boju nokta i sjaj &#8902; vrhunska kvaliteta\" \/>\n<meta property=\"og:url\" content=\"https:\/\/www.meavia-mh.hr\/sl\/product\/regenerator-za-nokte-keratin-bandage\/\" \/>\n<meta property=\"og:site_name\" content=\"Mea Via Beauty\" \/>\n<meta property=\"article:publisher\" content=\"https:\/\/www.facebook.com\/MeaViaNailsWorld\" \/>\n<meta property=\"article:modified_time\" content=\"2026-01-24T07:02:26+00:00\" \/>\n<meta property=\"og:image\" content=\"https:\/\/www.meavia-mh.hr\/wp-content\/uploads\/2021\/12\/KERATIN_BANDAGE.jpg\" \/>\n\t<meta property=\"og:image:width\" content=\"1000\" \/>\n\t<meta property=\"og:image:height\" content=\"1303\" \/>\n\t<meta property=\"og:image:type\" content=\"image\/jpeg\" \/>\n<meta name=\"twitter:card\" content=\"summary_large_image\" \/>\n<meta name=\"twitter:label1\" content=\"Est. reading time\" \/>\n\t<meta name=\"twitter:data1\" content=\"3 minute\" \/>\n<script type=\"application\/ld+json\" class=\"yoast-schema-graph\">{\"@context\":\"https:\\\/\\\/schema.org\",\"@graph\":[{\"@type\":\"WebPage\",\"@id\":\"https:\\\/\\\/www.meavia-mh.hr\\\/product\\\/regenerator-za-nokte-keratin-bandage\\\/\",\"url\":\"https:\\\/\\\/www.meavia-mh.hr\\\/product\\\/regenerator-za-nokte-keratin-bandage\\\/\",\"name\":\"Claresa regenerator za nokte Keratin Bandage &#8902; regenerator &#8902; Mea Via Beauty\",\"isPartOf\":{\"@id\":\"https:\\\/\\\/meavia-mh.hr\\\/sl\\\/#website\"},\"primaryImageOfPage\":{\"@id\":\"https:\\\/\\\/www.meavia-mh.hr\\\/product\\\/regenerator-za-nokte-keratin-bandage\\\/#primaryimage\"},\"image\":{\"@id\":\"https:\\\/\\\/www.meavia-mh.hr\\\/product\\\/regenerator-za-nokte-keratin-bandage\\\/#primaryimage\"},\"thumbnailUrl\":\"https:\\\/\\\/www.meavia-mh.hr\\\/wp-content\\\/uploads\\\/2021\\\/12\\\/KERATIN_BANDAGE.jpg\",\"datePublished\":\"2021-12-22T07:40:06+00:00\",\"dateModified\":\"2026-01-24T07:02:26+00:00\",\"description\":\"Claresa regenerator za nokte Keratin Bandage &#8902; serum za noke &#8902; ja\u010da i njeguje nokte &#8902; vra\u010da prirodnu boju nokta i sjaj &#8902; vrhunska kvaliteta\",\"breadcrumb\":{\"@id\":\"https:\\\/\\\/www.meavia-mh.hr\\\/product\\\/regenerator-za-nokte-keratin-bandage\\\/#breadcrumb\"},\"inLanguage\":\"sl-SI\",\"potentialAction\":[{\"@type\":\"ReadAction\",\"target\":[\"https:\\\/\\\/www.meavia-mh.hr\\\/product\\\/regenerator-za-nokte-keratin-bandage\\\/\"]}]},{\"@type\":\"ImageObject\",\"inLanguage\":\"sl-SI\",\"@id\":\"https:\\\/\\\/www.meavia-mh.hr\\\/product\\\/regenerator-za-nokte-keratin-bandage\\\/#primaryimage\",\"url\":\"https:\\\/\\\/www.meavia-mh.hr\\\/wp-content\\\/uploads\\\/2021\\\/12\\\/KERATIN_BANDAGE.jpg\",\"contentUrl\":\"https:\\\/\\\/www.meavia-mh.hr\\\/wp-content\\\/uploads\\\/2021\\\/12\\\/KERATIN_BANDAGE.jpg\",\"width\":1000,\"height\":1303,\"caption\":\"Regenerator za nokte Keratin Bandage\"},{\"@type\":\"BreadcrumbList\",\"@id\":\"https:\\\/\\\/www.meavia-mh.hr\\\/product\\\/regenerator-za-nokte-keratin-bandage\\\/#breadcrumb\",\"itemListElement\":[{\"@type\":\"ListItem\",\"position\":1,\"name\":\"Po\u010detna stranica\",\"item\":\"https:\\\/\\\/www.meavia-mh.hr\\\/\"},{\"@type\":\"ListItem\",\"position\":2,\"name\":\"Trgovina\",\"item\":\"https:\\\/\\\/meavia-mh.hr\\\/sl\\\/store\\\/\"},{\"@type\":\"ListItem\",\"position\":3,\"name\":\"Claresa regenerator za nokte Keratin Bandage\"}]},{\"@type\":\"WebSite\",\"@id\":\"https:\\\/\\\/meavia-mh.hr\\\/sl\\\/#website\",\"url\":\"https:\\\/\\\/meavia-mh.hr\\\/sl\\\/\",\"name\":\"Mea Via Beauty\",\"description\":\"Only The Best For Your Beauty\",\"publisher\":{\"@id\":\"https:\\\/\\\/meavia-mh.hr\\\/sl\\\/#organization\"},\"alternateName\":\"Mea Via Nails\",\"potentialAction\":[{\"@type\":\"SearchAction\",\"target\":{\"@type\":\"EntryPoint\",\"urlTemplate\":\"https:\\\/\\\/meavia-mh.hr\\\/sl\\\/?s={search_term_string}\"},\"query-input\":{\"@type\":\"PropertyValueSpecification\",\"valueRequired\":true,\"valueName\":\"search_term_string\"}}],\"inLanguage\":\"sl-SI\"},{\"@type\":\"Organization\",\"@id\":\"https:\\\/\\\/meavia-mh.hr\\\/sl\\\/#organization\",\"name\":\"Mea Via Nails World\",\"alternateName\":\"Mea Via\",\"url\":\"https:\\\/\\\/meavia-mh.hr\\\/sl\\\/\",\"logo\":{\"@type\":\"ImageObject\",\"inLanguage\":\"sl-SI\",\"@id\":\"https:\\\/\\\/meavia-mh.hr\\\/sl\\\/#\\\/schema\\\/logo\\\/image\\\/\",\"url\":\"https:\\\/\\\/www.meavia-mh.hr\\\/wp-content\\\/uploads\\\/2020\\\/12\\\/Mea-Via.png\",\"contentUrl\":\"https:\\\/\\\/www.meavia-mh.hr\\\/wp-content\\\/uploads\\\/2020\\\/12\\\/Mea-Via.png\",\"width\":1181,\"height\":393,\"caption\":\"Mea Via Nails World\"},\"image\":{\"@id\":\"https:\\\/\\\/meavia-mh.hr\\\/sl\\\/#\\\/schema\\\/logo\\\/image\\\/\"},\"sameAs\":[\"https:\\\/\\\/www.facebook.com\\\/MeaViaNailsWorld\",\"https:\\\/\\\/www.instagram.com\\\/mea_via_nails_world\\\/\",\"https:\\\/\\\/www.youtube.com\\\/channel\\\/UCECk0hpRWP6TN-EfA4ER96g\\\/featured\"]}]}<\/script>\n<!-- \/ Yoast SEO plugin. -->","yoast_head_json":{"title":"Claresa regenerator za nokte Keratin Bandage &#8902; regenerator &#8902; Mea Via Beauty","description":"Claresa regenerator za nokte Keratin Bandage &#8902; serum za noke &#8902; ja\u010da i njeguje nokte &#8902; vra\u010da prirodnu boju nokta i sjaj &#8902; vrhunska kvaliteta","robots":{"index":"index","follow":"follow","max-snippet":"max-snippet:-1","max-image-preview":"max-image-preview:large","max-video-preview":"max-video-preview:-1"},"canonical":"https:\/\/www.meavia-mh.hr\/sl\/product\/regenerator-za-nokte-keratin-bandage\/","og_locale":"sl_SI","og_type":"article","og_title":"Claresa regenerator za nokte Keratin Bandage &#8902; regenerator &#8902; Mea Via Beauty","og_description":"Claresa regenerator za nokte Keratin Bandage &#8902; serum za noke &#8902; ja\u010da i njeguje nokte &#8902; vra\u010da prirodnu boju nokta i sjaj &#8902; vrhunska kvaliteta","og_url":"https:\/\/www.meavia-mh.hr\/sl\/product\/regenerator-za-nokte-keratin-bandage\/","og_site_name":"Mea Via Beauty","article_publisher":"https:\/\/www.facebook.com\/MeaViaNailsWorld","article_modified_time":"2026-01-24T07:02:26+00:00","og_image":[{"width":1000,"height":1303,"url":"https:\/\/www.meavia-mh.hr\/wp-content\/uploads\/2021\/12\/KERATIN_BANDAGE.jpg","type":"image\/jpeg"}],"twitter_card":"summary_large_image","twitter_misc":{"Est. reading time":"3 minute"},"schema":{"@context":"https:\/\/schema.org","@graph":[{"@type":"WebPage","@id":"https:\/\/www.meavia-mh.hr\/product\/regenerator-za-nokte-keratin-bandage\/","url":"https:\/\/www.meavia-mh.hr\/product\/regenerator-za-nokte-keratin-bandage\/","name":"Claresa regenerator za nokte Keratin Bandage &#8902; regenerator &#8902; Mea Via Beauty","isPartOf":{"@id":"https:\/\/meavia-mh.hr\/sl\/#website"},"primaryImageOfPage":{"@id":"https:\/\/www.meavia-mh.hr\/product\/regenerator-za-nokte-keratin-bandage\/#primaryimage"},"image":{"@id":"https:\/\/www.meavia-mh.hr\/product\/regenerator-za-nokte-keratin-bandage\/#primaryimage"},"thumbnailUrl":"https:\/\/www.meavia-mh.hr\/wp-content\/uploads\/2021\/12\/KERATIN_BANDAGE.jpg","datePublished":"2021-12-22T07:40:06+00:00","dateModified":"2026-01-24T07:02:26+00:00","description":"Claresa regenerator za nokte Keratin Bandage &#8902; serum za noke &#8902; ja\u010da i njeguje nokte &#8902; vra\u010da prirodnu boju nokta i sjaj &#8902; vrhunska kvaliteta","breadcrumb":{"@id":"https:\/\/www.meavia-mh.hr\/product\/regenerator-za-nokte-keratin-bandage\/#breadcrumb"},"inLanguage":"sl-SI","potentialAction":[{"@type":"ReadAction","target":["https:\/\/www.meavia-mh.hr\/product\/regenerator-za-nokte-keratin-bandage\/"]}]},{"@type":"ImageObject","inLanguage":"sl-SI","@id":"https:\/\/www.meavia-mh.hr\/product\/regenerator-za-nokte-keratin-bandage\/#primaryimage","url":"https:\/\/www.meavia-mh.hr\/wp-content\/uploads\/2021\/12\/KERATIN_BANDAGE.jpg","contentUrl":"https:\/\/www.meavia-mh.hr\/wp-content\/uploads\/2021\/12\/KERATIN_BANDAGE.jpg","width":1000,"height":1303,"caption":"Regenerator za nokte Keratin Bandage"},{"@type":"BreadcrumbList","@id":"https:\/\/www.meavia-mh.hr\/product\/regenerator-za-nokte-keratin-bandage\/#breadcrumb","itemListElement":[{"@type":"ListItem","position":1,"name":"Po\u010detna stranica","item":"https:\/\/www.meavia-mh.hr\/"},{"@type":"ListItem","position":2,"name":"Trgovina","item":"https:\/\/meavia-mh.hr\/sl\/store\/"},{"@type":"ListItem","position":3,"name":"Claresa regenerator za nokte Keratin Bandage"}]},{"@type":"WebSite","@id":"https:\/\/meavia-mh.hr\/sl\/#website","url":"https:\/\/meavia-mh.hr\/sl\/","name":"MEA VIA BEAUTY","description":"Only The Best For Your Beauty","publisher":{"@id":"https:\/\/meavia-mh.hr\/sl\/#organization"},"alternateName":"Mea Via Nails","potentialAction":[{"@type":"SearchAction","target":{"@type":"EntryPoint","urlTemplate":"https:\/\/meavia-mh.hr\/sl\/?s={search_term_string}"},"query-input":{"@type":"PropertyValueSpecification","valueRequired":true,"valueName":"search_term_string"}}],"inLanguage":"sl-SI"},{"@type":"Organization","@id":"https:\/\/meavia-mh.hr\/sl\/#organization","name":"Mea Via Nails World","alternateName":"Mea Via","url":"https:\/\/meavia-mh.hr\/sl\/","logo":{"@type":"ImageObject","inLanguage":"sl-SI","@id":"https:\/\/meavia-mh.hr\/sl\/#\/schema\/logo\/image\/","url":"https:\/\/www.meavia-mh.hr\/wp-content\/uploads\/2020\/12\/Mea-Via.png","contentUrl":"https:\/\/www.meavia-mh.hr\/wp-content\/uploads\/2020\/12\/Mea-Via.png","width":1181,"height":393,"caption":"Mea Via Nails World"},"image":{"@id":"https:\/\/meavia-mh.hr\/sl\/#\/schema\/logo\/image\/"},"sameAs":["https:\/\/www.facebook.com\/MeaViaNailsWorld","https:\/\/www.instagram.com\/mea_via_nails_world\/","https:\/\/www.youtube.com\/channel\/UCECk0hpRWP6TN-EfA4ER96g\/featured"]}]}},"spectra_custom_meta":{"_sku":["5903819800357"],"_regular_price":["5.3"],"total_sales":["22"],"_tax_status":["taxable"],"_tax_class":[""],"_manage_stock":["yes"],"_backorders":["no"],"_sold_individually":["no"],"_virtual":["no"],"_downloadable":["no"],"_product_image_gallery":["10368"],"_download_limit":["-1"],"_download_expiry":["-1"],"_thumbnail_id":["10365"],"_stock":["0.000000"],"_stock_status":["outofstock"],"_wc_average_rating":["0"],"_wc_review_count":["0"],"_product_version":["10.4.3"],"_price":["5.3"],"_wp_page_template":["default"],"_yoast_wpseo_focuskw":["regenerator za nokte keratin"],"_yoast_wpseo_linkdex":["75"],"_yoast_wpseo_content_score":["90"],"_yoast_wpseo_estimated-reading-time-minutes":["3"],"cartflows_redirect_flow_id":[""],"cartflows_add_to_cart_text":[""],"_woocs_price_geo_countries":[""],"_woocs_regular_price_geo":[""],"_woocs_sale_price_geo":[""],"site-sidebar-layout":["default"],"site-content-layout":["default"],"theme-transparent-header-meta":["default"],"stick-header-meta":["default"],"_yoast_wpseo_primary_product_cat":["118"],"_yoast_wpseo_metadesc":["%%title%% %%sep%% serum za noke %%sep%% ja\u010da i njeguje nokte %%sep%% vra\u010da prirodnu boju nokta i sjaj %%sep%% vrhunska kvaliteta"],"_yoast_wpseo_title":["%%title%% %%page%% %%sep%% regenerator %%sep%% %%sitename%%"],"_edit_lock":["1643139139:1"],"_edit_last":["1239"],"_woocs_regular_price_EUR":["5.3"],"_woocs_sale_price_EUR":["-1"],"ast-below-header-display":[null],"footer-adv-display":[null],"adv-header-id-meta":[""],"header-below-stick-meta":[null],"_lowest_price_30_days":["5.3"],"uag_migration_processed":["1"],"_elementor_page_assets":["a:0:{}"]},"uagb_featured_image_src":{"full":["https:\/\/www.meavia-mh.hr\/wp-content\/uploads\/2021\/12\/KERATIN_BANDAGE.jpg",1000,1303,false],"thumbnail":["https:\/\/www.meavia-mh.hr\/wp-content\/uploads\/2021\/12\/KERATIN_BANDAGE-150x150.jpg",150,150,true],"medium":["https:\/\/www.meavia-mh.hr\/wp-content\/uploads\/2021\/12\/KERATIN_BANDAGE-230x300.jpg",230,300,true],"medium_large":["https:\/\/www.meavia-mh.hr\/wp-content\/uploads\/2021\/12\/KERATIN_BANDAGE-768x1001.jpg",768,1001,true],"large":["https:\/\/www.meavia-mh.hr\/wp-content\/uploads\/2021\/12\/KERATIN_BANDAGE-786x1024.jpg",786,1024,true],"1536x1536":["https:\/\/www.meavia-mh.hr\/wp-content\/uploads\/2021\/12\/KERATIN_BANDAGE.jpg",1000,1303,false],"2048x2048":["https:\/\/www.meavia-mh.hr\/wp-content\/uploads\/2021\/12\/KERATIN_BANDAGE.jpg",1000,1303,false],"trp-custom-language-flag":["https:\/\/www.meavia-mh.hr\/wp-content\/uploads\/2021\/12\/KERATIN_BANDAGE-9x12.jpg",9,12,true],"woocommerce_thumbnail":["https:\/\/www.meavia-mh.hr\/wp-content\/uploads\/2021\/12\/KERATIN_BANDAGE-300x300.jpg",300,300,true],"woocommerce_single":["https:\/\/www.meavia-mh.hr\/wp-content\/uploads\/2021\/12\/KERATIN_BANDAGE-600x782.jpg",600,782,true],"woocommerce_gallery_thumbnail":["https:\/\/www.meavia-mh.hr\/wp-content\/uploads\/2021\/12\/KERATIN_BANDAGE-100x100.jpg",100,100,true]},"uagb_author_info":{"display_name":"Mea Via","author_link":"https:\/\/www.meavia-mh.hr\/sl\/author\/"},"uagb_comment_info":0,"uagb_excerpt":null,"_links":{"self":[{"href":"https:\/\/www.meavia-mh.hr\/sl\/wp-json\/wp\/v2\/product\/10410","targetHints":{"allow":["GET"]}}],"collection":[{"href":"https:\/\/www.meavia-mh.hr\/sl\/wp-json\/wp\/v2\/product"}],"about":[{"href":"https:\/\/www.meavia-mh.hr\/sl\/wp-json\/wp\/v2\/types\/product"}],"replies":[{"embeddable":true,"href":"https:\/\/www.meavia-mh.hr\/sl\/wp-json\/wp\/v2\/comments?post=10410"}],"version-history":[{"count":1,"href":"https:\/\/www.meavia-mh.hr\/sl\/wp-json\/wp\/v2\/product\/10410\/revisions"}],"predecessor-version":[{"id":31059,"href":"https:\/\/www.meavia-mh.hr\/sl\/wp-json\/wp\/v2\/product\/10410\/revisions\/31059"}],"wp:featuredmedia":[{"embeddable":true,"href":"https:\/\/www.meavia-mh.hr\/sl\/wp-json\/wp\/v2\/media\/10365"}],"wp:attachment":[{"href":"https:\/\/www.meavia-mh.hr\/sl\/wp-json\/wp\/v2\/media?parent=10410"}],"wp:term":[{"taxonomy":"product_brand","embeddable":true,"href":"https:\/\/www.meavia-mh.hr\/sl\/wp-json\/wp\/v2\/product_brand?post=10410"},{"taxonomy":"product_cat","embeddable":true,"href":"https:\/\/www.meavia-mh.hr\/sl\/wp-json\/wp\/v2\/product_cat?post=10410"},{"taxonomy":"product_tag","embeddable":true,"href":"https:\/\/www.meavia-mh.hr\/sl\/wp-json\/wp\/v2\/product_tag?post=10410"}],"curies":[{"name":"delovni list","href":"https:\/\/api.w.org\/{rel}","templated":true}]}}