{"id":10390,"date":"2021-12-20T23:57:17","date_gmt":"2021-12-20T23:57:17","guid":{"rendered":"https:\/\/www.meavia-mh.hr\/?post_type=product&#038;p=10390"},"modified":"2026-01-24T08:02:11","modified_gmt":"2026-01-24T07:02:11","slug":"regenerator-za-nokte-plant-power-elixir","status":"publish","type":"product","link":"https:\/\/www.meavia-mh.hr\/sl\/product\/regenerator-za-nokte-plant-power-elixir\/","title":{"rendered":"Claresa balzam za nohte Plant Power Elixir"},"content":{"rendered":"<h6><span class=\"\">Balzam za rastlinski eliksir - odkrijte mo\u010d, ki izvira iz naravnih sil.<\/span><\/h6>\n<p>Ali ste vedeli, da imajo naravne sestavine najve\u010djo hranilno mo\u010d? Predstavljamo vam <strong>Balzam za nohte Plant Power Elixir, katerega mo\u010d te\u010de naravnost iz\u00a0<\/strong><strong>narave<\/strong>. Zdaj lahko zaradi veganske formule vidno okrepite svoje nohte in jih naredite pro\u017ene. Regenerator vsebuje inovativen kompleks 3D-MATRIX, ki je sestavljen iz <strong>lepljivo pistacijevo olje in celo 80% sestavine naravnega izvora<\/strong>. Plant Power Elixir je najbolj\u0161i balzam za krepitev naravnega izvora, ki podpira zdravo rast nohtov. Vsebuje do 80% sestavin naravnega izvora. Izberite oja\u010dano in pro\u017eno nohtno plo\u0161\u010do zahvaljujo\u010d naravni, veganski formuli.<\/p>\n<p>Plant Power Elixir Conditioner je izdelek, zasnovan za ljudi s krhkimi, tankimi in elasti\u010dnimi nohtnimi plo\u0161\u010dami. Balzam je na voljo v prozornem odtenku. Na nohtu pusti ne\u017een, sijo\u010d film.<\/p>\n<p><strong>POSEBNOST -\u00a0<\/strong>Krepi, sije, prepre\u010duje cepljenje.<\/p>\n<p><strong>ZA KOGAR -\u00a0<\/strong>Krhka, tanka plo\u0161\u010da brez elasti\u010dnosti.<\/p>\n<p><strong><span class=\"\">AKTIVNE SESTAVINE -\u00a0<\/span><\/strong><span class=\"\">3D MATRIX kompleks, glutinozno pistacijevo olje, 80% sestavine naravnega izvora\u00a0<\/span><\/p>\n<h6>Zna\u010dilnosti:<\/h6>\n<ul>\n<li>Desko naredi bolj prilagodljivo<\/li>\n<li>Krepi nohtno plo\u0161\u010do in prepre\u010duje lomljenje<\/li>\n<li>Obnavlja in izbolj\u0161a naravni videz nohtov<\/li>\n<li>Lahko je osnova za klasi\u010dno manikuro<\/li>\n<li>Dobro se razma\u017ee in se hitro su\u0161i<\/li>\n<li>Obnavlja nohtno plo\u0161\u010do<\/li>\n<li>Podpira sintezo keratina<\/li>\n<li>Vsebuje do 80% sestavin naravnega izvora<\/li>\n<li>Kompleks rastlin 3D-MATRIX izbolj\u0161a skladnost kolagenskih vlaken<\/li>\n<li>Primerno za vegane<\/li>\n<\/ul>\n<p>PLANT POWER ELIXIR balzam za nohte<span class=\"\">\u00a0<\/span>zaznamuje vrhunska kakovost. To je profesionalni negovalni izdelek, ki obnavlja in neguje nohte. Sestava inovativnih snovi, ki jih vsebuje balzam, naredi nohte mo\u010dnej\u0161e in izjemno navla\u017eene.<\/p>\n<p>Poleg tega balzam poskrbi za bolj\u0161o mikrocirkulacijo pod nohtno plo\u0161\u010do in jo vidno zgladi. <strong>Prijavite se in se prepri\u010dajte sami<\/strong> kako popolni bodo va\u0161i nohti.<\/p>\n<p><span class=\"\">Popolna hidracija, popolna regeneracija in \u010dudovit vonj, v katerega se boste zaljubili \u017ee ob prvem nanosu! <\/span><strong><span class=\"\">Vsako lepo oblikovanje nohtov se za\u010dne s \u010dudovito nohtno plo\u0161\u010do<\/span><\/strong>\u00a0- Zato je balzam za nohte nujno potreben izdelek v va\u0161i kozmeti\u010dni torbici.<\/p>\n<p><strong>Izdelek ne vsebuje sestavin, ki lahko povzro\u010dijo alergije, kot so: formaldehid, toluen, DBP, kafra, dibutil ftalat<\/strong><\/p>\n<h6>Na\u010din uporabe:<\/h6>\n<p>Nanesite neposredno na \u010disto nohtno plo\u0161\u010do in po\u010dakajte, da se posu\u0161i.<br \/>\nLahko se uporablja kot BASE ali TOP.<\/p>\n<p>Redna uporaba balzama izbolj\u0161a videz in stanje nohtov ter daje va\u0161im rokam zdrav in negovan videz.<br \/>\nStekleni\u010dka s \u010dopi\u010dem zagotavlja maksimalno udobje pri uporabi.<\/p>\n<h6>Pakiranje: 5 g<\/h6>\n<p>Blagovna znamka CLARESA je bila ustvarjena, da bi zadovoljila potrebe potro\u0161nikov, ki \u017eelijo le izdelke najvi\u0161je kakovosti. Brezkompromisna kakovost in skrbno izbrane sestavine postavljajo kozmetiko Claresa na vrh lestvice.<br \/>\nLaki in dodatki za oblikovanje nohtov, ki jih je oblikoval v Franciji CLARESA, so narejeni iz najkakovostnej\u0161ih sestavin, ki ne povzro\u010dajo alergij. Prvotno so bili na voljo samo za salonske profesionalce in umetnike li\u010denja najve\u010djih zvezd. Zdaj so ti vrhunski izdelki na voljo vsem strankam po najbolj\u0161i ceni!<\/p>\n<h6>Previdnostni ukrepi:<\/h6>\n<ul>\n<li>Hraniti izven pogleda in dosega otrok.<\/li>\n<li>Izogibajte se stiku z o\u010dmi.<\/li>\n<li>Ne uporabljajte v primeru preob\u010dutljivosti na katero koli sestavino izdelka.<\/li>\n<li>V primeru kakr\u0161nih koli ne\u017eelenih u\u010dinkov ali preob\u010dutljivosti, kot so peko\u010d ob\u010dutek, srbenje, pordelost ipd., je treba zdravilo prekiniti.<\/li>\n<li>Ne uporabljajte na na\u010din, ki ni v skladu z namenom.<\/li>\n<li>Ne uporabljajte po poteku roka uporabnosti.<\/li>\n<\/ul>","protected":false},"excerpt":{"rendered":"<p><a href=\"https:\/\/www.meavia-mh.hr\/wp-content\/uploads\/2020\/12\/palu-dermatologically-tested.png\"><img decoding=\"async\" class=\"alignnone wp-image-1574 size-thumbnail\" src=\"https:\/\/www.meavia-mh.hr\/wp-content\/uploads\/2020\/12\/palu-dermatologically-tested-150x150.png\" alt=\"dermatologically tested\" width=\"150\" height=\"150\" srcset=\"https:\/\/www.meavia-mh.hr\/wp-content\/uploads\/2020\/12\/palu-dermatologically-tested-150x150.png 150w, https:\/\/www.meavia-mh.hr\/wp-content\/uploads\/2020\/12\/palu-dermatologically-tested-100x100.png 100w, https:\/\/www.meavia-mh.hr\/wp-content\/uploads\/2020\/12\/palu-dermatologically-tested.png 252w\" sizes=\"(max-width: 150px) 100vw, 150px\" \/><\/a><\/p>","protected":false},"featured_media":10375,"comment_status":"open","ping_status":"closed","template":"","meta":{"_uag_custom_page_level_css":"","site-sidebar-layout":"default","site-content-layout":"default","ast-site-content-layout":"default","site-content-style":"default","site-sidebar-style":"default","ast-global-header-display":"","ast-banner-title-visibility":"","ast-main-header-display":"","ast-hfb-above-header-display":"","ast-hfb-below-header-display":"","ast-hfb-mobile-header-display":"","site-post-title":"","ast-breadcrumbs-content":"","ast-featured-img":"","footer-sml-layout":"","ast-disable-related-posts":"","theme-transparent-header-meta":"default","adv-header-id-meta":"","stick-header-meta":"default","header-above-stick-meta":"","header-main-stick-meta":"","header-below-stick-meta":null,"astra-migrate-meta-layouts":"default","ast-page-background-enabled":"default","ast-page-background-meta":{"desktop":{"background-color":"var(--ast-global-color-4)","background-image":"","background-repeat":"repeat","background-position":"center center","background-size":"auto","background-attachment":"scroll","background-type":"","background-media":"","overlay-type":"","overlay-color":"","overlay-opacity":"","overlay-gradient":""},"tablet":{"background-color":"","background-image":"","background-repeat":"repeat","background-position":"center center","background-size":"auto","background-attachment":"scroll","background-type":"","background-media":"","overlay-type":"","overlay-color":"","overlay-opacity":"","overlay-gradient":""},"mobile":{"background-color":"","background-image":"","background-repeat":"repeat","background-position":"center center","background-size":"auto","background-attachment":"scroll","background-type":"","background-media":"","overlay-type":"","overlay-color":"","overlay-opacity":"","overlay-gradient":""}},"ast-content-background-meta":{"desktop":{"background-color":"var(--ast-global-color-5)","background-image":"","background-repeat":"repeat","background-position":"center center","background-size":"auto","background-attachment":"scroll","background-type":"","background-media":"","overlay-type":"","overlay-color":"","overlay-opacity":"","overlay-gradient":""},"tablet":{"background-color":"var(--ast-global-color-5)","background-image":"","background-repeat":"repeat","background-position":"center center","background-size":"auto","background-attachment":"scroll","background-type":"","background-media":"","overlay-type":"","overlay-color":"","overlay-opacity":"","overlay-gradient":""},"mobile":{"background-color":"var(--ast-global-color-5)","background-image":"","background-repeat":"repeat","background-position":"center center","background-size":"auto","background-attachment":"scroll","background-type":"","background-media":"","overlay-type":"","overlay-color":"","overlay-opacity":"","overlay-gradient":""}}},"product_brand":[607],"product_cat":[534,118],"product_tag":[327,328],"class_list":{"0":"post-10390","1":"product","2":"type-product","3":"status-publish","4":"has-post-thumbnail","6":"product_brand-claresa","7":"product_cat-claresa","8":"product_cat-njegu-ruku-i-nogu","9":"product_tag-balsam-za-nokte","10":"product_tag-regenerator-za-nokte","11":"desktop-align-left","12":"tablet-align-left","13":"mobile-align-left","14":"ast-product-gallery-layout-horizontal-slider","15":"ast-product-tabs-layout-horizontal","17":"first","18":"outofstock","19":"taxable","20":"shipping-taxable","21":"purchasable","22":"product-type-simple"},"yoast_head":"<!-- This site is optimized with the Yoast SEO plugin v27.4 - https:\/\/yoast.com\/product\/yoast-seo-wordpress\/ -->\n<title>Claresa regenerator za nokte Plant Power Elixir &#8902; balzam &#8902; Mea Via Beauty<\/title>\n<meta name=\"description\" content=\"Claresa regenerator za nokte Plant Power Elixir &#8902; balzam za noke &#8902; ja\u010da i njeguje nokte &#8902; za nokte koji sporo rastu i lome se &#8902; vrhunska kvaliteta\" \/>\n<meta name=\"robots\" content=\"index, follow, max-snippet:-1, max-image-preview:large, max-video-preview:-1\" \/>\n<link rel=\"canonical\" href=\"https:\/\/www.meavia-mh.hr\/sl\/product\/regenerator-za-nokte-plant-power-elixir\/\" \/>\n<meta property=\"og:locale\" content=\"sl_SI\" \/>\n<meta property=\"og:type\" content=\"article\" \/>\n<meta property=\"og:title\" content=\"Claresa regenerator za nokte Plant Power Elixir &#8902; balzam &#8902; Mea Via Beauty\" \/>\n<meta property=\"og:description\" content=\"Claresa regenerator za nokte Plant Power Elixir &#8902; balzam za noke &#8902; ja\u010da i njeguje nokte &#8902; za nokte koji sporo rastu i lome se &#8902; vrhunska kvaliteta\" \/>\n<meta property=\"og:url\" content=\"https:\/\/www.meavia-mh.hr\/sl\/product\/regenerator-za-nokte-plant-power-elixir\/\" \/>\n<meta property=\"og:site_name\" content=\"Mea Via Beauty\" \/>\n<meta property=\"article:publisher\" content=\"https:\/\/www.facebook.com\/MeaViaNailsWorld\" \/>\n<meta property=\"article:modified_time\" content=\"2026-01-24T07:02:11+00:00\" \/>\n<meta property=\"og:image\" content=\"https:\/\/www.meavia-mh.hr\/wp-content\/uploads\/2021\/12\/PLANT_POWER_ELIXIR.jpg\" \/>\n\t<meta property=\"og:image:width\" content=\"1000\" \/>\n\t<meta property=\"og:image:height\" content=\"1303\" \/>\n\t<meta property=\"og:image:type\" content=\"image\/jpeg\" \/>\n<meta name=\"twitter:card\" content=\"summary_large_image\" \/>\n<meta name=\"twitter:label1\" content=\"Est. reading time\" \/>\n\t<meta name=\"twitter:data1\" content=\"3 minute\" \/>\n<script type=\"application\/ld+json\" class=\"yoast-schema-graph\">{\"@context\":\"https:\\\/\\\/schema.org\",\"@graph\":[{\"@type\":\"WebPage\",\"@id\":\"https:\\\/\\\/www.meavia-mh.hr\\\/product\\\/regenerator-za-nokte-plant-power-elixir\\\/\",\"url\":\"https:\\\/\\\/www.meavia-mh.hr\\\/product\\\/regenerator-za-nokte-plant-power-elixir\\\/\",\"name\":\"Claresa regenerator za nokte Plant Power Elixir &#8902; balzam &#8902; Mea Via Beauty\",\"isPartOf\":{\"@id\":\"https:\\\/\\\/meavia-mh.hr\\\/sl\\\/#website\"},\"primaryImageOfPage\":{\"@id\":\"https:\\\/\\\/www.meavia-mh.hr\\\/product\\\/regenerator-za-nokte-plant-power-elixir\\\/#primaryimage\"},\"image\":{\"@id\":\"https:\\\/\\\/www.meavia-mh.hr\\\/product\\\/regenerator-za-nokte-plant-power-elixir\\\/#primaryimage\"},\"thumbnailUrl\":\"https:\\\/\\\/www.meavia-mh.hr\\\/wp-content\\\/uploads\\\/2021\\\/12\\\/PLANT_POWER_ELIXIR.jpg\",\"datePublished\":\"2021-12-20T23:57:17+00:00\",\"dateModified\":\"2026-01-24T07:02:11+00:00\",\"description\":\"Claresa regenerator za nokte Plant Power Elixir &#8902; balzam za noke &#8902; ja\u010da i njeguje nokte &#8902; za nokte koji sporo rastu i lome se &#8902; vrhunska kvaliteta\",\"breadcrumb\":{\"@id\":\"https:\\\/\\\/www.meavia-mh.hr\\\/product\\\/regenerator-za-nokte-plant-power-elixir\\\/#breadcrumb\"},\"inLanguage\":\"sl-SI\",\"potentialAction\":[{\"@type\":\"ReadAction\",\"target\":[\"https:\\\/\\\/www.meavia-mh.hr\\\/product\\\/regenerator-za-nokte-plant-power-elixir\\\/\"]}]},{\"@type\":\"ImageObject\",\"inLanguage\":\"sl-SI\",\"@id\":\"https:\\\/\\\/www.meavia-mh.hr\\\/product\\\/regenerator-za-nokte-plant-power-elixir\\\/#primaryimage\",\"url\":\"https:\\\/\\\/www.meavia-mh.hr\\\/wp-content\\\/uploads\\\/2021\\\/12\\\/PLANT_POWER_ELIXIR.jpg\",\"contentUrl\":\"https:\\\/\\\/www.meavia-mh.hr\\\/wp-content\\\/uploads\\\/2021\\\/12\\\/PLANT_POWER_ELIXIR.jpg\",\"width\":1000,\"height\":1303,\"caption\":\"Regenerator za nokte Plant Power Elixir\"},{\"@type\":\"BreadcrumbList\",\"@id\":\"https:\\\/\\\/www.meavia-mh.hr\\\/product\\\/regenerator-za-nokte-plant-power-elixir\\\/#breadcrumb\",\"itemListElement\":[{\"@type\":\"ListItem\",\"position\":1,\"name\":\"Po\u010detna stranica\",\"item\":\"https:\\\/\\\/www.meavia-mh.hr\\\/\"},{\"@type\":\"ListItem\",\"position\":2,\"name\":\"Trgovina\",\"item\":\"https:\\\/\\\/meavia-mh.hr\\\/sl\\\/store\\\/\"},{\"@type\":\"ListItem\",\"position\":3,\"name\":\"Claresa regenerator za nokte Plant Power Elixir\"}]},{\"@type\":\"WebSite\",\"@id\":\"https:\\\/\\\/meavia-mh.hr\\\/sl\\\/#website\",\"url\":\"https:\\\/\\\/meavia-mh.hr\\\/sl\\\/\",\"name\":\"Mea Via Beauty\",\"description\":\"Only The Best For Your Beauty\",\"publisher\":{\"@id\":\"https:\\\/\\\/meavia-mh.hr\\\/sl\\\/#organization\"},\"alternateName\":\"Mea Via Nails\",\"potentialAction\":[{\"@type\":\"SearchAction\",\"target\":{\"@type\":\"EntryPoint\",\"urlTemplate\":\"https:\\\/\\\/meavia-mh.hr\\\/sl\\\/?s={search_term_string}\"},\"query-input\":{\"@type\":\"PropertyValueSpecification\",\"valueRequired\":true,\"valueName\":\"search_term_string\"}}],\"inLanguage\":\"sl-SI\"},{\"@type\":\"Organization\",\"@id\":\"https:\\\/\\\/meavia-mh.hr\\\/sl\\\/#organization\",\"name\":\"Mea Via Nails World\",\"alternateName\":\"Mea Via\",\"url\":\"https:\\\/\\\/meavia-mh.hr\\\/sl\\\/\",\"logo\":{\"@type\":\"ImageObject\",\"inLanguage\":\"sl-SI\",\"@id\":\"https:\\\/\\\/meavia-mh.hr\\\/sl\\\/#\\\/schema\\\/logo\\\/image\\\/\",\"url\":\"https:\\\/\\\/www.meavia-mh.hr\\\/wp-content\\\/uploads\\\/2020\\\/12\\\/Mea-Via.png\",\"contentUrl\":\"https:\\\/\\\/www.meavia-mh.hr\\\/wp-content\\\/uploads\\\/2020\\\/12\\\/Mea-Via.png\",\"width\":1181,\"height\":393,\"caption\":\"Mea Via Nails World\"},\"image\":{\"@id\":\"https:\\\/\\\/meavia-mh.hr\\\/sl\\\/#\\\/schema\\\/logo\\\/image\\\/\"},\"sameAs\":[\"https:\\\/\\\/www.facebook.com\\\/MeaViaNailsWorld\",\"https:\\\/\\\/www.instagram.com\\\/mea_via_nails_world\\\/\",\"https:\\\/\\\/www.youtube.com\\\/channel\\\/UCECk0hpRWP6TN-EfA4ER96g\\\/featured\"]}]}<\/script>\n<!-- \/ Yoast SEO plugin. -->","yoast_head_json":{"title":"Claresa regenerator za nokte Plant Power Elixir &#8902; balzam &#8902; Mea Via Beauty","description":"Claresa regenerator za nokte Plant Power Elixir &#8902; balzam za noke &#8902; ja\u010da i njeguje nokte &#8902; za nokte koji sporo rastu i lome se &#8902; vrhunska kvaliteta","robots":{"index":"index","follow":"follow","max-snippet":"max-snippet:-1","max-image-preview":"max-image-preview:large","max-video-preview":"max-video-preview:-1"},"canonical":"https:\/\/www.meavia-mh.hr\/sl\/product\/regenerator-za-nokte-plant-power-elixir\/","og_locale":"sl_SI","og_type":"article","og_title":"Claresa regenerator za nokte Plant Power Elixir &#8902; balzam &#8902; Mea Via Beauty","og_description":"Claresa regenerator za nokte Plant Power Elixir &#8902; balzam za noke &#8902; ja\u010da i njeguje nokte &#8902; za nokte koji sporo rastu i lome se &#8902; vrhunska kvaliteta","og_url":"https:\/\/www.meavia-mh.hr\/sl\/product\/regenerator-za-nokte-plant-power-elixir\/","og_site_name":"Mea Via Beauty","article_publisher":"https:\/\/www.facebook.com\/MeaViaNailsWorld","article_modified_time":"2026-01-24T07:02:11+00:00","og_image":[{"width":1000,"height":1303,"url":"https:\/\/www.meavia-mh.hr\/wp-content\/uploads\/2021\/12\/PLANT_POWER_ELIXIR.jpg","type":"image\/jpeg"}],"twitter_card":"summary_large_image","twitter_misc":{"Est. reading time":"3 minute"},"schema":{"@context":"https:\/\/schema.org","@graph":[{"@type":"WebPage","@id":"https:\/\/www.meavia-mh.hr\/product\/regenerator-za-nokte-plant-power-elixir\/","url":"https:\/\/www.meavia-mh.hr\/product\/regenerator-za-nokte-plant-power-elixir\/","name":"Claresa regenerator za nokte Plant Power Elixir &#8902; balzam &#8902; Mea Via Beauty","isPartOf":{"@id":"https:\/\/meavia-mh.hr\/sl\/#website"},"primaryImageOfPage":{"@id":"https:\/\/www.meavia-mh.hr\/product\/regenerator-za-nokte-plant-power-elixir\/#primaryimage"},"image":{"@id":"https:\/\/www.meavia-mh.hr\/product\/regenerator-za-nokte-plant-power-elixir\/#primaryimage"},"thumbnailUrl":"https:\/\/www.meavia-mh.hr\/wp-content\/uploads\/2021\/12\/PLANT_POWER_ELIXIR.jpg","datePublished":"2021-12-20T23:57:17+00:00","dateModified":"2026-01-24T07:02:11+00:00","description":"Claresa regenerator za nokte Plant Power Elixir &#8902; balzam za noke &#8902; ja\u010da i njeguje nokte &#8902; za nokte koji sporo rastu i lome se &#8902; vrhunska kvaliteta","breadcrumb":{"@id":"https:\/\/www.meavia-mh.hr\/product\/regenerator-za-nokte-plant-power-elixir\/#breadcrumb"},"inLanguage":"sl-SI","potentialAction":[{"@type":"ReadAction","target":["https:\/\/www.meavia-mh.hr\/product\/regenerator-za-nokte-plant-power-elixir\/"]}]},{"@type":"ImageObject","inLanguage":"sl-SI","@id":"https:\/\/www.meavia-mh.hr\/product\/regenerator-za-nokte-plant-power-elixir\/#primaryimage","url":"https:\/\/www.meavia-mh.hr\/wp-content\/uploads\/2021\/12\/PLANT_POWER_ELIXIR.jpg","contentUrl":"https:\/\/www.meavia-mh.hr\/wp-content\/uploads\/2021\/12\/PLANT_POWER_ELIXIR.jpg","width":1000,"height":1303,"caption":"Regenerator za nokte Plant Power Elixir"},{"@type":"BreadcrumbList","@id":"https:\/\/www.meavia-mh.hr\/product\/regenerator-za-nokte-plant-power-elixir\/#breadcrumb","itemListElement":[{"@type":"ListItem","position":1,"name":"Po\u010detna stranica","item":"https:\/\/www.meavia-mh.hr\/"},{"@type":"ListItem","position":2,"name":"Trgovina","item":"https:\/\/meavia-mh.hr\/sl\/store\/"},{"@type":"ListItem","position":3,"name":"Claresa regenerator za nokte Plant Power Elixir"}]},{"@type":"WebSite","@id":"https:\/\/meavia-mh.hr\/sl\/#website","url":"https:\/\/meavia-mh.hr\/sl\/","name":"MEA VIA BEAUTY","description":"Only The Best For Your Beauty","publisher":{"@id":"https:\/\/meavia-mh.hr\/sl\/#organization"},"alternateName":"Mea Via Nails","potentialAction":[{"@type":"SearchAction","target":{"@type":"EntryPoint","urlTemplate":"https:\/\/meavia-mh.hr\/sl\/?s={search_term_string}"},"query-input":{"@type":"PropertyValueSpecification","valueRequired":true,"valueName":"search_term_string"}}],"inLanguage":"sl-SI"},{"@type":"Organization","@id":"https:\/\/meavia-mh.hr\/sl\/#organization","name":"Mea Via Nails World","alternateName":"Mea Via","url":"https:\/\/meavia-mh.hr\/sl\/","logo":{"@type":"ImageObject","inLanguage":"sl-SI","@id":"https:\/\/meavia-mh.hr\/sl\/#\/schema\/logo\/image\/","url":"https:\/\/www.meavia-mh.hr\/wp-content\/uploads\/2020\/12\/Mea-Via.png","contentUrl":"https:\/\/www.meavia-mh.hr\/wp-content\/uploads\/2020\/12\/Mea-Via.png","width":1181,"height":393,"caption":"Mea Via Nails World"},"image":{"@id":"https:\/\/meavia-mh.hr\/sl\/#\/schema\/logo\/image\/"},"sameAs":["https:\/\/www.facebook.com\/MeaViaNailsWorld","https:\/\/www.instagram.com\/mea_via_nails_world\/","https:\/\/www.youtube.com\/channel\/UCECk0hpRWP6TN-EfA4ER96g\/featured"]}]}},"spectra_custom_meta":{"_sku":["5903819800364"],"_regular_price":["5.3"],"total_sales":["15"],"_tax_status":["taxable"],"_tax_class":[""],"_manage_stock":["yes"],"_backorders":["no"],"_sold_individually":["no"],"_virtual":["no"],"_downloadable":["no"],"_product_image_gallery":["10371,10435"],"_download_limit":["-1"],"_download_expiry":["-1"],"_thumbnail_id":["10375"],"_stock":["0.000000"],"_stock_status":["outofstock"],"_wc_average_rating":["0"],"_wc_review_count":["0"],"_product_version":["10.4.3"],"_price":["5.3"],"_wp_page_template":["default"],"_yoast_wpseo_focuskw":["Regenerator za nokte"],"_yoast_wpseo_linkdex":["74"],"_yoast_wpseo_content_score":["90"],"_yoast_wpseo_estimated-reading-time-minutes":["3"],"cartflows_redirect_flow_id":[""],"cartflows_add_to_cart_text":[""],"_woocs_price_geo_countries":[""],"_woocs_regular_price_geo":[""],"_woocs_sale_price_geo":[""],"site-sidebar-layout":["default"],"site-content-layout":["default"],"theme-transparent-header-meta":["default"],"stick-header-meta":["default"],"_yoast_wpseo_primary_product_cat":["118"],"_yoast_wpseo_metadesc":["%%title%% %%sep%% balzam za noke %%sep%% ja\u010da i njeguje nokte %%sep%% za nokte koji sporo rastu i lome se %%sep%% vrhunska kvaliteta"],"_yoast_wpseo_title":["%%title%% %%page%% %%sep%% balzam %%sep%% %%sitename%%"],"_edit_lock":["1643139167:1"],"_edit_last":["1239"],"_woocs_regular_price_EUR":["5.3"],"_woocs_sale_price_EUR":["-1"],"ast-below-header-display":[null],"footer-adv-display":[null],"adv-header-id-meta":[""],"header-below-stick-meta":[null],"_lowest_price_30_days":["5.3"],"uag_migration_processed":["1"],"_elementor_page_assets":["a:0:{}"],"_uag_page_assets":["a:9:{s:3:\"css\";s:0:\"\";s:2:\"js\";s:0:\"\";s:18:\"current_block_list\";a:3:{i:0;s:11:\"core\/search\";i:1;s:18:\"core\/legacy-widget\";i:2;s:27:\"woocommerce\/product-filters\";}s:8:\"uag_flag\";b:0;s:11:\"uag_version\";s:10:\"1776414062\";s:6:\"gfonts\";a:0:{}s:10:\"gfonts_url\";s:0:\"\";s:12:\"gfonts_files\";a:0:{}s:14:\"uag_faq_layout\";b:0;}"]},"uagb_featured_image_src":{"full":["https:\/\/www.meavia-mh.hr\/wp-content\/uploads\/2021\/12\/PLANT_POWER_ELIXIR.jpg",1000,1303,false],"thumbnail":["https:\/\/www.meavia-mh.hr\/wp-content\/uploads\/2021\/12\/PLANT_POWER_ELIXIR-150x150.jpg",150,150,true],"medium":["https:\/\/www.meavia-mh.hr\/wp-content\/uploads\/2021\/12\/PLANT_POWER_ELIXIR-230x300.jpg",230,300,true],"medium_large":["https:\/\/www.meavia-mh.hr\/wp-content\/uploads\/2021\/12\/PLANT_POWER_ELIXIR-768x1001.jpg",768,1001,true],"large":["https:\/\/www.meavia-mh.hr\/wp-content\/uploads\/2021\/12\/PLANT_POWER_ELIXIR-786x1024.jpg",786,1024,true],"1536x1536":["https:\/\/www.meavia-mh.hr\/wp-content\/uploads\/2021\/12\/PLANT_POWER_ELIXIR.jpg",1000,1303,false],"2048x2048":["https:\/\/www.meavia-mh.hr\/wp-content\/uploads\/2021\/12\/PLANT_POWER_ELIXIR.jpg",1000,1303,false],"trp-custom-language-flag":["https:\/\/www.meavia-mh.hr\/wp-content\/uploads\/2021\/12\/PLANT_POWER_ELIXIR-9x12.jpg",9,12,true],"woocommerce_thumbnail":["https:\/\/www.meavia-mh.hr\/wp-content\/uploads\/2021\/12\/PLANT_POWER_ELIXIR-300x300.jpg",300,300,true],"woocommerce_single":["https:\/\/www.meavia-mh.hr\/wp-content\/uploads\/2021\/12\/PLANT_POWER_ELIXIR-600x782.jpg",600,782,true],"woocommerce_gallery_thumbnail":["https:\/\/www.meavia-mh.hr\/wp-content\/uploads\/2021\/12\/PLANT_POWER_ELIXIR-100x100.jpg",100,100,true]},"uagb_author_info":{"display_name":"Mea Via","author_link":"https:\/\/www.meavia-mh.hr\/sl\/author\/"},"uagb_comment_info":0,"uagb_excerpt":null,"_links":{"self":[{"href":"https:\/\/www.meavia-mh.hr\/sl\/wp-json\/wp\/v2\/product\/10390","targetHints":{"allow":["GET"]}}],"collection":[{"href":"https:\/\/www.meavia-mh.hr\/sl\/wp-json\/wp\/v2\/product"}],"about":[{"href":"https:\/\/www.meavia-mh.hr\/sl\/wp-json\/wp\/v2\/types\/product"}],"replies":[{"embeddable":true,"href":"https:\/\/www.meavia-mh.hr\/sl\/wp-json\/wp\/v2\/comments?post=10390"}],"version-history":[{"count":1,"href":"https:\/\/www.meavia-mh.hr\/sl\/wp-json\/wp\/v2\/product\/10390\/revisions"}],"predecessor-version":[{"id":31061,"href":"https:\/\/www.meavia-mh.hr\/sl\/wp-json\/wp\/v2\/product\/10390\/revisions\/31061"}],"wp:featuredmedia":[{"embeddable":true,"href":"https:\/\/www.meavia-mh.hr\/sl\/wp-json\/wp\/v2\/media\/10375"}],"wp:attachment":[{"href":"https:\/\/www.meavia-mh.hr\/sl\/wp-json\/wp\/v2\/media?parent=10390"}],"wp:term":[{"taxonomy":"product_brand","embeddable":true,"href":"https:\/\/www.meavia-mh.hr\/sl\/wp-json\/wp\/v2\/product_brand?post=10390"},{"taxonomy":"product_cat","embeddable":true,"href":"https:\/\/www.meavia-mh.hr\/sl\/wp-json\/wp\/v2\/product_cat?post=10390"},{"taxonomy":"product_tag","embeddable":true,"href":"https:\/\/www.meavia-mh.hr\/sl\/wp-json\/wp\/v2\/product_tag?post=10390"}],"curies":[{"name":"delovni list","href":"https:\/\/api.w.org\/{rel}","templated":true}]}}