{"id":10338,"date":"2021-12-19T20:49:59","date_gmt":"2021-12-19T20:49:59","guid":{"rendered":"https:\/\/www.meavia-mh.hr\/?post_type=product&#038;p=10338"},"modified":"2026-01-24T08:01:54","modified_gmt":"2026-01-24T07:01:54","slug":"ulje-za-kutikulu-lemon","status":"publish","type":"product","link":"https:\/\/www.meavia-mh.hr\/sl\/product\/ulje-za-kutikulu-lemon\/","title":{"rendered":"Claresa olje za obnohtno ko\u017eico Lemon"},"content":{"rendered":"<p>Olje za obnohtno ko\u017eico Lemon\u00a0<span style=\"font-size: 16px;font-family: Georgia, 'Times New Roman', 'Bitstream Charter', Times, serif;background-color: #ffffff\">Odlikuje ga vrhunska kakovost ter nepremagljiv dolgotrajen in ne\u017een vonj po limoni. Za intenzivno nego obnohtne ko\u017eice in meh\u010danje obnohtne ko\u017eice. Uporabite ga za nego ko\u017ee po manikuri ali pedikuri, da bo ko\u017ea nahranjena in mehka. Lahko se uporablja za doma\u010do in profesionalno uporabo.\u00a0<\/span>Redna uporaba olja za obnohtno ko\u017eico je izjemno pomembna za hidratacijo obnohtne ko\u017eice okoli nohta, pa tudi za zdravje samega nohta. Redna uporaba olja poskrbi za elasti\u010dnost nohtov in ko\u017ee ter prepre\u010di njihovo razpokanje, lu\u0161\u010denje in nastanek obnohtne ko\u017eice.<\/p>\n<p>Zahvaljujo\u010d intenzivnemu vonju bodo stranke di\u0161ale ure in ure.<\/p>\n<p><strong><span class=\"\">Vpliv olja na stanje<\/span><\/strong><span class=\"\"> obnohtno ko\u017eico <\/span><strong><span class=\"\">je nesporno<\/span><\/strong><span class=\"\"> - kaj pa nohti? <\/span>Ali vla\u017eilne lastnosti izdelka vplivajo tudi na nohtno plo\u0161\u010do? To! <strong>Olja imajo hranilne lastnosti ne le za obnohtno ko\u017eico<\/strong>, ampak tudi za nohte. Sestava olj, ki jih vsebujejo, jih naredi mo\u010dnej\u0161e in izjemno hidrirane. Poleg tega poskrbijo za bolj\u0161o mikrocirkulacijo pod nohtno plo\u0161\u010do in jo vidno zgladijo. <strong>Prijavite se in se prepri\u010dajte sami<\/strong> kako popolni bodo va\u0161i nohti in obnohtna ko\u017eica.<\/p>\n<p><span class=\"\">Popolna hidracija, popolna regeneracija in \u010dudovit vonj, v katerega se boste zaljubili \u017ee ob prvem nanosu! <\/span><strong><span class=\"\">Vsako lepo oblikovanje nohtov se za\u010dne z negovano ko\u017eo rok<\/span><\/strong> - Zato je vla\u017eilno olje nujno potreben izdelek v va\u0161i kozmeti\u010dni torbici.<\/p>\n<p><strong>Za koga je?<\/strong><\/p>\n<p>Za vsako \u017eensko, ki obo\u017euje \u010dutne, spodbudne vonjave in \u017eeli negovati obnohtno ko\u017eico in nohte.<\/p>\n<p><strong>Zna\u010dilnosti:\u00a0<\/strong><\/p>\n<ul>\n<li>Pomaga gladiti in nahraniti obmo\u010dje okoli nohta.<\/li>\n<li>Pozitivno vpliva na regeneracijo nohtne matrice, zaradi \u010desar je nohtna plo\u0161\u010da mo\u010dnej\u0161a in manj dovzetna za po\u0161kodbe.<\/li>\n<li>\u00a0Uporabite takoj po manikuri in v vsakodnevnem ritualu nege.<\/li>\n<li><span class=\"\">krepi in polira nohte<\/span><\/li>\n<li>zagotavlja bolj\u0161o mikrocirkulacijo pod plo\u0161\u010do<\/li>\n<li>naravna di\u0161e\u010da nota limone<\/li>\n<\/ul>\n<p><strong style=\"font-size: 16px\">Aktivne sestavine:<\/strong><\/p>\n<ul>\n<li>Olje sladkega mandlja<\/li>\n<li>Olje breskovih semen<\/li>\n<\/ul>\n<p><strong>Lastnosti izdelka:<\/strong><\/p>\n<ul>\n<li>Eleganten in dolgotrajen vonj po \u010de\u0161nji<\/li>\n<li>Formula za nego<\/li>\n<li>Enostaven za nana\u0161anje zahvaljujo\u010d posebej prilagojenemu \u010dopi\u010du<\/li>\n<\/ul>\n<h6>Pakiranje: 5 ml<\/h6>\n<p>&nbsp;<\/p>\n<h6>Kako uporabljati olje za obnohtno ko\u017eico:<\/h6>\n<ul>\n<li>Pred uporabo olja za nohte in obnohtno ko\u017eico o\u010distite roke in nohte<\/li>\n<li>Posu\u0161ite roke in nohte<\/li>\n<li>S \u010dopi\u010dem nanesite olje na vsak noht<\/li>\n<li>Masirajte olje, da olaj\u0161ate njegovo absorpcijo<\/li>\n<li>Previdno umijte in posu\u0161ite nohte, \u010de po tretmaju nanesete lak<\/li>\n<li>Olje uporabite ve\u010dkrat na dan<\/li>\n<\/ul>\n<p>&nbsp;<\/p>","protected":false},"excerpt":{"rendered":"<p>Ulje za kutikulu Lemon\u00a0odlikuje vrhunska kvaliteta te neodoljivi dugotrajan i nje\u017eni miris limuna. Za intenzivnu njegu kutikule i omek\u0161avanje zanoktica.\u00a0Koristite ga za njegu ko\u017eice nakon manikure ili pedikure kako bi ko\u017eica bila njegovana i mekana.\u00a0Mo\u017ee se koristiti za ku\u0107nu i profesionalnu uporabu.\u00a0Redovno kori\u0161tenje ulja za zanokice iznimno je va\u017eno kako biste hidratizirali ko\u017eicu oko noktiju [&hellip;]<\/p>\n","protected":false},"featured_media":10326,"comment_status":"closed","ping_status":"closed","template":"","meta":{"_uag_custom_page_level_css":"","site-sidebar-layout":"default","site-content-layout":null,"ast-site-content-layout":"default","site-content-style":"default","site-sidebar-style":"default","ast-global-header-display":"","ast-banner-title-visibility":"","ast-main-header-display":"","ast-hfb-above-header-display":"","ast-hfb-below-header-display":"","ast-hfb-mobile-header-display":"","site-post-title":"","ast-breadcrumbs-content":null,"ast-featured-img":"","footer-sml-layout":"","ast-disable-related-posts":"","theme-transparent-header-meta":"default","adv-header-id-meta":"","stick-header-meta":"default","header-above-stick-meta":"","header-main-stick-meta":"","header-below-stick-meta":null,"astra-migrate-meta-layouts":"default","ast-page-background-enabled":"default","ast-page-background-meta":{"desktop":{"background-color":"var(--ast-global-color-4)","background-image":"","background-repeat":"repeat","background-position":"center center","background-size":"auto","background-attachment":"scroll","background-type":"","background-media":"","overlay-type":"","overlay-color":"","overlay-opacity":"","overlay-gradient":""},"tablet":{"background-color":"","background-image":"","background-repeat":"repeat","background-position":"center center","background-size":"auto","background-attachment":"scroll","background-type":"","background-media":"","overlay-type":"","overlay-color":"","overlay-opacity":"","overlay-gradient":""},"mobile":{"background-color":"","background-image":"","background-repeat":"repeat","background-position":"center center","background-size":"auto","background-attachment":"scroll","background-type":"","background-media":"","overlay-type":"","overlay-color":"","overlay-opacity":"","overlay-gradient":""}},"ast-content-background-meta":{"desktop":{"background-color":"var(--ast-global-color-5)","background-image":"","background-repeat":"repeat","background-position":"center center","background-size":"auto","background-attachment":"scroll","background-type":"","background-media":"","overlay-type":"","overlay-color":"","overlay-opacity":"","overlay-gradient":""},"tablet":{"background-color":"var(--ast-global-color-5)","background-image":"","background-repeat":"repeat","background-position":"center center","background-size":"auto","background-attachment":"scroll","background-type":"","background-media":"","overlay-type":"","overlay-color":"","overlay-opacity":"","overlay-gradient":""},"mobile":{"background-color":"var(--ast-global-color-5)","background-image":"","background-repeat":"repeat","background-position":"center center","background-size":"auto","background-attachment":"scroll","background-type":"","background-media":"","overlay-type":"","overlay-color":"","overlay-opacity":"","overlay-gradient":""}}},"product_brand":[607],"product_cat":[534,118],"product_tag":[325,326],"class_list":{"0":"post-10338","1":"product","2":"type-product","3":"status-publish","4":"has-post-thumbnail","6":"product_brand-claresa","7":"product_cat-claresa","8":"product_cat-njegu-ruku-i-nogu","9":"product_tag-ulje-za-kutikulu","10":"product_tag-ulje-za-zanoktice","11":"desktop-align-left","12":"tablet-align-left","13":"mobile-align-left","14":"ast-product-gallery-layout-horizontal-slider","15":"ast-product-gallery-with-no-image","16":"ast-product-tabs-layout-horizontal","18":"first","19":"instock","20":"taxable","21":"shipping-taxable","22":"purchasable","23":"product-type-simple"},"yoast_head":"<!-- This site is optimized with the Yoast SEO plugin v27.5 - https:\/\/yoast.com\/product\/yoast-seo-wordpress\/ -->\n<title>Claresa ulje za kutikulu Lemon &#8902; vrhunsko ulje za zanoktice &#8902; Mea Via Beauty<\/title>\n<meta name=\"description\" content=\"Claresa ulje za kutikulu Lemon &#8902; ulje za zanoktice &#8902; ulje za njegu nokta &#8902; hrani i njeguje nokte &#8902; vrhunska kvaliteta &#8902; mirisno ulje za nokte\" \/>\n<meta name=\"robots\" content=\"index, follow, max-snippet:-1, max-image-preview:large, max-video-preview:-1\" \/>\n<link rel=\"canonical\" href=\"https:\/\/www.meavia-mh.hr\/sl\/product\/ulje-za-kutikulu-lemon\/\" \/>\n<meta property=\"og:locale\" content=\"sl_SI\" \/>\n<meta property=\"og:type\" content=\"article\" \/>\n<meta property=\"og:title\" content=\"Claresa ulje za kutikulu Lemon &#8902; vrhunsko ulje za zanoktice &#8902; Mea Via Beauty\" \/>\n<meta property=\"og:description\" content=\"Claresa ulje za kutikulu Lemon &#8902; ulje za zanoktice &#8902; ulje za njegu nokta &#8902; hrani i njeguje nokte &#8902; vrhunska kvaliteta &#8902; mirisno ulje za nokte\" \/>\n<meta property=\"og:url\" content=\"https:\/\/www.meavia-mh.hr\/sl\/product\/ulje-za-kutikulu-lemon\/\" \/>\n<meta property=\"og:site_name\" content=\"Mea Via Beauty\" \/>\n<meta property=\"article:publisher\" content=\"https:\/\/www.facebook.com\/MeaViaNailsWorld\" \/>\n<meta property=\"article:modified_time\" content=\"2026-01-24T07:01:54+00:00\" \/>\n<meta property=\"og:image\" content=\"https:\/\/www.meavia-mh.hr\/wp-content\/uploads\/2021\/12\/CuticleOil_Lemon.jpg\" \/>\n\t<meta property=\"og:image:width\" content=\"1500\" \/>\n\t<meta property=\"og:image:height\" content=\"1500\" \/>\n\t<meta property=\"og:image:type\" content=\"image\/jpeg\" \/>\n<meta name=\"twitter:card\" content=\"summary_large_image\" \/>\n<meta name=\"twitter:label1\" content=\"Est. reading time\" \/>\n\t<meta name=\"twitter:data1\" content=\"2 minuti\" \/>\n<script type=\"application\/ld+json\" class=\"yoast-schema-graph\">{\"@context\":\"https:\\\/\\\/schema.org\",\"@graph\":[{\"@type\":\"WebPage\",\"@id\":\"https:\\\/\\\/www.meavia-mh.hr\\\/product\\\/ulje-za-kutikulu-lemon\\\/\",\"url\":\"https:\\\/\\\/www.meavia-mh.hr\\\/product\\\/ulje-za-kutikulu-lemon\\\/\",\"name\":\"Claresa ulje za kutikulu Lemon &#8902; vrhunsko ulje za zanoktice &#8902; Mea Via Beauty\",\"isPartOf\":{\"@id\":\"https:\\\/\\\/meavia-mh.hr\\\/sl\\\/#website\"},\"primaryImageOfPage\":{\"@id\":\"https:\\\/\\\/www.meavia-mh.hr\\\/product\\\/ulje-za-kutikulu-lemon\\\/#primaryimage\"},\"image\":{\"@id\":\"https:\\\/\\\/www.meavia-mh.hr\\\/product\\\/ulje-za-kutikulu-lemon\\\/#primaryimage\"},\"thumbnailUrl\":\"https:\\\/\\\/www.meavia-mh.hr\\\/wp-content\\\/uploads\\\/2021\\\/12\\\/CuticleOil_Lemon.jpg\",\"datePublished\":\"2021-12-19T20:49:59+00:00\",\"dateModified\":\"2026-01-24T07:01:54+00:00\",\"description\":\"Claresa ulje za kutikulu Lemon &#8902; ulje za zanoktice &#8902; ulje za njegu nokta &#8902; hrani i njeguje nokte &#8902; vrhunska kvaliteta &#8902; mirisno ulje za nokte\",\"breadcrumb\":{\"@id\":\"https:\\\/\\\/www.meavia-mh.hr\\\/product\\\/ulje-za-kutikulu-lemon\\\/#breadcrumb\"},\"inLanguage\":\"sl-SI\",\"potentialAction\":[{\"@type\":\"ReadAction\",\"target\":[\"https:\\\/\\\/www.meavia-mh.hr\\\/product\\\/ulje-za-kutikulu-lemon\\\/\"]}]},{\"@type\":\"ImageObject\",\"inLanguage\":\"sl-SI\",\"@id\":\"https:\\\/\\\/www.meavia-mh.hr\\\/product\\\/ulje-za-kutikulu-lemon\\\/#primaryimage\",\"url\":\"https:\\\/\\\/www.meavia-mh.hr\\\/wp-content\\\/uploads\\\/2021\\\/12\\\/CuticleOil_Lemon.jpg\",\"contentUrl\":\"https:\\\/\\\/www.meavia-mh.hr\\\/wp-content\\\/uploads\\\/2021\\\/12\\\/CuticleOil_Lemon.jpg\",\"width\":1500,\"height\":1500,\"caption\":\"Ulje za kutikulu Lemon\"},{\"@type\":\"BreadcrumbList\",\"@id\":\"https:\\\/\\\/www.meavia-mh.hr\\\/product\\\/ulje-za-kutikulu-lemon\\\/#breadcrumb\",\"itemListElement\":[{\"@type\":\"ListItem\",\"position\":1,\"name\":\"Po\u010detna stranica\",\"item\":\"https:\\\/\\\/www.meavia-mh.hr\\\/\"},{\"@type\":\"ListItem\",\"position\":2,\"name\":\"Trgovina\",\"item\":\"https:\\\/\\\/meavia-mh.hr\\\/sl\\\/store\\\/\"},{\"@type\":\"ListItem\",\"position\":3,\"name\":\"Claresa ulje za kutikulu Lemon\"}]},{\"@type\":\"WebSite\",\"@id\":\"https:\\\/\\\/meavia-mh.hr\\\/sl\\\/#website\",\"url\":\"https:\\\/\\\/meavia-mh.hr\\\/sl\\\/\",\"name\":\"Mea Via Beauty\",\"description\":\"Only The Best For Your Beauty\",\"publisher\":{\"@id\":\"https:\\\/\\\/meavia-mh.hr\\\/sl\\\/#organization\"},\"alternateName\":\"Mea Via Nails\",\"potentialAction\":[{\"@type\":\"SearchAction\",\"target\":{\"@type\":\"EntryPoint\",\"urlTemplate\":\"https:\\\/\\\/meavia-mh.hr\\\/sl\\\/?s={search_term_string}\"},\"query-input\":{\"@type\":\"PropertyValueSpecification\",\"valueRequired\":true,\"valueName\":\"search_term_string\"}}],\"inLanguage\":\"sl-SI\"},{\"@type\":\"Organization\",\"@id\":\"https:\\\/\\\/meavia-mh.hr\\\/sl\\\/#organization\",\"name\":\"Mea Via Nails World\",\"alternateName\":\"Mea Via\",\"url\":\"https:\\\/\\\/meavia-mh.hr\\\/sl\\\/\",\"logo\":{\"@type\":\"ImageObject\",\"inLanguage\":\"sl-SI\",\"@id\":\"https:\\\/\\\/meavia-mh.hr\\\/sl\\\/#\\\/schema\\\/logo\\\/image\\\/\",\"url\":\"https:\\\/\\\/www.meavia-mh.hr\\\/wp-content\\\/uploads\\\/2020\\\/12\\\/Mea-Via.png\",\"contentUrl\":\"https:\\\/\\\/www.meavia-mh.hr\\\/wp-content\\\/uploads\\\/2020\\\/12\\\/Mea-Via.png\",\"width\":1181,\"height\":393,\"caption\":\"Mea Via Nails World\"},\"image\":{\"@id\":\"https:\\\/\\\/meavia-mh.hr\\\/sl\\\/#\\\/schema\\\/logo\\\/image\\\/\"},\"sameAs\":[\"https:\\\/\\\/www.facebook.com\\\/MeaViaNailsWorld\",\"https:\\\/\\\/www.instagram.com\\\/mea_via_nails_world\\\/\",\"https:\\\/\\\/www.youtube.com\\\/channel\\\/UCECk0hpRWP6TN-EfA4ER96g\\\/featured\"]}]}<\/script>\n<!-- \/ Yoast SEO plugin. -->","yoast_head_json":{"title":"Claresa ulje za kutikulu Lemon &#8902; vrhunsko ulje za zanoktice &#8902; Mea Via Beauty","description":"Claresa ulje za kutikulu Lemon &#8902; ulje za zanoktice &#8902; ulje za njegu nokta &#8902; hrani i njeguje nokte &#8902; vrhunska kvaliteta &#8902; mirisno ulje za nokte","robots":{"index":"index","follow":"follow","max-snippet":"max-snippet:-1","max-image-preview":"max-image-preview:large","max-video-preview":"max-video-preview:-1"},"canonical":"https:\/\/www.meavia-mh.hr\/sl\/product\/ulje-za-kutikulu-lemon\/","og_locale":"sl_SI","og_type":"article","og_title":"Claresa ulje za kutikulu Lemon &#8902; vrhunsko ulje za zanoktice &#8902; Mea Via Beauty","og_description":"Claresa ulje za kutikulu Lemon &#8902; ulje za zanoktice &#8902; ulje za njegu nokta &#8902; hrani i njeguje nokte &#8902; vrhunska kvaliteta &#8902; mirisno ulje za nokte","og_url":"https:\/\/www.meavia-mh.hr\/sl\/product\/ulje-za-kutikulu-lemon\/","og_site_name":"Mea Via Beauty","article_publisher":"https:\/\/www.facebook.com\/MeaViaNailsWorld","article_modified_time":"2026-01-24T07:01:54+00:00","og_image":[{"width":1500,"height":1500,"url":"https:\/\/www.meavia-mh.hr\/wp-content\/uploads\/2021\/12\/CuticleOil_Lemon.jpg","type":"image\/jpeg"}],"twitter_card":"summary_large_image","twitter_misc":{"Est. reading time":"2 minuti"},"schema":{"@context":"https:\/\/schema.org","@graph":[{"@type":"WebPage","@id":"https:\/\/www.meavia-mh.hr\/product\/ulje-za-kutikulu-lemon\/","url":"https:\/\/www.meavia-mh.hr\/product\/ulje-za-kutikulu-lemon\/","name":"Claresa ulje za kutikulu Lemon &#8902; vrhunsko ulje za zanoktice &#8902; Mea Via Beauty","isPartOf":{"@id":"https:\/\/meavia-mh.hr\/sl\/#website"},"primaryImageOfPage":{"@id":"https:\/\/www.meavia-mh.hr\/product\/ulje-za-kutikulu-lemon\/#primaryimage"},"image":{"@id":"https:\/\/www.meavia-mh.hr\/product\/ulje-za-kutikulu-lemon\/#primaryimage"},"thumbnailUrl":"https:\/\/www.meavia-mh.hr\/wp-content\/uploads\/2021\/12\/CuticleOil_Lemon.jpg","datePublished":"2021-12-19T20:49:59+00:00","dateModified":"2026-01-24T07:01:54+00:00","description":"Claresa ulje za kutikulu Lemon &#8902; ulje za zanoktice &#8902; ulje za njegu nokta &#8902; hrani i njeguje nokte &#8902; vrhunska kvaliteta &#8902; mirisno ulje za nokte","breadcrumb":{"@id":"https:\/\/www.meavia-mh.hr\/product\/ulje-za-kutikulu-lemon\/#breadcrumb"},"inLanguage":"sl-SI","potentialAction":[{"@type":"ReadAction","target":["https:\/\/www.meavia-mh.hr\/product\/ulje-za-kutikulu-lemon\/"]}]},{"@type":"ImageObject","inLanguage":"sl-SI","@id":"https:\/\/www.meavia-mh.hr\/product\/ulje-za-kutikulu-lemon\/#primaryimage","url":"https:\/\/www.meavia-mh.hr\/wp-content\/uploads\/2021\/12\/CuticleOil_Lemon.jpg","contentUrl":"https:\/\/www.meavia-mh.hr\/wp-content\/uploads\/2021\/12\/CuticleOil_Lemon.jpg","width":1500,"height":1500,"caption":"Ulje za kutikulu Lemon"},{"@type":"BreadcrumbList","@id":"https:\/\/www.meavia-mh.hr\/product\/ulje-za-kutikulu-lemon\/#breadcrumb","itemListElement":[{"@type":"ListItem","position":1,"name":"Po\u010detna stranica","item":"https:\/\/www.meavia-mh.hr\/"},{"@type":"ListItem","position":2,"name":"Trgovina","item":"https:\/\/meavia-mh.hr\/sl\/store\/"},{"@type":"ListItem","position":3,"name":"Claresa ulje za kutikulu Lemon"}]},{"@type":"WebSite","@id":"https:\/\/meavia-mh.hr\/sl\/#website","url":"https:\/\/meavia-mh.hr\/sl\/","name":"MEA VIA BEAUTY","description":"Only The Best For Your Beauty","publisher":{"@id":"https:\/\/meavia-mh.hr\/sl\/#organization"},"alternateName":"Mea Via Nails","potentialAction":[{"@type":"SearchAction","target":{"@type":"EntryPoint","urlTemplate":"https:\/\/meavia-mh.hr\/sl\/?s={search_term_string}"},"query-input":{"@type":"PropertyValueSpecification","valueRequired":true,"valueName":"search_term_string"}}],"inLanguage":"sl-SI"},{"@type":"Organization","@id":"https:\/\/meavia-mh.hr\/sl\/#organization","name":"Mea Via Nails World","alternateName":"Mea Via","url":"https:\/\/meavia-mh.hr\/sl\/","logo":{"@type":"ImageObject","inLanguage":"sl-SI","@id":"https:\/\/meavia-mh.hr\/sl\/#\/schema\/logo\/image\/","url":"https:\/\/www.meavia-mh.hr\/wp-content\/uploads\/2020\/12\/Mea-Via.png","contentUrl":"https:\/\/www.meavia-mh.hr\/wp-content\/uploads\/2020\/12\/Mea-Via.png","width":1181,"height":393,"caption":"Mea Via Nails World"},"image":{"@id":"https:\/\/meavia-mh.hr\/sl\/#\/schema\/logo\/image\/"},"sameAs":["https:\/\/www.facebook.com\/MeaViaNailsWorld","https:\/\/www.instagram.com\/mea_via_nails_world\/","https:\/\/www.youtube.com\/channel\/UCECk0hpRWP6TN-EfA4ER96g\/featured"]}]}},"spectra_custom_meta":{"_sku":["5907731971478"],"_regular_price":["2.29"],"total_sales":["91"],"_tax_status":["taxable"],"_tax_class":[""],"_manage_stock":["yes"],"_backorders":["no"],"_sold_individually":["no"],"_virtual":["no"],"_downloadable":["no"],"_download_limit":["-1"],"_download_expiry":["-1"],"_thumbnail_id":["10326"],"_stock":["19"],"_stock_status":["instock"],"_wc_average_rating":["0"],"_wc_review_count":["0"],"_product_version":["10.4.3"],"_price":["2.29"],"_wp_page_template":["default"],"_yoast_wpseo_focuskw":["ulje za kutikulu"],"_yoast_wpseo_linkdex":["74"],"_yoast_wpseo_content_score":["90"],"_yoast_wpseo_estimated-reading-time-minutes":["2"],"cartflows_redirect_flow_id":[""],"cartflows_add_to_cart_text":[""],"_woocs_price_geo_countries":[""],"_woocs_regular_price_geo":[""],"_woocs_sale_price_geo":[""],"site-sidebar-layout":["default"],"site-content-layout":[null],"theme-transparent-header-meta":["default"],"stick-header-meta":["default"],"_yoast_wpseo_primary_product_cat":["118"],"_yoast_wpseo_metadesc":["%%title%% %%sep%% ulje za zanoktice %%sep%% ulje za njegu nokta %%sep%% hrani i njeguje nokte %%sep%% vrhunska kvaliteta %%sep%% mirisno ulje za nokte"],"_edit_lock":["1730913387:1239"],"_edit_last":["1239"],"_yoast_wpseo_title":["%%title%% %%page%% %%sep%% vrhunsko ulje za zanoktice %%sep%% %%sitename%%"],"_woocs_regular_price_EUR":["1.99"],"_woocs_sale_price_EUR":["-1"],"ast-below-header-display":[null],"footer-adv-display":[null],"adv-header-id-meta":[""],"header-below-stick-meta":[null],"_lowest_price_30_days":["1.99"],"uag_migration_processed":["1"],"ast-above-header-display":[null],"ast-breadcrumbs-content":[null],"_elementor_page_assets":["a:0:{}"],"_uag_page_assets":["a:9:{s:3:\"css\";s:0:\"\";s:2:\"js\";s:0:\"\";s:18:\"current_block_list\";a:3:{i:0;s:11:\"core\/search\";i:1;s:18:\"core\/legacy-widget\";i:2;s:27:\"woocommerce\/product-filters\";}s:8:\"uag_flag\";b:0;s:11:\"uag_version\";s:10:\"1778094193\";s:6:\"gfonts\";a:0:{}s:10:\"gfonts_url\";s:0:\"\";s:12:\"gfonts_files\";a:0:{}s:14:\"uag_faq_layout\";b:0;}"]},"uagb_featured_image_src":{"full":["https:\/\/www.meavia-mh.hr\/wp-content\/uploads\/2021\/12\/CuticleOil_Lemon.jpg",1500,1500,false],"thumbnail":["https:\/\/www.meavia-mh.hr\/wp-content\/uploads\/2021\/12\/CuticleOil_Lemon-150x150.jpg",150,150,true],"medium":["https:\/\/www.meavia-mh.hr\/wp-content\/uploads\/2021\/12\/CuticleOil_Lemon-300x300.jpg",300,300,true],"medium_large":["https:\/\/www.meavia-mh.hr\/wp-content\/uploads\/2021\/12\/CuticleOil_Lemon-768x768.jpg",768,768,true],"large":["https:\/\/www.meavia-mh.hr\/wp-content\/uploads\/2021\/12\/CuticleOil_Lemon-1024x1024.jpg",1024,1024,true],"1536x1536":["https:\/\/www.meavia-mh.hr\/wp-content\/uploads\/2021\/12\/CuticleOil_Lemon.jpg",1500,1500,false],"2048x2048":["https:\/\/www.meavia-mh.hr\/wp-content\/uploads\/2021\/12\/CuticleOil_Lemon.jpg",1500,1500,false],"trp-custom-language-flag":["https:\/\/www.meavia-mh.hr\/wp-content\/uploads\/2021\/12\/CuticleOil_Lemon-12x12.jpg",12,12,true],"woocommerce_thumbnail":["https:\/\/www.meavia-mh.hr\/wp-content\/uploads\/2021\/12\/CuticleOil_Lemon-300x300.jpg",300,300,true],"woocommerce_single":["https:\/\/www.meavia-mh.hr\/wp-content\/uploads\/2021\/12\/CuticleOil_Lemon-600x600.jpg",600,600,true],"woocommerce_gallery_thumbnail":["https:\/\/www.meavia-mh.hr\/wp-content\/uploads\/2021\/12\/CuticleOil_Lemon-100x100.jpg",100,100,true]},"uagb_author_info":{"display_name":"Mea Via","author_link":"https:\/\/www.meavia-mh.hr\/sl\/author\/"},"uagb_comment_info":0,"uagb_excerpt":"Ulje za kutikulu Lemon\u00a0odlikuje vrhunska kvaliteta te neodoljivi dugotrajan i nje\u017eni miris limuna. Za intenzivnu njegu kutikule i omek\u0161avanje zanoktica.\u00a0Koristite ga za njegu ko\u017eice nakon manikure ili pedikure kako bi ko\u017eica bila njegovana i mekana.\u00a0Mo\u017ee se koristiti za ku\u0107nu i profesionalnu uporabu.\u00a0Redovno kori\u0161tenje ulja za zanokice iznimno je va\u017eno kako biste hidratizirali ko\u017eicu oko noktiju&hellip;","_links":{"self":[{"href":"https:\/\/www.meavia-mh.hr\/sl\/wp-json\/wp\/v2\/product\/10338","targetHints":{"allow":["GET"]}}],"collection":[{"href":"https:\/\/www.meavia-mh.hr\/sl\/wp-json\/wp\/v2\/product"}],"about":[{"href":"https:\/\/www.meavia-mh.hr\/sl\/wp-json\/wp\/v2\/types\/product"}],"replies":[{"embeddable":true,"href":"https:\/\/www.meavia-mh.hr\/sl\/wp-json\/wp\/v2\/comments?post=10338"}],"version-history":[{"count":1,"href":"https:\/\/www.meavia-mh.hr\/sl\/wp-json\/wp\/v2\/product\/10338\/revisions"}],"predecessor-version":[{"id":31067,"href":"https:\/\/www.meavia-mh.hr\/sl\/wp-json\/wp\/v2\/product\/10338\/revisions\/31067"}],"wp:featuredmedia":[{"embeddable":true,"href":"https:\/\/www.meavia-mh.hr\/sl\/wp-json\/wp\/v2\/media\/10326"}],"wp:attachment":[{"href":"https:\/\/www.meavia-mh.hr\/sl\/wp-json\/wp\/v2\/media?parent=10338"}],"wp:term":[{"taxonomy":"product_brand","embeddable":true,"href":"https:\/\/www.meavia-mh.hr\/sl\/wp-json\/wp\/v2\/product_brand?post=10338"},{"taxonomy":"product_cat","embeddable":true,"href":"https:\/\/www.meavia-mh.hr\/sl\/wp-json\/wp\/v2\/product_cat?post=10338"},{"taxonomy":"product_tag","embeddable":true,"href":"https:\/\/www.meavia-mh.hr\/sl\/wp-json\/wp\/v2\/product_tag?post=10338"}],"curies":[{"name":"delovni list","href":"https:\/\/api.w.org\/{rel}","templated":true}]}}