{"id":10331,"date":"2021-12-19T20:21:46","date_gmt":"2021-12-19T20:21:46","guid":{"rendered":"https:\/\/www.meavia-mh.hr\/?post_type=product&#038;p=10331"},"modified":"2026-02-03T16:49:11","modified_gmt":"2026-02-03T15:49:11","slug":"parfumirano-ulje-za-kutikulu-tempting-flower","status":"publish","type":"product","link":"https:\/\/www.meavia-mh.hr\/sl\/product\/parfumirano-ulje-za-kutikulu-tempting-flower\/","title":{"rendered":"Parfumirano olje za obnohtno ko\u017eico Tempting Flower"},"content":{"rendered":"<p>Parfumirano olje za obnohtno ko\u017eico mamljive ro\u017ee\u00a0<span style=\"font-size: 16px;font-family: Georgia, 'Times New Roman', 'Bitstream Charter', Times, serif;background-color: #ffffff\">Odlikuje ga vrhunska kakovost ter nepremagljiv dolgotrajen in ne\u017een vonj. Za intenzivno nego obnohtne ko\u017eice in meh\u010danje obnohtne ko\u017eice. Uporabite ga za nego ko\u017ee po manikuri ali pedikuri, da bo ko\u017ea nahranjena in mehka. Lahko se uporablja za doma\u010do in profesionalno uporabo.\u00a0<\/span>Redna uporaba olja za obnohtno ko\u017eico je izjemno pomembna za hidratacijo obnohtne ko\u017eice okoli nohta, pa tudi za zdravje samega nohta. Redna uporaba olja poskrbi za elasti\u010dnost nohtov in ko\u017ee ter prepre\u010di njihovo razpokanje, lu\u0161\u010denje in nastanek obnohtne ko\u017eice.<\/p>\n<p>Zahvaljujo\u010d intenzivnemu vonju bodo stranke di\u0161ale ure in ure.<\/p>\n<figure id=\"attachment_17908\" aria-describedby=\"caption-attachment-17908\" style=\"width: 1024px\" class=\"wp-caption aligncenter\"><a href=\"https:\/\/www.meavia-mh.hr\/wp-content\/uploads\/2022\/12\/Claresa-perfumed-cuticle-oil-Pretty-Bloom-EN-1920-e1671735458398.jpg\"><img fetchpriority=\"high\" decoding=\"async\" class=\"wp-image-17908 size-large\" src=\"https:\/\/www.meavia-mh.hr\/wp-content\/uploads\/2022\/12\/Claresa-perfumed-cuticle-oil-Pretty-Bloom-EN-1920-e1671735458398-1024x1024.jpg\" alt=\"Parfumirano ulje za kutikulu Pretty Bloom, tempting flowers, sweet freedom\" width=\"1024\" height=\"1024\" srcset=\"https:\/\/www.meavia-mh.hr\/wp-content\/uploads\/2022\/12\/Claresa-perfumed-cuticle-oil-Pretty-Bloom-EN-1920-e1671735458398-1024x1024.jpg 1024w, https:\/\/www.meavia-mh.hr\/wp-content\/uploads\/2022\/12\/Claresa-perfumed-cuticle-oil-Pretty-Bloom-EN-1920-e1671735458398-300x300.jpg 300w, https:\/\/www.meavia-mh.hr\/wp-content\/uploads\/2022\/12\/Claresa-perfumed-cuticle-oil-Pretty-Bloom-EN-1920-e1671735458398-150x150.jpg 150w, https:\/\/www.meavia-mh.hr\/wp-content\/uploads\/2022\/12\/Claresa-perfumed-cuticle-oil-Pretty-Bloom-EN-1920-e1671735458398-768x768.jpg 768w, https:\/\/www.meavia-mh.hr\/wp-content\/uploads\/2022\/12\/Claresa-perfumed-cuticle-oil-Pretty-Bloom-EN-1920-e1671735458398-12x12.jpg 12w, https:\/\/www.meavia-mh.hr\/wp-content\/uploads\/2022\/12\/Claresa-perfumed-cuticle-oil-Pretty-Bloom-EN-1920-e1671735458398-600x600.jpg 600w, https:\/\/www.meavia-mh.hr\/wp-content\/uploads\/2022\/12\/Claresa-perfumed-cuticle-oil-Pretty-Bloom-EN-1920-e1671735458398-100x100.jpg 100w, https:\/\/www.meavia-mh.hr\/wp-content\/uploads\/2022\/12\/Claresa-perfumed-cuticle-oil-Pretty-Bloom-EN-1920-e1671735458398.jpg 1358w\" sizes=\"(max-width: 1024px) 100vw, 1024px\" \/><\/a><figcaption id=\"caption-attachment-17908\" class=\"wp-caption-text\">Parfumirano olje za obnohtno ko\u017eico Pretty Bloom, Tempting Flowers, Sweet Freedom<\/figcaption><\/figure>\n<p><strong><span class=\"\">Vpliv olja na stanje<\/span><\/strong><span class=\"\"> obnohtno ko\u017eico <\/span><strong><span class=\"\">je nesporno<\/span><\/strong><span class=\"\"> - kaj pa nohti? <\/span>Ali vla\u017eilne lastnosti izdelka vplivajo tudi na nohtno plo\u0161\u010do? To! <strong>Olja imajo hranilne lastnosti ne le za obnohtno ko\u017eico<\/strong>, ampak tudi za nohte. Sestava olj, ki jih vsebujejo, jih naredi mo\u010dnej\u0161e in izjemno hidrirane. Poleg tega poskrbijo za bolj\u0161o mikrocirkulacijo pod nohtno plo\u0161\u010do in jo vidno zgladijo. <strong>Prijavite se in se prepri\u010dajte sami<\/strong> kako popolni bodo va\u0161i nohti in obnohtna ko\u017eica.<\/p>\n<p><span class=\"\">Popolna hidracija, popolna regeneracija in \u010dudovit vonj, v katerega se boste zaljubili \u017ee ob prvem nanosu! <\/span><strong><span class=\"\">Vsako lepo oblikovanje nohtov se za\u010dne z negovano ko\u017eo rok<\/span><\/strong> - Zato je vla\u017eilno olje nujno potreben izdelek v va\u0161i kozmeti\u010dni torbici.<\/p>\n<p><strong>Za koga je?<\/strong><\/p>\n<p>Za vsako \u017eensko, ki obo\u017euje \u010dutne, spodbudne vonjave in \u017eeli negovati obnohtno ko\u017eico in nohte.<\/p>\n<p><strong>Zna\u010dilnosti:\u00a0<\/strong><\/p>\n<ul>\n<li>Pomaga gladiti in nahraniti obmo\u010dje okoli nohta.<\/li>\n<li>Pozitivno vpliva na regeneracijo nohtne matrice, zaradi \u010desar je nohtna plo\u0161\u010da mo\u010dnej\u0161a in manj dovzetna za po\u0161kodbe.<\/li>\n<li>\u00a0Uporabite takoj po manikuri in v vsakodnevnem ritualu nege.<\/li>\n<\/ul>\n<p><strong>Aktivne sestavine:<\/strong><\/p>\n<ul>\n<li><span class=\"\">Olje sladkega mandlja \u2013 krepi nohtno plo\u0161\u010do. Popolnoma neguje, vla\u017ei in zmeh\u010da obnohtno ko\u017eico.<\/span><\/li>\n<li>Olje breskovih pe\u0161k \u2013 prepre\u010duje lomljivost nohtov in spodbuja njihovo rast. Krepi nohtno plo\u0161\u010do.<\/li>\n<\/ul>\n<p><strong>Lastnosti izdelka:<\/strong><\/p>\n<ul>\n<li>Eleganten in dolgo obstojen vonj<\/li>\n<li>Formula za nego<\/li>\n<li>Enostaven za nana\u0161anje zahvaljujo\u010d posebej prilagojenemu \u010dopi\u010du<\/li>\n<\/ul>\n<h6>Pakiranje: 5 ml<\/h6>\n<p>&nbsp;<\/p>\n<h6>Kako uporabljati olje za obnohtno ko\u017eico:<\/h6>\n<ul>\n<li>Pred uporabo olja za nohte in obnohtno ko\u017eico o\u010distite roke in nohte<\/li>\n<li>Posu\u0161ite roke in nohte<\/li>\n<li>S \u010dopi\u010dem nanesite olje na vsak noht<\/li>\n<li>Masirajte olje, da olaj\u0161ate njegovo absorpcijo<\/li>\n<li>Previdno umijte in posu\u0161ite nohte, \u010de po tretmaju nanesete lak<\/li>\n<li>Olje uporabite ve\u010dkrat na dan<\/li>\n<\/ul>\n<p>&nbsp;<\/p>","protected":false},"excerpt":{"rendered":"<p><a href=\"https:\/\/www.meavia-mh.hr\/wp-content\/uploads\/2022\/07\/1-3.jpg\"><img decoding=\"async\" class=\"alignnone size-thumbnail wp-image-14687\" src=\"https:\/\/www.meavia-mh.hr\/wp-content\/uploads\/2022\/07\/1-3-150x150.jpg\" alt=\"Dermatologically tested\" width=\"150\" height=\"150\" srcset=\"https:\/\/www.meavia-mh.hr\/wp-content\/uploads\/2022\/07\/1-3-150x150.jpg 150w, https:\/\/www.meavia-mh.hr\/wp-content\/uploads\/2022\/07\/1-3-300x300.jpg 300w, https:\/\/www.meavia-mh.hr\/wp-content\/uploads\/2022\/07\/1-3-1024x1024.jpg 1024w, https:\/\/www.meavia-mh.hr\/wp-content\/uploads\/2022\/07\/1-3-768x768.jpg 768w, https:\/\/www.meavia-mh.hr\/wp-content\/uploads\/2022\/07\/1-3-12x12.jpg 12w, https:\/\/www.meavia-mh.hr\/wp-content\/uploads\/2022\/07\/1-3-600x600.jpg 600w, https:\/\/www.meavia-mh.hr\/wp-content\/uploads\/2022\/07\/1-3-100x100.jpg 100w, https:\/\/www.meavia-mh.hr\/wp-content\/uploads\/2022\/07\/1-3.jpg 1080w\" sizes=\"(max-width: 150px) 100vw, 150px\" \/><\/a><\/p>","protected":false},"featured_media":10330,"comment_status":"open","ping_status":"closed","template":"","meta":{"_uag_custom_page_level_css":"","site-sidebar-layout":"default","site-content-layout":"default","ast-site-content-layout":"default","site-content-style":"default","site-sidebar-style":"default","ast-global-header-display":"","ast-banner-title-visibility":"","ast-main-header-display":"","ast-hfb-above-header-display":"","ast-hfb-below-header-display":"","ast-hfb-mobile-header-display":"","site-post-title":"","ast-breadcrumbs-content":"","ast-featured-img":"","footer-sml-layout":"","ast-disable-related-posts":"","theme-transparent-header-meta":"default","adv-header-id-meta":"","stick-header-meta":"default","header-above-stick-meta":"","header-main-stick-meta":"","header-below-stick-meta":"","astra-migrate-meta-layouts":"default","ast-page-background-enabled":"default","ast-page-background-meta":{"desktop":{"background-color":"var(--ast-global-color-4)","background-image":"","background-repeat":"repeat","background-position":"center center","background-size":"auto","background-attachment":"scroll","background-type":"","background-media":"","overlay-type":"","overlay-color":"","overlay-opacity":"","overlay-gradient":""},"tablet":{"background-color":"","background-image":"","background-repeat":"repeat","background-position":"center center","background-size":"auto","background-attachment":"scroll","background-type":"","background-media":"","overlay-type":"","overlay-color":"","overlay-opacity":"","overlay-gradient":""},"mobile":{"background-color":"","background-image":"","background-repeat":"repeat","background-position":"center center","background-size":"auto","background-attachment":"scroll","background-type":"","background-media":"","overlay-type":"","overlay-color":"","overlay-opacity":"","overlay-gradient":""}},"ast-content-background-meta":{"desktop":{"background-color":"var(--ast-global-color-5)","background-image":"","background-repeat":"repeat","background-position":"center center","background-size":"auto","background-attachment":"scroll","background-type":"","background-media":"","overlay-type":"","overlay-color":"","overlay-opacity":"","overlay-gradient":""},"tablet":{"background-color":"var(--ast-global-color-5)","background-image":"","background-repeat":"repeat","background-position":"center center","background-size":"auto","background-attachment":"scroll","background-type":"","background-media":"","overlay-type":"","overlay-color":"","overlay-opacity":"","overlay-gradient":""},"mobile":{"background-color":"var(--ast-global-color-5)","background-image":"","background-repeat":"repeat","background-position":"center center","background-size":"auto","background-attachment":"scroll","background-type":"","background-media":"","overlay-type":"","overlay-color":"","overlay-opacity":"","overlay-gradient":""}}},"product_brand":[607],"product_cat":[534,118],"product_tag":[325,326],"class_list":{"0":"post-10331","1":"product","2":"type-product","3":"status-publish","4":"has-post-thumbnail","6":"product_brand-claresa","7":"product_cat-claresa","8":"product_cat-njegu-ruku-i-nogu","9":"product_tag-ulje-za-kutikulu","10":"product_tag-ulje-za-zanoktice","11":"desktop-align-left","12":"tablet-align-left","13":"mobile-align-left","14":"ast-product-gallery-layout-horizontal-slider","15":"ast-product-tabs-layout-horizontal","17":"first","18":"instock","19":"taxable","20":"shipping-taxable","21":"purchasable","22":"product-type-simple"},"yoast_head":"<!-- This site is optimized with the Yoast SEO plugin v27.4 - https:\/\/yoast.com\/product\/yoast-seo-wordpress\/ -->\n<title>Parfumirano ulje za kutikulu Tempting Flower &#8902; Mea Via Beauty<\/title>\n<meta name=\"description\" content=\"Parfumirano ulje za kutikulu Tempting Flower &#8902; ulje za zanoktice &#8902; ulje za njegu nokta &#8902; hrani i njeguje nokte &#8902; vrhunska kvaliteta &#8902; mirisno\" \/>\n<meta name=\"robots\" content=\"index, follow, max-snippet:-1, max-image-preview:large, max-video-preview:-1\" \/>\n<link rel=\"canonical\" href=\"https:\/\/www.meavia-mh.hr\/sl\/product\/parfumirano-ulje-za-kutikulu-tempting-flower\/\" \/>\n<meta property=\"og:locale\" content=\"sl_SI\" \/>\n<meta property=\"og:type\" content=\"article\" \/>\n<meta property=\"og:title\" content=\"Parfumirano ulje za kutikulu Tempting Flower &#8902; Mea Via Beauty\" \/>\n<meta property=\"og:description\" content=\"Parfumirano ulje za kutikulu Tempting Flower &#8902; ulje za zanoktice &#8902; ulje za njegu nokta &#8902; hrani i njeguje nokte &#8902; vrhunska kvaliteta &#8902; mirisno\" \/>\n<meta property=\"og:url\" content=\"https:\/\/www.meavia-mh.hr\/sl\/product\/parfumirano-ulje-za-kutikulu-tempting-flower\/\" \/>\n<meta property=\"og:site_name\" content=\"Mea Via Beauty\" \/>\n<meta property=\"article:publisher\" content=\"https:\/\/www.facebook.com\/MeaViaNailsWorld\" \/>\n<meta property=\"article:modified_time\" content=\"2026-02-03T15:49:11+00:00\" \/>\n<meta property=\"og:image\" content=\"https:\/\/www.meavia-mh.hr\/wp-content\/uploads\/2021\/12\/tempting_flowers.jpg\" \/>\n\t<meta property=\"og:image:width\" content=\"1500\" \/>\n\t<meta property=\"og:image:height\" content=\"1500\" \/>\n\t<meta property=\"og:image:type\" content=\"image\/jpeg\" \/>\n<meta name=\"twitter:card\" content=\"summary_large_image\" \/>\n<meta name=\"twitter:label1\" content=\"Est. reading time\" \/>\n\t<meta name=\"twitter:data1\" content=\"3 minute\" \/>\n<script type=\"application\/ld+json\" class=\"yoast-schema-graph\">{\"@context\":\"https:\\\/\\\/schema.org\",\"@graph\":[{\"@type\":\"WebPage\",\"@id\":\"https:\\\/\\\/www.meavia-mh.hr\\\/product\\\/parfumirano-ulje-za-kutikulu-tempting-flower\\\/\",\"url\":\"https:\\\/\\\/www.meavia-mh.hr\\\/product\\\/parfumirano-ulje-za-kutikulu-tempting-flower\\\/\",\"name\":\"Parfumirano ulje za kutikulu Tempting Flower &#8902; Mea Via Beauty\",\"isPartOf\":{\"@id\":\"https:\\\/\\\/meavia-mh.hr\\\/sl\\\/#website\"},\"primaryImageOfPage\":{\"@id\":\"https:\\\/\\\/www.meavia-mh.hr\\\/product\\\/parfumirano-ulje-za-kutikulu-tempting-flower\\\/#primaryimage\"},\"image\":{\"@id\":\"https:\\\/\\\/www.meavia-mh.hr\\\/product\\\/parfumirano-ulje-za-kutikulu-tempting-flower\\\/#primaryimage\"},\"thumbnailUrl\":\"https:\\\/\\\/www.meavia-mh.hr\\\/wp-content\\\/uploads\\\/2021\\\/12\\\/tempting_flowers.jpg\",\"datePublished\":\"2021-12-19T20:21:46+00:00\",\"dateModified\":\"2026-02-03T15:49:11+00:00\",\"description\":\"Parfumirano ulje za kutikulu Tempting Flower &#8902; ulje za zanoktice &#8902; ulje za njegu nokta &#8902; hrani i njeguje nokte &#8902; vrhunska kvaliteta &#8902; mirisno\",\"breadcrumb\":{\"@id\":\"https:\\\/\\\/www.meavia-mh.hr\\\/product\\\/parfumirano-ulje-za-kutikulu-tempting-flower\\\/#breadcrumb\"},\"inLanguage\":\"sl-SI\",\"potentialAction\":[{\"@type\":\"ReadAction\",\"target\":[\"https:\\\/\\\/www.meavia-mh.hr\\\/product\\\/parfumirano-ulje-za-kutikulu-tempting-flower\\\/\"]}]},{\"@type\":\"ImageObject\",\"inLanguage\":\"sl-SI\",\"@id\":\"https:\\\/\\\/www.meavia-mh.hr\\\/product\\\/parfumirano-ulje-za-kutikulu-tempting-flower\\\/#primaryimage\",\"url\":\"https:\\\/\\\/www.meavia-mh.hr\\\/wp-content\\\/uploads\\\/2021\\\/12\\\/tempting_flowers.jpg\",\"contentUrl\":\"https:\\\/\\\/www.meavia-mh.hr\\\/wp-content\\\/uploads\\\/2021\\\/12\\\/tempting_flowers.jpg\",\"width\":1500,\"height\":1500,\"caption\":\"Parfumirano ulje za kutikulu Tempting Flower\"},{\"@type\":\"BreadcrumbList\",\"@id\":\"https:\\\/\\\/www.meavia-mh.hr\\\/product\\\/parfumirano-ulje-za-kutikulu-tempting-flower\\\/#breadcrumb\",\"itemListElement\":[{\"@type\":\"ListItem\",\"position\":1,\"name\":\"Po\u010detna stranica\",\"item\":\"https:\\\/\\\/www.meavia-mh.hr\\\/\"},{\"@type\":\"ListItem\",\"position\":2,\"name\":\"Trgovina\",\"item\":\"https:\\\/\\\/meavia-mh.hr\\\/sl\\\/store\\\/\"},{\"@type\":\"ListItem\",\"position\":3,\"name\":\"Parfumirano ulje za kutikulu Tempting Flower\"}]},{\"@type\":\"WebSite\",\"@id\":\"https:\\\/\\\/meavia-mh.hr\\\/sl\\\/#website\",\"url\":\"https:\\\/\\\/meavia-mh.hr\\\/sl\\\/\",\"name\":\"Mea Via Beauty\",\"description\":\"Only The Best For Your Beauty\",\"publisher\":{\"@id\":\"https:\\\/\\\/meavia-mh.hr\\\/sl\\\/#organization\"},\"alternateName\":\"Mea Via Nails\",\"potentialAction\":[{\"@type\":\"SearchAction\",\"target\":{\"@type\":\"EntryPoint\",\"urlTemplate\":\"https:\\\/\\\/meavia-mh.hr\\\/sl\\\/?s={search_term_string}\"},\"query-input\":{\"@type\":\"PropertyValueSpecification\",\"valueRequired\":true,\"valueName\":\"search_term_string\"}}],\"inLanguage\":\"sl-SI\"},{\"@type\":\"Organization\",\"@id\":\"https:\\\/\\\/meavia-mh.hr\\\/sl\\\/#organization\",\"name\":\"Mea Via Nails World\",\"alternateName\":\"Mea Via\",\"url\":\"https:\\\/\\\/meavia-mh.hr\\\/sl\\\/\",\"logo\":{\"@type\":\"ImageObject\",\"inLanguage\":\"sl-SI\",\"@id\":\"https:\\\/\\\/meavia-mh.hr\\\/sl\\\/#\\\/schema\\\/logo\\\/image\\\/\",\"url\":\"https:\\\/\\\/www.meavia-mh.hr\\\/wp-content\\\/uploads\\\/2020\\\/12\\\/Mea-Via.png\",\"contentUrl\":\"https:\\\/\\\/www.meavia-mh.hr\\\/wp-content\\\/uploads\\\/2020\\\/12\\\/Mea-Via.png\",\"width\":1181,\"height\":393,\"caption\":\"Mea Via Nails World\"},\"image\":{\"@id\":\"https:\\\/\\\/meavia-mh.hr\\\/sl\\\/#\\\/schema\\\/logo\\\/image\\\/\"},\"sameAs\":[\"https:\\\/\\\/www.facebook.com\\\/MeaViaNailsWorld\",\"https:\\\/\\\/www.instagram.com\\\/mea_via_nails_world\\\/\",\"https:\\\/\\\/www.youtube.com\\\/channel\\\/UCECk0hpRWP6TN-EfA4ER96g\\\/featured\"]}]}<\/script>\n<!-- \/ Yoast SEO plugin. -->","yoast_head_json":{"title":"Olje za obnohtno ko\u017eico Tempting Flower z vonjem po ko\u017ei \u22c6 Mea Via Beauty","description":"Olje za obnohtno ko\u017eico Tempting Flower z vonjem po ro\u017eah \u22c6 olje za obnohtno ko\u017eico \u22c6 olje za nego nohtov \u22c6 hrani in neguje nohte \u22c6 vrhunska kakovost \u22c6 di\u0161e\u010de","robots":{"index":"index","follow":"follow","max-snippet":"max-snippet:-1","max-image-preview":"max-image-preview:large","max-video-preview":"max-video-preview:-1"},"canonical":"https:\/\/www.meavia-mh.hr\/sl\/product\/parfumirano-ulje-za-kutikulu-tempting-flower\/","og_locale":"sl_SI","og_type":"article","og_title":"Parfumirano ulje za kutikulu Tempting Flower &#8902; Mea Via Beauty","og_description":"Parfumirano ulje za kutikulu Tempting Flower &#8902; ulje za zanoktice &#8902; ulje za njegu nokta &#8902; hrani i njeguje nokte &#8902; vrhunska kvaliteta &#8902; mirisno","og_url":"https:\/\/www.meavia-mh.hr\/sl\/product\/parfumirano-ulje-za-kutikulu-tempting-flower\/","og_site_name":"Mea Via Beauty","article_publisher":"https:\/\/www.facebook.com\/MeaViaNailsWorld","article_modified_time":"2026-02-03T15:49:11+00:00","og_image":[{"width":1500,"height":1500,"url":"https:\/\/www.meavia-mh.hr\/wp-content\/uploads\/2021\/12\/tempting_flowers.jpg","type":"image\/jpeg"}],"twitter_card":"summary_large_image","twitter_misc":{"Est. reading time":"3 minute"},"schema":{"@context":"https:\/\/schema.org","@graph":[{"@type":"WebPage","@id":"https:\/\/www.meavia-mh.hr\/product\/parfumirano-ulje-za-kutikulu-tempting-flower\/","url":"https:\/\/www.meavia-mh.hr\/product\/parfumirano-ulje-za-kutikulu-tempting-flower\/","name":"Olje za obnohtno ko\u017eico Tempting Flower z vonjem po ko\u017ei \u22c6 Mea Via Beauty","isPartOf":{"@id":"https:\/\/meavia-mh.hr\/sl\/#website"},"primaryImageOfPage":{"@id":"https:\/\/www.meavia-mh.hr\/product\/parfumirano-ulje-za-kutikulu-tempting-flower\/#primaryimage"},"image":{"@id":"https:\/\/www.meavia-mh.hr\/product\/parfumirano-ulje-za-kutikulu-tempting-flower\/#primaryimage"},"thumbnailUrl":"https:\/\/www.meavia-mh.hr\/wp-content\/uploads\/2021\/12\/tempting_flowers.jpg","datePublished":"2021-12-19T20:21:46+00:00","dateModified":"2026-02-03T15:49:11+00:00","description":"Olje za obnohtno ko\u017eico Tempting Flower z vonjem po ro\u017eah \u22c6 olje za obnohtno ko\u017eico \u22c6 olje za nego nohtov \u22c6 hrani in neguje nohte \u22c6 vrhunska kakovost \u22c6 di\u0161e\u010de","breadcrumb":{"@id":"https:\/\/www.meavia-mh.hr\/product\/parfumirano-ulje-za-kutikulu-tempting-flower\/#breadcrumb"},"inLanguage":"sl-SI","potentialAction":[{"@type":"ReadAction","target":["https:\/\/www.meavia-mh.hr\/product\/parfumirano-ulje-za-kutikulu-tempting-flower\/"]}]},{"@type":"ImageObject","inLanguage":"sl-SI","@id":"https:\/\/www.meavia-mh.hr\/product\/parfumirano-ulje-za-kutikulu-tempting-flower\/#primaryimage","url":"https:\/\/www.meavia-mh.hr\/wp-content\/uploads\/2021\/12\/tempting_flowers.jpg","contentUrl":"https:\/\/www.meavia-mh.hr\/wp-content\/uploads\/2021\/12\/tempting_flowers.jpg","width":1500,"height":1500,"caption":"Parfumirano ulje za kutikulu Tempting Flower"},{"@type":"BreadcrumbList","@id":"https:\/\/www.meavia-mh.hr\/product\/parfumirano-ulje-za-kutikulu-tempting-flower\/#breadcrumb","itemListElement":[{"@type":"ListItem","position":1,"name":"Po\u010detna stranica","item":"https:\/\/www.meavia-mh.hr\/"},{"@type":"ListItem","position":2,"name":"Trgovina","item":"https:\/\/meavia-mh.hr\/sl\/store\/"},{"@type":"ListItem","position":3,"name":"Parfumirano ulje za kutikulu Tempting Flower"}]},{"@type":"WebSite","@id":"https:\/\/meavia-mh.hr\/sl\/#website","url":"https:\/\/meavia-mh.hr\/sl\/","name":"MEA VIA BEAUTY","description":"Only The Best For Your Beauty","publisher":{"@id":"https:\/\/meavia-mh.hr\/sl\/#organization"},"alternateName":"Mea Via Nails","potentialAction":[{"@type":"SearchAction","target":{"@type":"EntryPoint","urlTemplate":"https:\/\/meavia-mh.hr\/sl\/?s={search_term_string}"},"query-input":{"@type":"PropertyValueSpecification","valueRequired":true,"valueName":"search_term_string"}}],"inLanguage":"sl-SI"},{"@type":"Organization","@id":"https:\/\/meavia-mh.hr\/sl\/#organization","name":"Mea Via Nails World","alternateName":"Mea Via","url":"https:\/\/meavia-mh.hr\/sl\/","logo":{"@type":"ImageObject","inLanguage":"sl-SI","@id":"https:\/\/meavia-mh.hr\/sl\/#\/schema\/logo\/image\/","url":"https:\/\/www.meavia-mh.hr\/wp-content\/uploads\/2020\/12\/Mea-Via.png","contentUrl":"https:\/\/www.meavia-mh.hr\/wp-content\/uploads\/2020\/12\/Mea-Via.png","width":1181,"height":393,"caption":"Mea Via Nails World"},"image":{"@id":"https:\/\/meavia-mh.hr\/sl\/#\/schema\/logo\/image\/"},"sameAs":["https:\/\/www.facebook.com\/MeaViaNailsWorld","https:\/\/www.instagram.com\/mea_via_nails_world\/","https:\/\/www.youtube.com\/channel\/UCECk0hpRWP6TN-EfA4ER96g\/featured"]}]}},"spectra_custom_meta":{"_sku":["CL-OLI-TEM-0001"],"_regular_price":["2.29"],"total_sales":["95"],"_tax_status":["taxable"],"_tax_class":[""],"_manage_stock":["yes"],"_backorders":["no"],"_sold_individually":["no"],"_virtual":["no"],"_downloadable":["no"],"_product_image_gallery":["17908,10324"],"_download_limit":["-1"],"_download_expiry":["-1"],"_thumbnail_id":["10330"],"_stock":["20"],"_stock_status":["instock"],"_wc_average_rating":["0"],"_wc_review_count":["0"],"_product_version":["10.4.3"],"_price":["2.29"],"_wp_page_template":["default"],"_yoast_wpseo_focuskw":["ulje za kutikulu"],"_yoast_wpseo_linkdex":["76"],"_yoast_wpseo_content_score":["90"],"_yoast_wpseo_estimated-reading-time-minutes":["3"],"cartflows_redirect_flow_id":[""],"cartflows_add_to_cart_text":[""],"_woocs_price_geo_countries":[""],"_woocs_regular_price_geo":[""],"_woocs_sale_price_geo":[""],"site-sidebar-layout":["default"],"site-content-layout":["default"],"theme-transparent-header-meta":["default"],"stick-header-meta":["default"],"_yoast_wpseo_primary_product_cat":["118"],"_yoast_wpseo_metadesc":["%%title%% %%sep%% ulje za zanoktice %%sep%% ulje za njegu nokta %%sep%% hrani i njeguje nokte %%sep%% vrhunska kvaliteta %%sep%% mirisno"],"_edit_lock":["1671736006:1"],"_edit_last":["1239"],"ast-below-header-display":[""],"_yoast_wpseo_wordproof_timestamp":[""],"_woocs_regular_price_EUR":["2.12"],"_woocs_sale_price_EUR":["-1"],"_lowest_price_30_days":["2.12"],"uag_migration_processed":["1"],"_last_change_time":["1764693251"],"_elementor_page_assets":["a:0:{}"],"_uag_page_assets":["a:9:{s:3:\"css\";s:0:\"\";s:2:\"js\";s:0:\"\";s:18:\"current_block_list\";a:3:{i:0;s:11:\"core\/search\";i:1;s:18:\"core\/legacy-widget\";i:2;s:27:\"woocommerce\/product-filters\";}s:8:\"uag_flag\";b:0;s:11:\"uag_version\";s:10:\"1776414062\";s:6:\"gfonts\";a:0:{}s:10:\"gfonts_url\";s:0:\"\";s:12:\"gfonts_files\";a:0:{}s:14:\"uag_faq_layout\";b:0;}"]},"uagb_featured_image_src":{"full":["https:\/\/www.meavia-mh.hr\/wp-content\/uploads\/2021\/12\/tempting_flowers.jpg",1500,1500,false],"thumbnail":["https:\/\/www.meavia-mh.hr\/wp-content\/uploads\/2021\/12\/tempting_flowers-150x150.jpg",150,150,true],"medium":["https:\/\/www.meavia-mh.hr\/wp-content\/uploads\/2021\/12\/tempting_flowers-300x300.jpg",300,300,true],"medium_large":["https:\/\/www.meavia-mh.hr\/wp-content\/uploads\/2021\/12\/tempting_flowers-768x768.jpg",768,768,true],"large":["https:\/\/www.meavia-mh.hr\/wp-content\/uploads\/2021\/12\/tempting_flowers-1024x1024.jpg",1024,1024,true],"1536x1536":["https:\/\/www.meavia-mh.hr\/wp-content\/uploads\/2021\/12\/tempting_flowers.jpg",1500,1500,false],"2048x2048":["https:\/\/www.meavia-mh.hr\/wp-content\/uploads\/2021\/12\/tempting_flowers.jpg",1500,1500,false],"trp-custom-language-flag":["https:\/\/www.meavia-mh.hr\/wp-content\/uploads\/2021\/12\/tempting_flowers-12x12.jpg",12,12,true],"woocommerce_thumbnail":["https:\/\/www.meavia-mh.hr\/wp-content\/uploads\/2021\/12\/tempting_flowers-300x300.jpg",300,300,true],"woocommerce_single":["https:\/\/www.meavia-mh.hr\/wp-content\/uploads\/2021\/12\/tempting_flowers-600x600.jpg",600,600,true],"woocommerce_gallery_thumbnail":["https:\/\/www.meavia-mh.hr\/wp-content\/uploads\/2021\/12\/tempting_flowers-100x100.jpg",100,100,true]},"uagb_author_info":{"display_name":"Mea Via","author_link":"https:\/\/www.meavia-mh.hr\/sl\/author\/"},"uagb_comment_info":0,"uagb_excerpt":null,"_links":{"self":[{"href":"https:\/\/www.meavia-mh.hr\/sl\/wp-json\/wp\/v2\/product\/10331","targetHints":{"allow":["GET"]}}],"collection":[{"href":"https:\/\/www.meavia-mh.hr\/sl\/wp-json\/wp\/v2\/product"}],"about":[{"href":"https:\/\/www.meavia-mh.hr\/sl\/wp-json\/wp\/v2\/types\/product"}],"replies":[{"embeddable":true,"href":"https:\/\/www.meavia-mh.hr\/sl\/wp-json\/wp\/v2\/comments?post=10331"}],"version-history":[{"count":1,"href":"https:\/\/www.meavia-mh.hr\/sl\/wp-json\/wp\/v2\/product\/10331\/revisions"}],"predecessor-version":[{"id":31069,"href":"https:\/\/www.meavia-mh.hr\/sl\/wp-json\/wp\/v2\/product\/10331\/revisions\/31069"}],"wp:featuredmedia":[{"embeddable":true,"href":"https:\/\/www.meavia-mh.hr\/sl\/wp-json\/wp\/v2\/media\/10330"}],"wp:attachment":[{"href":"https:\/\/www.meavia-mh.hr\/sl\/wp-json\/wp\/v2\/media?parent=10331"}],"wp:term":[{"taxonomy":"product_brand","embeddable":true,"href":"https:\/\/www.meavia-mh.hr\/sl\/wp-json\/wp\/v2\/product_brand?post=10331"},{"taxonomy":"product_cat","embeddable":true,"href":"https:\/\/www.meavia-mh.hr\/sl\/wp-json\/wp\/v2\/product_cat?post=10331"},{"taxonomy":"product_tag","embeddable":true,"href":"https:\/\/www.meavia-mh.hr\/sl\/wp-json\/wp\/v2\/product_tag?post=10331"}],"curies":[{"name":"delovni list","href":"https:\/\/api.w.org\/{rel}","templated":true}]}}