{"id":3445,"date":"2020-12-20T09:21:39","date_gmt":"2020-12-20T09:21:39","guid":{"rendered":"https:\/\/www.meavia-mh.hr\/?page_id=3445"},"modified":"2026-02-16T23:41:27","modified_gmt":"2026-02-16T22:41:27","slug":"dostava","status":"publish","type":"page","link":"https:\/\/www.meavia-mh.hr\/sl\/dostava\/","title":{"rendered":"Dostava"},"content":{"rendered":"<h3 class=\"wp-block-heading\">Dostava na Hrva\u0161ko in v druge dr\u017eave<\/h3>\n\n\n\n<p>Mea Via MH dostavlja na Hrva\u0161ko in v druge dr\u017eave, navedene v tabeli dobavnih con.<\/p>\n\n\n\n<p>Naro\u010dila, prejeta do 12. ure, se obi\u010dajno po\u0161ljejo isti delovni dan. Dostava prispe na va\u0161 naslov med enim in 14 delovnimi dnevi, odvisno od \u010dasa prejema in po\u0161iljanja naro\u010dila, dobavnega pasu in podobno. Zaradi te\u017eav, ki jih povzro\u010da epidemija virusa COVID-19, so mo\u017ena tudi odstopanja od navedenih dobavnih rokov. <\/p>\n\n\n\n<p>Naro\u010dene izdelke bomo zapakirali z ljubeznijo in skrbnostjo, da prepre\u010dimo njihovo morebitno \u0161kodo ali okvaro med prevozom. <\/p>\n\n\n\n<h3 class=\"wp-block-heading\">Izvedba dostave<\/h3>\n\n\n\n<p>Dostava poteka prek priznane dostavne slu\u017ebe Overseas Express. Dostava se izvede na pragu doma\u010dega ali poslovnega naslova.<\/p>\n\n\n\n<h3 class=\"wp-block-heading\">Dostava kupcu<\/h3>\n\n\n\n<p>Naro\u010deni izdelki so dostavljeni do vhoda v stanovanjski objekt. V primeru stanovanjske stavbe dostavljalec blaga ni dol\u017ean nositi do tal, kjer prebiva kupec, temve\u010d le do vhoda v stanovanjski objekt.<\/p>\n\n\n\n<p>Za stranke zunaj Evropske unije lahko lokalne oblasti zara\u010dunajo veljavne zakonske davke, dajatve in takse. Pred naro\u010dilom je kupec dol\u017ean preveriti ustrezne podatke o veljavnih predpisih dr\u017eave, iz katere naro\u010da. Mea Via MH ne nosi niti ni dol\u017ean nositi nobenih lokalnih stro\u0161kov dr\u017eave, od katere kupec naro\u010da, kot so lokalni davki, carine, davki, \u0161pediterske storitve itd. <\/p>\n\n\n\n<h3 class=\"wp-block-heading\">Cene po\u0161iljanja<\/h3>\n\n\n\n<p>Cena dostave je vedno prikazana lo\u010deno in natisnjena na ra\u010dunu. Prodajalec kupcu zara\u010duna dostavo izdelka v skladu s cenikom, cena dostave pa vklju\u010duje embala\u017eo izdelka.<\/p>\n\n\n\n<p>Tabela prikazuje cene dostave po obmo\u010djih in dr\u017eavah, pri\u010dakovani \u010das dostave. <\/p>\n\n\n\n<figure class=\"wp-block-table\"><table><tbody><tr><td><strong><em>Cona <\/em><\/strong><\/td><td><strong><em>Zemlja<\/em><\/strong><\/td><td><strong><em>Stro\u0161ki dostave<\/em><\/strong><\/td><td><strong><em>Brezpla\u010dna dostava<\/em><\/strong> <br>(za naro\u010dila, ve\u010dja od)<\/td><td><strong><em>\u010cas dostave <br>(delovni dnevi)<\/em><\/strong><\/td><\/tr><tr><td>HR<\/td><td>Hrva\u0161ka<\/td><td>6 evrov<\/td><td>Ve\u010d kot 70 evrov<\/td><td>1-2 dni<\/td><\/tr><tr><td>Cona <\/td><td>Slovenija<\/td><td>a) 9,99 EUR<br>b) 14,99 EUR za pla\u010dilo ob prevzemu<\/td><td>Ve\u010d kot 100 EUR<\/td><td>2-5 dni<\/td><\/tr><tr><td>Cona 1<\/td><td>Srbija, BiH<\/td><td>19,99 EUR<\/td><td>Ve\u010d kot 150 EUR<\/td><td>3-10 dni<\/td><\/tr><tr><td>2. cona<\/td><td>Avstrija, \u010ce\u0161ka, Nem\u010dija, <br>Mad\u017earska, Slova\u0161ka<\/td><td>13 EUR + DDV<\/td><td>Ve\u010d kot 150 EUR<\/td><td>3-10 dni<\/td><\/tr><tr><td>3. cona<\/td><td>Francija, Italija<\/td><td>15 EUR + DDV<\/td><td>Ve\u010d kot 200 EUR<\/td><td>3-10 dni<\/td><\/tr><tr><td>Cona 4<\/td><td>Belgija, Luksemburg, Nizozemska<\/td><td>20 EUR + DDV<\/td><td>Ve\u010d kot 200 EUR<\/td><td>3-10 dni<\/td><\/tr><tr><td>Cona 5<\/td><td>Irska, \u0160panija, \u0160vica, Portugalska, \u0160vedska, Norve\u0161ka, Finska, Danska<\/td><td>30 EUR + DDV<\/td><td>Ve\u010d kot 200 EUR<\/td><td>3-14 dni<\/td><\/tr><\/tbody><\/table><\/figure>\n\n\n\n<h3 class=\"wp-block-heading\">Prejem po\u0161iljke<\/h3>\n\n\n\n<p>S podpisom prevzema kupec potrdi, da je paket (ali pakete) prevzel v nepo\u0161kodovanem stanju. Po prevzemu paketa dostavna slu\u017eba ne odgovarja za reklamacije, po\u0161kodbe ali zmanj\u0161anje vsebine prenesenega paketa, razen z dokazili, da \u0161koda ni nastala po dostavi.<\/p>\n\n\n\n<h3 class=\"wp-block-heading\">Zavrnitev prenosa<\/h3>\n\n\n\n<p>\u010ce kupec izdelka ne prevzame ali ga brez utemeljenega razloga no\u010de prevzeti, si prodajalec pridr\u017euje pravico zahtevati povra\u010dilo stro\u0161kov ravnanja, prevoza in drugih mo\u017enih stro\u0161kov.<\/p>\n\n\n\n<h3 class=\"wp-block-heading\">Sledenje po\u0161iljkam<\/h3>\n\n\n\n<p>Dostava prek elektronske storitve omogo\u010da sledenje poti po\u0161iljanja. Storitev sledenja po\u0161iljki po\u0161iljatelju in prejemniku omogo\u010da, da kadar koli prejmeta ustrezne informacije o lokaciji po\u0161iljke in o tem, kaj se z njo dogaja.&nbsp;<\/p>","protected":false},"excerpt":{"rendered":"<p>Dostava u RH i ostale zemlje Mea Via MH dostavu vr\u0161i u Hrvatsku i ostale zemlje navedene u tablici zona dostave. Narud\u017ebe zaprimljene do 12 sati u pravilu \u0161aljemo istog radnog dana. Dostave sti\u017ee na Va\u0161u adresu izme\u0111u jednog i 14 radnih dana sati ovisno o vremenu zaprimanja i slanja narud\u017ebe, zoni isporuke i sli\u010dno. [&hellip;]<\/p>\n","protected":false},"author":1,"featured_media":0,"parent":0,"menu_order":0,"comment_status":"closed","ping_status":"closed","template":"","meta":{"_uag_custom_page_level_css":"","site-sidebar-layout":"default","site-content-layout":"default","ast-site-content-layout":"default","site-content-style":"default","site-sidebar-style":"default","ast-global-header-display":"","ast-banner-title-visibility":"","ast-main-header-display":"","ast-hfb-above-header-display":"","ast-hfb-below-header-display":"","ast-hfb-mobile-header-display":"","site-post-title":"","ast-breadcrumbs-content":"","ast-featured-img":"","footer-sml-layout":"","ast-disable-related-posts":"","theme-transparent-header-meta":"default","adv-header-id-meta":"","stick-header-meta":"default","header-above-stick-meta":"","header-main-stick-meta":"","header-below-stick-meta":"","astra-migrate-meta-layouts":"set","ast-page-background-enabled":"default","ast-page-background-meta":{"desktop":{"background-color":"var(--ast-global-color-4)","background-image":"","background-repeat":"repeat","background-position":"center center","background-size":"auto","background-attachment":"scroll","background-type":"","background-media":"","overlay-type":"","overlay-color":"","overlay-opacity":"","overlay-gradient":""},"tablet":{"background-color":"","background-image":"","background-repeat":"repeat","background-position":"center center","background-size":"auto","background-attachment":"scroll","background-type":"","background-media":"","overlay-type":"","overlay-color":"","overlay-opacity":"","overlay-gradient":""},"mobile":{"background-color":"","background-image":"","background-repeat":"repeat","background-position":"center center","background-size":"auto","background-attachment":"scroll","background-type":"","background-media":"","overlay-type":"","overlay-color":"","overlay-opacity":"","overlay-gradient":""}},"ast-content-background-meta":{"desktop":{"background-color":"var(--ast-global-color-5)","background-image":"","background-repeat":"repeat","background-position":"center center","background-size":"auto","background-attachment":"scroll","background-type":"","background-media":"","overlay-type":"","overlay-color":"","overlay-opacity":"","overlay-gradient":""},"tablet":{"background-color":"var(--ast-global-color-5)","background-image":"","background-repeat":"repeat","background-position":"center center","background-size":"auto","background-attachment":"scroll","background-type":"","background-media":"","overlay-type":"","overlay-color":"","overlay-opacity":"","overlay-gradient":""},"mobile":{"background-color":"var(--ast-global-color-5)","background-image":"","background-repeat":"repeat","background-position":"center center","background-size":"auto","background-attachment":"scroll","background-type":"","background-media":"","overlay-type":"","overlay-color":"","overlay-opacity":"","overlay-gradient":""}},"footnotes":""},"class_list":["post-3445","page","type-page","status-publish","hentry"],"yoast_head":"<!-- This site is optimized with the Yoast SEO plugin v27.6 - https:\/\/yoast.com\/product\/yoast-seo-wordpress\/ -->\n<title>Dostava &#8902; Mea Via Beauty<\/title>\n<meta name=\"description\" content=\"Mea Via Beauty &#8902; brza i sigurna dostava na va\u0161u adresu &#8902; isporuka u najkra\u0107em roku &#8902;\" \/>\n<meta name=\"robots\" content=\"index, follow, max-snippet:-1, max-image-preview:large, max-video-preview:-1\" \/>\n<link rel=\"canonical\" href=\"https:\/\/www.meavia-mh.hr\/sl\/dostava\/\" \/>\n<meta property=\"og:locale\" content=\"sl_SI\" \/>\n<meta property=\"og:type\" content=\"article\" \/>\n<meta property=\"og:title\" content=\"Dostava &#8902; Mea Via Beauty\" \/>\n<meta property=\"og:description\" content=\"Mea Via Beauty &#8902; brza i sigurna dostava na va\u0161u adresu &#8902; isporuka u najkra\u0107em roku &#8902;\" \/>\n<meta property=\"og:url\" content=\"https:\/\/www.meavia-mh.hr\/sl\/dostava\/\" \/>\n<meta property=\"og:site_name\" content=\"Mea Via Beauty\" \/>\n<meta property=\"article:publisher\" content=\"https:\/\/www.facebook.com\/MeaViaNailsWorld\" \/>\n<meta property=\"article:modified_time\" content=\"2026-02-16T22:41:27+00:00\" \/>\n<meta property=\"og:image\" content=\"https:\/\/www.meavia-mh.hr\/wp-content\/uploads\/2023\/04\/8.jpg\" \/>\n\t<meta property=\"og:image:width\" content=\"1640\" \/>\n\t<meta property=\"og:image:height\" content=\"924\" \/>\n\t<meta property=\"og:image:type\" content=\"image\/jpeg\" \/>\n<meta name=\"twitter:card\" content=\"summary_large_image\" \/>\n<meta name=\"twitter:label1\" content=\"Est. reading time\" \/>\n\t<meta name=\"twitter:data1\" content=\"3 minute\" \/>\n<script type=\"application\/ld+json\" class=\"yoast-schema-graph\">{\"@context\":\"https:\\\/\\\/schema.org\",\"@graph\":[{\"@type\":\"WebPage\",\"@id\":\"https:\\\/\\\/www.meavia-mh.hr\\\/dostava\\\/\",\"url\":\"https:\\\/\\\/www.meavia-mh.hr\\\/dostava\\\/\",\"name\":\"Dostava &#8902; Mea Via Beauty\",\"isPartOf\":{\"@id\":\"https:\\\/\\\/meavia-mh.hr\\\/sl\\\/#website\"},\"datePublished\":\"2020-12-20T09:21:39+00:00\",\"dateModified\":\"2026-02-16T22:41:27+00:00\",\"description\":\"Mea Via Beauty &#8902; brza i sigurna dostava na va\u0161u adresu &#8902; isporuka u najkra\u0107em roku &#8902;\",\"breadcrumb\":{\"@id\":\"https:\\\/\\\/www.meavia-mh.hr\\\/dostava\\\/#breadcrumb\"},\"inLanguage\":\"sl-SI\",\"potentialAction\":[{\"@type\":\"ReadAction\",\"target\":[\"https:\\\/\\\/www.meavia-mh.hr\\\/dostava\\\/\"]}]},{\"@type\":\"BreadcrumbList\",\"@id\":\"https:\\\/\\\/www.meavia-mh.hr\\\/dostava\\\/#breadcrumb\",\"itemListElement\":[{\"@type\":\"ListItem\",\"position\":1,\"name\":\"Po\u010detna stranica\",\"item\":\"https:\\\/\\\/www.meavia-mh.hr\\\/\"},{\"@type\":\"ListItem\",\"position\":2,\"name\":\"Dostava\"}]},{\"@type\":\"WebSite\",\"@id\":\"https:\\\/\\\/meavia-mh.hr\\\/sl\\\/#website\",\"url\":\"https:\\\/\\\/meavia-mh.hr\\\/sl\\\/\",\"name\":\"Mea Via Beauty\",\"description\":\"Only The Best For Your Beauty\",\"publisher\":{\"@id\":\"https:\\\/\\\/meavia-mh.hr\\\/sl\\\/#organization\"},\"alternateName\":\"Mea Via Nails\",\"potentialAction\":[{\"@type\":\"SearchAction\",\"target\":{\"@type\":\"EntryPoint\",\"urlTemplate\":\"https:\\\/\\\/meavia-mh.hr\\\/sl\\\/?s={search_term_string}\"},\"query-input\":{\"@type\":\"PropertyValueSpecification\",\"valueRequired\":true,\"valueName\":\"search_term_string\"}}],\"inLanguage\":\"sl-SI\"},{\"@type\":\"Organization\",\"@id\":\"https:\\\/\\\/meavia-mh.hr\\\/sl\\\/#organization\",\"name\":\"Mea Via Nails World\",\"alternateName\":\"Mea Via\",\"url\":\"https:\\\/\\\/meavia-mh.hr\\\/sl\\\/\",\"logo\":{\"@type\":\"ImageObject\",\"inLanguage\":\"sl-SI\",\"@id\":\"https:\\\/\\\/meavia-mh.hr\\\/sl\\\/#\\\/schema\\\/logo\\\/image\\\/\",\"url\":\"https:\\\/\\\/www.meavia-mh.hr\\\/wp-content\\\/uploads\\\/2020\\\/12\\\/Mea-Via.png\",\"contentUrl\":\"https:\\\/\\\/www.meavia-mh.hr\\\/wp-content\\\/uploads\\\/2020\\\/12\\\/Mea-Via.png\",\"width\":1181,\"height\":393,\"caption\":\"Mea Via Nails World\"},\"image\":{\"@id\":\"https:\\\/\\\/meavia-mh.hr\\\/sl\\\/#\\\/schema\\\/logo\\\/image\\\/\"},\"sameAs\":[\"https:\\\/\\\/www.facebook.com\\\/MeaViaNailsWorld\",\"https:\\\/\\\/www.instagram.com\\\/mea_via_nails_world\\\/\",\"https:\\\/\\\/www.youtube.com\\\/channel\\\/UCECk0hpRWP6TN-EfA4ER96g\\\/featured\"]}]}<\/script>\n<!-- \/ Yoast SEO plugin. -->","yoast_head_json":{"title":"Dostava \u22c6 Mea Via Beauty","description":"Mea Via Beauty \u22c6 hitra in varna dostava na va\u0161 naslov \u22c6 dostava v najkraj\u0161em mo\u017enem \u010dasu \u22c6","robots":{"index":"index","follow":"follow","max-snippet":"max-snippet:-1","max-image-preview":"max-image-preview:large","max-video-preview":"max-video-preview:-1"},"canonical":"https:\/\/www.meavia-mh.hr\/sl\/dostava\/","og_locale":"sl_SI","og_type":"article","og_title":"Dostava &#8902; Mea Via Beauty","og_description":"Mea Via Beauty &#8902; brza i sigurna dostava na va\u0161u adresu &#8902; isporuka u najkra\u0107em roku &#8902;","og_url":"https:\/\/www.meavia-mh.hr\/sl\/dostava\/","og_site_name":"Mea Via Beauty","article_publisher":"https:\/\/www.facebook.com\/MeaViaNailsWorld","article_modified_time":"2026-02-16T22:41:27+00:00","og_image":[{"width":1640,"height":924,"url":"https:\/\/www.meavia-mh.hr\/wp-content\/uploads\/2023\/04\/8.jpg","type":"image\/jpeg"}],"twitter_card":"summary_large_image","twitter_misc":{"Est. reading time":"3 minute"},"schema":{"@context":"https:\/\/schema.org","@graph":[{"@type":"WebPage","@id":"https:\/\/www.meavia-mh.hr\/dostava\/","url":"https:\/\/www.meavia-mh.hr\/dostava\/","name":"Dostava \u22c6 Mea Via Beauty","isPartOf":{"@id":"https:\/\/meavia-mh.hr\/sl\/#website"},"datePublished":"2020-12-20T09:21:39+00:00","dateModified":"2026-02-16T22:41:27+00:00","description":"Mea Via Beauty \u22c6 hitra in varna dostava na va\u0161 naslov \u22c6 dostava v najkraj\u0161em mo\u017enem \u010dasu \u22c6","breadcrumb":{"@id":"https:\/\/www.meavia-mh.hr\/dostava\/#breadcrumb"},"inLanguage":"sl-SI","potentialAction":[{"@type":"ReadAction","target":["https:\/\/www.meavia-mh.hr\/dostava\/"]}]},{"@type":"BreadcrumbList","@id":"https:\/\/www.meavia-mh.hr\/dostava\/#breadcrumb","itemListElement":[{"@type":"ListItem","position":1,"name":"Po\u010detna stranica","item":"https:\/\/www.meavia-mh.hr\/"},{"@type":"ListItem","position":2,"name":"Dostava"}]},{"@type":"WebSite","@id":"https:\/\/meavia-mh.hr\/sl\/#website","url":"https:\/\/meavia-mh.hr\/sl\/","name":"MEA VIA BEAUTY","description":"Only The Best For Your Beauty","publisher":{"@id":"https:\/\/meavia-mh.hr\/sl\/#organization"},"alternateName":"Mea Via Nails","potentialAction":[{"@type":"SearchAction","target":{"@type":"EntryPoint","urlTemplate":"https:\/\/meavia-mh.hr\/sl\/?s={search_term_string}"},"query-input":{"@type":"PropertyValueSpecification","valueRequired":true,"valueName":"search_term_string"}}],"inLanguage":"sl-SI"},{"@type":"Organization","@id":"https:\/\/meavia-mh.hr\/sl\/#organization","name":"Mea Via Nails World","alternateName":"Mea Via","url":"https:\/\/meavia-mh.hr\/sl\/","logo":{"@type":"ImageObject","inLanguage":"sl-SI","@id":"https:\/\/meavia-mh.hr\/sl\/#\/schema\/logo\/image\/","url":"https:\/\/www.meavia-mh.hr\/wp-content\/uploads\/2020\/12\/Mea-Via.png","contentUrl":"https:\/\/www.meavia-mh.hr\/wp-content\/uploads\/2020\/12\/Mea-Via.png","width":1181,"height":393,"caption":"Mea Via Nails World"},"image":{"@id":"https:\/\/meavia-mh.hr\/sl\/#\/schema\/logo\/image\/"},"sameAs":["https:\/\/www.facebook.com\/MeaViaNailsWorld","https:\/\/www.instagram.com\/mea_via_nails_world\/","https:\/\/www.youtube.com\/channel\/UCECk0hpRWP6TN-EfA4ER96g\/featured"]}]}},"spectra_custom_meta":{"_edit_lock":["1772192867:1239"],"_edit_last":["1239"],"site-sidebar-layout":["default"],"site-content-layout":["default"],"theme-transparent-header-meta":["default"],"stick-header-meta":["default"],"_yoast_wpseo_content_score":["90"],"_yoast_wpseo_estimated-reading-time-minutes":["3"],"_yoast_wpseo_focuskw":["dostava"],"_yoast_wpseo_metadesc":["%%sitename%% %%sep%% brza i sigurna dostava na va\u0161u adresu %%sep%% isporuka u najkra\u0107em roku %%sep%%"],"_yoast_wpseo_linkdex":["73"],"_yoast_wpseo_wordproof_timestamp":[""],"_uag_custom_page_level_css":[""],"ast-site-content-layout":["default"],"adv-header-id-meta":[""],"astra-migrate-meta-layouts":["set"],"footnotes":[""],"uag_migration_processed":["1"],"_uagb_previous_block_counts":["a:90:{s:21:\"uagb\/advanced-heading\";i:0;s:15:\"uagb\/blockquote\";i:0;s:12:\"uagb\/buttons\";i:0;s:18:\"uagb\/buttons-child\";i:0;s:19:\"uagb\/call-to-action\";i:0;s:15:\"uagb\/cf7-styler\";i:0;s:11:\"uagb\/column\";i:0;s:12:\"uagb\/columns\";i:0;s:14:\"uagb\/container\";i:0;s:21:\"uagb\/content-timeline\";i:0;s:27:\"uagb\/content-timeline-child\";i:0;s:14:\"uagb\/countdown\";i:0;s:12:\"uagb\/counter\";i:0;s:8:\"uagb\/faq\";i:0;s:14:\"uagb\/faq-child\";i:0;s:10:\"uagb\/forms\";i:0;s:17:\"uagb\/forms-accept\";i:0;s:19:\"uagb\/forms-checkbox\";i:0;s:15:\"uagb\/forms-date\";i:0;s:16:\"uagb\/forms-email\";i:0;s:17:\"uagb\/forms-hidden\";i:0;s:15:\"uagb\/forms-name\";i:0;s:16:\"uagb\/forms-phone\";i:0;s:16:\"uagb\/forms-radio\";i:0;s:17:\"uagb\/forms-select\";i:0;s:19:\"uagb\/forms-textarea\";i:0;s:17:\"uagb\/forms-toggle\";i:0;s:14:\"uagb\/forms-url\";i:0;s:14:\"uagb\/gf-styler\";i:0;s:15:\"uagb\/google-map\";i:0;s:11:\"uagb\/how-to\";i:0;s:16:\"uagb\/how-to-step\";i:0;s:9:\"uagb\/icon\";i:0;s:14:\"uagb\/icon-list\";i:0;s:20:\"uagb\/icon-list-child\";i:0;s:10:\"uagb\/image\";i:0;s:18:\"uagb\/image-gallery\";i:0;s:13:\"uagb\/info-box\";i:0;s:18:\"uagb\/inline-notice\";i:0;s:11:\"uagb\/lottie\";i:0;s:21:\"uagb\/marketing-button\";i:0;s:10:\"uagb\/modal\";i:0;s:18:\"uagb\/popup-builder\";i:0;s:16:\"uagb\/post-button\";i:0;s:18:\"uagb\/post-carousel\";i:0;s:17:\"uagb\/post-excerpt\";i:0;s:14:\"uagb\/post-grid\";i:0;s:15:\"uagb\/post-image\";i:0;s:17:\"uagb\/post-masonry\";i:0;s:14:\"uagb\/post-meta\";i:0;s:18:\"uagb\/post-taxonomy\";i:0;s:18:\"uagb\/post-timeline\";i:0;s:15:\"uagb\/post-title\";i:0;s:20:\"uagb\/restaurant-menu\";i:0;s:26:\"uagb\/restaurant-menu-child\";i:0;s:11:\"uagb\/review\";i:0;s:12:\"uagb\/section\";i:0;s:14:\"uagb\/separator\";i:0;s:11:\"uagb\/slider\";i:0;s:17:\"uagb\/slider-child\";i:0;s:17:\"uagb\/social-share\";i:0;s:23:\"uagb\/social-share-child\";i:0;s:16:\"uagb\/star-rating\";i:0;s:23:\"uagb\/sure-cart-checkout\";i:0;s:22:\"uagb\/sure-cart-product\";i:0;s:15:\"uagb\/sure-forms\";i:0;s:22:\"uagb\/table-of-contents\";i:0;s:9:\"uagb\/tabs\";i:0;s:15:\"uagb\/tabs-child\";i:0;s:18:\"uagb\/taxonomy-list\";i:0;s:9:\"uagb\/team\";i:0;s:16:\"uagb\/testimonial\";i:0;s:14:\"uagb\/wp-search\";i:0;s:19:\"uagb\/instagram-feed\";i:0;s:10:\"uagb\/login\";i:0;s:17:\"uagb\/loop-builder\";i:0;s:18:\"uagb\/loop-category\";i:0;s:20:\"uagb\/loop-pagination\";i:0;s:15:\"uagb\/loop-reset\";i:0;s:16:\"uagb\/loop-search\";i:0;s:14:\"uagb\/loop-sort\";i:0;s:17:\"uagb\/loop-wrapper\";i:0;s:13:\"uagb\/register\";i:0;s:19:\"uagb\/register-email\";i:0;s:24:\"uagb\/register-first-name\";i:0;s:23:\"uagb\/register-last-name\";i:0;s:22:\"uagb\/register-password\";i:0;s:30:\"uagb\/register-reenter-password\";i:0;s:19:\"uagb\/register-terms\";i:0;s:22:\"uagb\/register-username\";i:0;}"],"_elementor_page_assets":["a:0:{}"],"_uag_page_assets":["a:9:{s:3:\"css\";s:0:\"\";s:2:\"js\";s:0:\"\";s:18:\"current_block_list\";a:6:{i:0;s:12:\"core\/heading\";i:1;s:14:\"core\/paragraph\";i:2;s:10:\"core\/table\";i:3;s:11:\"core\/search\";i:4;s:18:\"core\/legacy-widget\";i:5;s:27:\"woocommerce\/product-filters\";}s:8:\"uag_flag\";b:0;s:11:\"uag_version\";s:10:\"1779012788\";s:6:\"gfonts\";a:0:{}s:10:\"gfonts_url\";s:0:\"\";s:12:\"gfonts_files\";a:0:{}s:14:\"uag_faq_layout\";b:0;}"]},"uagb_featured_image_src":{"full":false,"thumbnail":false,"medium":false,"medium_large":false,"large":false,"1536x1536":false,"2048x2048":false,"trp-custom-language-flag":false,"woocommerce_thumbnail":false,"woocommerce_single":false,"woocommerce_gallery_thumbnail":false},"uagb_author_info":{"display_name":"Mea Via","author_link":"https:\/\/www.meavia-mh.hr\/sl\/author\/root\/"},"uagb_comment_info":0,"uagb_excerpt":"Dostava u RH i ostale zemlje Mea Via MH dostavu vr\u0161i u Hrvatsku i ostale zemlje navedene u tablici zona dostave. Narud\u017ebe zaprimljene do 12 sati u pravilu \u0161aljemo istog radnog dana. Dostave sti\u017ee na Va\u0161u adresu izme\u0111u jednog i 14 radnih dana sati ovisno o vremenu zaprimanja i slanja narud\u017ebe, zoni isporuke i sli\u010dno.&hellip;","_links":{"self":[{"href":"https:\/\/www.meavia-mh.hr\/sl\/wp-json\/wp\/v2\/pages\/3445","targetHints":{"allow":["GET"]}}],"collection":[{"href":"https:\/\/www.meavia-mh.hr\/sl\/wp-json\/wp\/v2\/pages"}],"about":[{"href":"https:\/\/www.meavia-mh.hr\/sl\/wp-json\/wp\/v2\/types\/page"}],"author":[{"embeddable":true,"href":"https:\/\/www.meavia-mh.hr\/sl\/wp-json\/wp\/v2\/users\/1"}],"replies":[{"embeddable":true,"href":"https:\/\/www.meavia-mh.hr\/sl\/wp-json\/wp\/v2\/comments?post=3445"}],"version-history":[{"count":4,"href":"https:\/\/www.meavia-mh.hr\/sl\/wp-json\/wp\/v2\/pages\/3445\/revisions"}],"predecessor-version":[{"id":46736,"href":"https:\/\/www.meavia-mh.hr\/sl\/wp-json\/wp\/v2\/pages\/3445\/revisions\/46736"}],"wp:attachment":[{"href":"https:\/\/www.meavia-mh.hr\/sl\/wp-json\/wp\/v2\/media?parent=3445"}],"curies":[{"name":"delovni list","href":"https:\/\/api.w.org\/{rel}","templated":true}]}}