{"id":3443,"date":"2020-12-20T09:18:48","date_gmt":"2020-12-20T09:18:48","guid":{"rendered":"https:\/\/www.meavia-mh.hr\/?page_id=3443"},"modified":"2026-02-27T12:55:50","modified_gmt":"2026-02-27T11:55:50","slug":"placanje","status":"publish","type":"page","link":"https:\/\/www.meavia-mh.hr\/sl\/placanje\/","title":{"rendered":"Pla\u010dilo naro\u010dila"},"content":{"rendered":"<h3 class=\"wp-block-heading\">Izbira na\u010dina pla\u010dila<\/h3>\n\n\n\n<p>Naro\u010dene izdelke in dostavo lahko pla\u010date po modelu, ki ga je kupec izbral med izpolnjevanjem naro\u010dila.<\/p>\n\n\n\n<p>Pla\u010dilo se \u0161teje za izvr\u0161eno v trenutku prevzema denarja s strani kurirske slu\u017ebe, v trenutku prejema avtorizacije s strani izdajatelja kartice ali pologa sredstev na ra\u010dun prejemnika po opravljeni ban\u010dni transakciji.<\/p>\n\n\n\n<p>Za izdelek lahko pla\u010date:<\/p>\n\n\n\n<ul class=\"wp-block-list\">\n<li>Pla\u010dilo po povzetju (pla\u010dilo po prevzemu po\u0161iljke)<\/li>\n\n\n\n<li>S pla\u010dilom s kreditnimi in debetnimi karticami<\/li>\n\n\n\n<li>Ban\u010dna transakcija (internetno ban\u010dni\u0161tvo, splo\u0161na polo\u017enica, nakazilo)<\/li>\n<\/ul>\n\n\n\n<h4 class=\"wp-block-heading\">1. Pla\u010dilo po prevzemu po\u0161iljke (pla\u010dilo po povzetju)<\/h4>\n\n\n\n<p>\u010ce se kupec ob prevzemu po\u0161iljke odlo\u010di za pla\u010dilo, je za iste izdelke dol\u017ean pla\u010dati le ob prevzemu. Ra\u010dun za naro\u010den izdelek je treba pla\u010dati dostavljavcu med dostavo naro\u010denega izdelka. Pla\u010dilo kurirju je mo\u017eno samo v gotovini.<\/p>\n\n\n\n<h4 class=\"wp-block-heading\">2. Pla\u010dilo s karticami<\/h4>\n\n\n\n<p>Pri pla\u010dilih s kreditnimi in debetnimi karticami se avtorizacija pla\u010dil izvede samodejno. Mea Via MH krije vse manipulativne stro\u0161ke avtorizacije uporabni\u0161ke kreditne \/ debetne kartice. V primeru neuspe\u0161nega pooblastila za pla\u010dilo se nakupni postopek zaklju\u010di. Kupec je odgovoren za pravilnost podatkov, ki jih posreduje s pomo\u010djo storitve spletna trgovina.<\/p>\n\n\n\n<p>Pla\u010dila s kreditnimi karticami ponujamo prek sistema Braintree, ki je vodilni ponudnik tovrstnih storitev za spletne trgovine na svetu. Braintree je v lasti PayPal, kar dokazuje njihovo varnost in zanesljivost. Celotno pla\u010dilo bo izvedeno na na\u0161i spletni strani prek varne povezave, ki je name\u0161\u010dena na koncu naro\u010dila in skupne obdelave podatkov s strani podjetja Braintree. Podatki o va\u0161ih karticah niso shranjeni pri nas, zato so va\u0161i podatki popolnoma varni.&nbsp;<\/p>\n\n\n\n<h4 class=\"wp-block-heading\">3. Ban\u010dni promet (internet ban\u010dni\u0161tvo, splo\u0161na polo\u017enica, virman)<\/h4>\n\n\n\n<p>Pri izbiri pla\u010dila bo na elektronski naslov stranke poslana ban\u010dna transakcija s potrditvijo naro\u010dila s podrobnostmi o pla\u010dilu. Kot namen (opis) pla\u010dila vpi\u0161ite \u0161tevilko naro\u010dila, ki ste ga prejeli na svoj e-po\u0161tni naslov. <strong>Za hitro obdelavo naro\u010dila brez dodatnih stro\u0161kov priporo\u010damo TAKOJ\u0160NJE pla\u010dilo. Pla\u010dila, opravljena s to metodo, prispejo na na\u0161 ra\u010dun v manj kot 10 sekundah, 24 ur na dan, 7 dni v tednu, znotraj Hrva\u0161ke in EU. Naro\u010dilo bo odposlano takoj, ko bodo sredstva vidna na ra\u010dunu.<\/strong><\/p>\n\n\n\n<p>Pri transakciji SEPA izvedete pla\u010dilo glede na stro\u0161ke doma\u010dega ban\u010dnega nakazila. Delitev stro\u0161kov med naro\u010dnikom in prejemnikom pla\u010dila - vsak pla\u010da stro\u0161ke v svojih doma\u010dih pla\u010dilnih transakcijah. Za naro\u010dila iz dr\u017eave, ki ni \u010dlanica Evropske unije, boste morda morali pla\u010dati dodatne stro\u0161ke prenosa.<\/p>\n\n\n\n<p>\u010ce pla\u010dilo za izdelek opravite s splo\u0161no polo\u017enico, mora kupec na polo\u017enici izpolniti naslednje podatke:<\/p>\n\n\n\n<p>Pla\u010dilo na ra\u010dun podjetja Mea Via MH doo<\/p>\n\n\n\n<p>Prejemnik:<strong> Mea Via MH doo, Lani\u0161te 5E, 10000 Zagreb<\/strong>, Hrva\u0161ka<\/p>\n\n\n\n<p>IBAN:<strong> HR5824840081135048006<\/strong><\/p>\n\n\n\n<p>Referen\u010dna \u0161tevilka<strong>: \u0161tevilka naro\u010dila<\/strong> (Prosimo, vnesite \u0161tevilko naro\u010dila kot namen pla\u010dila.)<\/p>\n\n\n\n<p>Banka<strong>: Raiffeisen Bank Austria dd Zagreb<\/strong><\/p>\n\n\n\n<p>BIC: RZBHHR2XXXX<\/p>\n\n\n\n<p>Takoj ko sredstva prispejo na na\u0161 ra\u010dun, za\u010dnemo z obdelavo naro\u010dila in naro\u010dilo se obdela na enak na\u010din, kot \u010de bi bilo pla\u010dilo izvedeno na katero koli drugo metodo. <\/p>","protected":false},"excerpt":{"rendered":"<p>Odabir na\u010dina pla\u0107anja Naru\u010deni&nbsp;proizvodi&nbsp;i dostava&nbsp;mogu se&nbsp;platiti prema modelu kojeg kupac sam izabere&nbsp;tijekom ispunjavanja narud\u017ebe. Pla\u0107anje se smatra izvr\u0161enim u trenutku preuzimanja novca od strane kurirske slu\u017ebe, u trenutku primitka autorizacije od strane izdavatelja kartice ili sjedanja sredstava na ra\u010dun primatelja nakon provedene bankovne transakcije. Pla\u0107anje proizvoda je mogu\u0107e izvr\u0161iti: 1. Pla\u0107anje po primitku po\u0161iljke (pouze\u0107em) [&hellip;]<\/p>\n","protected":false},"author":1,"featured_media":0,"parent":0,"menu_order":0,"comment_status":"closed","ping_status":"closed","template":"","meta":{"_uag_custom_page_level_css":"","site-sidebar-layout":"default","site-content-layout":"default","ast-site-content-layout":"default","site-content-style":"default","site-sidebar-style":"default","ast-global-header-display":"","ast-banner-title-visibility":"","ast-main-header-display":"","ast-hfb-above-header-display":"","ast-hfb-below-header-display":"","ast-hfb-mobile-header-display":"","site-post-title":"","ast-breadcrumbs-content":"","ast-featured-img":"","footer-sml-layout":"","ast-disable-related-posts":"","theme-transparent-header-meta":"default","adv-header-id-meta":"","stick-header-meta":"default","header-above-stick-meta":"","header-main-stick-meta":"","header-below-stick-meta":"","astra-migrate-meta-layouts":"set","ast-page-background-enabled":"default","ast-page-background-meta":{"desktop":{"background-color":"var(--ast-global-color-4)","background-image":"","background-repeat":"repeat","background-position":"center center","background-size":"auto","background-attachment":"scroll","background-type":"","background-media":"","overlay-type":"","overlay-color":"","overlay-opacity":"","overlay-gradient":""},"tablet":{"background-color":"","background-image":"","background-repeat":"repeat","background-position":"center center","background-size":"auto","background-attachment":"scroll","background-type":"","background-media":"","overlay-type":"","overlay-color":"","overlay-opacity":"","overlay-gradient":""},"mobile":{"background-color":"","background-image":"","background-repeat":"repeat","background-position":"center center","background-size":"auto","background-attachment":"scroll","background-type":"","background-media":"","overlay-type":"","overlay-color":"","overlay-opacity":"","overlay-gradient":""}},"ast-content-background-meta":{"desktop":{"background-color":"var(--ast-global-color-5)","background-image":"","background-repeat":"repeat","background-position":"center center","background-size":"auto","background-attachment":"scroll","background-type":"","background-media":"","overlay-type":"","overlay-color":"","overlay-opacity":"","overlay-gradient":""},"tablet":{"background-color":"var(--ast-global-color-5)","background-image":"","background-repeat":"repeat","background-position":"center center","background-size":"auto","background-attachment":"scroll","background-type":"","background-media":"","overlay-type":"","overlay-color":"","overlay-opacity":"","overlay-gradient":""},"mobile":{"background-color":"var(--ast-global-color-5)","background-image":"","background-repeat":"repeat","background-position":"center center","background-size":"auto","background-attachment":"scroll","background-type":"","background-media":"","overlay-type":"","overlay-color":"","overlay-opacity":"","overlay-gradient":""}},"footnotes":""},"class_list":["post-3443","page","type-page","status-publish","hentry"],"yoast_head":"<!-- This site is optimized with the Yoast SEO plugin v27.4 - https:\/\/yoast.com\/product\/yoast-seo-wordpress\/ -->\n<title>Pla\u0107anje narud\u017ebe &#8902; Mea Via Beauty<\/title>\n<meta name=\"robots\" content=\"index, follow, max-snippet:-1, max-image-preview:large, max-video-preview:-1\" \/>\n<link rel=\"canonical\" href=\"https:\/\/www.meavia-mh.hr\/sl\/placanje\/\" \/>\n<meta property=\"og:locale\" content=\"sl_SI\" \/>\n<meta property=\"og:type\" content=\"article\" \/>\n<meta property=\"og:title\" content=\"Pla\u0107anje narud\u017ebe &#8902; Mea Via Beauty\" \/>\n<meta property=\"og:description\" content=\"Odabir na\u010dina pla\u0107anja Naru\u010deni&nbsp;proizvodi&nbsp;i dostava&nbsp;mogu se&nbsp;platiti prema modelu kojeg kupac sam izabere&nbsp;tijekom ispunjavanja narud\u017ebe. Pla\u0107anje se smatra izvr\u0161enim u trenutku preuzimanja novca od strane kurirske slu\u017ebe, u trenutku primitka autorizacije od strane izdavatelja kartice ili sjedanja sredstava na ra\u010dun primatelja nakon provedene bankovne transakcije. Pla\u0107anje proizvoda je mogu\u0107e izvr\u0161iti: 1. Pla\u0107anje po primitku po\u0161iljke (pouze\u0107em) [&hellip;]\" \/>\n<meta property=\"og:url\" content=\"https:\/\/www.meavia-mh.hr\/sl\/placanje\/\" \/>\n<meta property=\"og:site_name\" content=\"Mea Via Beauty\" \/>\n<meta property=\"article:publisher\" content=\"https:\/\/www.facebook.com\/MeaViaNailsWorld\" \/>\n<meta property=\"article:modified_time\" content=\"2026-02-27T11:55:50+00:00\" \/>\n<meta property=\"og:image\" content=\"https:\/\/www.meavia-mh.hr\/wp-content\/uploads\/2023\/04\/8.jpg\" \/>\n\t<meta property=\"og:image:width\" content=\"1640\" \/>\n\t<meta property=\"og:image:height\" content=\"924\" \/>\n\t<meta property=\"og:image:type\" content=\"image\/jpeg\" \/>\n<meta name=\"twitter:card\" content=\"summary_large_image\" \/>\n<meta name=\"twitter:label1\" content=\"Est. reading time\" \/>\n\t<meta name=\"twitter:data1\" content=\"3 minute\" \/>\n<script type=\"application\/ld+json\" class=\"yoast-schema-graph\">{\"@context\":\"https:\\\/\\\/schema.org\",\"@graph\":[{\"@type\":\"WebPage\",\"@id\":\"https:\\\/\\\/www.meavia-mh.hr\\\/placanje\\\/\",\"url\":\"https:\\\/\\\/www.meavia-mh.hr\\\/placanje\\\/\",\"name\":\"Pla\u0107anje narud\u017ebe &#8902; Mea Via Beauty\",\"isPartOf\":{\"@id\":\"https:\\\/\\\/meavia-mh.hr\\\/sl\\\/#website\"},\"datePublished\":\"2020-12-20T09:18:48+00:00\",\"dateModified\":\"2026-02-27T11:55:50+00:00\",\"breadcrumb\":{\"@id\":\"https:\\\/\\\/www.meavia-mh.hr\\\/placanje\\\/#breadcrumb\"},\"inLanguage\":\"sl-SI\",\"potentialAction\":[{\"@type\":\"ReadAction\",\"target\":[\"https:\\\/\\\/www.meavia-mh.hr\\\/placanje\\\/\"]}]},{\"@type\":\"BreadcrumbList\",\"@id\":\"https:\\\/\\\/www.meavia-mh.hr\\\/placanje\\\/#breadcrumb\",\"itemListElement\":[{\"@type\":\"ListItem\",\"position\":1,\"name\":\"Po\u010detna stranica\",\"item\":\"https:\\\/\\\/www.meavia-mh.hr\\\/\"},{\"@type\":\"ListItem\",\"position\":2,\"name\":\"Pla\u0107anje narud\u017ebe\"}]},{\"@type\":\"WebSite\",\"@id\":\"https:\\\/\\\/meavia-mh.hr\\\/sl\\\/#website\",\"url\":\"https:\\\/\\\/meavia-mh.hr\\\/sl\\\/\",\"name\":\"Mea Via Beauty\",\"description\":\"Only The Best For Your Beauty\",\"publisher\":{\"@id\":\"https:\\\/\\\/meavia-mh.hr\\\/sl\\\/#organization\"},\"alternateName\":\"Mea Via Nails\",\"potentialAction\":[{\"@type\":\"SearchAction\",\"target\":{\"@type\":\"EntryPoint\",\"urlTemplate\":\"https:\\\/\\\/meavia-mh.hr\\\/sl\\\/?s={search_term_string}\"},\"query-input\":{\"@type\":\"PropertyValueSpecification\",\"valueRequired\":true,\"valueName\":\"search_term_string\"}}],\"inLanguage\":\"sl-SI\"},{\"@type\":\"Organization\",\"@id\":\"https:\\\/\\\/meavia-mh.hr\\\/sl\\\/#organization\",\"name\":\"Mea Via Nails World\",\"alternateName\":\"Mea Via\",\"url\":\"https:\\\/\\\/meavia-mh.hr\\\/sl\\\/\",\"logo\":{\"@type\":\"ImageObject\",\"inLanguage\":\"sl-SI\",\"@id\":\"https:\\\/\\\/meavia-mh.hr\\\/sl\\\/#\\\/schema\\\/logo\\\/image\\\/\",\"url\":\"https:\\\/\\\/www.meavia-mh.hr\\\/wp-content\\\/uploads\\\/2020\\\/12\\\/Mea-Via.png\",\"contentUrl\":\"https:\\\/\\\/www.meavia-mh.hr\\\/wp-content\\\/uploads\\\/2020\\\/12\\\/Mea-Via.png\",\"width\":1181,\"height\":393,\"caption\":\"Mea Via Nails World\"},\"image\":{\"@id\":\"https:\\\/\\\/meavia-mh.hr\\\/sl\\\/#\\\/schema\\\/logo\\\/image\\\/\"},\"sameAs\":[\"https:\\\/\\\/www.facebook.com\\\/MeaViaNailsWorld\",\"https:\\\/\\\/www.instagram.com\\\/mea_via_nails_world\\\/\",\"https:\\\/\\\/www.youtube.com\\\/channel\\\/UCECk0hpRWP6TN-EfA4ER96g\\\/featured\"]}]}<\/script>\n<!-- \/ Yoast SEO plugin. -->","yoast_head_json":{"title":"Pla\u010dilo naro\u010dila \u22c6 Mea Via Beauty","robots":{"index":"index","follow":"follow","max-snippet":"max-snippet:-1","max-image-preview":"max-image-preview:large","max-video-preview":"max-video-preview:-1"},"canonical":"https:\/\/www.meavia-mh.hr\/sl\/placanje\/","og_locale":"sl_SI","og_type":"article","og_title":"Pla\u0107anje narud\u017ebe &#8902; Mea Via Beauty","og_description":"Odabir na\u010dina pla\u0107anja Naru\u010deni&nbsp;proizvodi&nbsp;i dostava&nbsp;mogu se&nbsp;platiti prema modelu kojeg kupac sam izabere&nbsp;tijekom ispunjavanja narud\u017ebe. Pla\u0107anje se smatra izvr\u0161enim u trenutku preuzimanja novca od strane kurirske slu\u017ebe, u trenutku primitka autorizacije od strane izdavatelja kartice ili sjedanja sredstava na ra\u010dun primatelja nakon provedene bankovne transakcije. Pla\u0107anje proizvoda je mogu\u0107e izvr\u0161iti: 1. Pla\u0107anje po primitku po\u0161iljke (pouze\u0107em) [&hellip;]","og_url":"https:\/\/www.meavia-mh.hr\/sl\/placanje\/","og_site_name":"Mea Via Beauty","article_publisher":"https:\/\/www.facebook.com\/MeaViaNailsWorld","article_modified_time":"2026-02-27T11:55:50+00:00","og_image":[{"width":1640,"height":924,"url":"https:\/\/www.meavia-mh.hr\/wp-content\/uploads\/2023\/04\/8.jpg","type":"image\/jpeg"}],"twitter_card":"summary_large_image","twitter_misc":{"Est. reading time":"3 minute"},"schema":{"@context":"https:\/\/schema.org","@graph":[{"@type":"WebPage","@id":"https:\/\/www.meavia-mh.hr\/placanje\/","url":"https:\/\/www.meavia-mh.hr\/placanje\/","name":"Pla\u010dilo naro\u010dila \u22c6 Mea Via Beauty","isPartOf":{"@id":"https:\/\/meavia-mh.hr\/sl\/#website"},"datePublished":"2020-12-20T09:18:48+00:00","dateModified":"2026-02-27T11:55:50+00:00","breadcrumb":{"@id":"https:\/\/www.meavia-mh.hr\/placanje\/#breadcrumb"},"inLanguage":"sl-SI","potentialAction":[{"@type":"ReadAction","target":["https:\/\/www.meavia-mh.hr\/placanje\/"]}]},{"@type":"BreadcrumbList","@id":"https:\/\/www.meavia-mh.hr\/placanje\/#breadcrumb","itemListElement":[{"@type":"ListItem","position":1,"name":"Po\u010detna stranica","item":"https:\/\/www.meavia-mh.hr\/"},{"@type":"ListItem","position":2,"name":"Pla\u0107anje narud\u017ebe"}]},{"@type":"WebSite","@id":"https:\/\/meavia-mh.hr\/sl\/#website","url":"https:\/\/meavia-mh.hr\/sl\/","name":"MEA VIA BEAUTY","description":"Only The Best For Your Beauty","publisher":{"@id":"https:\/\/meavia-mh.hr\/sl\/#organization"},"alternateName":"Mea Via Nails","potentialAction":[{"@type":"SearchAction","target":{"@type":"EntryPoint","urlTemplate":"https:\/\/meavia-mh.hr\/sl\/?s={search_term_string}"},"query-input":{"@type":"PropertyValueSpecification","valueRequired":true,"valueName":"search_term_string"}}],"inLanguage":"sl-SI"},{"@type":"Organization","@id":"https:\/\/meavia-mh.hr\/sl\/#organization","name":"Mea Via Nails World","alternateName":"Mea Via","url":"https:\/\/meavia-mh.hr\/sl\/","logo":{"@type":"ImageObject","inLanguage":"sl-SI","@id":"https:\/\/meavia-mh.hr\/sl\/#\/schema\/logo\/image\/","url":"https:\/\/www.meavia-mh.hr\/wp-content\/uploads\/2020\/12\/Mea-Via.png","contentUrl":"https:\/\/www.meavia-mh.hr\/wp-content\/uploads\/2020\/12\/Mea-Via.png","width":1181,"height":393,"caption":"Mea Via Nails World"},"image":{"@id":"https:\/\/meavia-mh.hr\/sl\/#\/schema\/logo\/image\/"},"sameAs":["https:\/\/www.facebook.com\/MeaViaNailsWorld","https:\/\/www.instagram.com\/mea_via_nails_world\/","https:\/\/www.youtube.com\/channel\/UCECk0hpRWP6TN-EfA4ER96g\/featured"]}]}},"spectra_custom_meta":{"_edit_lock":["1772193370:1239"],"_edit_last":["1239"],"site-sidebar-layout":["default"],"site-content-layout":["default"],"theme-transparent-header-meta":["default"],"stick-header-meta":["default"],"_yoast_wpseo_content_score":["90"],"_yoast_wpseo_estimated-reading-time-minutes":["3"],"_yoast_wpseo_wordproof_timestamp":[""],"footnotes":[""],"_uag_custom_page_level_css":[""],"ast-site-content-layout":["default"],"adv-header-id-meta":[""],"astra-migrate-meta-layouts":["set"],"uag_migration_processed":["1"],"_elementor_page_assets":["a:0:{}"],"_uag_page_assets":["a:9:{s:3:\"css\";s:0:\"\";s:2:\"js\";s:0:\"\";s:18:\"current_block_list\";a:7:{i:0;s:12:\"core\/heading\";i:1;s:14:\"core\/paragraph\";i:2;s:9:\"core\/list\";i:3;s:14:\"core\/list-item\";i:4;s:11:\"core\/search\";i:5;s:18:\"core\/legacy-widget\";i:6;s:27:\"woocommerce\/product-filters\";}s:8:\"uag_flag\";b:0;s:11:\"uag_version\";s:10:\"1776770017\";s:6:\"gfonts\";a:0:{}s:10:\"gfonts_url\";s:0:\"\";s:12:\"gfonts_files\";a:0:{}s:14:\"uag_faq_layout\";b:0;}"]},"uagb_featured_image_src":{"full":false,"thumbnail":false,"medium":false,"medium_large":false,"large":false,"1536x1536":false,"2048x2048":false,"trp-custom-language-flag":false,"woocommerce_thumbnail":false,"woocommerce_single":false,"woocommerce_gallery_thumbnail":false},"uagb_author_info":{"display_name":"Mea Via","author_link":"https:\/\/www.meavia-mh.hr\/sl\/author\/root\/"},"uagb_comment_info":0,"uagb_excerpt":"Odabir na\u010dina pla\u0107anja Naru\u010deni&nbsp;proizvodi&nbsp;i dostava&nbsp;mogu se&nbsp;platiti prema modelu kojeg kupac sam izabere&nbsp;tijekom ispunjavanja narud\u017ebe. Pla\u0107anje se smatra izvr\u0161enim u trenutku preuzimanja novca od strane kurirske slu\u017ebe, u trenutku primitka autorizacije od strane izdavatelja kartice ili sjedanja sredstava na ra\u010dun primatelja nakon provedene bankovne transakcije. Pla\u0107anje proizvoda je mogu\u0107e izvr\u0161iti: 1. Pla\u0107anje po primitku po\u0161iljke (pouze\u0107em)&hellip;","_links":{"self":[{"href":"https:\/\/www.meavia-mh.hr\/sl\/wp-json\/wp\/v2\/pages\/3443","targetHints":{"allow":["GET"]}}],"collection":[{"href":"https:\/\/www.meavia-mh.hr\/sl\/wp-json\/wp\/v2\/pages"}],"about":[{"href":"https:\/\/www.meavia-mh.hr\/sl\/wp-json\/wp\/v2\/types\/page"}],"author":[{"embeddable":true,"href":"https:\/\/www.meavia-mh.hr\/sl\/wp-json\/wp\/v2\/users\/1"}],"replies":[{"embeddable":true,"href":"https:\/\/www.meavia-mh.hr\/sl\/wp-json\/wp\/v2\/comments?post=3443"}],"version-history":[{"count":7,"href":"https:\/\/www.meavia-mh.hr\/sl\/wp-json\/wp\/v2\/pages\/3443\/revisions"}],"predecessor-version":[{"id":47131,"href":"https:\/\/www.meavia-mh.hr\/sl\/wp-json\/wp\/v2\/pages\/3443\/revisions\/47131"}],"wp:attachment":[{"href":"https:\/\/www.meavia-mh.hr\/sl\/wp-json\/wp\/v2\/media?parent=3443"}],"curies":[{"name":"delovni list","href":"https:\/\/api.w.org\/{rel}","templated":true}]}}